{"id":1769,"date":"2024-12-30T08:10:35","date_gmt":"2024-12-30T08:10:35","guid":{"rendered":"https:\/\/www.linkceramics.com\/?post_type=product&#038;p=1769"},"modified":"2024-12-30T08:39:02","modified_gmt":"2024-12-30T08:39:02","slug":"chinese-crockery-wholesale","status":"publish","type":"product","link":"https:\/\/www.linkceramics.com\/fr\/product\/chinese-crockery-wholesale\/","title":{"rendered":"Vaisselle chinoise de style en gros, assiettes \u00e0 d\u00eener en c\u00e9ramique en vrac"},"content":{"rendered":"<div class=\"wp-block-columns is-layout-flex wp-container-core-columns-is-layout-9d6595d7 wp-block-columns-is-layout-flex\">\n<div class=\"wp-block-column is-layout-flow wp-block-column-is-layout-flow\" style=\"flex-basis:66.66%\">\n<h3 class=\"wp-block-heading\">Premium Chinese Crockery Wholesale Caract\u00e9ristiques :<\/h3>\n\n\n\n<p><strong>Simple et \u00e9l\u00e9gante, elle est indispensable \u00e0 toute table \u00e0 manger moderne :<\/strong> La s\u00e9rie de produits chinois en gros utilise des motifs simples \u00e0 pois, des vagues et des motifs g\u00e9om\u00e9triques. Le design moderne et \u00e0 la mode s'inscrit parfaitement dans le style d\u00e9coratif moderne des maisons et des restaurants pour ajouter de la beaut\u00e9 et du go\u00fbt \u00e0 une table \u00e0 manger.<\/p>\n\n\n\n<p><strong>Plusieurs formes sont disponibles et l'assortiment peut \u00eatre flexible :<\/strong> Nos assiettes \u00e0 d\u00eener en vrac comprennent des assiettes rondes et carr\u00e9es, ainsi qu'une vari\u00e9t\u00e9 de bols de formes diff\u00e9rentes. Les utilisateurs peuvent les assortir de mani\u00e8re flexible en fonction de leurs besoins personnels et des occasions, afin de r\u00e9pondre aux besoins des diff\u00e9rents environnements de restauration.<\/p>\n\n\n\n<p><strong>C\u00e9ramique de haute qualit\u00e9, durable et s\u00fbre : <\/strong>Notre vaisselle chinoise en gros est fabriqu\u00e9e \u00e0 partir de mat\u00e9riaux c\u00e9ramiques cuits \u00e0 haute temp\u00e9rature, ce qui garantit une excellente durabilit\u00e9 et stabilit\u00e9 de la vaisselle. Non toxiques et inodores, ils r\u00e9pondent aux exigences de s\u00e9curit\u00e9 alimentaire et peuvent \u00eatre utilis\u00e9s avec tous les types d'\u00e9quipements de cuisine modernes, y compris les fours \u00e0 micro-ondes et les lave-vaisselle, ce qui rend les repas faciles et sains.<\/p>\n\n\n\n<p><strong>Avantages pour les grossistes, adapt\u00e9s aux achats en gros :<\/strong> propose des prix de gros tr\u00e8s avantageux pour les assiettes en c\u00e9ramique, les bols et les th\u00e9i\u00e8res en vrac et propose des services de personnalisation OEM\/ODM. Qu'il s'agisse d'un d\u00e9taillant, d'une entreprise de restauration ou d'un \u00e9v\u00e9nement \u00e0 grande \u00e9chelle, le mod\u00e8le, la taille et l'emballage peuvent \u00eatre personnalis\u00e9s en fonction des exigences du client, ce qui constitue votre meilleur choix pour am\u00e9liorer votre image de marque.<\/p>\n<\/div>\n\n\n\n<div class=\"wp-block-column is-layout-flow wp-block-column-is-layout-flow\" style=\"flex-basis:33.33%\">\n<figure class=\"wp-block-image size-full\"><img decoding=\"async\" width=\"1200\" height=\"1200\" src=\"https:\/\/www.linkceramics.com\/wp-content\/uploads\/2024\/12\/Stylish-Chinese-Crockery-Wholesale-Ceramic-Dinner-Plates-Bulk-2.webp\" alt=\"Stylish-Chinese-Crockery-Wholesale-Ceramic-Dinner-Plates-Bulk-2\" class=\"wp-image-1772\" srcset=\"https:\/\/www.linkceramics.com\/wp-content\/uploads\/2024\/12\/Stylish-Chinese-Crockery-Wholesale-Ceramic-Dinner-Plates-Bulk-2.webp 1200w, https:\/\/www.linkceramics.com\/wp-content\/uploads\/2024\/12\/Stylish-Chinese-Crockery-Wholesale-Ceramic-Dinner-Plates-Bulk-2-300x300.webp 300w, https:\/\/www.linkceramics.com\/wp-content\/uploads\/2024\/12\/Stylish-Chinese-Crockery-Wholesale-Ceramic-Dinner-Plates-Bulk-2-150x150.webp 150w, https:\/\/www.linkceramics.com\/wp-content\/uploads\/2024\/12\/Stylish-Chinese-Crockery-Wholesale-Ceramic-Dinner-Plates-Bulk-2-768x768.webp 768w, https:\/\/www.linkceramics.com\/wp-content\/uploads\/2024\/12\/Stylish-Chinese-Crockery-Wholesale-Ceramic-Dinner-Plates-Bulk-2-600x600.webp 600w, https:\/\/www.linkceramics.com\/wp-content\/uploads\/2024\/12\/Stylish-Chinese-Crockery-Wholesale-Ceramic-Dinner-Plates-Bulk-2-100x100.webp 100w\" sizes=\"(max-width: 1200px) 100vw, 1200px\" \/><\/figure>\n<\/div>\n<\/div>","protected":false},"excerpt":{"rendered":"<div id=\"brxe-0ee1ca\" class=\"brxe-product-meta product_meta\">\n<div id=\"brxe-0ee1ca\" class=\"brxe-product-meta product_meta\">\n<div id=\"brxe-0ee1ca\" class=\"brxe-product-meta product_meta\">Nous vous invitons \u00e0 acheter en gros des assiettes, des bols, des tasses et des th\u00e9i\u00e8res en c\u00e9ramique. Cette \u00e9l\u00e9gante s\u00e9rie de vaisselle chinoise en gros pr\u00e9sente un motif simple et \u00e0 la mode combinant des points, des vagues et des formes g\u00e9om\u00e9triques. Elle pr\u00e9sente un style moderne et simple qui convient aux maisons, \u00e0 la restauration et aux d\u00e9taillants.<\/div>\n<\/div>\n<\/div>\n<div id=\"brxe-8c5ca9\" class=\"brxe-product-short-description\">\n<div class=\"woocommerce-product-details__short-description\">\n<h2>Vaisselle chinoise de qualit\u00e9 sup\u00e9rieure Sp\u00e9cifications :<\/h2>\n<table border=\"0\" width=\"531\" cellspacing=\"0\" cellpadding=\"0\">\n<tbody>\n<tr>\n<td width=\"271\" height=\"24\">Fabricant<\/td>\n<td width=\"260\">Un foyer d'amour<\/td>\n<\/tr>\n<tr>\n<td width=\"271\" height=\"25\">Nom de la collection<\/td>\n<td width=\"260\">M\u00e9lange d'azur<\/td>\n<\/tr>\n<tr>\n<td width=\"271\" height=\"24\">Utilisation<\/td>\n<td width=\"260\">Maison, Restaurant, H\u00f4tel<\/td>\n<\/tr>\n<tr>\n<td width=\"271\" height=\"72\">Type de vaisselle<\/td>\n<td width=\"260\">Th\u00e9i\u00e8re, sucrier, cr\u00e9mier, tasse et soucoupe, mug, assiette, bol, bocal de conservation<\/td>\n<\/tr>\n<tr>\n<td width=\"271\" height=\"24\">Mat\u00e9riau<\/td>\n<td width=\"260\">Porcelaine durable<\/td>\n<\/tr>\n<tr>\n<td width=\"271\" height=\"24\">Dimension<\/td>\n<td width=\"260\">Comme l'indique la photo de d\u00e9tail<\/td>\n<\/tr>\n<tr>\n<td width=\"271\" height=\"24\">Unit\u00e9s de vente<\/td>\n<td width=\"260\">Article unique<\/td>\n<\/tr>\n<tr>\n<td width=\"271\" height=\"24\">MOQ<\/td>\n<td width=\"260\">1200\/pcs par article<\/td>\n<\/tr>\n<tr>\n<td width=\"271\" height=\"48\">Option personnalis\u00e9e<\/td>\n<td width=\"260\">Couleur\/Taille\/Glaze\/Logo\/Emballage<\/td>\n<\/tr>\n<\/tbody>\n<\/table>\n<\/div>\n<\/div>","protected":false},"featured_media":1771,"comment_status":"open","ping_status":"closed","template":"","meta":{"_acf_changed":true},"certification":[63,64,66,58,65,61,60,62],"product_brand":[],"product_cat":[34,18,19],"product_tag":[],"class_list":{"0":"post-1769","1":"product","2":"type-product","3":"status-publish","4":"has-post-thumbnail","6":"certification-amfori","7":"certification-bsci","8":"certification-cnas","9":"certification-fda","10":"certification-iaf","11":"certification-iso-14001","12":"certification-iso-45001","13":"certification-iso-9001","14":"product_cat-custom-household-ceramics","15":"product_cat-ceramic-tableware-wholesale","16":"product_cat-ceramic-tea-set-wholesale","18":"first","19":"instock","20":"shipping-taxable","21":"product-type-simple"},"acf":[],"_links":{"self":[{"href":"https:\/\/www.linkceramics.com\/fr\/wp-json\/wp\/v2\/product\/1769","targetHints":{"allow":["GET"]}}],"collection":[{"href":"https:\/\/www.linkceramics.com\/fr\/wp-json\/wp\/v2\/product"}],"about":[{"href":"https:\/\/www.linkceramics.com\/fr\/wp-json\/wp\/v2\/types\/product"}],"replies":[{"embeddable":true,"href":"https:\/\/www.linkceramics.com\/fr\/wp-json\/wp\/v2\/comments?post=1769"}],"wp:featuredmedia":[{"embeddable":true,"href":"https:\/\/www.linkceramics.com\/fr\/wp-json\/wp\/v2\/media\/1771"}],"wp:attachment":[{"href":"https:\/\/www.linkceramics.com\/fr\/wp-json\/wp\/v2\/media?parent=1769"}],"wp:term":[{"taxonomy":"certification","embeddable":true,"href":"https:\/\/www.linkceramics.com\/fr\/wp-json\/wp\/v2\/certification?post=1769"},{"taxonomy":"product_brand","embeddable":true,"href":"https:\/\/www.linkceramics.com\/fr\/wp-json\/wp\/v2\/product_brand?post=1769"},{"taxonomy":"product_cat","embeddable":true,"href":"https:\/\/www.linkceramics.com\/fr\/wp-json\/wp\/v2\/product_cat?post=1769"},{"taxonomy":"product_tag","embeddable":true,"href":"https:\/\/www.linkceramics.com\/fr\/wp-json\/wp\/v2\/product_tag?post=1769"}],"curies":[{"name":"wp","href":"https:\/\/api.w.org\/{rel}","templated":true}]}}