{"id":1776,"date":"2024-12-30T08:41:47","date_gmt":"2024-12-30T08:41:47","guid":{"rendered":"https:\/\/www.linkceramics.com\/?post_type=product&#038;p=1776"},"modified":"2024-12-30T08:49:01","modified_gmt":"2024-12-30T08:49:01","slug":"wholesale-kitchen-supplies","status":"publish","type":"product","link":"https:\/\/www.linkceramics.com\/fr\/product\/wholesale-kitchen-supplies\/","title":{"rendered":"Exquisite Wholesale Kitchen Supplies, Ceramic Baking Utensils (ustensiles de cuisson en c\u00e9ramique)"},"content":{"rendered":"<div class=\"wp-block-columns is-layout-flex wp-container-core-columns-is-layout-9d6595d7 wp-block-columns-is-layout-flex\">\n<div class=\"wp-block-column is-layout-flow wp-block-column-is-layout-flow\" style=\"flex-basis:66.66%\">\n<h3 class=\"wp-block-heading\">Premium Wholesale Kitchen Supplies Caract\u00e9ristiques :<\/h3>\n\n\n\n<ul class=\"wp-block-list\">\n<li><strong>Ensemble complet d'ustensiles de cuisine pour la p\u00e2tisserie :<\/strong> Il comprend tous les outils pratiques de la cuisine, des porte-outils et bocaux de stockage aux beurriers et plateaux \u00e0 fromage, etc., appliqu\u00e9s pour r\u00e9pondre aux diff\u00e9rentes utilisations en p\u00e2tisserie et en cuisine.<\/li>\n\n\n\n<li><strong>Qualit\u00e9 des mat\u00e9riaux :<\/strong> Tous nos ustensiles de cuisson en c\u00e9ramique sont fabriqu\u00e9s \u00e0 partir de mat\u00e9riaux en gr\u00e8s de la meilleure qualit\u00e9, durs, solides et r\u00e9sistants aux temp\u00e9ratures \u00e9lev\u00e9es et \u00e0 l'usure, refl\u00e9tant une surface lisse et exquise.<\/li>\n\n\n\n<li><strong>Pratique et beau : <\/strong>Les articles de cuisine en gros sont pratiques dans leur utilisation et \u00e9l\u00e9gants dans leur apparence. Des beurriers aux bo\u00eetes \u00e0 pain, tous les produits sont con\u00e7us avec le souci du d\u00e9tail, ce qui conf\u00e8re \u00e9l\u00e9gance et modernit\u00e9 \u00e0 la cuisine.<\/li>\n\n\n\n<li><strong>Convient aux applications commerciales :<\/strong> Nos ustensiles de cuisson en c\u00e9ramique sont con\u00e7us pour le march\u00e9 de gros, offrant une gamme d'options pour r\u00e9pondre aux besoins d'achat \u00e0 grande \u00e9chelle des d\u00e9taillants, des restaurants et des projets commerciaux, avec des avantages en termes de qualit\u00e9 et de prix.<\/li>\n<\/ul>\n<\/div>\n\n\n\n<div class=\"wp-block-column is-layout-flow wp-block-column-is-layout-flow\" style=\"flex-basis:33.33%\">\n<figure class=\"wp-block-image size-full\"><img decoding=\"async\" width=\"1200\" height=\"1200\" src=\"https:\/\/www.linkceramics.com\/wp-content\/uploads\/2024\/12\/Exquisite-Wholesale-Kitchen-Supplies-Ceramic-Baking-Utensils-1.webp\" alt=\"Exquisite-Grossiste-Appareils-de-cuisine-Ustensiles-de-cuisson-en-c\u00e9ramique-1\" class=\"wp-image-1777\" srcset=\"https:\/\/www.linkceramics.com\/wp-content\/uploads\/2024\/12\/Exquisite-Wholesale-Kitchen-Supplies-Ceramic-Baking-Utensils-1.webp 1200w, https:\/\/www.linkceramics.com\/wp-content\/uploads\/2024\/12\/Exquisite-Wholesale-Kitchen-Supplies-Ceramic-Baking-Utensils-1-300x300.webp 300w, https:\/\/www.linkceramics.com\/wp-content\/uploads\/2024\/12\/Exquisite-Wholesale-Kitchen-Supplies-Ceramic-Baking-Utensils-1-150x150.webp 150w, https:\/\/www.linkceramics.com\/wp-content\/uploads\/2024\/12\/Exquisite-Wholesale-Kitchen-Supplies-Ceramic-Baking-Utensils-1-768x768.webp 768w, https:\/\/www.linkceramics.com\/wp-content\/uploads\/2024\/12\/Exquisite-Wholesale-Kitchen-Supplies-Ceramic-Baking-Utensils-1-600x600.webp 600w, https:\/\/www.linkceramics.com\/wp-content\/uploads\/2024\/12\/Exquisite-Wholesale-Kitchen-Supplies-Ceramic-Baking-Utensils-1-100x100.webp 100w\" sizes=\"(max-width: 1200px) 100vw, 1200px\" \/><\/figure>\n<\/div>\n<\/div>","protected":false},"excerpt":{"rendered":"<div id=\"brxe-0ee1ca\" class=\"brxe-product-meta product_meta\">\n<div id=\"brxe-0ee1ca\" class=\"brxe-product-meta product_meta\">\n<div id=\"brxe-0ee1ca\" class=\"brxe-product-meta product_meta\">Nous vous invitons \u00e0 acheter en gros des ustensiles de cuisine en c\u00e9ramique. Ces articles de cuisine en gros comprennent une vari\u00e9t\u00e9 d'outils de cuisine et de p\u00e2tisserie, tels que des porte-outils, des pots de stockage, des beurriers, des bo\u00eetes \u00e0 pain, etc., fabriqu\u00e9s en mat\u00e9riaux c\u00e9ramiques de haute qualit\u00e9, un beau design, des fonctions compl\u00e8tes, adapt\u00e9s aux achats en vrac.<\/div>\n<\/div>\n<\/div>\n<div id=\"brxe-8c5ca9\" class=\"brxe-product-short-description\">\n<div class=\"woocommerce-product-details__short-description\">\n<h2>Fournitures de cuisine Sp\u00e9cifications :<\/h2>\n<table border=\"0\" width=\"531\" cellspacing=\"0\" cellpadding=\"0\">\n<tbody>\n<tr>\n<td width=\"271\" height=\"24\">Fabricant<\/td>\n<td width=\"260\">Un foyer d'amour<\/td>\n<\/tr>\n<tr>\n<td width=\"271\" height=\"25\">Nom de la collection<\/td>\n<td width=\"260\">Cuisine Vintage<\/td>\n<\/tr>\n<tr>\n<td width=\"271\" height=\"24\">Utilisation<\/td>\n<td width=\"260\">Maison, Restaurant, H\u00f4tel<\/td>\n<\/tr>\n<tr>\n<td width=\"271\" height=\"144\">Type d'ustensiles de cuisine<\/td>\n<td width=\"260\">Porte-outils, bocal de stockage, bol, porte-cuill\u00e8re, gobelet, porte-couvercle, beurrier, presse-agrumes, sauci\u00e8re, chip &amp; dip, bo\u00eete \u00e0 pain, plateau de fromage, cruche<\/td>\n<\/tr>\n<tr>\n<td width=\"271\" height=\"24\">Mat\u00e9riau<\/td>\n<td width=\"260\">Gr\u00e8s<\/td>\n<\/tr>\n<tr>\n<td width=\"271\" height=\"24\">Dimension<\/td>\n<td width=\"260\">Comme l'indique la photo de d\u00e9tail<\/td>\n<\/tr>\n<tr>\n<td width=\"271\" height=\"24\">Unit\u00e9s de vente<\/td>\n<td width=\"260\">Article unique<\/td>\n<\/tr>\n<tr>\n<td width=\"271\" height=\"24\">MOQ<\/td>\n<td width=\"260\">1200\/pcs par article<\/td>\n<\/tr>\n<tr>\n<td width=\"271\" height=\"48\">Option personnalis\u00e9e<\/td>\n<td width=\"260\">Couleur\/Taille\/Glaze\/Logo\/Emballage<\/td>\n<\/tr>\n<\/tbody>\n<\/table>\n<\/div>\n<\/div>","protected":false},"featured_media":1778,"comment_status":"open","ping_status":"closed","template":"","meta":{"_acf_changed":false},"certification":[63,64,66,58,65,61,60,62],"product_brand":[],"product_cat":[34,20],"product_tag":[],"class_list":{"0":"post-1776","1":"product","2":"type-product","3":"status-publish","4":"has-post-thumbnail","6":"certification-amfori","7":"certification-bsci","8":"certification-cnas","9":"certification-fda","10":"certification-iaf","11":"certification-iso-14001","12":"certification-iso-45001","13":"certification-iso-9001","14":"product_cat-custom-household-ceramics","15":"product_cat-ceramic-kitchenware-wholesale","17":"first","18":"instock","19":"shipping-taxable","20":"product-type-simple"},"acf":[],"_links":{"self":[{"href":"https:\/\/www.linkceramics.com\/fr\/wp-json\/wp\/v2\/product\/1776","targetHints":{"allow":["GET"]}}],"collection":[{"href":"https:\/\/www.linkceramics.com\/fr\/wp-json\/wp\/v2\/product"}],"about":[{"href":"https:\/\/www.linkceramics.com\/fr\/wp-json\/wp\/v2\/types\/product"}],"replies":[{"embeddable":true,"href":"https:\/\/www.linkceramics.com\/fr\/wp-json\/wp\/v2\/comments?post=1776"}],"wp:featuredmedia":[{"embeddable":true,"href":"https:\/\/www.linkceramics.com\/fr\/wp-json\/wp\/v2\/media\/1778"}],"wp:attachment":[{"href":"https:\/\/www.linkceramics.com\/fr\/wp-json\/wp\/v2\/media?parent=1776"}],"wp:term":[{"taxonomy":"certification","embeddable":true,"href":"https:\/\/www.linkceramics.com\/fr\/wp-json\/wp\/v2\/certification?post=1776"},{"taxonomy":"product_brand","embeddable":true,"href":"https:\/\/www.linkceramics.com\/fr\/wp-json\/wp\/v2\/product_brand?post=1776"},{"taxonomy":"product_cat","embeddable":true,"href":"https:\/\/www.linkceramics.com\/fr\/wp-json\/wp\/v2\/product_cat?post=1776"},{"taxonomy":"product_tag","embeddable":true,"href":"https:\/\/www.linkceramics.com\/fr\/wp-json\/wp\/v2\/product_tag?post=1776"}],"curies":[{"name":"wp","href":"https:\/\/api.w.org\/{rel}","templated":true}]}}