{"id":1781,"date":"2024-12-30T08:50:15","date_gmt":"2024-12-30T08:50:15","guid":{"rendered":"https:\/\/www.linkceramics.com\/?post_type=product&#038;p=1781"},"modified":"2024-12-30T09:19:00","modified_gmt":"2024-12-30T09:19:00","slug":"wholesale-ceramic-dinnerware-set","status":"publish","type":"product","link":"https:\/\/www.linkceramics.com\/fr\/product\/wholesale-ceramic-dinnerware-set\/","title":{"rendered":"Wholesale Ceramic Dinnerware Set Mandala Unique Multicolor"},"content":{"rendered":"<div class=\"wp-block-columns is-layout-flex wp-container-core-columns-is-layout-9d6595d7 wp-block-columns-is-layout-flex\">\n<div class=\"wp-block-column is-layout-flow wp-block-column-is-layout-flow\" style=\"flex-basis:50%\">\n<h3 class=\"wp-block-heading\">Service de vaisselle en c\u00e9ramique Caract\u00e9ristiques :<\/h3>\n\n\n\n<p><strong>Motif multicolore vibrant<\/strong><br>Chaque pi\u00e8ce pr\u00e9sente de tr\u00e8s beaux motifs de mandala dans diff\u00e9rentes couleurs, ajoutant une touche artistique et joyeuse \u00e0 votre table.<\/p>\n\n\n\n<p><strong>Combinaison unique de techniques<\/strong><br>Les mod\u00e8les int\u00e8grent des d\u00e9calcomanies, des gla\u00e7ages color\u00e9s et des peintures \u00e0 la main pour garantir que chaque pi\u00e8ce est unique et exquise.<\/p>\n\n\n\n<p><strong>Collection polyvalente<\/strong><br>Cet ensemble comprend de la vaisselle, un service \u00e0 th\u00e9, des pi\u00e8ces de service, des ustensiles de cuisson, des ustensiles de cuisine et des d\u00e9corations pour la maison, parfaits pour toutes les occasions.<\/p>\n\n\n\n<p><strong>Durable et de longue dur\u00e9e<\/strong><br>La vaisselle en c\u00e9ramique de haute qualit\u00e9 r\u00e9siste \u00e0 l'\u00e9caillage et \u00e0 la d\u00e9coloration, ce qui permet \u00e0 votre collection de rester belle pendant des ann\u00e9es.<\/p>\n\n\n\n<p><strong>Parfait pour recevoir<\/strong><br>Avec ses couleurs vives et ses motifs uniques, la vaisselle se pr\u00eate parfaitement \u00e0 l'organisation de r\u00e9ceptions ou \u00e0 l'agr\u00e9ment des repas familiaux.<\/p>\n<\/div>\n\n\n\n<div class=\"wp-block-column is-layout-flow wp-block-column-is-layout-flow\" style=\"flex-basis:50%\">\n<figure class=\"wp-block-image size-full\"><img decoding=\"async\" width=\"536\" height=\"536\" src=\"https:\/\/www.linkceramics.com\/wp-content\/uploads\/2024\/12\/Wholesale-Mandala-Ceramic-Dinnerware-2.webp\" alt=\"Grossiste-Mandala-Vaisselle en c\u00e9ramique-2\" class=\"wp-image-1783\" srcset=\"https:\/\/www.linkceramics.com\/wp-content\/uploads\/2024\/12\/Wholesale-Mandala-Ceramic-Dinnerware-2.webp 536w, https:\/\/www.linkceramics.com\/wp-content\/uploads\/2024\/12\/Wholesale-Mandala-Ceramic-Dinnerware-2-300x300.webp 300w, https:\/\/www.linkceramics.com\/wp-content\/uploads\/2024\/12\/Wholesale-Mandala-Ceramic-Dinnerware-2-150x150.webp 150w, https:\/\/www.linkceramics.com\/wp-content\/uploads\/2024\/12\/Wholesale-Mandala-Ceramic-Dinnerware-2-100x100.webp 100w\" sizes=\"(max-width: 536px) 100vw, 536px\" \/><\/figure>\n<\/div>\n<\/div>","protected":false},"excerpt":{"rendered":"<p>Vaisselle en c\u00e9ramique Mandala de haute qualit\u00e9, en gros et sur mesure, avec des d\u00e9calcomanies \u00e9maill\u00e9es et des motifs peints \u00e0 la main, parfaits pour toutes les occasions. Lianyuan Manufacturers propose des solutions compl\u00e8tes de vaisselle personnalis\u00e9e pour cr\u00e9er des produits de marque uniques.<\/p>\n<h2>Service de vaisselle en c\u00e9ramique Param\u00e8tres<\/h2>\n<table width=\"353\">\n<tbody>\n<tr>\n<td width=\"82\">Fabricant<\/td>\n<td width=\"270\">Lianyuan<\/td>\n<\/tr>\n<tr>\n<td>Type de produit<\/td>\n<td width=\"270\">vaisselle, service de table, service de table, service \u00e0 th\u00e9<\/td>\n<\/tr>\n<tr>\n<td>Mod\u00e8le<\/td>\n<td>Mandala\u00a0<\/td>\n<\/tr>\n<tr>\n<td>Mat\u00e9riau<\/td>\n<td>Porcelaine durable<\/td>\n<\/tr>\n<tr>\n<td>Artisanat<\/td>\n<td>D\u00e9calque en gla\u00e7ure, peint \u00e0 la main\u00a0<\/td>\n<\/tr>\n<tr>\n<td>Application<\/td>\n<td>Passe au micro-ondes, au lave-vaisselle et au four<\/td>\n<\/tr>\n<tr>\n<td>Sur mesure<\/td>\n<td>Couleur\/Taille\/Logo\/Emballage<\/td>\n<\/tr>\n<\/tbody>\n<\/table>\n<p>&nbsp;<\/p>","protected":false},"featured_media":1782,"comment_status":"open","ping_status":"closed","template":"","meta":{"_acf_changed":true},"certification":[66,58,65,61,60,62,57],"product_brand":[],"product_cat":[34,18],"product_tag":[],"class_list":{"0":"post-1781","1":"product","2":"type-product","3":"status-publish","4":"has-post-thumbnail","6":"certification-cnas","7":"certification-fda","8":"certification-iaf","9":"certification-iso-14001","10":"certification-iso-45001","11":"certification-iso-9001","12":"certification-lfgb","13":"product_cat-custom-household-ceramics","14":"product_cat-ceramic-tableware-wholesale","16":"first","17":"instock","18":"shipping-taxable","19":"product-type-simple"},"acf":[],"_links":{"self":[{"href":"https:\/\/www.linkceramics.com\/fr\/wp-json\/wp\/v2\/product\/1781","targetHints":{"allow":["GET"]}}],"collection":[{"href":"https:\/\/www.linkceramics.com\/fr\/wp-json\/wp\/v2\/product"}],"about":[{"href":"https:\/\/www.linkceramics.com\/fr\/wp-json\/wp\/v2\/types\/product"}],"replies":[{"embeddable":true,"href":"https:\/\/www.linkceramics.com\/fr\/wp-json\/wp\/v2\/comments?post=1781"}],"wp:featuredmedia":[{"embeddable":true,"href":"https:\/\/www.linkceramics.com\/fr\/wp-json\/wp\/v2\/media\/1782"}],"wp:attachment":[{"href":"https:\/\/www.linkceramics.com\/fr\/wp-json\/wp\/v2\/media?parent=1781"}],"wp:term":[{"taxonomy":"certification","embeddable":true,"href":"https:\/\/www.linkceramics.com\/fr\/wp-json\/wp\/v2\/certification?post=1781"},{"taxonomy":"product_brand","embeddable":true,"href":"https:\/\/www.linkceramics.com\/fr\/wp-json\/wp\/v2\/product_brand?post=1781"},{"taxonomy":"product_cat","embeddable":true,"href":"https:\/\/www.linkceramics.com\/fr\/wp-json\/wp\/v2\/product_cat?post=1781"},{"taxonomy":"product_tag","embeddable":true,"href":"https:\/\/www.linkceramics.com\/fr\/wp-json\/wp\/v2\/product_tag?post=1781"}],"curies":[{"name":"wp","href":"https:\/\/api.w.org\/{rel}","templated":true}]}}