{"id":1789,"date":"2024-12-30T09:54:12","date_gmt":"2024-12-30T09:54:12","guid":{"rendered":"https:\/\/www.linkceramics.com\/?post_type=product&#038;p=1789"},"modified":"2024-12-30T09:54:14","modified_gmt":"2024-12-30T09:54:14","slug":"wholesale-fiber-cement-planters","status":"publish","type":"product","link":"https:\/\/www.linkceramics.com\/fr\/product\/wholesale-fiber-cement-planters\/","title":{"rendered":"Jardini\u00e8res en fibre-ciment en gros pour des solutions de jardinage esth\u00e9tiques"},"content":{"rendered":"<h3 class=\"wp-block-heading\">Param\u00e8tres de la planteuse de fibrociment<\/h3>\n\n\n\n<figure class=\"wp-block-table\"><table class=\"has-fixed-layout\"><tbody><tr><td>Mod\u00e8le<\/td><td>Nom du produit<\/td><td>Couleur<\/td><td>Mat\u00e9riau<\/td><td>Utilisations<\/td><td>Dimensions<\/td><td>Poids<\/td><\/tr><tr><td>J37576-H910-A01<\/td><td>&nbsp; Jardini\u00e8re en fibre-ciment&nbsp;<\/td><td>Antique fonc\u00e9<\/td><td>Fibre-ciment<\/td><td>d\u00e9coration int\u00e9rieure, salon, jardin<\/td><td>D:37.5X44.5cm<\/td><td>8.6kg\/PC<\/td><\/tr><tr><td>J37576-H910-A02<\/td><td>&nbsp; Jardini\u00e8re en fibre-ciment&nbsp;<\/td><td>Antique fonc\u00e9<\/td><td>Fibre-ciment<\/td><td>d\u00e9coration int\u00e9rieure, salon, jardin<\/td><td>D:32X36.5 cm<\/td><td>5.6kg\/PC<\/td><\/tr><tr><td>J37576-H910-A03<\/td><td>&nbsp; Jardini\u00e8re en fibre-ciment&nbsp;<\/td><td>Antique fonc\u00e9<\/td><td>Fibre-ciment<\/td><td>d\u00e9coration int\u00e9rieure, salon, jardin<\/td><td>D:28X31 cm<\/td><td>4.1kg\/PC<\/td><\/tr><\/tbody><\/table><\/figure>\n\n\n\n<div class=\"wp-block-columns is-layout-flex wp-container-core-columns-is-layout-9d6595d7 wp-block-columns-is-layout-flex\">\n<div class=\"wp-block-column is-layout-flow wp-block-column-is-layout-flow\">\n<figure class=\"wp-block-image size-full\"><img decoding=\"async\" width=\"1500\" height=\"1250\" src=\"https:\/\/www.linkceramics.com\/wp-content\/uploads\/2024\/12\/Garden-Decor-Fiber-Cement-Planter-Detail-Display3.webp\" alt=\"Jardin-D\u00e9cor-Fibre-Cement-Planter-Detail-Display3\" class=\"wp-image-1790\" srcset=\"https:\/\/www.linkceramics.com\/wp-content\/uploads\/2024\/12\/Garden-Decor-Fiber-Cement-Planter-Detail-Display3.webp 1500w, https:\/\/www.linkceramics.com\/wp-content\/uploads\/2024\/12\/Garden-Decor-Fiber-Cement-Planter-Detail-Display3-300x250.webp 300w, https:\/\/www.linkceramics.com\/wp-content\/uploads\/2024\/12\/Garden-Decor-Fiber-Cement-Planter-Detail-Display3-768x640.webp 768w, https:\/\/www.linkceramics.com\/wp-content\/uploads\/2024\/12\/Garden-Decor-Fiber-Cement-Planter-Detail-Display3-1200x1000.webp 1200w, https:\/\/www.linkceramics.com\/wp-content\/uploads\/2024\/12\/Garden-Decor-Fiber-Cement-Planter-Detail-Display3-600x500.webp 600w\" sizes=\"(max-width: 1500px) 100vw, 1500px\" \/><\/figure>\n<\/div>\n\n\n\n<div class=\"wp-block-column is-layout-flow wp-block-column-is-layout-flow\">\n<figure class=\"wp-block-image size-full\"><img decoding=\"async\" width=\"1500\" height=\"1249\" src=\"https:\/\/www.linkceramics.com\/wp-content\/uploads\/2024\/12\/Garden-Decor-Fiber-Cement-Planter-Detail-Display5.webp\" alt=\"Jardin-D\u00e9cor-Fibre-Cement-Planter-Detail-Display5\" class=\"wp-image-1791\" srcset=\"https:\/\/www.linkceramics.com\/wp-content\/uploads\/2024\/12\/Garden-Decor-Fiber-Cement-Planter-Detail-Display5.webp 1500w, https:\/\/www.linkceramics.com\/wp-content\/uploads\/2024\/12\/Garden-Decor-Fiber-Cement-Planter-Detail-Display5-300x250.webp 300w, https:\/\/www.linkceramics.com\/wp-content\/uploads\/2024\/12\/Garden-Decor-Fiber-Cement-Planter-Detail-Display5-768x639.webp 768w, https:\/\/www.linkceramics.com\/wp-content\/uploads\/2024\/12\/Garden-Decor-Fiber-Cement-Planter-Detail-Display5-1200x999.webp 1200w, https:\/\/www.linkceramics.com\/wp-content\/uploads\/2024\/12\/Garden-Decor-Fiber-Cement-Planter-Detail-Display5-600x500.webp 600w\" sizes=\"(max-width: 1500px) 100vw, 1500px\" \/><\/figure>\n<\/div>\n<\/div>","protected":false},"excerpt":{"rendered":"<div id=\"brxe-raacbk\" class=\"brxe-product-meta product_meta\">\n<p>Les jardini\u00e8res en fibre de ciment en gros, le mat\u00e9riau en fibre de ciment a une bonne r\u00e9sistance aux intemp\u00e9ries et peut rester stable dans diff\u00e9rentes conditions climatiques. Nous proposons 3 tailles au choix, des services de personnalisation OEM et ODM. Nous invitons les grossistes, les projets d'am\u00e9nagement paysager commercial (tels que les h\u00f4tels, les centres commerciaux et les immeubles de bureaux) et les parcs \u00e0 nous contacter pour acheter des jardini\u00e8res en gros.<\/p>\n<h2>Caract\u00e9ristiques de la jardini\u00e8re en fibre-ciment<\/h2>\n<p data-pm-slice=\"1 1 []\"><strong>Un design unique<\/strong>: Les jardini\u00e8res en gros ont adopt\u00e9 un design de texture en forme d'\u00e9corce sur leur surface, ce qui peut leur donner une atmosph\u00e8re naturelle et rustique et les rendre bien adapt\u00e9es \u00e0 l'environnement du jardin ext\u00e9rieur.<\/p>\n<p><strong>Mat\u00e9riau de haute qualit\u00e9<\/strong>:Les jardini\u00e8res en gros sont fabriqu\u00e9es en fibre de ciment ; elles sont r\u00e9put\u00e9es pour leur durabilit\u00e9 et leur stabilit\u00e9, avec des caract\u00e9ristiques telles qu'elles ne se d\u00e9forment pas facilement et ne se cassent pas, ce qui leur permet de rester belles et pratiques pendant longtemps.<\/p>\n<p><strong>La respiration<\/strong>: Le mat\u00e9riau en fibres-ciment pr\u00e9sente \u00e9galement un certain degr\u00e9 de respirabilit\u00e9, ce qui est propice \u00e0 la croissance et au d\u00e9veloppement des plantes.<\/p>\n<p><strong>Trois tailles en option<\/strong>: Le design du bac est disponible en diff\u00e9rentes tailles ; il peut r\u00e9pondre aux besoins de croissance des diff\u00e9rentes plantes et aux effets d\u00e9coratifs, en ajoutant des couches et de la diversit\u00e9 au jardin.<\/p>\n<p><strong>Protection de l'environnement et d\u00e9veloppement durable<\/strong>: La protection de l'environnement et la durabilit\u00e9 du mat\u00e9riau en fibre-ciment font que ce mat\u00e9riau est tr\u00e8s respectueux de l'environnement et que sa production a peu d'impact sur celui-ci.<\/p>\n<p><strong>Service OEM et ODM<\/strong>: En tant que fabricant professionnel de jardini\u00e8res d\u00e9coratives, le service OEM&amp;ODM peut \u00eatre fourni pour notre jardini\u00e8re professionnelle. Le service personnalis\u00e9 peut \u00eatre fourni pour produire une jardini\u00e8re r\u00e9pondant aux exigences des clients en mati\u00e8re de marque, de conception et de sp\u00e9cification.<\/p>\n<\/div>","protected":false},"featured_media":1792,"comment_status":"open","ping_status":"closed","template":"","meta":{"_acf_changed":true},"certification":[63,64,66,65,61,60,62],"product_brand":[],"product_cat":[37,38,17],"product_tag":[],"class_list":{"0":"post-1789","1":"product","2":"type-product","3":"status-publish","4":"has-post-thumbnail","6":"certification-amfori","7":"certification-bsci","8":"certification-cnas","9":"certification-iaf","10":"certification-iso-14001","11":"certification-iso-45001","12":"certification-iso-9001","13":"product_cat-decorative-ceramic-wholesale","14":"product_cat-custom-ceramic-ornament","15":"product_cat-ceramic-vases-wholesale","17":"first","18":"instock","19":"shipping-taxable","20":"product-type-simple"},"acf":[],"_links":{"self":[{"href":"https:\/\/www.linkceramics.com\/fr\/wp-json\/wp\/v2\/product\/1789","targetHints":{"allow":["GET"]}}],"collection":[{"href":"https:\/\/www.linkceramics.com\/fr\/wp-json\/wp\/v2\/product"}],"about":[{"href":"https:\/\/www.linkceramics.com\/fr\/wp-json\/wp\/v2\/types\/product"}],"replies":[{"embeddable":true,"href":"https:\/\/www.linkceramics.com\/fr\/wp-json\/wp\/v2\/comments?post=1789"}],"wp:featuredmedia":[{"embeddable":true,"href":"https:\/\/www.linkceramics.com\/fr\/wp-json\/wp\/v2\/media\/1792"}],"wp:attachment":[{"href":"https:\/\/www.linkceramics.com\/fr\/wp-json\/wp\/v2\/media?parent=1789"}],"wp:term":[{"taxonomy":"certification","embeddable":true,"href":"https:\/\/www.linkceramics.com\/fr\/wp-json\/wp\/v2\/certification?post=1789"},{"taxonomy":"product_brand","embeddable":true,"href":"https:\/\/www.linkceramics.com\/fr\/wp-json\/wp\/v2\/product_brand?post=1789"},{"taxonomy":"product_cat","embeddable":true,"href":"https:\/\/www.linkceramics.com\/fr\/wp-json\/wp\/v2\/product_cat?post=1789"},{"taxonomy":"product_tag","embeddable":true,"href":"https:\/\/www.linkceramics.com\/fr\/wp-json\/wp\/v2\/product_tag?post=1789"}],"curies":[{"name":"wp","href":"https:\/\/api.w.org\/{rel}","templated":true}]}}