{"id":1794,"date":"2024-12-30T10:09:20","date_gmt":"2024-12-30T10:09:20","guid":{"rendered":"https:\/\/www.linkceramics.com\/?post_type=product&#038;p=1794"},"modified":"2024-12-30T10:09:21","modified_gmt":"2024-12-30T10:09:21","slug":"wholesale-stoneware-utensils","status":"publish","type":"product","link":"https:\/\/www.linkceramics.com\/fr\/product\/wholesale-stoneware-utensils\/","title":{"rendered":"Ustensiles en gr\u00e8s durables en gros, ustensiles de cuisine en vrac"},"content":{"rendered":"<div class=\"wp-block-columns is-layout-flex wp-container-core-columns-is-layout-9d6595d7 wp-block-columns-is-layout-flex\">\n<div class=\"wp-block-column is-layout-flow wp-block-column-is-layout-flow\" style=\"flex-basis:66.66%\">\n<h3 class=\"wp-block-heading\">Ustensiles en gr\u00e8s de premi\u00e8re qualit\u00e9 en gros Caract\u00e9ristiques :<\/h3>\n\n\n\n<ul class=\"wp-block-list\">\n<li><strong>Haute qualit\u00e9 et durabilit\u00e9 :\u00a0<\/strong>Cette s\u00e9rie d'ustensiles en gr\u00e8s est fabriqu\u00e9e \u00e0 partir de mat\u00e9riaux en gr\u00e8s de haute qualit\u00e9, qui sont robustes et durables, avec une bonne r\u00e9sistance \u00e0 la chaleur et \u00e0 l'usure, convenant \u00e0 une utilisation \u00e0 long terme, tout en garantissant que la gla\u00e7ure lisse et l'apparence exquise de chaque produit restent inchang\u00e9es.<\/li>\n\n\n\n<li><strong>Combinaison multifonctionnelle :\u00a0<\/strong>L'ensemble d'ustensiles de cuisine en vrac comprend des bouilloires en c\u00e9ramique, des mugs, des tasses \u00e0 caf\u00e9, des porte-ustensiles et des bocaux de rangement, qui sont enti\u00e8rement fonctionnels et peuvent r\u00e9pondre aux divers besoins de la cuisine et de la table \u00e0 manger. Il s'agit d'un choix id\u00e9al pour le rangement de la cuisine et l'assortiment des ustensiles de table.<\/li>\n\n\n\n<li><strong>Pratique et beau :\u00a0<\/strong>Le porte-outils en c\u00e9ramique de cet ensemble d'ustensiles en gr\u00e8s a un design simple et \u00e9l\u00e9gant. Il est non seulement pratique et commode, mais il permet \u00e9galement de ranger soigneusement la vaisselle. Il ajoute \u00e9galement une d\u00e9coration \u00e9l\u00e9gante \u00e0 la cuisine et cr\u00e9e un environnement de cuisson propre et ordonn\u00e9.<\/li>\n\n\n\n<li><strong>Garder les ingr\u00e9dients frais :\u00a0<\/strong>Le pot de stockage en gros en c\u00e9ramique poss\u00e8de de solides propri\u00e9t\u00e9s de scellage et convient au stockage de produits secs tels que le th\u00e9, les grains de caf\u00e9, le sucre, etc. Il est \u00e0 la fois pratique et beau, et convient \u00e0 la maison ou au restaurant.<\/li>\n<\/ul>\n<\/div>\n\n\n\n<div class=\"wp-block-column is-layout-flow wp-block-column-is-layout-flow\" style=\"flex-basis:33.33%\">\n<figure class=\"wp-block-image size-full\"><img decoding=\"async\" width=\"1200\" height=\"1200\" src=\"https:\/\/www.linkceramics.com\/wp-content\/uploads\/2024\/12\/Durable-Wholesale-Stoneware-Utensils-Bulk-Kitchen-Utensils-1.webp\" alt=\"Durable-Wholesale-Stoneware-Utensils-Bulk-Kitchen-Utensils-1\" class=\"wp-image-1796\" srcset=\"https:\/\/www.linkceramics.com\/wp-content\/uploads\/2024\/12\/Durable-Wholesale-Stoneware-Utensils-Bulk-Kitchen-Utensils-1.webp 1200w, https:\/\/www.linkceramics.com\/wp-content\/uploads\/2024\/12\/Durable-Wholesale-Stoneware-Utensils-Bulk-Kitchen-Utensils-1-300x300.webp 300w, https:\/\/www.linkceramics.com\/wp-content\/uploads\/2024\/12\/Durable-Wholesale-Stoneware-Utensils-Bulk-Kitchen-Utensils-1-150x150.webp 150w, https:\/\/www.linkceramics.com\/wp-content\/uploads\/2024\/12\/Durable-Wholesale-Stoneware-Utensils-Bulk-Kitchen-Utensils-1-768x768.webp 768w, https:\/\/www.linkceramics.com\/wp-content\/uploads\/2024\/12\/Durable-Wholesale-Stoneware-Utensils-Bulk-Kitchen-Utensils-1-600x600.webp 600w, https:\/\/www.linkceramics.com\/wp-content\/uploads\/2024\/12\/Durable-Wholesale-Stoneware-Utensils-Bulk-Kitchen-Utensils-1-100x100.webp 100w\" sizes=\"(max-width: 1200px) 100vw, 1200px\" \/><\/figure>\n<\/div>\n<\/div>","protected":false},"excerpt":{"rendered":"<div id=\"brxe-0ee1ca\" class=\"brxe-product-meta product_meta\">\n<div id=\"brxe-0ee1ca\" class=\"brxe-product-meta product_meta\">\n<div id=\"brxe-0ee1ca\" class=\"brxe-product-meta product_meta\">Bienvenue dans l'achat d'ustensiles de cuisine en gros. Notre collection d'ustensiles en gr\u00e8s en gros est un ensemble d'ustensiles de cuisine en gr\u00e8s durable qui comprend des bouilloires en c\u00e9ramique, des mugs, des tasses \u00e0 caf\u00e9, des porte-couverts et des bocaux de rangement. Les mat\u00e9riaux en gr\u00e8s de haute qualit\u00e9 garantissent que les produits sont durables, fonctionnels et joliment con\u00e7us. Ils conviennent particuli\u00e8rement aux cuisines et aux tables des maisons et des restaurants.<\/div>\n<\/div>\n<\/div>\n<div id=\"brxe-8c5ca9\" class=\"brxe-product-short-description\">\n<div class=\"woocommerce-product-details__short-description\">\n<h2>Ustensiles en gr\u00e8s Sp\u00e9cifications :<\/h2>\n<table border=\"0\" width=\"338\" cellspacing=\"0\" cellpadding=\"0\">\n<tbody>\n<tr>\n<td width=\"124\" height=\"18\">Fabricant<\/td>\n<td width=\"214\">Un foyer d'amour<\/td>\n<\/tr>\n<tr>\n<td width=\"124\" height=\"18\">Nom de la collection<\/td>\n<td width=\"214\">Cuisine magique<\/td>\n<\/tr>\n<tr>\n<td width=\"124\" height=\"18\">Utilisation<\/td>\n<td width=\"214\">Maison, Restaurant, H\u00f4tel<\/td>\n<\/tr>\n<tr>\n<td width=\"124\" height=\"118\">Type d'ustensiles de cuisine<\/td>\n<td width=\"214\">Bouilloires en c\u00e9ramique, tasses, tasses \u00e0 caf\u00e9, porte-ustensiles, bocaux de stockage,<\/td>\n<\/tr>\n<tr>\n<td width=\"124\" height=\"36\">Mat\u00e9riau<\/td>\n<td>Gr\u00e8s<\/td>\n<\/tr>\n<tr>\n<td width=\"124\" height=\"18\">Dimension<\/td>\n<td width=\"214\">Comme l'indique la photo de d\u00e9tail<\/td>\n<\/tr>\n<tr>\n<td width=\"124\" height=\"18\">Unit\u00e9s de vente<\/td>\n<td width=\"214\">Article unique<\/td>\n<\/tr>\n<tr>\n<td width=\"124\" height=\"18\">MOQ<\/td>\n<td width=\"214\">1200\/pcs par article<\/td>\n<\/tr>\n<tr>\n<td width=\"124\" height=\"18\">Option personnalis\u00e9e<\/td>\n<td width=\"214\">Couleur\/Taille\/Glaze\/Logo\/Emballage<\/td>\n<\/tr>\n<\/tbody>\n<\/table>\n<\/div>\n<\/div>","protected":false},"featured_media":1797,"comment_status":"open","ping_status":"closed","template":"","meta":{"_acf_changed":true},"certification":[63,64,66,58,65,61,60,62],"product_brand":[],"product_cat":[34,20,19],"product_tag":[],"class_list":{"0":"post-1794","1":"product","2":"type-product","3":"status-publish","4":"has-post-thumbnail","6":"certification-amfori","7":"certification-bsci","8":"certification-cnas","9":"certification-fda","10":"certification-iaf","11":"certification-iso-14001","12":"certification-iso-45001","13":"certification-iso-9001","14":"product_cat-custom-household-ceramics","15":"product_cat-ceramic-kitchenware-wholesale","16":"product_cat-ceramic-tea-set-wholesale","18":"first","19":"instock","20":"shipping-taxable","21":"product-type-simple"},"acf":[],"_links":{"self":[{"href":"https:\/\/www.linkceramics.com\/fr\/wp-json\/wp\/v2\/product\/1794","targetHints":{"allow":["GET"]}}],"collection":[{"href":"https:\/\/www.linkceramics.com\/fr\/wp-json\/wp\/v2\/product"}],"about":[{"href":"https:\/\/www.linkceramics.com\/fr\/wp-json\/wp\/v2\/types\/product"}],"replies":[{"embeddable":true,"href":"https:\/\/www.linkceramics.com\/fr\/wp-json\/wp\/v2\/comments?post=1794"}],"wp:featuredmedia":[{"embeddable":true,"href":"https:\/\/www.linkceramics.com\/fr\/wp-json\/wp\/v2\/media\/1797"}],"wp:attachment":[{"href":"https:\/\/www.linkceramics.com\/fr\/wp-json\/wp\/v2\/media?parent=1794"}],"wp:term":[{"taxonomy":"certification","embeddable":true,"href":"https:\/\/www.linkceramics.com\/fr\/wp-json\/wp\/v2\/certification?post=1794"},{"taxonomy":"product_brand","embeddable":true,"href":"https:\/\/www.linkceramics.com\/fr\/wp-json\/wp\/v2\/product_brand?post=1794"},{"taxonomy":"product_cat","embeddable":true,"href":"https:\/\/www.linkceramics.com\/fr\/wp-json\/wp\/v2\/product_cat?post=1794"},{"taxonomy":"product_tag","embeddable":true,"href":"https:\/\/www.linkceramics.com\/fr\/wp-json\/wp\/v2\/product_tag?post=1794"}],"curies":[{"name":"wp","href":"https:\/\/api.w.org\/{rel}","templated":true}]}}