{"id":1801,"date":"2024-12-31T01:15:28","date_gmt":"2024-12-31T01:15:28","guid":{"rendered":"https:\/\/www.linkceramics.com\/?post_type=product&#038;p=1801"},"modified":"2024-12-31T01:15:29","modified_gmt":"2024-12-31T01:15:29","slug":"bud-vases-wholesale","status":"publish","type":"product","link":"https:\/\/www.linkceramics.com\/fr\/product\/bud-vases-wholesale\/","title":{"rendered":"Vases \u00e0 bourgeons artistiques en c\u00e9ramique grossiste, Vases \u00e0 fleurs en vrac"},"content":{"rendered":"<div class=\"wp-block-columns is-layout-flex wp-container-core-columns-is-layout-9d6595d7 wp-block-columns-is-layout-flex\">\n<div class=\"wp-block-column is-layout-flow wp-block-column-is-layout-flow\" style=\"flex-basis:66.66%\">\n<h3 class=\"wp-block-heading\">Premium Bud Vases Wholesale Caract\u00e9ristiques :<\/h3>\n\n\n\n<p><strong>Service de personnalisation en vrac :\u00a0<\/strong>Nous prenons en charge la personnalisation \u00e0 grande \u00e9chelle des vases \u00e0 fleurs en vrac, ce qui convient aux d\u00e9taillants ou \u00e0 l'approvisionnement de projets \u00e0 grande \u00e9chelle. Nous pouvons ajuster la couleur, la taille et la forme en fonction des besoins du client afin de garantir une conception personnalis\u00e9e et un approvisionnement efficace.<\/p>\n\n\n\n<p><strong>Conception artistique unique :\u00a0<\/strong>Cette s\u00e9rie de vases \u00e0 bourgeons en c\u00e9ramique s'inspire des lignes du visage humain \u00e0 la Picasso, pleines d'art abstrait. Chaque vase pr\u00e9sente un charme artistique unique et devient le centre d'int\u00e9r\u00eat visuel de l'espace.<\/p>\n\n\n\n<p><strong>Choix de formes vari\u00e9es :\u00a0<\/strong>Ces vases \u00e0 fleurs en vrac pr\u00e9sentent une grande vari\u00e9t\u00e9 de formes, des plus fines et \u00e9l\u00e9gantes aux plus rondes et pleines. Ils s'adaptent \u00e0 diff\u00e9rents styles de d\u00e9coration d'int\u00e9rieur et peuvent ajouter une atmosph\u00e8re artistique personnalis\u00e9e \u00e0 divers espaces.<\/p>\n\n\n\n<p><strong>Une riche palette de couleurs :\u00a0<\/strong>Nos vases \u00e0 bourgeons en c\u00e9ramique offrent une vari\u00e9t\u00e9 d'options de couleurs, y compris des tons neutres et doux et des couleurs vives et modernes, permettant aux clients de s'adapter \u00e0 leurs pr\u00e9f\u00e9rences et \u00e0 leur environnement, en affichant un style unique.<\/p>\n<\/div>\n\n\n\n<div class=\"wp-block-column is-layout-flow wp-block-column-is-layout-flow\" style=\"flex-basis:33.33%\">\n<figure class=\"wp-block-image size-full\"><img decoding=\"async\" width=\"1200\" height=\"1200\" src=\"https:\/\/www.linkceramics.com\/wp-content\/uploads\/2024\/12\/Artistic-Ceramic-Bud-Vases-Wholesale-Bulk-Flower-Vases-80.webp\" alt=\"Artistic-Ceramic-Bud-Vases-Wholesale-Bulk-Flower-Vases-80\" class=\"wp-image-1806\" srcset=\"https:\/\/www.linkceramics.com\/wp-content\/uploads\/2024\/12\/Artistic-Ceramic-Bud-Vases-Wholesale-Bulk-Flower-Vases-80.webp 1200w, https:\/\/www.linkceramics.com\/wp-content\/uploads\/2024\/12\/Artistic-Ceramic-Bud-Vases-Wholesale-Bulk-Flower-Vases-80-300x300.webp 300w, https:\/\/www.linkceramics.com\/wp-content\/uploads\/2024\/12\/Artistic-Ceramic-Bud-Vases-Wholesale-Bulk-Flower-Vases-80-150x150.webp 150w, https:\/\/www.linkceramics.com\/wp-content\/uploads\/2024\/12\/Artistic-Ceramic-Bud-Vases-Wholesale-Bulk-Flower-Vases-80-768x768.webp 768w, https:\/\/www.linkceramics.com\/wp-content\/uploads\/2024\/12\/Artistic-Ceramic-Bud-Vases-Wholesale-Bulk-Flower-Vases-80-600x600.webp 600w, https:\/\/www.linkceramics.com\/wp-content\/uploads\/2024\/12\/Artistic-Ceramic-Bud-Vases-Wholesale-Bulk-Flower-Vases-80-100x100.webp 100w\" sizes=\"(max-width: 1200px) 100vw, 1200px\" \/><\/figure>\n<\/div>\n<\/div>","protected":false},"excerpt":{"rendered":"<div id=\"brxe-0ee1ca\" class=\"brxe-product-meta product_meta\">\n<div id=\"brxe-0ee1ca\" class=\"brxe-product-meta product_meta\">\n<div id=\"brxe-0ee1ca\" class=\"brxe-product-meta product_meta\">Bienvenue dans l'achat de vases \u00e0 fleurs en gros. Les lignes du visage humain \u00e0 la Picasso inspirent cette s\u00e9rie de vases \u00e0 bourgeons en c\u00e9ramique. Elle est pleine de sens artistique, avec une vari\u00e9t\u00e9 de formes et de couleurs \u00e0 choisir, convenant \u00e0 une vari\u00e9t\u00e9 de besoins de d\u00e9coration int\u00e9rieure. La personnalisation en vrac en fait un choix id\u00e9al pour les d\u00e9taillants et les projets d'approvisionnement, et permet d'ajouter une atmosph\u00e8re artistique unique \u00e0 l'espace.<\/div>\n<\/div>\n<\/div>\n<div id=\"brxe-8c5ca9\" class=\"brxe-product-short-description\">\n<div class=\"woocommerce-product-details__short-description\">\n<h2>Vases \u00e0 bourgeons de qualit\u00e9 sup\u00e9rieure Sp\u00e9cifications :<\/h2>\n<table border=\"0\" width=\"338\" cellspacing=\"0\" cellpadding=\"0\">\n<tbody>\n<tr>\n<td width=\"124\" height=\"18\">Fabricant<\/td>\n<td width=\"214\">Un foyer d'amour<\/td>\n<\/tr>\n<tr>\n<td width=\"124\" height=\"18\">Type de produit<\/td>\n<td width=\"214\">Vases \u00e0 fleurs<\/td>\n<\/tr>\n<tr>\n<td width=\"124\" height=\"18\">Mat\u00e9riau<\/td>\n<td width=\"214\">Porcelaine durable<\/td>\n<\/tr>\n<tr>\n<td width=\"124\" height=\"18\">Dimension<\/td>\n<td width=\"214\">Comme l'indique la photo de d\u00e9tail<\/td>\n<\/tr>\n<tr>\n<td width=\"124\" height=\"18\">Unit\u00e9s de vente<\/td>\n<td width=\"214\">Article unique<\/td>\n<\/tr>\n<tr>\n<td width=\"124\" height=\"18\">MOQ<\/td>\n<td width=\"214\">1200\/pcs par article<\/td>\n<\/tr>\n<tr>\n<td width=\"124\" height=\"18\">Option personnalis\u00e9e<\/td>\n<td width=\"214\">Couleur\/Taille\/Glaze\/Logo\/Emballage<\/td>\n<\/tr>\n<\/tbody>\n<\/table>\n<\/div>\n<\/div>","protected":false},"featured_media":1802,"comment_status":"open","ping_status":"closed","template":"","meta":{"_acf_changed":true},"certification":[63,64,66,58,65,61,60,62],"product_brand":[],"product_cat":[37,38,17],"product_tag":[],"class_list":{"0":"post-1801","1":"product","2":"type-product","3":"status-publish","4":"has-post-thumbnail","6":"certification-amfori","7":"certification-bsci","8":"certification-cnas","9":"certification-fda","10":"certification-iaf","11":"certification-iso-14001","12":"certification-iso-45001","13":"certification-iso-9001","14":"product_cat-decorative-ceramic-wholesale","15":"product_cat-custom-ceramic-ornament","16":"product_cat-ceramic-vases-wholesale","18":"first","19":"instock","20":"shipping-taxable","21":"product-type-simple"},"acf":[],"_links":{"self":[{"href":"https:\/\/www.linkceramics.com\/fr\/wp-json\/wp\/v2\/product\/1801","targetHints":{"allow":["GET"]}}],"collection":[{"href":"https:\/\/www.linkceramics.com\/fr\/wp-json\/wp\/v2\/product"}],"about":[{"href":"https:\/\/www.linkceramics.com\/fr\/wp-json\/wp\/v2\/types\/product"}],"replies":[{"embeddable":true,"href":"https:\/\/www.linkceramics.com\/fr\/wp-json\/wp\/v2\/comments?post=1801"}],"wp:featuredmedia":[{"embeddable":true,"href":"https:\/\/www.linkceramics.com\/fr\/wp-json\/wp\/v2\/media\/1802"}],"wp:attachment":[{"href":"https:\/\/www.linkceramics.com\/fr\/wp-json\/wp\/v2\/media?parent=1801"}],"wp:term":[{"taxonomy":"certification","embeddable":true,"href":"https:\/\/www.linkceramics.com\/fr\/wp-json\/wp\/v2\/certification?post=1801"},{"taxonomy":"product_brand","embeddable":true,"href":"https:\/\/www.linkceramics.com\/fr\/wp-json\/wp\/v2\/product_brand?post=1801"},{"taxonomy":"product_cat","embeddable":true,"href":"https:\/\/www.linkceramics.com\/fr\/wp-json\/wp\/v2\/product_cat?post=1801"},{"taxonomy":"product_tag","embeddable":true,"href":"https:\/\/www.linkceramics.com\/fr\/wp-json\/wp\/v2\/product_tag?post=1801"}],"curies":[{"name":"wp","href":"https:\/\/api.w.org\/{rel}","templated":true}]}}