{"id":1807,"date":"2024-12-31T01:48:26","date_gmt":"2024-12-31T01:48:26","guid":{"rendered":"https:\/\/www.linkceramics.com\/?post_type=product&#038;p=1807"},"modified":"2024-12-31T01:48:27","modified_gmt":"2024-12-31T01:48:27","slug":"wholesale-plant-pots","status":"publish","type":"product","link":"https:\/\/www.linkceramics.com\/fr\/product\/wholesale-plant-pots\/","title":{"rendered":"Premium Wholesale Plant Pots With Stripe Pattern Design"},"content":{"rendered":"<div class=\"wp-block-columns is-layout-flex wp-container-core-columns-is-layout-9d6595d7 wp-block-columns-is-layout-flex\">\n<div class=\"wp-block-column is-layout-flow wp-block-column-is-layout-flow\" style=\"flex-basis:66.66%\">\n<h3 class=\"wp-block-heading\">Premium Wholesale Plant Pots Caract\u00e9ristiques :<\/h3>\n\n\n\n<p><strong>Convient pour les achats en gros :\u00a0<\/strong>Nous proposons des prix de gros abordables pour les pots pour plantes tout en garantissant une qualit\u00e9 haut de gamme, adapt\u00e9e \u00e0 une vari\u00e9t\u00e9 d'utilisations commerciales.<\/p>\n\n\n\n<p><strong>Design simple et \u00e9l\u00e9gant :\u00a0<\/strong>Ces pots \u00e0 plantes en gros sont en c\u00e9ramique blanche avec des rayures en relief, affichant un style moderne et simple, convenant \u00e0 une vari\u00e9t\u00e9 de styles de d\u00e9coration int\u00e9rieure.<\/p>\n\n\n\n<p><strong>Diverses options de taille et de forme :\u00a0<\/strong>Nous offrons une vari\u00e9t\u00e9 de tailles et de formes pour les pots de gros pour les plantes afin de r\u00e9pondre aux besoins des diff\u00e9rentes plantes et des espaces de placement.<\/p>\n\n\n\n<p><strong>Mat\u00e9riau c\u00e9ramique de haute qualit\u00e9 :\u00a0<\/strong>Nos pots \u00e0 plantes en gros sont fabriqu\u00e9s en c\u00e9ramique de haute qualit\u00e9, robuste et durable, avec une bonne perm\u00e9abilit\u00e9 \u00e0 l'air, ce qui aide les plantes \u00e0 pousser sainement.<\/p>\n<\/div>\n\n\n\n<div class=\"wp-block-column is-layout-flow wp-block-column-is-layout-flow\" style=\"flex-basis:33.33%\">\n<figure class=\"wp-block-image size-full\"><img decoding=\"async\" width=\"1200\" height=\"1200\" src=\"https:\/\/www.linkceramics.com\/wp-content\/uploads\/2024\/12\/Premium-Wholesale-Plant-Pots-With-Stripe-Pattern-Design-8.webp\" alt=\"Premium-Wholesale-Plant-Pots-avec-motifs \u00e0 rayures-Design-8\" class=\"wp-image-1811\" srcset=\"https:\/\/www.linkceramics.com\/wp-content\/uploads\/2024\/12\/Premium-Wholesale-Plant-Pots-With-Stripe-Pattern-Design-8.webp 1200w, https:\/\/www.linkceramics.com\/wp-content\/uploads\/2024\/12\/Premium-Wholesale-Plant-Pots-With-Stripe-Pattern-Design-8-300x300.webp 300w, https:\/\/www.linkceramics.com\/wp-content\/uploads\/2024\/12\/Premium-Wholesale-Plant-Pots-With-Stripe-Pattern-Design-8-150x150.webp 150w, https:\/\/www.linkceramics.com\/wp-content\/uploads\/2024\/12\/Premium-Wholesale-Plant-Pots-With-Stripe-Pattern-Design-8-768x768.webp 768w, https:\/\/www.linkceramics.com\/wp-content\/uploads\/2024\/12\/Premium-Wholesale-Plant-Pots-With-Stripe-Pattern-Design-8-600x600.webp 600w, https:\/\/www.linkceramics.com\/wp-content\/uploads\/2024\/12\/Premium-Wholesale-Plant-Pots-With-Stripe-Pattern-Design-8-100x100.webp 100w\" sizes=\"(max-width: 1200px) 100vw, 1200px\" \/><\/figure>\n<\/div>\n<\/div>","protected":false},"excerpt":{"rendered":"<div id=\"brxe-0ee1ca\" class=\"brxe-product-meta product_meta\">\n<div id=\"brxe-0ee1ca\" class=\"brxe-product-meta product_meta\">\n<div id=\"brxe-0ee1ca\" class=\"brxe-product-meta product_meta\">Notre s\u00e9rie de pots de plantes en gros est un pot de fleurs en c\u00e9ramique \u00e9l\u00e9gant et simple avec un design de rayures blanches et en relief, disponible dans une vari\u00e9t\u00e9 de tailles et de formes, convenant \u00e0 toutes sortes de d\u00e9corations d'int\u00e9rieur. Le mat\u00e9riau c\u00e9ramique de haute qualit\u00e9 garantit la durabilit\u00e9 et la respirabilit\u00e9, ce qui en fait un choix id\u00e9al pour les grossistes.<\/div>\n<\/div>\n<\/div>\n<div id=\"brxe-8c5ca9\" class=\"brxe-product-short-description\">\n<div class=\"woocommerce-product-details__short-description\">\n<h2>Pots de plantes de qualit\u00e9 sup\u00e9rieure Sp\u00e9cifications :<\/h2>\n<table border=\"0\" width=\"338\" cellspacing=\"0\" cellpadding=\"0\">\n<tbody>\n<tr>\n<td width=\"124\" height=\"18\">Fabricant<\/td>\n<td width=\"214\">Un foyer d'amour<\/td>\n<\/tr>\n<tr>\n<td width=\"124\" height=\"18\">Type de produit<\/td>\n<td width=\"214\">Pots de plantes<\/td>\n<\/tr>\n<tr>\n<td width=\"124\" height=\"18\">Mat\u00e9riau<\/td>\n<td width=\"214\">Porcelaine durable<\/td>\n<\/tr>\n<tr>\n<td width=\"124\" height=\"18\">Dimension<\/td>\n<td width=\"214\">Comme l'indique la photo de d\u00e9tail<\/td>\n<\/tr>\n<tr>\n<td width=\"124\" height=\"18\">Unit\u00e9s de vente<\/td>\n<td width=\"214\">Article unique<\/td>\n<\/tr>\n<tr>\n<td width=\"124\" height=\"18\">MOQ<\/td>\n<td width=\"214\">1200\/pcs par article<\/td>\n<\/tr>\n<tr>\n<td width=\"124\" height=\"18\">Option personnalis\u00e9e<\/td>\n<td width=\"214\">Couleur\/Taille\/Glaze\/Logo\/Emballage<\/td>\n<\/tr>\n<\/tbody>\n<\/table>\n<\/div>\n<\/div>","protected":false},"featured_media":1808,"comment_status":"open","ping_status":"closed","template":"","meta":{"_acf_changed":true},"certification":[63,64,66,58,65,61,60,62],"product_brand":[],"product_cat":[37,17],"product_tag":[],"class_list":{"0":"post-1807","1":"product","2":"type-product","3":"status-publish","4":"has-post-thumbnail","6":"certification-amfori","7":"certification-bsci","8":"certification-cnas","9":"certification-fda","10":"certification-iaf","11":"certification-iso-14001","12":"certification-iso-45001","13":"certification-iso-9001","14":"product_cat-decorative-ceramic-wholesale","15":"product_cat-ceramic-vases-wholesale","17":"first","18":"instock","19":"shipping-taxable","20":"product-type-simple"},"acf":[],"_links":{"self":[{"href":"https:\/\/www.linkceramics.com\/fr\/wp-json\/wp\/v2\/product\/1807","targetHints":{"allow":["GET"]}}],"collection":[{"href":"https:\/\/www.linkceramics.com\/fr\/wp-json\/wp\/v2\/product"}],"about":[{"href":"https:\/\/www.linkceramics.com\/fr\/wp-json\/wp\/v2\/types\/product"}],"replies":[{"embeddable":true,"href":"https:\/\/www.linkceramics.com\/fr\/wp-json\/wp\/v2\/comments?post=1807"}],"wp:featuredmedia":[{"embeddable":true,"href":"https:\/\/www.linkceramics.com\/fr\/wp-json\/wp\/v2\/media\/1808"}],"wp:attachment":[{"href":"https:\/\/www.linkceramics.com\/fr\/wp-json\/wp\/v2\/media?parent=1807"}],"wp:term":[{"taxonomy":"certification","embeddable":true,"href":"https:\/\/www.linkceramics.com\/fr\/wp-json\/wp\/v2\/certification?post=1807"},{"taxonomy":"product_brand","embeddable":true,"href":"https:\/\/www.linkceramics.com\/fr\/wp-json\/wp\/v2\/product_brand?post=1807"},{"taxonomy":"product_cat","embeddable":true,"href":"https:\/\/www.linkceramics.com\/fr\/wp-json\/wp\/v2\/product_cat?post=1807"},{"taxonomy":"product_tag","embeddable":true,"href":"https:\/\/www.linkceramics.com\/fr\/wp-json\/wp\/v2\/product_tag?post=1807"}],"curies":[{"name":"wp","href":"https:\/\/api.w.org\/{rel}","templated":true}]}}