{"id":1813,"date":"2024-12-31T02:09:45","date_gmt":"2024-12-31T02:09:45","guid":{"rendered":"https:\/\/www.linkceramics.com\/?post_type=product&#038;p=1813"},"modified":"2024-12-31T02:09:46","modified_gmt":"2024-12-31T02:09:46","slug":"resin-candle-holder-wholesale","status":"publish","type":"product","link":"https:\/\/www.linkceramics.com\/fr\/product\/resin-candle-holder-wholesale\/","title":{"rendered":"Bougeoir en r\u00e9sine durable Wholesale pour la d\u00e9coration d'int\u00e9rieur"},"content":{"rendered":"<h3 class=\"wp-block-heading\">Param\u00e8tres du bougeoir en r\u00e9sine<\/h3>\n\n\n\n<figure class=\"wp-block-table\"><table class=\"has-fixed-layout\"><tbody><tr><td>Mod\u00e8le<\/td><td>Nom du produit<\/td><td>Couleur<\/td><td>Mat\u00e9riau<\/td><td>Utilisations<\/td><td>Dimensions<\/td><td>Poids<\/td><\/tr><tr><td>E37590-H885-A01<\/td><td>Bougeoir en r\u00e9sine<\/td><td>Marron clair antique<\/td><td>R\u00e9sine<\/td><td>d\u00e9coration int\u00e9rieure, salon, jardin<\/td><td>D:11.5X13.5cm<\/td><td>0,5kg\/PC<\/td><\/tr><tr><td>E37590-H885-A02<\/td><td>Bougeoir en r\u00e9sine<\/td><td>Marron clair antique<\/td><td>R\u00e9sine<\/td><td>d\u00e9coration int\u00e9rieure, salon, jardin<\/td><td>D:10X12cm<\/td><td>0,3kg\/PC<\/td><\/tr><tr><td>E37590-H885-A03<\/td><td>Bougeoir en r\u00e9sine<\/td><td>Marron clair antique<\/td><td>R\u00e9sine<\/td><td>d\u00e9coration int\u00e9rieure, salon, jardin<\/td><td>D:6.5X8.5cm<\/td><td>0,14kg\/PC<\/td><\/tr><\/tbody><\/table><\/figure>\n\n\n\n<div class=\"wp-block-columns is-layout-flex wp-container-core-columns-is-layout-9d6595d7 wp-block-columns-is-layout-flex\">\n<div class=\"wp-block-column is-layout-flow wp-block-column-is-layout-flow\">\n<figure class=\"wp-block-image size-full\"><img decoding=\"async\" width=\"768\" height=\"640\" src=\"https:\/\/www.linkceramics.com\/wp-content\/uploads\/2024\/12\/Home-Decoration-Resin-Candle-Holder-4-768x640.jpg.webp\" alt=\"Home-Decoration-Porte-bougies en r\u00e9sine-4-768x640.jpg\" class=\"wp-image-1817\" srcset=\"https:\/\/www.linkceramics.com\/wp-content\/uploads\/2024\/12\/Home-Decoration-Resin-Candle-Holder-4-768x640.jpg.webp 768w, https:\/\/www.linkceramics.com\/wp-content\/uploads\/2024\/12\/Home-Decoration-Resin-Candle-Holder-4-768x640.jpg-300x250.webp 300w, https:\/\/www.linkceramics.com\/wp-content\/uploads\/2024\/12\/Home-Decoration-Resin-Candle-Holder-4-768x640.jpg-600x500.webp 600w\" sizes=\"(max-width: 768px) 100vw, 768px\" \/><\/figure>\n<\/div>\n\n\n\n<div class=\"wp-block-column is-layout-flow wp-block-column-is-layout-flow\">\n<figure class=\"wp-block-image size-full\"><img decoding=\"async\" width=\"768\" height=\"640\" src=\"https:\/\/www.linkceramics.com\/wp-content\/uploads\/2024\/12\/Home-Decoration-Resin-Candle-Holder-5-768x640.jpg.webp\" alt=\"Home-Decoration-Porte-bougies en r\u00e9sine-5-768x640.jpg\" class=\"wp-image-1818\" srcset=\"https:\/\/www.linkceramics.com\/wp-content\/uploads\/2024\/12\/Home-Decoration-Resin-Candle-Holder-5-768x640.jpg.webp 768w, https:\/\/www.linkceramics.com\/wp-content\/uploads\/2024\/12\/Home-Decoration-Resin-Candle-Holder-5-768x640.jpg-300x250.webp 300w, https:\/\/www.linkceramics.com\/wp-content\/uploads\/2024\/12\/Home-Decoration-Resin-Candle-Holder-5-768x640.jpg-600x500.webp 600w\" sizes=\"(max-width: 768px) 100vw, 768px\" \/><\/figure>\n<\/div>\n<\/div>\n\n\n\n<p><\/p>","protected":false},"excerpt":{"rendered":"<div id=\"brxe-raacbk\" class=\"brxe-product-meta product_meta\">\n<p data-pm-slice=\"0 0 []\">Bougeoirs en r\u00e9sine en gros pour la d\u00e9coration d'int\u00e9rieur, ce bougeoir est fabriqu\u00e9 en r\u00e9sine durable. Son style simple et moderne peut \u00eatre parfaitement int\u00e9gr\u00e9 dans divers styles de d\u00e9coration int\u00e9rieure, qu'il s'agisse d'un salon, d'une chambre \u00e0 coucher ou d'une table \u00e0 manger. Nous fournissons des services professionnels de vente en gros de bougeoirs, adapt\u00e9s aux d\u00e9taillants, aux magasins d'ameublement et aux projets de d\u00e9coration d'int\u00e9rieur, vous aidant \u00e0 r\u00e9pondre aux besoins personnalis\u00e9s de diff\u00e9rents clients. Contactez-nous pour un devis.<\/p>\n<h2>Caract\u00e9ristiques du bougeoir en r\u00e9sine<\/h2>\n<p><strong>Design naturel<\/strong>: Inspir\u00e9 par les \u00e9l\u00e9ments naturels, la texture et la forme du bougeoir en r\u00e9sine ressemblent \u00e0 la forme des arbres, donnant aux gens l'impression de la beaut\u00e9 originale de la nature, ce qui convient parfaitement au style campagnard ou \u00e0 la d\u00e9coration d'int\u00e9rieur sur le th\u00e8me de la nature.<\/p>\n<p><strong>L\u00e9ger et durable<\/strong>: Le bougeoir est fabriqu\u00e9 en r\u00e9sine de haute qualit\u00e9, l\u00e9g\u00e8re mais solide, adapt\u00e9e \u00e0 une utilisation \u00e0 long terme et qui ne risque pas d'\u00eatre endommag\u00e9e ou d\u00e9form\u00e9e.<\/p>\n<p><strong>Polyvalence<\/strong>: La s\u00e9rie comprend des bougeoirs de diff\u00e9rentes hauteurs, qui peuvent \u00eatre utilis\u00e9s pour des bougies de diff\u00e9rentes tailles et de diff\u00e9rents types afin de r\u00e9pondre aux besoins de diverses occasions, telles que l'ameublement d\u00e9coratif ou l'\u00e9clairage fonctionnel.<\/p>\n<p><strong>Convient \u00e0 une vari\u00e9t\u00e9 d'occasions<\/strong>: Que ce bougeoir de d\u00e9coration int\u00e9rieure soit plac\u00e9 dans le salon, la chambre \u00e0 coucher, la table \u00e0 manger ou le balcon ext\u00e9rieur, ce bougeoir peut rehausser le go\u00fbt d\u00e9coratif de l'espace et cr\u00e9er une atmosph\u00e8re chaleureuse et naturelle.<\/p>\n<p><strong>Service de gros<\/strong>: SANTAI pottery home decor manufacturer fournit des services professionnels de vente en gros de bougeoirs, couvrant la conception, les \u00e9chantillons rapides, la production et la livraison, aidant les grossistes et les d\u00e9taillants \u00e0 apporter des produits de qualit\u00e9 aux clients \u00e0 des prix plus comp\u00e9titifs.<\/p>\n<\/div>","protected":false},"featured_media":1814,"comment_status":"open","ping_status":"closed","template":"","meta":{"_acf_changed":true},"certification":[63,64,66,65,61,60,62],"product_brand":[],"product_cat":[37,16],"product_tag":[],"class_list":{"0":"post-1813","1":"product","2":"type-product","3":"status-publish","4":"has-post-thumbnail","6":"certification-amfori","7":"certification-bsci","8":"certification-cnas","9":"certification-iaf","10":"certification-iso-14001","11":"certification-iso-45001","12":"certification-iso-9001","13":"product_cat-decorative-ceramic-wholesale","14":"product_cat-ceramic-candle-holder","16":"first","17":"instock","18":"shipping-taxable","19":"product-type-simple"},"acf":[],"_links":{"self":[{"href":"https:\/\/www.linkceramics.com\/fr\/wp-json\/wp\/v2\/product\/1813","targetHints":{"allow":["GET"]}}],"collection":[{"href":"https:\/\/www.linkceramics.com\/fr\/wp-json\/wp\/v2\/product"}],"about":[{"href":"https:\/\/www.linkceramics.com\/fr\/wp-json\/wp\/v2\/types\/product"}],"replies":[{"embeddable":true,"href":"https:\/\/www.linkceramics.com\/fr\/wp-json\/wp\/v2\/comments?post=1813"}],"wp:featuredmedia":[{"embeddable":true,"href":"https:\/\/www.linkceramics.com\/fr\/wp-json\/wp\/v2\/media\/1814"}],"wp:attachment":[{"href":"https:\/\/www.linkceramics.com\/fr\/wp-json\/wp\/v2\/media?parent=1813"}],"wp:term":[{"taxonomy":"certification","embeddable":true,"href":"https:\/\/www.linkceramics.com\/fr\/wp-json\/wp\/v2\/certification?post=1813"},{"taxonomy":"product_brand","embeddable":true,"href":"https:\/\/www.linkceramics.com\/fr\/wp-json\/wp\/v2\/product_brand?post=1813"},{"taxonomy":"product_cat","embeddable":true,"href":"https:\/\/www.linkceramics.com\/fr\/wp-json\/wp\/v2\/product_cat?post=1813"},{"taxonomy":"product_tag","embeddable":true,"href":"https:\/\/www.linkceramics.com\/fr\/wp-json\/wp\/v2\/product_tag?post=1813"}],"curies":[{"name":"wp","href":"https:\/\/api.w.org\/{rel}","templated":true}]}}