{"id":1819,"date":"2024-12-31T02:50:14","date_gmt":"2024-12-31T02:50:14","guid":{"rendered":"https:\/\/www.linkceramics.com\/?post_type=product&#038;p=1819"},"modified":"2024-12-31T02:50:16","modified_gmt":"2024-12-31T02:50:16","slug":"bulk-animal-ornaments","status":"publish","type":"product","link":"https:\/\/www.linkceramics.com\/fr\/product\/bulk-animal-ornaments\/","title":{"rendered":"Ornements de chat \u00e0 vendre, ornements d'animaux en vrac, vente directe \u00e0 l'usine"},"content":{"rendered":"<h3 class=\"wp-block-heading\">Param\u00e8tres des ornements pour chats<\/h3>\n\n\n\n<figure class=\"wp-block-table\"><table class=\"has-fixed-layout\"><tbody><tr><td>Mod\u00e8le<\/td><td>Nom du produit<\/td><td>Couleur<\/td><td>Mat\u00e9riau<\/td><td>Utilisations<\/td><td>Dimensions<\/td><td>Poids<\/td><\/tr><tr><td>E37136-H851-A01<\/td><td>Ornement animal - Chat assis<\/td><td>Marron antique&nbsp;<\/td><td>R\u00e9sine<\/td><td>d\u00e9coration int\u00e9rieure, salon<\/td><td>16.5X8.5X13cm<\/td><td>0,5kg\/PC<\/td><\/tr><tr><td>E37137-H851-A01<\/td><td>Ornement animal - Chat qui marche<\/td><td>Marron antique&nbsp;<\/td><td>R\u00e9sine<\/td><td>d\u00e9coration int\u00e9rieure, salon<\/td><td>14.5X10X16cm<\/td><td>0,6kg\/PC<\/td><\/tr><\/tbody><\/table><\/figure>\n\n\n\n<div class=\"wp-block-columns is-layout-flex wp-container-core-columns-is-layout-9d6595d7 wp-block-columns-is-layout-flex\">\n<div class=\"wp-block-column is-layout-flow wp-block-column-is-layout-flow\">\n<figure class=\"wp-block-image size-full\"><img decoding=\"async\" width=\"768\" height=\"640\" src=\"https:\/\/www.linkceramics.com\/wp-content\/uploads\/2024\/12\/Animal-Ornaments-Walking-cat-4-768x640.jpg.webp\" alt=\"Animaux-Ornements-Chat qui marche-4-768x640.jpg\" class=\"wp-image-1823\" srcset=\"https:\/\/www.linkceramics.com\/wp-content\/uploads\/2024\/12\/Animal-Ornaments-Walking-cat-4-768x640.jpg.webp 768w, https:\/\/www.linkceramics.com\/wp-content\/uploads\/2024\/12\/Animal-Ornaments-Walking-cat-4-768x640.jpg-300x250.webp 300w, https:\/\/www.linkceramics.com\/wp-content\/uploads\/2024\/12\/Animal-Ornaments-Walking-cat-4-768x640.jpg-600x500.webp 600w\" sizes=\"(max-width: 768px) 100vw, 768px\" \/><\/figure>\n<\/div>\n\n\n\n<div class=\"wp-block-column is-layout-flow wp-block-column-is-layout-flow\">\n<figure class=\"wp-block-image size-full\"><img decoding=\"async\" width=\"768\" height=\"640\" src=\"https:\/\/www.linkceramics.com\/wp-content\/uploads\/2024\/12\/Animal-Ornaments-Setting-Cat-4-768x640.jpg.webp\" alt=\"Animal-Ornaments-Setting-Cat-4-768x640.jpg\" class=\"wp-image-1822\" srcset=\"https:\/\/www.linkceramics.com\/wp-content\/uploads\/2024\/12\/Animal-Ornaments-Setting-Cat-4-768x640.jpg.webp 768w, https:\/\/www.linkceramics.com\/wp-content\/uploads\/2024\/12\/Animal-Ornaments-Setting-Cat-4-768x640.jpg-300x250.webp 300w, https:\/\/www.linkceramics.com\/wp-content\/uploads\/2024\/12\/Animal-Ornaments-Setting-Cat-4-768x640.jpg-600x500.webp 600w\" sizes=\"(max-width: 768px) 100vw, 768px\" \/><\/figure>\n<\/div>\n<\/div>","protected":false},"excerpt":{"rendered":"<div id=\"brxe-raacbk\" class=\"brxe-product-meta product_meta\">\n<p data-pm-slice=\"0 0 []\">Nous fournissons des ornements d'animaux en gros et des solutions d'ornementation personnalis\u00e9es. Ces ornements d'animaux ajoutent de la vitalit\u00e9 et de l'amusement \u00e0 votre espace. Les ornements d'animaux exquis peuvent non seulement d\u00e9corer votre environnement domestique, mais aussi \u00eatre offerts comme cadeaux aux parents et amis, convenant \u00e0 diverses occasions. Nous invitons les grossistes et les distributeurs \u00e0 nous contacter. SANTAI pottery home decor manufacturer vous fournit des prix comp\u00e9titifs.<\/p>\n<h2>Caract\u00e9ristiques des ornements pour animaux<\/h2>\n<p><strong>Design mignon et charmant<\/strong>: Les ornements pour chats adoptent une combinaison de couleurs marron clair et de taches blanches, ce qui leur conf\u00e8re un aspect chaleureux et mignon. Cette combinaison de couleurs est non seulement facile \u00e0 int\u00e9grer dans diff\u00e9rents styles de d\u00e9coration, mais elle ajoute \u00e9galement une touche vivante et joyeuse \u00e0 l'environnement domestique.<\/p>\n<p><strong>Ornements cr\u00e9atifs en forme d'animaux<\/strong>: Les ornements en forme d'animaux mignons inspirent la cr\u00e9ativit\u00e9 et l'imagination des gens. Qu'il soit plac\u00e9 dans le bureau ou dans le salon, il peut devenir une tr\u00e8s belle d\u00e9coration.<\/p>\n<p><strong>Technologie de production de haute qualit\u00e9<\/strong>: Les ornements pour chatons sont fabriqu\u00e9s \u00e0 partir de mat\u00e9riaux en r\u00e9sine de haute qualit\u00e9, avec un savoir-faire exquis et un traitement minutieux des d\u00e9tails. Qu'il s'agisse du contour des ornements ou de la texture de la surface, ils t\u00e9moignent d'un niveau de production de haute qualit\u00e9.<\/p>\n<p><strong>Facile \u00e0 assortir et \u00e0 placer<\/strong>: Les deux statues d'animaux peuvent \u00eatre plac\u00e9es s\u00e9par\u00e9ment ou combin\u00e9es. Elles conviennent non seulement aux espaces int\u00e9rieurs tels que le bureau et le salon, mais peuvent \u00e9galement \u00eatre utilis\u00e9es comme d\u00e9corations pour les jardins ext\u00e9rieurs ou les balcons.<\/p>\n<p><strong>Service professionnel de d\u00e9coration int\u00e9rieure en gros<\/strong>: SANTAI est un fabricant chinois de premier plan de d\u00e9corations en c\u00e9ramique pour la maison. Nous fournissons une large gamme de d\u00e9coration de meubles en gros, d'ornements d'animaux et de prix comp\u00e9titifs. Les acheteurs B2B sont invit\u00e9s \u00e0 nous contacter.<\/p>\n<\/div>","protected":false},"featured_media":1824,"comment_status":"open","ping_status":"closed","template":"","meta":{"_acf_changed":true},"certification":[63,64,66,65,61,60,62],"product_brand":[],"product_cat":[37,38],"product_tag":[],"class_list":{"0":"post-1819","1":"product","2":"type-product","3":"status-publish","4":"has-post-thumbnail","6":"certification-amfori","7":"certification-bsci","8":"certification-cnas","9":"certification-iaf","10":"certification-iso-14001","11":"certification-iso-45001","12":"certification-iso-9001","13":"product_cat-decorative-ceramic-wholesale","14":"product_cat-custom-ceramic-ornament","16":"first","17":"instock","18":"shipping-taxable","19":"product-type-simple"},"acf":[],"_links":{"self":[{"href":"https:\/\/www.linkceramics.com\/fr\/wp-json\/wp\/v2\/product\/1819","targetHints":{"allow":["GET"]}}],"collection":[{"href":"https:\/\/www.linkceramics.com\/fr\/wp-json\/wp\/v2\/product"}],"about":[{"href":"https:\/\/www.linkceramics.com\/fr\/wp-json\/wp\/v2\/types\/product"}],"replies":[{"embeddable":true,"href":"https:\/\/www.linkceramics.com\/fr\/wp-json\/wp\/v2\/comments?post=1819"}],"wp:featuredmedia":[{"embeddable":true,"href":"https:\/\/www.linkceramics.com\/fr\/wp-json\/wp\/v2\/media\/1824"}],"wp:attachment":[{"href":"https:\/\/www.linkceramics.com\/fr\/wp-json\/wp\/v2\/media?parent=1819"}],"wp:term":[{"taxonomy":"certification","embeddable":true,"href":"https:\/\/www.linkceramics.com\/fr\/wp-json\/wp\/v2\/certification?post=1819"},{"taxonomy":"product_brand","embeddable":true,"href":"https:\/\/www.linkceramics.com\/fr\/wp-json\/wp\/v2\/product_brand?post=1819"},{"taxonomy":"product_cat","embeddable":true,"href":"https:\/\/www.linkceramics.com\/fr\/wp-json\/wp\/v2\/product_cat?post=1819"},{"taxonomy":"product_tag","embeddable":true,"href":"https:\/\/www.linkceramics.com\/fr\/wp-json\/wp\/v2\/product_tag?post=1819"}],"curies":[{"name":"wp","href":"https:\/\/api.w.org\/{rel}","templated":true}]}}