{"id":1830,"date":"2025-01-04T08:55:36","date_gmt":"2025-01-04T08:55:36","guid":{"rendered":"https:\/\/www.linkceramics.com\/?post_type=product&#038;p=1830"},"modified":"2025-01-04T08:55:37","modified_gmt":"2025-01-04T08:55:37","slug":"wholesale-scented-candles","status":"publish","type":"product","link":"https:\/\/www.linkceramics.com\/fr\/product\/wholesale-scented-candles\/","title":{"rendered":"Bougies parfum\u00e9es de qualit\u00e9 sup\u00e9rieure en gros dans des pots en c\u00e9ramique de luxe"},"content":{"rendered":"<div class=\"wp-block-columns is-layout-flex wp-container-core-columns-is-layout-9d6595d7 wp-block-columns-is-layout-flex\">\n<div class=\"wp-block-column is-layout-flow wp-block-column-is-layout-flow\" style=\"flex-basis:66.66%\">\n<h3 class=\"wp-block-heading\">Bougies parfum\u00e9es Premium Wholesale Caract\u00e9ristiques :<\/h3>\n\n\n\n<p><strong>Polyvalence et mat\u00e9riaux respectueux de l'environnement :\u00a0<\/strong>Les pots en c\u00e9ramique de nos bougies parfum\u00e9es en vrac sont non seulement r\u00e9utilisables, mais peuvent \u00e9galement \u00eatre utilis\u00e9s comme pots de stockage ou d\u00e9corations, r\u00e9duisant ainsi les d\u00e9chets, respectueux de l'environnement et pratiques.<\/p>\n\n\n\n<p><strong>Bocal r\u00e9tro en c\u00e9ramique :\u00a0<\/strong>Ces bougies parfum\u00e9es en gros utilisent des pots en c\u00e9ramique de style r\u00e9tro avec des textures haut de gamme. Il s'agit non seulement d'un produit d'aromath\u00e9rapie pratique, mais aussi d'une d\u00e9coration \u00e9l\u00e9gante qui rehausse la beaut\u00e9 de votre maison.<\/p>\n\n\n\n<p><strong>Deux styles au choix :\u00a0<\/strong>Nous proposons deux types de bougies parfum\u00e9es en vrac, avec ou sans couvercle. Le mod\u00e8le avec couvercle permet de conserver le parfum, tandis que le mod\u00e8le sans couvercle est pratique \u00e0 utiliser pour r\u00e9pondre aux besoins de diff\u00e9rentes occasions.<\/p>\n\n\n\n<p><strong>Exp\u00e9rience d'aromath\u00e9rapie de haute qualit\u00e9 :\u00a0<\/strong>Nos bougies parfum\u00e9es en gros sont fabriqu\u00e9es avec de la cire de soja de haute qualit\u00e9 et des parfums naturels. Lorsqu'elles br\u00fblent, elles \u00e9mettent un ar\u00f4me apaisant, cr\u00e9ant une atmosph\u00e8re confortable et relaxante. Elles sont id\u00e9ales pour l'aromath\u00e9rapie d'int\u00e9rieur.<\/p>\n<\/div>\n\n\n\n<div class=\"wp-block-column is-layout-flow wp-block-column-is-layout-flow\" style=\"flex-basis:33.33%\">\n<figure class=\"wp-block-image size-full\"><img decoding=\"async\" width=\"1200\" height=\"1200\" src=\"https:\/\/www.linkceramics.com\/wp-content\/uploads\/2025\/01\/Premium-Wholesale-Scented-Candles-In-Luxury-Ceramic-Jars-8.webp\" alt=\"Premium-Wholesale-Bougies parfum\u00e9es-en-luxe-Bocaux en c\u00e9ramique-8\" class=\"wp-image-1835\" srcset=\"https:\/\/www.linkceramics.com\/wp-content\/uploads\/2025\/01\/Premium-Wholesale-Scented-Candles-In-Luxury-Ceramic-Jars-8.webp 1200w, https:\/\/www.linkceramics.com\/wp-content\/uploads\/2025\/01\/Premium-Wholesale-Scented-Candles-In-Luxury-Ceramic-Jars-8-300x300.webp 300w, https:\/\/www.linkceramics.com\/wp-content\/uploads\/2025\/01\/Premium-Wholesale-Scented-Candles-In-Luxury-Ceramic-Jars-8-150x150.webp 150w, https:\/\/www.linkceramics.com\/wp-content\/uploads\/2025\/01\/Premium-Wholesale-Scented-Candles-In-Luxury-Ceramic-Jars-8-768x768.webp 768w, https:\/\/www.linkceramics.com\/wp-content\/uploads\/2025\/01\/Premium-Wholesale-Scented-Candles-In-Luxury-Ceramic-Jars-8-600x600.webp 600w, https:\/\/www.linkceramics.com\/wp-content\/uploads\/2025\/01\/Premium-Wholesale-Scented-Candles-In-Luxury-Ceramic-Jars-8-100x100.webp 100w\" sizes=\"(max-width: 1200px) 100vw, 1200px\" \/><\/figure>\n<\/div>\n<\/div>","protected":false},"excerpt":{"rendered":"<div id=\"brxe-0ee1ca\" class=\"brxe-product-meta product_meta\">\n<div id=\"brxe-0ee1ca\" class=\"brxe-product-meta product_meta\">\n<div id=\"brxe-0ee1ca\" class=\"brxe-product-meta product_meta\">Ces bougies parfum\u00e9es de luxe en gros utilisent un design r\u00e9tro de pot en c\u00e9ramique et sont disponibles en deux options : avec ou sans couvercle. Utilisant de la cire de soja de haute qualit\u00e9 et des parfums naturels, elles procurent une exp\u00e9rience parfum\u00e9e \u00e9l\u00e9gante et constituent le choix id\u00e9al pour am\u00e9liorer l'atmosph\u00e8re de la maison.<\/div>\n<\/div>\n<\/div>\n<div id=\"brxe-8c5ca9\" class=\"brxe-product-short-description\">\n<div class=\"woocommerce-product-details__short-description\">\n<h2>Bougies parfum\u00e9es de qualit\u00e9 sup\u00e9rieure Sp\u00e9cifications :<\/h2>\n<table border=\"0\" width=\"338\" cellspacing=\"0\" cellpadding=\"0\">\n<tbody>\n<tr>\n<td width=\"124\" height=\"18\">Fabricant<\/td>\n<td width=\"214\">Un foyer d'amour<\/td>\n<\/tr>\n<tr>\n<td width=\"124\" height=\"18\">Nom de la collection<\/td>\n<td width=\"214\">Bougie parfum\u00e9e<\/td>\n<\/tr>\n<tr>\n<td width=\"124\" height=\"18\">Style de conception<\/td>\n<td width=\"214\">L'Europe<\/td>\n<\/tr>\n<tr>\n<td width=\"124\" height=\"18\">Utilisation<\/td>\n<td width=\"214\">Maison, Restaurant, H\u00f4tel<\/td>\n<\/tr>\n<tr>\n<td width=\"124\" height=\"18\">Type de bougie<\/td>\n<td width=\"214\">Bougie en pot, Bougie parfum\u00e9e<\/td>\n<\/tr>\n<tr>\n<td width=\"124\" height=\"18\">Mat\u00e9riau<\/td>\n<td width=\"214\">Porcelaine durable<\/td>\n<\/tr>\n<tr>\n<td width=\"124\" height=\"18\">Dimension<\/td>\n<td width=\"214\">Comme l'indique la photo de d\u00e9tail<\/td>\n<\/tr>\n<tr>\n<td width=\"124\" height=\"18\">Unit\u00e9s de vente<\/td>\n<td width=\"214\">Article unique<\/td>\n<\/tr>\n<tr>\n<td width=\"124\" height=\"18\">MOQ<\/td>\n<td width=\"214\">1200\/pcs par article<\/td>\n<\/tr>\n<tr>\n<td width=\"124\" height=\"18\">Option personnalis\u00e9e<\/td>\n<td width=\"214\">Couleur\/Taille\/Glaze\/Logo\/Emballage<\/td>\n<\/tr>\n<\/tbody>\n<\/table>\n<\/div>\n<\/div>","protected":false},"featured_media":1831,"comment_status":"open","ping_status":"closed","template":"","meta":{"_acf_changed":true},"certification":[63,64,66,58,65,61,60,62],"product_brand":[],"product_cat":[37,16,38],"product_tag":[],"class_list":{"0":"post-1830","1":"product","2":"type-product","3":"status-publish","4":"has-post-thumbnail","6":"certification-amfori","7":"certification-bsci","8":"certification-cnas","9":"certification-fda","10":"certification-iaf","11":"certification-iso-14001","12":"certification-iso-45001","13":"certification-iso-9001","14":"product_cat-decorative-ceramic-wholesale","15":"product_cat-ceramic-candle-holder","16":"product_cat-custom-ceramic-ornament","18":"first","19":"instock","20":"shipping-taxable","21":"product-type-simple"},"acf":[],"_links":{"self":[{"href":"https:\/\/www.linkceramics.com\/fr\/wp-json\/wp\/v2\/product\/1830","targetHints":{"allow":["GET"]}}],"collection":[{"href":"https:\/\/www.linkceramics.com\/fr\/wp-json\/wp\/v2\/product"}],"about":[{"href":"https:\/\/www.linkceramics.com\/fr\/wp-json\/wp\/v2\/types\/product"}],"replies":[{"embeddable":true,"href":"https:\/\/www.linkceramics.com\/fr\/wp-json\/wp\/v2\/comments?post=1830"}],"wp:featuredmedia":[{"embeddable":true,"href":"https:\/\/www.linkceramics.com\/fr\/wp-json\/wp\/v2\/media\/1831"}],"wp:attachment":[{"href":"https:\/\/www.linkceramics.com\/fr\/wp-json\/wp\/v2\/media?parent=1830"}],"wp:term":[{"taxonomy":"certification","embeddable":true,"href":"https:\/\/www.linkceramics.com\/fr\/wp-json\/wp\/v2\/certification?post=1830"},{"taxonomy":"product_brand","embeddable":true,"href":"https:\/\/www.linkceramics.com\/fr\/wp-json\/wp\/v2\/product_brand?post=1830"},{"taxonomy":"product_cat","embeddable":true,"href":"https:\/\/www.linkceramics.com\/fr\/wp-json\/wp\/v2\/product_cat?post=1830"},{"taxonomy":"product_tag","embeddable":true,"href":"https:\/\/www.linkceramics.com\/fr\/wp-json\/wp\/v2\/product_tag?post=1830"}],"curies":[{"name":"wp","href":"https:\/\/api.w.org\/{rel}","templated":true}]}}