{"id":1836,"date":"2025-01-04T09:05:50","date_gmt":"2025-01-04T09:05:50","guid":{"rendered":"https:\/\/www.linkceramics.com\/?post_type=product&#038;p=1836"},"modified":"2025-01-04T09:05:52","modified_gmt":"2025-01-04T09:05:52","slug":"bul-classical-patterned-ceramic-vase","status":"publish","type":"product","link":"https:\/\/www.linkceramics.com\/fr\/product\/bul-classical-patterned-ceramic-vase\/","title":{"rendered":"Wholesale Chinese Classical Ceramic Patterned Vase, Traditional Elegant Home Decor Vase (Vase en c\u00e9ramique \u00e0 motif classique chinois, vase traditionnel \u00e9l\u00e9gant pour la maison)"},"content":{"rendered":"<h3 class=\"wp-block-heading\">Param\u00e8tres du vase en c\u00e9ramique \u00e0 motif classique<\/h3>\n\n\n\n<figure class=\"wp-block-table\"><table class=\"has-fixed-layout\"><tbody><tr><td>Mod\u00e8le<\/td><td>Nom du produit<\/td><td>Couleur<\/td><td>Mat\u00e9riau<\/td><td>Utilisations<\/td><td>Dimensions<\/td><td>Poids<\/td><\/tr><tr><td>A32067-LC17-A01<\/td><td>Vase \u00e0 fleurs en c\u00e9ramique<\/td><td>Marron \u00e9l\u00e9gant<\/td><td>C\u00e9ramique<\/td><td>d\u00e9coration int\u00e9rieure, salon<\/td><td>30X16X18.5<\/td><td>2,1kg\/pc<\/td><\/tr><\/tbody><\/table><\/figure>\n\n\n\n<div class=\"wp-block-columns is-layout-flex wp-container-core-columns-is-layout-9d6595d7 wp-block-columns-is-layout-flex\">\n<div class=\"wp-block-column is-layout-flow wp-block-column-is-layout-flow\">\n<figure class=\"wp-block-image size-full\"><img decoding=\"async\" width=\"1500\" height=\"1250\" src=\"https:\/\/www.linkceramics.com\/wp-content\/uploads\/2025\/01\/Chinese-Classical-Patterned-Ceramic-Vase-2-1.jpg.webp\" alt=\"Vase en c\u00e9ramique \u00e0 motifs classiques chinois-2-1.jpg\" class=\"wp-image-1837\" srcset=\"https:\/\/www.linkceramics.com\/wp-content\/uploads\/2025\/01\/Chinese-Classical-Patterned-Ceramic-Vase-2-1.jpg.webp 1500w, https:\/\/www.linkceramics.com\/wp-content\/uploads\/2025\/01\/Chinese-Classical-Patterned-Ceramic-Vase-2-1.jpg-300x250.webp 300w, https:\/\/www.linkceramics.com\/wp-content\/uploads\/2025\/01\/Chinese-Classical-Patterned-Ceramic-Vase-2-1.jpg-768x640.webp 768w, https:\/\/www.linkceramics.com\/wp-content\/uploads\/2025\/01\/Chinese-Classical-Patterned-Ceramic-Vase-2-1.jpg-1200x1000.webp 1200w, https:\/\/www.linkceramics.com\/wp-content\/uploads\/2025\/01\/Chinese-Classical-Patterned-Ceramic-Vase-2-1.jpg-600x500.webp 600w\" sizes=\"(max-width: 1500px) 100vw, 1500px\" \/><\/figure>\n<\/div>\n\n\n\n<div class=\"wp-block-column is-layout-flow wp-block-column-is-layout-flow\">\n<figure class=\"wp-block-image size-full\"><img decoding=\"async\" width=\"1500\" height=\"1250\" src=\"https:\/\/www.linkceramics.com\/wp-content\/uploads\/2025\/01\/Chinese-Classical-Patterned-Ceramic-Vase-1-1.jpg.webp\" alt=\"Vase en c\u00e9ramique \u00e0 motifs classiques chinois-1-1.jpg\" class=\"wp-image-1839\" srcset=\"https:\/\/www.linkceramics.com\/wp-content\/uploads\/2025\/01\/Chinese-Classical-Patterned-Ceramic-Vase-1-1.jpg.webp 1500w, https:\/\/www.linkceramics.com\/wp-content\/uploads\/2025\/01\/Chinese-Classical-Patterned-Ceramic-Vase-1-1.jpg-300x250.webp 300w, https:\/\/www.linkceramics.com\/wp-content\/uploads\/2025\/01\/Chinese-Classical-Patterned-Ceramic-Vase-1-1.jpg-768x640.webp 768w, https:\/\/www.linkceramics.com\/wp-content\/uploads\/2025\/01\/Chinese-Classical-Patterned-Ceramic-Vase-1-1.jpg-1200x1000.webp 1200w, https:\/\/www.linkceramics.com\/wp-content\/uploads\/2025\/01\/Chinese-Classical-Patterned-Ceramic-Vase-1-1.jpg-600x500.webp 600w\" sizes=\"(max-width: 1500px) 100vw, 1500px\" \/><\/figure>\n<\/div>\n<\/div>","protected":false},"excerpt":{"rendered":"<div id=\"brxe-raacbk\" class=\"brxe-product-meta product_meta\">\n<p data-pm-slice=\"0 0 []\">Les vases classiques en c\u00e9ramique, fabriqu\u00e9s en argile naturelle, ont une texture et une couleur de gla\u00e7ure uniques, un motif chinois et une forme unique. Ce vase classique peut \u00eatre parfaitement int\u00e9gr\u00e9 \u00e0 une vari\u00e9t\u00e9 de styles d'int\u00e9rieur. Il peut \u00eatre utilis\u00e9 comme d\u00e9coration artistique ind\u00e9pendante ou comme arrangement floral. Nous fournissons des services professionnels de vente en gros et personnalis\u00e9s de vases en c\u00e9ramique, veuillez nous contacter.<\/p>\n<h2>Caract\u00e9ristiques du vase en c\u00e9ramique \u00e0 motif classique<\/h2>\n<p><strong>Design chinois classique :<\/strong>\u00a0Le vase classique adopte des motifs chinois traditionnels, int\u00e9grant de riches \u00e9l\u00e9ments culturels et expressions artistiques, t\u00e9moignant d'une profonde esth\u00e9tique chinoise.<\/p>\n<p><strong>Facile \u00e0 assortir :<\/strong>\u00a0Ce vase en c\u00e9ramique \u00e0 motif classique s'int\u00e8gre parfaitement \u00e0 divers styles d'int\u00e9rieur, ajoutant une atmosph\u00e8re artistique unique \u00e0 la d\u00e9coration de meubles simples et traditionnels.<\/p>\n<p><strong>Durable et beau :<\/strong>\u00a0Ce vase classique est fabriqu\u00e9 en argile naturelle et cuit \u00e0 haute temp\u00e9rature pour garantir sa durabilit\u00e9 et sa brillance.<\/p>\n<p><strong>Mat\u00e9riaux de haute qualit\u00e9 :<\/strong>\u00a0Gr\u00e2ce \u00e0 la s\u00e9lection d'argile de haute qualit\u00e9 et \u00e0 un savoir-faire artisanal exquis, ce vase en c\u00e9ramique \u00e0 motif classique pr\u00e9sente une surface lisse, un toucher agr\u00e9able, une r\u00e9sistance \u00e0 l'usure et une durabilit\u00e9, et peut conserver une brillance parfaite m\u00eame apr\u00e8s une utilisation prolong\u00e9e.<\/p>\n<p><strong>Service OEM et ODM :<\/strong>\u00a0En tant que fabricant de poteries pour la maison, nous proposons des services de personnalisation oem et odm pour les commandes de gros volumes, couvrant des mat\u00e9riaux, des formes, des tailles et bien d'autres choses encore.<\/p>\n<\/div>","protected":false},"featured_media":1839,"comment_status":"open","ping_status":"closed","template":"","meta":{"_acf_changed":true},"certification":[63,64,66,65,61,60,62],"product_brand":[],"product_cat":[37,38,17],"product_tag":[],"class_list":{"0":"post-1836","1":"product","2":"type-product","3":"status-publish","4":"has-post-thumbnail","6":"certification-amfori","7":"certification-bsci","8":"certification-cnas","9":"certification-iaf","10":"certification-iso-14001","11":"certification-iso-45001","12":"certification-iso-9001","13":"product_cat-decorative-ceramic-wholesale","14":"product_cat-custom-ceramic-ornament","15":"product_cat-ceramic-vases-wholesale","17":"first","18":"instock","19":"shipping-taxable","20":"product-type-simple"},"acf":[],"_links":{"self":[{"href":"https:\/\/www.linkceramics.com\/fr\/wp-json\/wp\/v2\/product\/1836","targetHints":{"allow":["GET"]}}],"collection":[{"href":"https:\/\/www.linkceramics.com\/fr\/wp-json\/wp\/v2\/product"}],"about":[{"href":"https:\/\/www.linkceramics.com\/fr\/wp-json\/wp\/v2\/types\/product"}],"replies":[{"embeddable":true,"href":"https:\/\/www.linkceramics.com\/fr\/wp-json\/wp\/v2\/comments?post=1836"}],"wp:featuredmedia":[{"embeddable":true,"href":"https:\/\/www.linkceramics.com\/fr\/wp-json\/wp\/v2\/media\/1839"}],"wp:attachment":[{"href":"https:\/\/www.linkceramics.com\/fr\/wp-json\/wp\/v2\/media?parent=1836"}],"wp:term":[{"taxonomy":"certification","embeddable":true,"href":"https:\/\/www.linkceramics.com\/fr\/wp-json\/wp\/v2\/certification?post=1836"},{"taxonomy":"product_brand","embeddable":true,"href":"https:\/\/www.linkceramics.com\/fr\/wp-json\/wp\/v2\/product_brand?post=1836"},{"taxonomy":"product_cat","embeddable":true,"href":"https:\/\/www.linkceramics.com\/fr\/wp-json\/wp\/v2\/product_cat?post=1836"},{"taxonomy":"product_tag","embeddable":true,"href":"https:\/\/www.linkceramics.com\/fr\/wp-json\/wp\/v2\/product_tag?post=1836"}],"curies":[{"name":"wp","href":"https:\/\/api.w.org\/{rel}","templated":true}]}}