{"id":1840,"date":"2025-01-04T09:14:02","date_gmt":"2025-01-04T09:14:02","guid":{"rendered":"https:\/\/www.linkceramics.com\/?post_type=product&#038;p=1840"},"modified":"2025-01-04T09:14:03","modified_gmt":"2025-01-04T09:14:03","slug":"wholesale-turtle-statues","status":"publish","type":"product","link":"https:\/\/www.linkceramics.com\/fr\/product\/wholesale-turtle-statues\/","title":{"rendered":"Vente en gros de Statues de tortues D\u00e9corations de tortues, D\u00e9coration int\u00e9rieure en vrac Sculpture de tortue \u00e0 vendre"},"content":{"rendered":"<h3 class=\"wp-block-heading\">Param\u00e8tres de la statue de tortue<\/h3>\n\n\n\n<figure class=\"wp-block-table\"><table class=\"has-fixed-layout\"><tbody><tr><td>Mod\u00e8le<\/td><td>Nom du produit<\/td><td>Couleur<\/td><td>Mat\u00e9riau<\/td><td>Utilisations<\/td><td>Dimensions<\/td><td>Poids<\/td><\/tr><tr><td>E37140-G033-A01<\/td><td>Tortue debout en r\u00e9sine<\/td><td>Argent brillant<\/td><td>R\u00e9sine<\/td><td>d\u00e9coration int\u00e9rieure, salon<\/td><td>15.5X8.5X9cm<\/td><td>0,5kg\/PC<\/td><\/tr><tr><td>E37142-G033-A01<\/td><td>Tortue rampante en r\u00e9sine<\/td><td>Argent brillant<\/td><td>R\u00e9sine<\/td><td>d\u00e9coration int\u00e9rieure, salon<\/td><td>12X7.5X5.5cm<\/td><td>0,2kg\/PC<\/td><\/tr><tr><td>E37141-G033-A01<\/td><td>Tortue pensante en r\u00e9sine<\/td><td>Argent brillant<\/td><td>R\u00e9sine<\/td><td>d\u00e9coration int\u00e9rieure, salon<\/td><td>14.5X10.5X6.5cm<\/td><td>0,3kg\/PC<\/td><\/tr><\/tbody><\/table><\/figure>\n\n\n\n<div class=\"wp-block-columns is-layout-flex wp-container-core-columns-is-layout-9d6595d7 wp-block-columns-is-layout-flex\">\n<div class=\"wp-block-column is-layout-flow wp-block-column-is-layout-flow\">\n<figure class=\"wp-block-image size-full\"><img decoding=\"async\" width=\"768\" height=\"639\" src=\"https:\/\/www.linkceramics.com\/wp-content\/uploads\/2025\/01\/Turtle-Decoration-10-768x639.jpg.webp\" alt=\"Turtle-Decoration-10-768x639.jpg\" class=\"wp-image-1845\" srcset=\"https:\/\/www.linkceramics.com\/wp-content\/uploads\/2025\/01\/Turtle-Decoration-10-768x639.jpg.webp 768w, https:\/\/www.linkceramics.com\/wp-content\/uploads\/2025\/01\/Turtle-Decoration-10-768x639.jpg-300x250.webp 300w, https:\/\/www.linkceramics.com\/wp-content\/uploads\/2025\/01\/Turtle-Decoration-10-768x639.jpg-600x499.webp 600w\" sizes=\"(max-width: 768px) 100vw, 768px\" \/><\/figure>\n<\/div>\n\n\n\n<div class=\"wp-block-column is-layout-flow wp-block-column-is-layout-flow\">\n<figure class=\"wp-block-image size-full\"><img decoding=\"async\" width=\"768\" height=\"640\" src=\"https:\/\/www.linkceramics.com\/wp-content\/uploads\/2025\/01\/Turtle-Decoration-9-768x640.jpg.webp\" alt=\"Turtle-Decoration-9-768x640.jpg\" class=\"wp-image-1844\" srcset=\"https:\/\/www.linkceramics.com\/wp-content\/uploads\/2025\/01\/Turtle-Decoration-9-768x640.jpg.webp 768w, https:\/\/www.linkceramics.com\/wp-content\/uploads\/2025\/01\/Turtle-Decoration-9-768x640.jpg-300x250.webp 300w, https:\/\/www.linkceramics.com\/wp-content\/uploads\/2025\/01\/Turtle-Decoration-9-768x640.jpg-600x500.webp 600w\" sizes=\"(max-width: 768px) 100vw, 768px\" \/><\/figure>\n<\/div>\n<\/div>\n\n\n\n<p><\/p>","protected":false},"excerpt":{"rendered":"<div id=\"brxe-raacbk\" class=\"brxe-product-meta product_meta\">\n<p data-pm-slice=\"0 0 []\">Notre statue de tortue est une belle d\u00e9coration int\u00e9rieure. Chaque statue de tortue est soigneusement con\u00e7ue et fabriqu\u00e9e \u00e0 partir de mat\u00e9riaux en r\u00e9sine de haute qualit\u00e9 afin de garantir la durabilit\u00e9 de la statue et son aptitude \u00e0 \u00eatre plac\u00e9e \u00e0 l'int\u00e9rieur et \u00e0 l'ext\u00e9rieur. En tant que fabricant professionnel de statues de d\u00e9coration int\u00e9rieure, nous fournissons un service complet de statues personnalis\u00e9es. N'h\u00e9sitez pas \u00e0 nous contacter pour obtenir un devis.<\/p>\n<h2>Caract\u00e9ristiques de la statue de tortue<\/h2>\n<p><strong>Un design unique<\/strong>: Inspir\u00e9e par la beaut\u00e9 de l'oc\u00e9an, la statue de tortue illustre parfaitement le charme de la nature et s'adapte \u00e0 tous les styles d'int\u00e9rieur.<\/p>\n<p><strong>Excellente texture<\/strong>: La surface de la statue de tortue est en argent brillant, ce qui donne au mod\u00e8le de tortue un aspect plus noble et plus \u00e9l\u00e9gant. En m\u00eame temps, elle est fabriqu\u00e9e en r\u00e9sine, qui a une bonne durabilit\u00e9 et une bonne r\u00e9sistance \u00e0 la corrosion, et peut maintenir la beaut\u00e9 et la texture du produit pendant longtemps.<\/p>\n<p><strong>Sens aigu de la hi\u00e9rarchie<\/strong>: Cette s\u00e9rie de statues de tortues a trois tailles, et les trois mod\u00e8les de tortues sont dispos\u00e9s selon leur taille, ce qui donne une forte impression de hi\u00e9rarchie et rend l'ensemble de la d\u00e9coration plus vivante et plus int\u00e9ressante.<\/p>\n<p><strong>Cadeau id\u00e9al<\/strong>: Que ce soit pour un usage personnel ou pour offrir \u00e0 des parents et amis, les statues de tortues sont un excellent choix, symbolisant la long\u00e9vit\u00e9 et la paix.<\/p>\n<p><strong>Service personnalis\u00e9<\/strong>: En tant que fabricant de statues, SANTAI fournit des statues en gros et une solution unique de statues animales personnalis\u00e9es, o\u00f9 vous pouvez personnaliser vos produits exclusifs.<\/p>\n<\/div>","protected":false},"featured_media":1841,"comment_status":"open","ping_status":"closed","template":"","meta":{"_acf_changed":true},"certification":[63,64,66,65,61,60,62],"product_brand":[],"product_cat":[37,38],"product_tag":[],"class_list":{"0":"post-1840","1":"product","2":"type-product","3":"status-publish","4":"has-post-thumbnail","6":"certification-amfori","7":"certification-bsci","8":"certification-cnas","9":"certification-iaf","10":"certification-iso-14001","11":"certification-iso-45001","12":"certification-iso-9001","13":"product_cat-decorative-ceramic-wholesale","14":"product_cat-custom-ceramic-ornament","16":"first","17":"instock","18":"shipping-taxable","19":"product-type-simple"},"acf":[],"_links":{"self":[{"href":"https:\/\/www.linkceramics.com\/fr\/wp-json\/wp\/v2\/product\/1840","targetHints":{"allow":["GET"]}}],"collection":[{"href":"https:\/\/www.linkceramics.com\/fr\/wp-json\/wp\/v2\/product"}],"about":[{"href":"https:\/\/www.linkceramics.com\/fr\/wp-json\/wp\/v2\/types\/product"}],"replies":[{"embeddable":true,"href":"https:\/\/www.linkceramics.com\/fr\/wp-json\/wp\/v2\/comments?post=1840"}],"wp:featuredmedia":[{"embeddable":true,"href":"https:\/\/www.linkceramics.com\/fr\/wp-json\/wp\/v2\/media\/1841"}],"wp:attachment":[{"href":"https:\/\/www.linkceramics.com\/fr\/wp-json\/wp\/v2\/media?parent=1840"}],"wp:term":[{"taxonomy":"certification","embeddable":true,"href":"https:\/\/www.linkceramics.com\/fr\/wp-json\/wp\/v2\/certification?post=1840"},{"taxonomy":"product_brand","embeddable":true,"href":"https:\/\/www.linkceramics.com\/fr\/wp-json\/wp\/v2\/product_brand?post=1840"},{"taxonomy":"product_cat","embeddable":true,"href":"https:\/\/www.linkceramics.com\/fr\/wp-json\/wp\/v2\/product_cat?post=1840"},{"taxonomy":"product_tag","embeddable":true,"href":"https:\/\/www.linkceramics.com\/fr\/wp-json\/wp\/v2\/product_tag?post=1840"}],"curies":[{"name":"wp","href":"https:\/\/api.w.org\/{rel}","templated":true}]}}