{"id":1846,"date":"2025-01-04T09:18:37","date_gmt":"2025-01-04T09:18:37","guid":{"rendered":"https:\/\/www.linkceramics.com\/?post_type=product&#038;p=1846"},"modified":"2025-01-04T09:18:39","modified_gmt":"2025-01-04T09:18:39","slug":"custom-pink-tea-sets","status":"publish","type":"product","link":"https:\/\/www.linkceramics.com\/fr\/product\/custom-pink-tea-sets\/","title":{"rendered":"Service \u00e0 th\u00e9 rose personnalis\u00e9 Vaisselle en c\u00e9ramique Heart Flamingo"},"content":{"rendered":"<div class=\"wp-block-columns is-layout-flex wp-container-core-columns-is-layout-9d6595d7 wp-block-columns-is-layout-flex\">\n<div class=\"wp-block-column is-layout-flow wp-block-column-is-layout-flow\" style=\"flex-basis:50%\">\n<h3 class=\"wp-block-heading\">Ensemble de th\u00e9 rose Caract\u00e9ristiques :<\/h3>\n\n\n\n<p><strong>Design mignon et rose :<\/strong><br>Avec son adorable motif de c\u0153ur rose et de flamant rose, cette vaisselle est parfaite pour les go\u00fbters ou les repas d\u00e9contract\u00e9s.<\/p>\n\n\n\n<p><strong>Porcelaine durable de haute qualit\u00e9 :<\/strong><br>Fabriqu\u00e9 en porcelaine durable, il est incassable et suffisamment r\u00e9sistant pour supporter une utilisation quotidienne tout en conservant son aspect.<\/p>\n\n\n\n<p><strong>Polyvalent et pratique pour les amateurs de th\u00e9 :<\/strong><br>Ce joli service de table comprend une collection de services \u00e0 th\u00e9 (tasses, soucoupes, th\u00e9i\u00e8res) ainsi que des bols et des assiettes dans le m\u00eame design. Il peut \u00eatre utilis\u00e9 pour les desserts, les collations ou les repas l\u00e9gers, et convient \u00e0 une vari\u00e9t\u00e9 d'occasions et d'usages.<\/p>\n\n\n\n<p><strong>Parfait pour recevoir<\/strong><br>Avec ses couleurs vives et ses motifs uniques, la vaisselle se pr\u00eate parfaitement \u00e0 l'organisation de r\u00e9ceptions ou \u00e0 l'agr\u00e9ment des repas familiaux.<\/p>\n<\/div>\n\n\n\n<div class=\"wp-block-column is-layout-flow wp-block-column-is-layout-flow\" style=\"flex-basis:50%\">\n<figure class=\"wp-block-image size-full\"><img decoding=\"async\" width=\"616\" height=\"617\" src=\"https:\/\/www.linkceramics.com\/wp-content\/uploads\/2025\/01\/pink-tea-set-wholesale-dinnerware-sets-3.webp\" alt=\"pink-tea-set-wholesale-dinnerware-sets-3\" class=\"wp-image-1848\" srcset=\"https:\/\/www.linkceramics.com\/wp-content\/uploads\/2025\/01\/pink-tea-set-wholesale-dinnerware-sets-3.webp 616w, https:\/\/www.linkceramics.com\/wp-content\/uploads\/2025\/01\/pink-tea-set-wholesale-dinnerware-sets-3-300x300.webp 300w, https:\/\/www.linkceramics.com\/wp-content\/uploads\/2025\/01\/pink-tea-set-wholesale-dinnerware-sets-3-150x150.webp 150w, https:\/\/www.linkceramics.com\/wp-content\/uploads\/2025\/01\/pink-tea-set-wholesale-dinnerware-sets-3-600x601.webp 600w, https:\/\/www.linkceramics.com\/wp-content\/uploads\/2025\/01\/pink-tea-set-wholesale-dinnerware-sets-3-100x100.webp 100w\" sizes=\"(max-width: 616px) 100vw, 616px\" \/><\/figure>\n<\/div>\n<\/div>","protected":false},"excerpt":{"rendered":"<p>Service \u00e0 th\u00e9 rose personnalis\u00e9, comprenant th\u00e9i\u00e8re et soucoupe, tasse \u00e0 th\u00e9, assiette et bol en c\u00e9ramique, etc. C\u0153ur et flamant rose, un style populaire pour les filles \u00e0 la mode. Fourni directement par le fabricant chinois de vaisselle en c\u00e9ramique, nous proposons des options de vente en gros, n'h\u00e9sitez pas \u00e0 nous contacter !<\/p>\n<h2>Param\u00e8tres des services \u00e0 th\u00e9 roses<\/h2>\n<table border=\"0\" width=\"618\" cellspacing=\"0\" cellpadding=\"0\">\n<tbody>\n<tr>\n<td width=\"180\" height=\"26\">Fabricant<\/td>\n<td width=\"438\">Lianyuan<\/td>\n<\/tr>\n<tr>\n<td height=\"26\">Type de produit<\/td>\n<td>Th\u00e9i\u00e8re, assiette, tasse et soucoupe, sucre et cr\u00e9mier, tasse, bol<\/td>\n<\/tr>\n<tr>\n<td height=\"26\">Mod\u00e8le<\/td>\n<td>Coeur, Flamant<\/td>\n<\/tr>\n<tr>\n<td height=\"26\">Couleur<\/td>\n<td>Rose, or, blanc<\/td>\n<\/tr>\n<tr>\n<td height=\"26\">Mat\u00e9riau<\/td>\n<td>Porcelaine durable<\/td>\n<\/tr>\n<tr>\n<td height=\"26\">Artisanat<\/td>\n<td>D\u00e9calcomanie et peinture \u00e0 la main<\/td>\n<\/tr>\n<tr>\n<td height=\"26\">Application<\/td>\n<td>Passe au micro-ondes, au lave-vaisselle et au four<\/td>\n<\/tr>\n<tr>\n<td height=\"26\">Sur mesure<\/td>\n<td>Couleur\/Taille\/Logo\/Emballage<\/td>\n<\/tr>\n<\/tbody>\n<\/table>","protected":false},"featured_media":1848,"comment_status":"open","ping_status":"closed","template":"","meta":{"_acf_changed":true},"certification":[66,58,65,61,60,62,57],"product_brand":[],"product_cat":[34,19],"product_tag":[],"class_list":{"0":"post-1846","1":"product","2":"type-product","3":"status-publish","4":"has-post-thumbnail","6":"certification-cnas","7":"certification-fda","8":"certification-iaf","9":"certification-iso-14001","10":"certification-iso-45001","11":"certification-iso-9001","12":"certification-lfgb","13":"product_cat-custom-household-ceramics","14":"product_cat-ceramic-tea-set-wholesale","16":"first","17":"instock","18":"shipping-taxable","19":"product-type-simple"},"acf":[],"_links":{"self":[{"href":"https:\/\/www.linkceramics.com\/fr\/wp-json\/wp\/v2\/product\/1846","targetHints":{"allow":["GET"]}}],"collection":[{"href":"https:\/\/www.linkceramics.com\/fr\/wp-json\/wp\/v2\/product"}],"about":[{"href":"https:\/\/www.linkceramics.com\/fr\/wp-json\/wp\/v2\/types\/product"}],"replies":[{"embeddable":true,"href":"https:\/\/www.linkceramics.com\/fr\/wp-json\/wp\/v2\/comments?post=1846"}],"wp:featuredmedia":[{"embeddable":true,"href":"https:\/\/www.linkceramics.com\/fr\/wp-json\/wp\/v2\/media\/1848"}],"wp:attachment":[{"href":"https:\/\/www.linkceramics.com\/fr\/wp-json\/wp\/v2\/media?parent=1846"}],"wp:term":[{"taxonomy":"certification","embeddable":true,"href":"https:\/\/www.linkceramics.com\/fr\/wp-json\/wp\/v2\/certification?post=1846"},{"taxonomy":"product_brand","embeddable":true,"href":"https:\/\/www.linkceramics.com\/fr\/wp-json\/wp\/v2\/product_brand?post=1846"},{"taxonomy":"product_cat","embeddable":true,"href":"https:\/\/www.linkceramics.com\/fr\/wp-json\/wp\/v2\/product_cat?post=1846"},{"taxonomy":"product_tag","embeddable":true,"href":"https:\/\/www.linkceramics.com\/fr\/wp-json\/wp\/v2\/product_tag?post=1846"}],"curies":[{"name":"wp","href":"https:\/\/api.w.org\/{rel}","templated":true}]}}