{"id":1907,"date":"2025-02-24T03:27:16","date_gmt":"2025-02-24T03:27:16","guid":{"rendered":"https:\/\/www.linkceramics.com\/?post_type=product&#038;p=1907"},"modified":"2025-02-24T03:27:17","modified_gmt":"2025-02-24T03:27:17","slug":"custom-vintage-dinnerware","status":"publish","type":"product","link":"https:\/\/www.linkceramics.com\/fr\/product\/custom-vintage-dinnerware\/","title":{"rendered":"Service \u00e0 th\u00e9 en c\u00e9ramique personnalis\u00e9 bleu et blanc"},"content":{"rendered":"<div class=\"wp-block-columns is-layout-flex wp-container-core-columns-is-layout-9d6595d7 wp-block-columns-is-layout-flex\">\n<div class=\"wp-block-column is-layout-flow wp-block-column-is-layout-flow\" style=\"flex-basis:50%\">\n<h3 class=\"wp-block-heading\">Vaisselle vintage personnalis\u00e9e Caract\u00e9ristiques :<\/h3>\n\n\n\n<p><strong>Porcelaine s\u00fbre et durable<br><\/strong>Cette vaisselle vintage personnalis\u00e9e est fabriqu\u00e9e en porcelaine durable de qualit\u00e9 alimentaire, durable et incassable. La cuisson \u00e0 haute temp\u00e9rature garantit une excellente r\u00e9sistance aux fissures et une grande durabilit\u00e9.<\/p>\n\n\n\n<p><strong>Design vintage bleu et blanc<\/strong><br>Notre service \u00e0 th\u00e9 en gros avec une \u00e9l\u00e9gante combinaison de fleurs bleues pr\u00e9sente une \u00e9l\u00e9gance et une beaut\u00e9 classique. La poign\u00e9e marron souligne le niveau de design et am\u00e9liore le confort de prise en main.<\/p>\n\n\n\n<p><strong>D\u00e9tails de qualit\u00e9 exquise<\/strong><br>Notre service \u00e0 th\u00e9 en gros est peint \u00e0 la main et appliqu\u00e9 dans l'\u00e9mail, ce qui rend le motif r\u00e9sistant \u00e0 l'\u00e9caillage et les couleurs durables, refl\u00e9tant les d\u00e9tails artistiques et combinant beaut\u00e9 et qualit\u00e9.<\/p>\n\n\n\n<p><strong>Set de couverts complet<\/strong><br>Cette vaisselle Vintage personnalis\u00e9e comprend des assiettes, des bols, des couverts, une th\u00e9i\u00e8re, des tasses \u00e0 th\u00e9 et des soucoupes pour boire du th\u00e9 tous les jours, lors de f\u00eates ou d'occasions formelles.<\/p>\n<\/div>\n\n\n\n<div class=\"wp-block-column is-layout-flow wp-block-column-is-layout-flow\" style=\"flex-basis:50%\">\n<figure class=\"wp-block-image size-full\"><img decoding=\"async\" width=\"2580\" height=\"2295\" src=\"https:\/\/www.linkceramics.com\/wp-content\/uploads\/2025\/02\/vintage-dinnerware-wholesale-1.webp\" alt=\"custom-vintage-dinnerware-wholesale-1\" class=\"wp-image-1908\" srcset=\"https:\/\/www.linkceramics.com\/wp-content\/uploads\/2025\/02\/vintage-dinnerware-wholesale-1.webp 2580w, https:\/\/www.linkceramics.com\/wp-content\/uploads\/2025\/02\/vintage-dinnerware-wholesale-1-300x267.webp 300w, https:\/\/www.linkceramics.com\/wp-content\/uploads\/2025\/02\/vintage-dinnerware-wholesale-1-768x683.webp 768w, https:\/\/www.linkceramics.com\/wp-content\/uploads\/2025\/02\/vintage-dinnerware-wholesale-1-1200x1067.webp 1200w, https:\/\/www.linkceramics.com\/wp-content\/uploads\/2025\/02\/vintage-dinnerware-wholesale-1-600x534.webp 600w\" sizes=\"(max-width: 2580px) 100vw, 2580px\" \/><\/figure>\n<\/div>\n<\/div>","protected":false},"excerpt":{"rendered":"<p>Vaisselle et services \u00e0 th\u00e9 vintage personnalis\u00e9s en gros, de haute qualit\u00e9 et de conception \u00e9l\u00e9gante, fournissant des ensembles complets de vaisselle, y compris des assiettes, des bols, des th\u00e9i\u00e8res, des tasses \u00e0 th\u00e9, des mugs, etc. Que vous souhaitiez un emballage personnalis\u00e9 ou un logo, Lianyuan Tableware Factory peut vous fournir les solutions les plus rentables et les plus qualitatives.<\/p>\n<h2>Param\u00e8tres de vaisselle vintage personnalis\u00e9e<\/h2>\n<table border=\"0\" width=\"618\" cellspacing=\"0\" cellpadding=\"0\">\n<tbody>\n<tr>\n<td width=\"180\" height=\"26\">Fabricant<\/td>\n<td width=\"438\">Lianyuan<\/td>\n<\/tr>\n<tr>\n<td height=\"26\">Type de produit<\/td>\n<td>Assiettes, Soufflets, Th\u00e9i\u00e8re, Tasse \u00e0 th\u00e9, Couverts de service<\/td>\n<\/tr>\n<tr>\n<td height=\"26\">Mod\u00e8le<\/td>\n<td>Floral<\/td>\n<\/tr>\n<tr>\n<td height=\"26\">Couleur<\/td>\n<td>Bleu, blanc, marron<\/td>\n<\/tr>\n<tr>\n<td height=\"26\">Mat\u00e9riau<\/td>\n<td>Porcelaine durable<\/td>\n<\/tr>\n<tr>\n<td height=\"26\">Artisanat<\/td>\n<td>Glacis mat, D\u00e9calcomanie, Peinture \u00e0 la main<\/td>\n<\/tr>\n<tr>\n<td height=\"26\">Application<\/td>\n<td>Passe au micro-ondes, au lave-vaisselle et au four<\/td>\n<\/tr>\n<tr>\n<td height=\"26\">Sur mesure<\/td>\n<td>Couleur\/Taille\/Logo\/Emballage<\/td>\n<\/tr>\n<\/tbody>\n<\/table>","protected":false},"featured_media":1910,"comment_status":"open","ping_status":"closed","template":"","meta":{"_acf_changed":true},"certification":[66,58,65,61,60,62,57],"product_brand":[],"product_cat":[34,18,19],"product_tag":[],"class_list":{"0":"post-1907","1":"product","2":"type-product","3":"status-publish","4":"has-post-thumbnail","6":"certification-cnas","7":"certification-fda","8":"certification-iaf","9":"certification-iso-14001","10":"certification-iso-45001","11":"certification-iso-9001","12":"certification-lfgb","13":"product_cat-custom-household-ceramics","14":"product_cat-ceramic-tableware-wholesale","15":"product_cat-ceramic-tea-set-wholesale","17":"first","18":"instock","19":"shipping-taxable","20":"product-type-simple"},"acf":[],"_links":{"self":[{"href":"https:\/\/www.linkceramics.com\/fr\/wp-json\/wp\/v2\/product\/1907","targetHints":{"allow":["GET"]}}],"collection":[{"href":"https:\/\/www.linkceramics.com\/fr\/wp-json\/wp\/v2\/product"}],"about":[{"href":"https:\/\/www.linkceramics.com\/fr\/wp-json\/wp\/v2\/types\/product"}],"replies":[{"embeddable":true,"href":"https:\/\/www.linkceramics.com\/fr\/wp-json\/wp\/v2\/comments?post=1907"}],"wp:featuredmedia":[{"embeddable":true,"href":"https:\/\/www.linkceramics.com\/fr\/wp-json\/wp\/v2\/media\/1910"}],"wp:attachment":[{"href":"https:\/\/www.linkceramics.com\/fr\/wp-json\/wp\/v2\/media?parent=1907"}],"wp:term":[{"taxonomy":"certification","embeddable":true,"href":"https:\/\/www.linkceramics.com\/fr\/wp-json\/wp\/v2\/certification?post=1907"},{"taxonomy":"product_brand","embeddable":true,"href":"https:\/\/www.linkceramics.com\/fr\/wp-json\/wp\/v2\/product_brand?post=1907"},{"taxonomy":"product_cat","embeddable":true,"href":"https:\/\/www.linkceramics.com\/fr\/wp-json\/wp\/v2\/product_cat?post=1907"},{"taxonomy":"product_tag","embeddable":true,"href":"https:\/\/www.linkceramics.com\/fr\/wp-json\/wp\/v2\/product_tag?post=1907"}],"curies":[{"name":"wp","href":"https:\/\/api.w.org\/{rel}","templated":true}]}}