{"id":1911,"date":"2025-02-24T03:29:13","date_gmt":"2025-02-24T03:29:13","guid":{"rendered":"https:\/\/www.linkceramics.com\/?post_type=product&#038;p=1911"},"modified":"2025-02-24T03:37:07","modified_gmt":"2025-02-24T03:37:07","slug":"wholesale-ceramic-vase","status":"publish","type":"product","link":"https:\/\/www.linkceramics.com\/fr\/product\/wholesale-ceramic-vase\/","title":{"rendered":"Vase en c\u00e9ramique en gros, D\u00e9coration int\u00e9rieure en Floar en vrac"},"content":{"rendered":"<div class=\"wp-block-columns is-layout-flex wp-container-core-columns-is-layout-9d6595d7 wp-block-columns-is-layout-flex\">\n<div class=\"wp-block-column is-layout-flow wp-block-column-is-layout-flow\" style=\"flex-basis:50%\">\n<h3 class=\"wp-block-heading\">Vase en c\u00e9ramique en gros Caract\u00e9ristiques :<\/h3>\n\n\n\n<p><strong>C\u00e9ramique durable :<\/strong> Ce vase en c\u00e9ramique de gros est fabriqu\u00e9 en porcelaine durable, solide et durable pour une utilisation \u00e0 long terme.<\/p>\n\n\n\n<p><strong>Vari\u00e9t\u00e9 de motifs floraux : <\/strong>Nos d\u00e9corations florales en vrac offrent une grande vari\u00e9t\u00e9 de motifs floraux dans des couleurs riches et magnifiques pour r\u00e9pondre aux besoins de diff\u00e9rents styles de d\u00e9coration.<\/p>\n\n\n\n<p><strong>Texture gaufr\u00e9e et superbe savoir-faire :<\/strong> Ce vase en c\u00e9ramique de gros combine des applications en gla\u00e7ure avec un travail artisanal peint \u00e0 la main et une sensation de gaufrage, chaque vase est une \u0153uvre d'art unique.<\/p>\n\n\n\n<p><strong>D\u00e9coration int\u00e9rieure exquise : <\/strong>Notre d\u00e9cor floral en vrac est magnifiquement con\u00e7u et peut \u00eatre utilis\u00e9 comme vase ou comme cadeau. Il convient \u00e0 la d\u00e9coration d'une maison ou d'un espace commercial.<\/p>\n<\/div>\n\n\n\n<div class=\"wp-block-column is-layout-flow wp-block-column-is-layout-flow\" style=\"flex-basis:50%\">\n<figure class=\"wp-block-image size-full\"><img decoding=\"async\" width=\"4160\" height=\"6240\" src=\"https:\/\/www.linkceramics.com\/wp-content\/uploads\/2025\/02\/wholesale-ceramic-vase-1.webp\" alt=\"Vase en c\u00e9ramique en gros-1\" class=\"wp-image-1913\" srcset=\"https:\/\/www.linkceramics.com\/wp-content\/uploads\/2025\/02\/wholesale-ceramic-vase-1.webp 4160w, https:\/\/www.linkceramics.com\/wp-content\/uploads\/2025\/02\/wholesale-ceramic-vase-1-200x300.webp 200w, https:\/\/www.linkceramics.com\/wp-content\/uploads\/2025\/02\/wholesale-ceramic-vase-1-768x1152.webp 768w, https:\/\/www.linkceramics.com\/wp-content\/uploads\/2025\/02\/wholesale-ceramic-vase-1-1200x1800.webp 1200w, https:\/\/www.linkceramics.com\/wp-content\/uploads\/2025\/02\/wholesale-ceramic-vase-1-600x900.webp 600w\" sizes=\"(max-width: 4160px) 100vw, 4160px\" \/><\/figure>\n<\/div>\n<\/div>","protected":false},"excerpt":{"rendered":"<p>Bienvenue dans la vente en gros de vases en c\u00e9ramique, avec divers motifs et formes floraux, un artisanat exquis et un sens artistique, convenant \u00e0 la d\u00e9coration domestique et commerciale. Prix d'usine, et fournir les meilleurs rabais pour les douanes en vrac, contactez-nous d\u00e8s aujourd'hui !<\/p>\n<h2>Vase en c\u00e9ramique en gros Param\u00e8tre<\/h2>\n<table border=\"0\" width=\"618\" cellspacing=\"0\" cellpadding=\"0\">\n<tbody>\n<tr>\n<td width=\"180\" height=\"26\">Fabricant<\/td>\n<td width=\"438\">Lianyuan<\/td>\n<\/tr>\n<tr>\n<td height=\"26\">Type de produit<\/td>\n<td>Assiettes, bols, tasses \u00e0 th\u00e9, th\u00e9i\u00e8res<\/td>\n<\/tr>\n<tr>\n<td height=\"26\">Mod\u00e8le<\/td>\n<td>Simplicit\u00e9 des couleurs pures<\/td>\n<\/tr>\n<tr>\n<td height=\"26\">Couleur<\/td>\n<td>multi<\/td>\n<\/tr>\n<tr>\n<td height=\"26\">Mat\u00e9riau<\/td>\n<td>Porcelaine durable<\/td>\n<\/tr>\n<tr>\n<td height=\"26\">Artisanat<\/td>\n<td>D\u00e9calcomanie, peinture \u00e0 la main<\/td>\n<\/tr>\n<tr>\n<td height=\"26\">Application<\/td>\n<td>Passe au micro-ondes, au lave-vaisselle et au four<\/td>\n<\/tr>\n<tr>\n<td height=\"26\">Sur mesure<\/td>\n<td>Couleur\/Taille\/Logo\/Emballage<\/td>\n<\/tr>\n<\/tbody>\n<\/table>","protected":false},"featured_media":1912,"comment_status":"open","ping_status":"closed","template":"","meta":{"_acf_changed":true},"certification":[66,58,65,61,60,62,57],"product_brand":[],"product_cat":[37,17],"product_tag":[],"class_list":{"0":"post-1911","1":"product","2":"type-product","3":"status-publish","4":"has-post-thumbnail","6":"certification-cnas","7":"certification-fda","8":"certification-iaf","9":"certification-iso-14001","10":"certification-iso-45001","11":"certification-iso-9001","12":"certification-lfgb","13":"product_cat-decorative-ceramic-wholesale","14":"product_cat-ceramic-vases-wholesale","16":"first","17":"instock","18":"shipping-taxable","19":"product-type-simple"},"acf":[],"_links":{"self":[{"href":"https:\/\/www.linkceramics.com\/fr\/wp-json\/wp\/v2\/product\/1911","targetHints":{"allow":["GET"]}}],"collection":[{"href":"https:\/\/www.linkceramics.com\/fr\/wp-json\/wp\/v2\/product"}],"about":[{"href":"https:\/\/www.linkceramics.com\/fr\/wp-json\/wp\/v2\/types\/product"}],"replies":[{"embeddable":true,"href":"https:\/\/www.linkceramics.com\/fr\/wp-json\/wp\/v2\/comments?post=1911"}],"wp:featuredmedia":[{"embeddable":true,"href":"https:\/\/www.linkceramics.com\/fr\/wp-json\/wp\/v2\/media\/1912"}],"wp:attachment":[{"href":"https:\/\/www.linkceramics.com\/fr\/wp-json\/wp\/v2\/media?parent=1911"}],"wp:term":[{"taxonomy":"certification","embeddable":true,"href":"https:\/\/www.linkceramics.com\/fr\/wp-json\/wp\/v2\/certification?post=1911"},{"taxonomy":"product_brand","embeddable":true,"href":"https:\/\/www.linkceramics.com\/fr\/wp-json\/wp\/v2\/product_brand?post=1911"},{"taxonomy":"product_cat","embeddable":true,"href":"https:\/\/www.linkceramics.com\/fr\/wp-json\/wp\/v2\/product_cat?post=1911"},{"taxonomy":"product_tag","embeddable":true,"href":"https:\/\/www.linkceramics.com\/fr\/wp-json\/wp\/v2\/product_tag?post=1911"}],"curies":[{"name":"wp","href":"https:\/\/api.w.org\/{rel}","templated":true}]}}