{"id":1915,"date":"2025-03-03T02:06:56","date_gmt":"2025-03-03T02:06:56","guid":{"rendered":"https:\/\/www.linkceramics.com\/?post_type=product&#038;p=1915"},"modified":"2025-03-24T03:31:05","modified_gmt":"2025-03-24T03:31:05","slug":"wholesale-porcelain-dinnerware","status":"publish","type":"product","link":"https:\/\/www.linkceramics.com\/fr\/product\/wholesale-porcelain-dinnerware\/","title":{"rendered":"Wholesale Porcelain Dinnerware Tea Set Elegant White Floral"},"content":{"rendered":"<div class=\"wp-block-columns is-layout-flex wp-container-core-columns-is-layout-9d6595d7 wp-block-columns-is-layout-flex\">\n<div class=\"wp-block-column is-layout-flow wp-block-column-is-layout-flow\" style=\"flex-basis:50%\">\n<h3 class=\"wp-block-heading\">Vaisselle en porcelaine en gros Caract\u00e9ristiques :<\/h3>\n\n\n\n<p><strong>Porcelaine de haute qualit\u00e9 : <\/strong>Notre vaisselle en porcelaine en gros est fabriqu\u00e9e en porcelaine durable \u00e0 texture fine, solide et r\u00e9sistante \u00e0 l'usure. Elle est \u00e9galement respectueuse de l'environnement et s\u00fbre, sans plomb, non toxique et adapt\u00e9e \u00e0 un usage quotidien.<\/p>\n\n\n\n<p><strong>Design \u00e9l\u00e9gant et \u00e0 la mode : <\/strong>Ce service \u00e0 th\u00e9 personnalis\u00e9, d'un blanc naturel et \u00e9l\u00e9gant, orn\u00e9 de magnifiques motifs de petites fleurs, \u00e9voque la beaut\u00e9 de la nature et le confort.<\/p>\n\n\n\n<p><strong>Forme irr\u00e9guli\u00e8re Design :<\/strong> Notre vaisselle en porcelaine en gros rompt avec la forme traditionnelle ; le design est unique, ajoutant un sens artistique et rehaussant l'attrait des d\u00e9cors de table.<\/p>\n\n\n\n<p><strong>Vaisselle et service \u00e0 th\u00e9 : <\/strong>Couvre les assiettes, les bols, les tasses \u00e0 th\u00e9, les th\u00e9i\u00e8res, etc., et convient pour le th\u00e9 de l'apr\u00e8s-midi, les repas de famille, les services de restauration des h\u00f4tels, etc.<\/p>\n<\/div>\n\n\n\n<div class=\"wp-block-column is-layout-flow wp-block-column-is-layout-flow\" style=\"flex-basis:50%\">\n<figure class=\"wp-block-image size-full\"><img decoding=\"async\" width=\"2472\" height=\"2472\" src=\"https:\/\/www.linkceramics.com\/wp-content\/uploads\/2025\/03\/wholesale-porcelain-dinnerware-tea-set-5.webp\" alt=\"grossiste-vaisselle en porcelaine-set \u00e0 th\u00e9-5\" class=\"wp-image-1919\" srcset=\"https:\/\/www.linkceramics.com\/wp-content\/uploads\/2025\/03\/wholesale-porcelain-dinnerware-tea-set-5.webp 2472w, https:\/\/www.linkceramics.com\/wp-content\/uploads\/2025\/03\/wholesale-porcelain-dinnerware-tea-set-5-300x300.webp 300w, https:\/\/www.linkceramics.com\/wp-content\/uploads\/2025\/03\/wholesale-porcelain-dinnerware-tea-set-5-150x150.webp 150w, https:\/\/www.linkceramics.com\/wp-content\/uploads\/2025\/03\/wholesale-porcelain-dinnerware-tea-set-5-768x768.webp 768w, https:\/\/www.linkceramics.com\/wp-content\/uploads\/2025\/03\/wholesale-porcelain-dinnerware-tea-set-5-1200x1200.webp 1200w, https:\/\/www.linkceramics.com\/wp-content\/uploads\/2025\/03\/wholesale-porcelain-dinnerware-tea-set-5-600x600.webp 600w, https:\/\/www.linkceramics.com\/wp-content\/uploads\/2025\/03\/wholesale-porcelain-dinnerware-tea-set-5-100x100.webp 100w\" sizes=\"(max-width: 2472px) 100vw, 2472px\" \/><\/figure>\n<\/div>\n<\/div>","protected":false},"excerpt":{"rendered":"<p>Bienvenue dans la vente en gros de vaisselle en porcelaine et de services \u00e0 th\u00e9. Des fleurs \u00e9l\u00e9gantes et naturelles embellissent les assiettes blanches, de forme irr\u00e9guli\u00e8re, uniques et belles. Pour des prix d'usine et des services personnalis\u00e9s, veuillez nous contacter pour plus d'informations sur la vaisselle en porcelaine fine.<\/p>\n<h2>Param\u00e8tres de vente en gros de vaisselle en porcelaine<\/h2>\n<table border=\"0\" width=\"618\" cellspacing=\"0\" cellpadding=\"0\">\n<tbody>\n<tr>\n<td width=\"180\" height=\"26\">Fabricant<\/td>\n<td width=\"438\">Lianyuan<\/td>\n<\/tr>\n<tr>\n<td height=\"26\">Type de produit<\/td>\n<td>Assiettes, Bols, Couverts, Tasses \u00e0 th\u00e9, Th\u00e9i\u00e8res, Vasses<\/td>\n<\/tr>\n<tr>\n<td height=\"26\">Mod\u00e8le<\/td>\n<td>Floral<\/td>\n<\/tr>\n<tr>\n<td height=\"26\">Couleur<\/td>\n<td>Color\u00e9e<\/td>\n<\/tr>\n<tr>\n<td height=\"26\">Mat\u00e9riau<\/td>\n<td>Porcelaine durable<\/td>\n<\/tr>\n<tr>\n<td height=\"26\">Artisanat<\/td>\n<td>D\u00e9calcomanie, peinture \u00e0 la main<\/td>\n<\/tr>\n<tr>\n<td height=\"26\">Application<\/td>\n<td>Passe au micro-ondes, au lave-vaisselle et au four<\/td>\n<\/tr>\n<tr>\n<td height=\"26\">Sur mesure<\/td>\n<td>Couleur\/Taille\/Logo\/Emballage<\/td>\n<\/tr>\n<\/tbody>\n<\/table>","protected":false},"featured_media":1918,"comment_status":"open","ping_status":"closed","template":"","meta":{"_acf_changed":true},"certification":[66,58,65,61,60,62,57],"product_brand":[],"product_cat":[34,18,19],"product_tag":[],"class_list":{"0":"post-1915","1":"product","2":"type-product","3":"status-publish","4":"has-post-thumbnail","6":"certification-cnas","7":"certification-fda","8":"certification-iaf","9":"certification-iso-14001","10":"certification-iso-45001","11":"certification-iso-9001","12":"certification-lfgb","13":"product_cat-custom-household-ceramics","14":"product_cat-ceramic-tableware-wholesale","15":"product_cat-ceramic-tea-set-wholesale","17":"first","18":"instock","19":"shipping-taxable","20":"product-type-simple"},"acf":[],"_links":{"self":[{"href":"https:\/\/www.linkceramics.com\/fr\/wp-json\/wp\/v2\/product\/1915","targetHints":{"allow":["GET"]}}],"collection":[{"href":"https:\/\/www.linkceramics.com\/fr\/wp-json\/wp\/v2\/product"}],"about":[{"href":"https:\/\/www.linkceramics.com\/fr\/wp-json\/wp\/v2\/types\/product"}],"replies":[{"embeddable":true,"href":"https:\/\/www.linkceramics.com\/fr\/wp-json\/wp\/v2\/comments?post=1915"}],"wp:featuredmedia":[{"embeddable":true,"href":"https:\/\/www.linkceramics.com\/fr\/wp-json\/wp\/v2\/media\/1918"}],"wp:attachment":[{"href":"https:\/\/www.linkceramics.com\/fr\/wp-json\/wp\/v2\/media?parent=1915"}],"wp:term":[{"taxonomy":"certification","embeddable":true,"href":"https:\/\/www.linkceramics.com\/fr\/wp-json\/wp\/v2\/certification?post=1915"},{"taxonomy":"product_brand","embeddable":true,"href":"https:\/\/www.linkceramics.com\/fr\/wp-json\/wp\/v2\/product_brand?post=1915"},{"taxonomy":"product_cat","embeddable":true,"href":"https:\/\/www.linkceramics.com\/fr\/wp-json\/wp\/v2\/product_cat?post=1915"},{"taxonomy":"product_tag","embeddable":true,"href":"https:\/\/www.linkceramics.com\/fr\/wp-json\/wp\/v2\/product_tag?post=1915"}],"curies":[{"name":"wp","href":"https:\/\/api.w.org\/{rel}","templated":true}]}}