{"id":1920,"date":"2025-03-03T03:02:25","date_gmt":"2025-03-03T03:02:25","guid":{"rendered":"https:\/\/www.linkceramics.com\/?post_type=product&#038;p=1920"},"modified":"2025-03-03T03:02:26","modified_gmt":"2025-03-03T03:02:26","slug":"custom-ceramic-food-storage-container","status":"publish","type":"product","link":"https:\/\/www.linkceramics.com\/fr\/product\/custom-ceramic-food-storage-container\/","title":{"rendered":"R\u00e9cipients de conservation en c\u00e9ramique avec couvercle en vrac"},"content":{"rendered":"<div class=\"wp-block-columns is-layout-flex wp-container-core-columns-is-layout-9d6595d7 wp-block-columns-is-layout-flex\">\n<div class=\"wp-block-column is-layout-flow wp-block-column-is-layout-flow\" style=\"flex-basis:50%\">\n<h3 class=\"wp-block-heading\">R\u00e9cipients de conservation des aliments en c\u00e9ramique personnalis\u00e9s Caract\u00e9ristiques :<\/h3>\n\n\n\n<p><strong>Porcelaine durable de haute qualit\u00e9 :<\/strong> Nos r\u00e9cipients de conservation des aliments en c\u00e9ramique sont fabriqu\u00e9s \u00e0 partir de porcelaine non toxique et s\u00fbre. Elle est plus durable, plus r\u00e9sistante aux temp\u00e9ratures \u00e9lev\u00e9es et peut \u00eatre utilis\u00e9e en toute s\u00e9curit\u00e9 dans les micro-ondes, les fours et les r\u00e9frig\u00e9rateurs.<\/p>\n\n\n\n<p><strong>Design unique et exquis :<\/strong> Le motif de fleurs et de plantes est un style nouveau et naturel. Le travail de peinture \u00e0 la main et les d\u00e9calcomanies de gla\u00e7age rendent les motifs brillants et vifs, et la surface est lisse comme un miroir, ce qui conf\u00e8re \u00e0 la table \u00e0 manger ou \u00e0 la cuisine un sentiment de sophistication.<\/p>\n\n\n\n<p><strong>Conception \u00e9tanche :<\/strong> Nos r\u00e9cipients de conservation des aliments en c\u00e9ramique sont dot\u00e9s d'un couvercle scell\u00e9 pour \u00e9viter les fuites de contenu ; ils inhibent efficacement la croissance bact\u00e9rienne et conviennent pour une conservation \u00e0 long terme.<\/p>\n\n\n\n<p><strong>Facile \u00e0 nettoyer :<\/strong> La surface est lisse, n'absorbe pas facilement les r\u00e9sidus alimentaires et est facile \u00e0 nettoyer.<\/p>\n\n\n\n<p><strong>Certification de s\u00e9curit\u00e9 : <\/strong>Nos r\u00e9cipients en c\u00e9ramique pour le stockage des aliments sont conformes aux normes de la California Proposition 65. Ils sont non toxiques et respectueux de l'environnement, ce qui garantit la s\u00e9curit\u00e9 du stockage des aliments.<\/p>\n<\/div>\n\n\n\n<div class=\"wp-block-column is-layout-flow wp-block-column-is-layout-flow\" style=\"flex-basis:50%\">\n<figure class=\"wp-block-image size-full\"><img decoding=\"async\" width=\"3528\" height=\"3528\" src=\"https:\/\/www.linkceramics.com\/wp-content\/uploads\/2025\/03\/custom-ceramic-food-storage-containers-bulk-28.webp\" alt=\"conteneurs de stockage d&#039;aliments en c\u00e9ramique sur mesure-bulk-28\" class=\"wp-image-1922\" srcset=\"https:\/\/www.linkceramics.com\/wp-content\/uploads\/2025\/03\/custom-ceramic-food-storage-containers-bulk-28.webp 3528w, https:\/\/www.linkceramics.com\/wp-content\/uploads\/2025\/03\/custom-ceramic-food-storage-containers-bulk-28-300x300.webp 300w, https:\/\/www.linkceramics.com\/wp-content\/uploads\/2025\/03\/custom-ceramic-food-storage-containers-bulk-28-150x150.webp 150w, https:\/\/www.linkceramics.com\/wp-content\/uploads\/2025\/03\/custom-ceramic-food-storage-containers-bulk-28-768x768.webp 768w, https:\/\/www.linkceramics.com\/wp-content\/uploads\/2025\/03\/custom-ceramic-food-storage-containers-bulk-28-1200x1200.webp 1200w, https:\/\/www.linkceramics.com\/wp-content\/uploads\/2025\/03\/custom-ceramic-food-storage-containers-bulk-28-600x600.webp 600w, https:\/\/www.linkceramics.com\/wp-content\/uploads\/2025\/03\/custom-ceramic-food-storage-containers-bulk-28-100x100.webp 100w\" sizes=\"(max-width: 3528px) 100vw, 3528px\" \/><\/figure>\n<\/div>\n<\/div>","protected":false},"excerpt":{"rendered":"<p>R\u00e9cipients de conservation des aliments en c\u00e9ramique personnalis\u00e9s avec couvercles herm\u00e9tiques et magnifiques motifs floraux. Disponibles en plusieurs tailles et formes (rectangulaires, carr\u00e9s, ronds), directement fournis par le fabricant, meilleures remises pour les commandes en gros, n'h\u00e9sitez pas \u00e0 vous renseigner d\u00e8s aujourd'hui !<\/p>\n<h2>Param\u00e8tres des r\u00e9cipients de conservation en c\u00e9ramique personnalis\u00e9s<\/h2>\n<table width=\"353\">\n<tbody>\n<tr>\n<td width=\"82\">Fabricant<\/td>\n<td width=\"270\">Lianyuan<\/td>\n<\/tr>\n<tr>\n<td>Type de produit<\/td>\n<td width=\"270\">R\u00e9cipient alimentaire, bo\u00eete de conservation<\/td>\n<\/tr>\n<tr>\n<td>Mod\u00e8le<\/td>\n<td>Fleurs, plantes<\/td>\n<\/tr>\n<tr>\n<td>Couleur<\/td>\n<td>\n<p>Multi-couleur<\/p>\n<\/td>\n<\/tr>\n<tr>\n<td>Mat\u00e9riau<\/td>\n<td>Porcelaine durable<\/td>\n<\/tr>\n<tr>\n<td>Artisanat<\/td>\n<td>D\u00e9calque en gla\u00e7ure, peint \u00e0 la main\u00a0<\/td>\n<\/tr>\n<tr>\n<td>Application<\/td>\n<td>Passe au micro-ondes et au lave-vaisselle, au four et au cong\u00e9lateur<\/td>\n<\/tr>\n<tr>\n<td>Sur mesure<\/td>\n<td>Couleur\/Taille\/Logo\/Emballage<\/td>\n<\/tr>\n<\/tbody>\n<\/table>","protected":false},"featured_media":1923,"comment_status":"open","ping_status":"closed","template":"","meta":{"_acf_changed":true},"certification":[66,58,65,61,60,62,57],"product_brand":[],"product_cat":[34,20],"product_tag":[],"class_list":{"0":"post-1920","1":"product","2":"type-product","3":"status-publish","4":"has-post-thumbnail","6":"certification-cnas","7":"certification-fda","8":"certification-iaf","9":"certification-iso-14001","10":"certification-iso-45001","11":"certification-iso-9001","12":"certification-lfgb","13":"product_cat-custom-household-ceramics","14":"product_cat-ceramic-kitchenware-wholesale","16":"first","17":"instock","18":"shipping-taxable","19":"product-type-simple"},"acf":[],"_links":{"self":[{"href":"https:\/\/www.linkceramics.com\/fr\/wp-json\/wp\/v2\/product\/1920","targetHints":{"allow":["GET"]}}],"collection":[{"href":"https:\/\/www.linkceramics.com\/fr\/wp-json\/wp\/v2\/product"}],"about":[{"href":"https:\/\/www.linkceramics.com\/fr\/wp-json\/wp\/v2\/types\/product"}],"replies":[{"embeddable":true,"href":"https:\/\/www.linkceramics.com\/fr\/wp-json\/wp\/v2\/comments?post=1920"}],"wp:featuredmedia":[{"embeddable":true,"href":"https:\/\/www.linkceramics.com\/fr\/wp-json\/wp\/v2\/media\/1923"}],"wp:attachment":[{"href":"https:\/\/www.linkceramics.com\/fr\/wp-json\/wp\/v2\/media?parent=1920"}],"wp:term":[{"taxonomy":"certification","embeddable":true,"href":"https:\/\/www.linkceramics.com\/fr\/wp-json\/wp\/v2\/certification?post=1920"},{"taxonomy":"product_brand","embeddable":true,"href":"https:\/\/www.linkceramics.com\/fr\/wp-json\/wp\/v2\/product_brand?post=1920"},{"taxonomy":"product_cat","embeddable":true,"href":"https:\/\/www.linkceramics.com\/fr\/wp-json\/wp\/v2\/product_cat?post=1920"},{"taxonomy":"product_tag","embeddable":true,"href":"https:\/\/www.linkceramics.com\/fr\/wp-json\/wp\/v2\/product_tag?post=1920"}],"curies":[{"name":"wp","href":"https:\/\/api.w.org\/{rel}","templated":true}]}}