{"id":1935,"date":"2025-03-10T03:51:18","date_gmt":"2025-03-10T03:51:18","guid":{"rendered":"https:\/\/www.linkceramics.com\/?post_type=product&#038;p=1935"},"modified":"2025-03-10T03:51:20","modified_gmt":"2025-03-10T03:51:20","slug":"customize-bathroom-sets","status":"publish","type":"product","link":"https:\/\/www.linkceramics.com\/fr\/product\/customize-bathroom-sets\/","title":{"rendered":"Ensemble de salle de bain personnalis\u00e9 4 pi\u00e8ces, accessoires de bain en c\u00e9ramique en vrac"},"content":{"rendered":"<div class=\"wp-block-columns is-layout-flex wp-container-core-columns-is-layout-9d6595d7 wp-block-columns-is-layout-flex\">\n<div class=\"wp-block-column is-layout-flow wp-block-column-is-layout-flow\" style=\"flex-basis:50%\">\n<h3 class=\"wp-block-heading\">Premium Customize Bathroom Sets Features :<\/h3>\n\n\n\n<ul class=\"wp-block-list\">\n<li><strong>Design \u00e9l\u00e9gant :<\/strong> Ces ensembles de salle de bains personnalis\u00e9s sont blancs et pr\u00e9sentent une d\u00e9coration hexagonale sur la surface. Le design peut \u00eatre assorti \u00e0 toutes sortes de styles d\u00e9coratifs, que votre salle de bains soit de style minimaliste, nordique ou m\u00eame moderne. Cela peut ajouter \u00e0 la beaut\u00e9 et au luxe de toute la salle de bains.<\/li>\n\n\n\n<li><strong>Mat\u00e9riau c\u00e9ramique de haute qualit\u00e9 :<\/strong> Ces accessoires de bain en c\u00e9ramique en vrac sont fabriqu\u00e9s dans un mat\u00e9riau de haute qualit\u00e9 qui les rend suffisamment robustes et durables pour r\u00e9sister \u00e0 l'usure et aux dommages et leur conf\u00e9rer une plus longue dur\u00e9e de vie. En outre, la surface ext\u00e9rieure de la c\u00e9ramique est lisse et facile \u00e0 nettoyer.<\/li>\n\n\n\n<li><strong>Ensemble complet : <\/strong>Comprenant un distributeur de savon, un porte-brosse \u00e0 dents, un rince-bouche et un porte-savon, ces ensembles de salle de bains personnalis\u00e9s en c\u00e9ramique 4 pi\u00e8ces r\u00e9pondent aux besoins de rangement et de lavage de la salle de bains et permettent de garder la salle de bains bien rang\u00e9e.<\/li>\n\n\n\n<li><strong>Une conception r\u00e9fl\u00e9chie : <\/strong>Le distributeur de savon en gros est dot\u00e9 d'une large ouverture, ce qui permet de le recharger rapidement et sans probl\u00e8me. La t\u00eate de pompe de taille g\u00e9n\u00e9reuse est con\u00e7ue pour une pression sans effort. Le porte-savon est dot\u00e9 de pieds sur\u00e9lev\u00e9s qui emp\u00eachent l'accumulation d'eau et am\u00e9liorent la stabilit\u00e9. Les bandes sur\u00e9lev\u00e9es au centre offrent une friction suppl\u00e9mentaire, maintenant le savon bien en place et emp\u00eachant tout glissement ind\u00e9sirable.<\/li>\n<\/ul>\n<\/div>\n\n\n\n<div class=\"wp-block-column is-layout-flow wp-block-column-is-layout-flow\" style=\"flex-basis:50%\">\n<figure class=\"wp-block-image size-full\"><img decoding=\"async\" width=\"1600\" height=\"1600\" src=\"https:\/\/www.linkceramics.com\/wp-content\/uploads\/2025\/03\/4-Piece-Designer-Bathroom-Sets-Wholesale-Ceramic-Bathroom-Supplies.webp\" alt=\"4-Piece Customize Bathroom Sets, Ceramic Bath Accessories Bulk-1 (Ensemble de salle de bain personnalis\u00e9 4 pi\u00e8ces, accessoires de salle de bain en c\u00e9ramique)\" class=\"wp-image-1936\" srcset=\"https:\/\/www.linkceramics.com\/wp-content\/uploads\/2025\/03\/4-Piece-Designer-Bathroom-Sets-Wholesale-Ceramic-Bathroom-Supplies.webp 1600w, https:\/\/www.linkceramics.com\/wp-content\/uploads\/2025\/03\/4-Piece-Designer-Bathroom-Sets-Wholesale-Ceramic-Bathroom-Supplies-300x300.webp 300w, https:\/\/www.linkceramics.com\/wp-content\/uploads\/2025\/03\/4-Piece-Designer-Bathroom-Sets-Wholesale-Ceramic-Bathroom-Supplies-150x150.webp 150w, https:\/\/www.linkceramics.com\/wp-content\/uploads\/2025\/03\/4-Piece-Designer-Bathroom-Sets-Wholesale-Ceramic-Bathroom-Supplies-768x768.webp 768w, https:\/\/www.linkceramics.com\/wp-content\/uploads\/2025\/03\/4-Piece-Designer-Bathroom-Sets-Wholesale-Ceramic-Bathroom-Supplies-1200x1200.webp 1200w, https:\/\/www.linkceramics.com\/wp-content\/uploads\/2025\/03\/4-Piece-Designer-Bathroom-Sets-Wholesale-Ceramic-Bathroom-Supplies-600x600.webp 600w, https:\/\/www.linkceramics.com\/wp-content\/uploads\/2025\/03\/4-Piece-Designer-Bathroom-Sets-Wholesale-Ceramic-Bathroom-Supplies-100x100.webp 100w\" sizes=\"(max-width: 1600px) 100vw, 1600px\" \/><\/figure>\n<\/div>\n<\/div>\n\n\n\n<p><\/p>","protected":false},"excerpt":{"rendered":"<div class=\"elementor-element elementor-element-12826c1 elementor-widget elementor-widget-text-editor\" data-id=\"12826c1\" data-element_type=\"widget\" data-widget_type=\"text-editor.default\">\n<div class=\"elementor-widget-container\">Nous vous invitons \u00e0 acheter des accessoires de bain en c\u00e9ramique en vrac. Ces ensembles de salle de bain personnalis\u00e9s en c\u00e9ramique sont tr\u00e8s attrayants ; la couleur blanche se marie facilement avec tous les styles de d\u00e9coration de salle de bain, d\u00e9montrant pleinement l'\u00e9l\u00e9gance et ajoutant de la beaut\u00e9 \u00e0 la salle de bain. Le mat\u00e9riau c\u00e9ramique, durable et propre, fait l'objet d'une grande attention aux d\u00e9tails. \u00c9l\u00e9gant et pratique, chaque ensemble ajoute de l'ordre et de la prestance \u00e0 la salle de bains.<\/p>\n<h2>Customize Bathroom Sets Sp\u00e9cifications :<\/h2>\n<\/div>\n<\/div>\n<div data-id=\"bef26dc\" data-element_type=\"widget\" data-widget_type=\"text-editor.default\">\n<div data-id=\"bef26dc\" data-element_type=\"widget\" data-widget_type=\"text-editor.default\">\n<table border=\"0\" width=\"476\" cellspacing=\"0\" cellpadding=\"0\">\n<tbody>\n<tr>\n<td width=\"187\" height=\"29\">Fabricant<\/td>\n<td width=\"289\">JINHUA<\/td>\n<\/tr>\n<tr>\n<td height=\"29\">Num\u00e9ro de mod\u00e8le<\/td>\n<td>JHB68<\/td>\n<\/tr>\n<tr>\n<td height=\"29\">Conception<\/td>\n<td>Ensemble de 4 pi\u00e8ces<\/td>\n<\/tr>\n<tr>\n<td height=\"29\">Mat\u00e9riau<\/td>\n<td>C\u00e9ramique<\/td>\n<\/tr>\n<tr>\n<td height=\"29\">Couleur<\/td>\n<td width=\"289\">Blanc<\/td>\n<\/tr>\n<tr>\n<td height=\"29\">Sur mesure<\/td>\n<td>Couleur\/Taille\/Logo\/Emballage<\/td>\n<\/tr>\n<tr>\n<td height=\"29\">MOQ<\/td>\n<td>500sets<\/td>\n<\/tr>\n<tr>\n<td height=\"87\">Dimension<\/td>\n<td width=\"289\">Bouteille de savon : 9.2*9.2*12.3cm<br \/>Gobelet : 9*9*9.9cm<br \/>Porte-savon : 13.8*8.4*2.9cm<\/td>\n<\/tr>\n<\/tbody>\n<\/table>\n<\/div>\n<\/div>","protected":false},"featured_media":1937,"comment_status":"open","ping_status":"closed","template":"","meta":{"_acf_changed":true},"certification":[63,64,66,58,65,61,60,62,57],"product_brand":[],"product_cat":[35,22],"product_tag":[],"class_list":{"0":"post-1935","1":"product","2":"type-product","3":"status-publish","4":"has-post-thumbnail","6":"certification-amfori","7":"certification-bsci","8":"certification-cnas","9":"certification-fda","10":"certification-iaf","11":"certification-iso-14001","12":"certification-iso-45001","13":"certification-iso-9001","14":"certification-lfgb","15":"product_cat-bathroom-ceramics-supply","16":"product_cat-ceramic-bathroom-set","18":"first","19":"instock","20":"shipping-taxable","21":"product-type-simple"},"acf":[],"_links":{"self":[{"href":"https:\/\/www.linkceramics.com\/fr\/wp-json\/wp\/v2\/product\/1935","targetHints":{"allow":["GET"]}}],"collection":[{"href":"https:\/\/www.linkceramics.com\/fr\/wp-json\/wp\/v2\/product"}],"about":[{"href":"https:\/\/www.linkceramics.com\/fr\/wp-json\/wp\/v2\/types\/product"}],"replies":[{"embeddable":true,"href":"https:\/\/www.linkceramics.com\/fr\/wp-json\/wp\/v2\/comments?post=1935"}],"wp:featuredmedia":[{"embeddable":true,"href":"https:\/\/www.linkceramics.com\/fr\/wp-json\/wp\/v2\/media\/1937"}],"wp:attachment":[{"href":"https:\/\/www.linkceramics.com\/fr\/wp-json\/wp\/v2\/media?parent=1935"}],"wp:term":[{"taxonomy":"certification","embeddable":true,"href":"https:\/\/www.linkceramics.com\/fr\/wp-json\/wp\/v2\/certification?post=1935"},{"taxonomy":"product_brand","embeddable":true,"href":"https:\/\/www.linkceramics.com\/fr\/wp-json\/wp\/v2\/product_brand?post=1935"},{"taxonomy":"product_cat","embeddable":true,"href":"https:\/\/www.linkceramics.com\/fr\/wp-json\/wp\/v2\/product_cat?post=1935"},{"taxonomy":"product_tag","embeddable":true,"href":"https:\/\/www.linkceramics.com\/fr\/wp-json\/wp\/v2\/product_tag?post=1935"}],"curies":[{"name":"wp","href":"https:\/\/api.w.org\/{rel}","templated":true}]}}