{"id":1941,"date":"2025-03-10T04:06:25","date_gmt":"2025-03-10T04:06:25","guid":{"rendered":"https:\/\/www.linkceramics.com\/?post_type=product&#038;p=1941"},"modified":"2025-03-10T04:06:26","modified_gmt":"2025-03-10T04:06:26","slug":"wholesale-5-piece-bathroom-accessories-set","status":"publish","type":"product","link":"https:\/\/www.linkceramics.com\/fr\/product\/wholesale-5-piece-bathroom-accessories-set\/","title":{"rendered":"Wholesale 5-Piece Bathroom Accessories Set with Modern Design (Ensemble d'accessoires de salle de bain 5 pi\u00e8ces au design moderne)"},"content":{"rendered":"<div class=\"wp-block-columns is-layout-flex wp-container-core-columns-is-layout-9d6595d7 wp-block-columns-is-layout-flex\">\n<div class=\"wp-block-column is-layout-flow wp-block-column-is-layout-flow\" style=\"flex-basis:50%\">\n<h3 class=\"wp-block-heading\">Premium Wholesale 5-Piece Bathroom Accessories Set Caract\u00e9ristiques :<\/h3>\n\n\n\n<ul class=\"wp-block-list\">\n<li><strong>Cinq pi\u00e8ces sont tr\u00e8s pratiques :<\/strong> Cet ensemble d'accessoires de bain en gros comprend un distributeur de savon, un porte-savon, deux brosses \u00e0 dents et un pot de rangement. Tous ces accessoires couvrent les besoins de base de la salle de bain pour qu'elle reste ordonn\u00e9e, organis\u00e9e et pratique \u00e0 utiliser au quotidien.<\/li>\n\n\n\n<li><strong>Durable et r\u00e9sistant aux taches :<\/strong> Fabriqu\u00e9 \u00e0 partir de mat\u00e9riaux de haute qualit\u00e9, notre ensemble d'accessoires de salle de bains 5 pi\u00e8ces est con\u00e7u pour durer. Il est robuste, r\u00e9sistant aux taches et con\u00e7u pour conserver son aspect impeccable au fil du temps.<\/li>\n\n\n\n<li><strong>Design \u00e9l\u00e9gant et fonctionnel :<\/strong> Con\u00e7u avec une forme carr\u00e9e moderne en blanc frais, cet ensemble d'accessoires de salle de bains 5 pi\u00e8ces en gros pr\u00e9sente une texture concave qui non seulement am\u00e9liore son attrait visuel, mais fournit \u00e9galement une surface antid\u00e9rapante pour une s\u00e9curit\u00e9 et une commodit\u00e9 accrues. De plus, sa conception permet un nettoyage rapide et sans effort.<\/li>\n\n\n\n<li><strong>S'adapte \u00e0 la plupart des styles de salle de bains :<\/strong> De forme sobre, cet ensemble d'accessoires de bain en gros s'adapte facilement \u00e0 la plupart des styles de d\u00e9coration, qu'il s'agisse d'une salle de bain moderne, simple ou de style traditionnel, afin d'aider les utilisateurs \u00e0 am\u00e9liorer l'ambiance et la beaut\u00e9 de l'espace.<\/li>\n<\/ul>\n<\/div>\n\n\n\n<div class=\"wp-block-column is-layout-flow wp-block-column-is-layout-flow\" style=\"flex-basis:50%\">\n<figure class=\"wp-block-image size-full\"><img decoding=\"async\" width=\"1500\" height=\"1500\" src=\"https:\/\/www.linkceramics.com\/wp-content\/uploads\/2025\/03\/ceramic-bathroom-set-2.webp\" alt=\"Wholesale 5-Piece Bathroom Accessories Set with Modern Design-4\" class=\"wp-image-1944\" srcset=\"https:\/\/www.linkceramics.com\/wp-content\/uploads\/2025\/03\/ceramic-bathroom-set-2.webp 1500w, https:\/\/www.linkceramics.com\/wp-content\/uploads\/2025\/03\/ceramic-bathroom-set-2-300x300.webp 300w, https:\/\/www.linkceramics.com\/wp-content\/uploads\/2025\/03\/ceramic-bathroom-set-2-150x150.webp 150w, https:\/\/www.linkceramics.com\/wp-content\/uploads\/2025\/03\/ceramic-bathroom-set-2-768x768.webp 768w, https:\/\/www.linkceramics.com\/wp-content\/uploads\/2025\/03\/ceramic-bathroom-set-2-1200x1200.webp 1200w, https:\/\/www.linkceramics.com\/wp-content\/uploads\/2025\/03\/ceramic-bathroom-set-2-600x600.webp 600w, https:\/\/www.linkceramics.com\/wp-content\/uploads\/2025\/03\/ceramic-bathroom-set-2-100x100.webp 100w\" sizes=\"(max-width: 1500px) 100vw, 1500px\" \/><\/figure>\n<\/div>\n<\/div>\n\n\n\n<p><\/p>","protected":false},"excerpt":{"rendered":"<div class=\"elementor-element elementor-element-12826c1 elementor-widget elementor-widget-text-editor\" data-id=\"12826c1\" data-element_type=\"widget\" data-widget_type=\"text-editor.default\">\n<div class=\"elementor-widget-container\">Bienvenue sur le site de vente en gros d'accessoires de bain. Cet ensemble moderne d'accessoires de salle de bains 5 pi\u00e8ces est de forme carr\u00e9e blanche avec une texture concave unique, montrant une atmosph\u00e8re simple et \u00e9l\u00e9gante. Fabriqu\u00e9 \u00e0 partir de mat\u00e9riaux c\u00e9ramiques de haute qualit\u00e9, ce produit sera s\u00fbrement solide, durable et facile \u00e0 nettoyer, r\u00e9pondant ainsi aux besoins de base de la salle de bain.<\/p>\n<h2 class=\"wp-block-heading\">Ensemble d'accessoires de salle de bain 5 pi\u00e8ces en gros Sp\u00e9cifications :<\/h2>\n<\/div>\n<\/div>\n<div data-id=\"bef26dc\" data-element_type=\"widget\" data-widget_type=\"text-editor.default\">\n<table border=\"0\" width=\"582\" cellspacing=\"0\" cellpadding=\"0\">\n<tbody>\n<tr>\n<td width=\"229\" height=\"33\">Fabricant<\/td>\n<td width=\"353\">JINHUA<\/td>\n<\/tr>\n<tr>\n<td height=\"33\">Num\u00e9ro de mod\u00e8le<\/td>\n<td>JHB14<\/td>\n<\/tr>\n<tr>\n<td height=\"33\">Conception<\/td>\n<td>Ensemble de cinq pi\u00e8ces<\/td>\n<\/tr>\n<tr>\n<td height=\"33\">Mat\u00e9riau<\/td>\n<td>C\u00e9ramique<\/td>\n<\/tr>\n<tr>\n<td height=\"33\">Couleur<\/td>\n<td width=\"353\">Blanc<\/td>\n<\/tr>\n<tr>\n<td height=\"33\">Sur mesure<\/td>\n<td>Couleur\/Taille\/Logo\/Emballage<\/td>\n<\/tr>\n<tr>\n<td height=\"33\">MOQ<\/td>\n<td>500sets<\/td>\n<\/tr>\n<tr>\n<td height=\"132\">Dimension<\/td>\n<td width=\"353\">Bouteille de savon : 9*9*15cm<br \/>Coupe : 7,7*7,7*10cm<br \/>Porte-savon : 12.3*12.3*2.4cm<br \/>Bocal : 9*9*11.4cm<\/td>\n<\/tr>\n<\/tbody>\n<\/table>\n<\/div>","protected":false},"featured_media":1942,"comment_status":"open","ping_status":"closed","template":"","meta":{"_acf_changed":true},"certification":[63,64,66,58,65,61,60,62,57],"product_brand":[],"product_cat":[35,22],"product_tag":[],"class_list":{"0":"post-1941","1":"product","2":"type-product","3":"status-publish","4":"has-post-thumbnail","6":"certification-amfori","7":"certification-bsci","8":"certification-cnas","9":"certification-fda","10":"certification-iaf","11":"certification-iso-14001","12":"certification-iso-45001","13":"certification-iso-9001","14":"certification-lfgb","15":"product_cat-bathroom-ceramics-supply","16":"product_cat-ceramic-bathroom-set","18":"first","19":"instock","20":"shipping-taxable","21":"product-type-simple"},"acf":[],"_links":{"self":[{"href":"https:\/\/www.linkceramics.com\/fr\/wp-json\/wp\/v2\/product\/1941","targetHints":{"allow":["GET"]}}],"collection":[{"href":"https:\/\/www.linkceramics.com\/fr\/wp-json\/wp\/v2\/product"}],"about":[{"href":"https:\/\/www.linkceramics.com\/fr\/wp-json\/wp\/v2\/types\/product"}],"replies":[{"embeddable":true,"href":"https:\/\/www.linkceramics.com\/fr\/wp-json\/wp\/v2\/comments?post=1941"}],"wp:featuredmedia":[{"embeddable":true,"href":"https:\/\/www.linkceramics.com\/fr\/wp-json\/wp\/v2\/media\/1942"}],"wp:attachment":[{"href":"https:\/\/www.linkceramics.com\/fr\/wp-json\/wp\/v2\/media?parent=1941"}],"wp:term":[{"taxonomy":"certification","embeddable":true,"href":"https:\/\/www.linkceramics.com\/fr\/wp-json\/wp\/v2\/certification?post=1941"},{"taxonomy":"product_brand","embeddable":true,"href":"https:\/\/www.linkceramics.com\/fr\/wp-json\/wp\/v2\/product_brand?post=1941"},{"taxonomy":"product_cat","embeddable":true,"href":"https:\/\/www.linkceramics.com\/fr\/wp-json\/wp\/v2\/product_cat?post=1941"},{"taxonomy":"product_tag","embeddable":true,"href":"https:\/\/www.linkceramics.com\/fr\/wp-json\/wp\/v2\/product_tag?post=1941"}],"curies":[{"name":"wp","href":"https:\/\/api.w.org\/{rel}","templated":true}]}}