{"id":1997,"date":"2025-03-24T03:35:13","date_gmt":"2025-03-24T03:35:13","guid":{"rendered":"https:\/\/www.linkceramics.com\/?post_type=product&#038;p=1997"},"modified":"2025-09-22T10:25:15","modified_gmt":"2025-09-22T10:25:15","slug":"ceramic-tableware-set-in-bulk","status":"publish","type":"product","link":"https:\/\/www.linkceramics.com\/fr\/product\/ceramic-tableware-set-in-bulk\/","title":{"rendered":"Set de table de mariage en c\u00e9ramique en vrac avec noeud d\u00e9cor\u00e9"},"content":{"rendered":"<div class=\"wp-block-columns is-layout-flex wp-container-core-columns-is-layout-9d6595d7 wp-block-columns-is-layout-flex\">\n<div class=\"wp-block-column is-layout-flow wp-block-column-is-layout-flow\" style=\"flex-basis:50%\">\n<h3 class=\"wp-block-heading\">Ensemble de vaisselle en c\u00e9ramique en vrac Caract\u00e9ristiques :<\/h3>\n\n\n\n<p><strong>D\u00e9coration romantique avec n\u0153ud :<\/strong> Cet ensemble de vaisselle de mariage en c\u00e9ramique en vrac est orn\u00e9 de magnifiques n\u0153uds rouges et roses qui exsudent l'\u00e9l\u00e9gance et le romantisme, cr\u00e9ant de la chaleur pour les banquets de mariage, ou toute autre occasion sp\u00e9ciale, et sera un point focal pour la table.<\/p>\n\n\n\n<p><strong>Diff\u00e9rentes tailles :<\/strong> Notre vaisselle en c\u00e9ramique en vrac se compose d'assiettes, de bols et de tasses de diff\u00e9rentes tailles pour r\u00e9pondre \u00e0 tous vos besoins personnels, qu'il s'agisse d'ap\u00e9ritifs, de plats principaux, de desserts ou de boissons, nous avons les tailles requises.<\/p>\n\n\n\n<p><strong>Mat\u00e9riau c\u00e9ramique de haute qualit\u00e9 :<\/strong> Un mat\u00e9riau c\u00e9ramique de haute qualit\u00e9 est utilis\u00e9 pour fabriquer notre service de table de mariage en c\u00e9ramique en vrac, qui pr\u00e9sente une bonne r\u00e9sistance aux fissures et une bonne durabilit\u00e9. La surface de la vaisselle est lisse et facile \u00e0 nettoyer, ce qui la rend pratique pour un service de banquet efficace.<\/p>\n\n\n\n<p><strong>Sans danger pour le four, le micro-ondes ou le lave-vaisselle :<\/strong> Cette vaisselle en c\u00e9ramique personnalis\u00e9e peut \u00eatre utilis\u00e9e en toute s\u00e9curit\u00e9 dans les fours \u00e0 haute temp\u00e9rature, \u00eatre chauff\u00e9e au micro-ondes et r\u00e9sister au lave-vaisselle. Pratique et rapide, il r\u00e9pond parfaitement aux besoins des cuisines modernes.<\/p>\n\n\n\n<p><strong>Convient aux mariages et autres occasions sp\u00e9ciales : <\/strong>Ces sets de vaisselle en gros cr\u00e9ent une exp\u00e9rience gastronomique unique et romantique \u00e0 l'occasion de mariages, de f\u00eates d'anniversaire, de vacances et d'anniversaires.<\/p>\n<\/div>\n\n\n\n<div class=\"wp-block-column is-layout-flow wp-block-column-is-layout-flow\" style=\"flex-basis:50%\">\n<figure class=\"wp-block-image size-full\"><img decoding=\"async\" width=\"1200\" height=\"1200\" src=\"https:\/\/www.linkceramics.com\/wp-content\/uploads\/2025\/03\/wedding-ceramic-tableware-set-in-bulk-with-bow-decorated-1.webp\" alt=\"Wedding-ceramic-tableware-set-in-bulk-with-bow-decorated-1\" class=\"wp-image-2608\" srcset=\"https:\/\/www.linkceramics.com\/wp-content\/uploads\/2025\/03\/wedding-ceramic-tableware-set-in-bulk-with-bow-decorated-1.webp 1200w, https:\/\/www.linkceramics.com\/wp-content\/uploads\/2025\/03\/wedding-ceramic-tableware-set-in-bulk-with-bow-decorated-1-300x300.webp 300w, https:\/\/www.linkceramics.com\/wp-content\/uploads\/2025\/03\/wedding-ceramic-tableware-set-in-bulk-with-bow-decorated-1-150x150.webp 150w, https:\/\/www.linkceramics.com\/wp-content\/uploads\/2025\/03\/wedding-ceramic-tableware-set-in-bulk-with-bow-decorated-1-768x768.webp 768w, https:\/\/www.linkceramics.com\/wp-content\/uploads\/2025\/03\/wedding-ceramic-tableware-set-in-bulk-with-bow-decorated-1-12x12.webp 12w, https:\/\/www.linkceramics.com\/wp-content\/uploads\/2025\/03\/wedding-ceramic-tableware-set-in-bulk-with-bow-decorated-1-600x600.webp 600w, https:\/\/www.linkceramics.com\/wp-content\/uploads\/2025\/03\/wedding-ceramic-tableware-set-in-bulk-with-bow-decorated-1-100x100.webp 100w\" sizes=\"(max-width: 1200px) 100vw, 1200px\" \/><\/figure>\n<\/div>\n<\/div>","protected":false},"excerpt":{"rendered":"<p>Nous vous invitons \u00e0 acheter notre service de table en c\u00e9ramique en gros. Notre vaisselle de mariage en gros, d\u00e9cor\u00e9e de n\u0153uds rouges et roses, pr\u00e9sente un design romantique. Les assiettes, bols et tasses sont disponibles en plusieurs tailles. Fabriqu\u00e9e en c\u00e9ramique de qualit\u00e9 sup\u00e9rieure, cette collection de vaisselle pr\u00e9sente une esth\u00e9tique \u00e9l\u00e9gante et peut \u00eatre utilis\u00e9e au four, au micro-ondes et au lave-vaisselle pour plus de commodit\u00e9.<\/p>\n<h2>Service de table en c\u00e9ramique Param\u00e8tre :<\/h2>\n<div id=\"brxe-8c5ca9\">\n<div>\n<table width=\"338\">\n<tbody>\n<tr>\n<td width=\"124\">Fabricant<\/td>\n<td width=\"214\">Un foyer d'amour<\/td>\n<\/tr>\n<tr>\n<td width=\"124\">Nom de la collection<\/td>\n<td width=\"214\">Le ruban de la gr\u00e2ce<\/td>\n<\/tr>\n<tr>\n<td width=\"124\">Utilisation<\/td>\n<td width=\"214\">Maison, Restaurant, H\u00f4tel<\/td>\n<\/tr>\n<tr>\n<td width=\"124\">Type de vaisselle<\/td>\n<td width=\"214\">Pichet, tasse, mug, cr\u00e9mier, assiette, bol, set de tapas<\/td>\n<\/tr>\n<tr>\n<td width=\"124\">Mat\u00e9riau<\/td>\n<td width=\"214\">Porcelaine durable<\/td>\n<\/tr>\n<tr>\n<td width=\"124\">Dimension<\/td>\n<td width=\"214\">Comme l'indique la photo de d\u00e9tail<\/td>\n<\/tr>\n<tr>\n<td width=\"124\">Unit\u00e9s de vente<\/td>\n<td width=\"214\">Article unique<\/td>\n<\/tr>\n<tr>\n<td width=\"124\">MOQ<\/td>\n<td width=\"214\">1200\/pcs par article<\/td>\n<\/tr>\n<tr>\n<td width=\"124\">Option personnalis\u00e9e<\/td>\n<td width=\"214\">Couleur\/Taille\/Glaze\/Logo\/Emballage<\/td>\n<\/tr>\n<\/tbody>\n<\/table>\n<\/div>\n<\/div>","protected":false},"featured_media":2611,"comment_status":"open","ping_status":"closed","template":"","meta":{"_acf_changed":false},"certification":[63,64,66,58,65,61,60,62],"product_brand":[],"product_cat":[34,18],"product_tag":[],"class_list":{"0":"post-1997","1":"product","2":"type-product","3":"status-publish","4":"has-post-thumbnail","6":"certification-amfori","7":"certification-bsci","8":"certification-cnas","9":"certification-fda","10":"certification-iaf","11":"certification-iso-14001","12":"certification-iso-45001","13":"certification-iso-9001","14":"product_cat-custom-household-ceramics","15":"product_cat-ceramic-tableware-wholesale","17":"first","18":"instock","19":"shipping-taxable","20":"product-type-simple"},"acf":[],"_links":{"self":[{"href":"https:\/\/www.linkceramics.com\/fr\/wp-json\/wp\/v2\/product\/1997","targetHints":{"allow":["GET"]}}],"collection":[{"href":"https:\/\/www.linkceramics.com\/fr\/wp-json\/wp\/v2\/product"}],"about":[{"href":"https:\/\/www.linkceramics.com\/fr\/wp-json\/wp\/v2\/types\/product"}],"replies":[{"embeddable":true,"href":"https:\/\/www.linkceramics.com\/fr\/wp-json\/wp\/v2\/comments?post=1997"}],"wp:featuredmedia":[{"embeddable":true,"href":"https:\/\/www.linkceramics.com\/fr\/wp-json\/wp\/v2\/media\/2611"}],"wp:attachment":[{"href":"https:\/\/www.linkceramics.com\/fr\/wp-json\/wp\/v2\/media?parent=1997"}],"wp:term":[{"taxonomy":"certification","embeddable":true,"href":"https:\/\/www.linkceramics.com\/fr\/wp-json\/wp\/v2\/certification?post=1997"},{"taxonomy":"product_brand","embeddable":true,"href":"https:\/\/www.linkceramics.com\/fr\/wp-json\/wp\/v2\/product_brand?post=1997"},{"taxonomy":"product_cat","embeddable":true,"href":"https:\/\/www.linkceramics.com\/fr\/wp-json\/wp\/v2\/product_cat?post=1997"},{"taxonomy":"product_tag","embeddable":true,"href":"https:\/\/www.linkceramics.com\/fr\/wp-json\/wp\/v2\/product_tag?post=1997"}],"curies":[{"name":"wp","href":"https:\/\/api.w.org\/{rel}","templated":true}]}}