{"id":2006,"date":"2025-03-24T03:48:29","date_gmt":"2025-03-24T03:48:29","guid":{"rendered":"https:\/\/www.linkceramics.com\/?post_type=product&#038;p=2006"},"modified":"2025-09-22T03:57:34","modified_gmt":"2025-09-22T03:57:34","slug":"bulk-ceramic-flower-vase","status":"publish","type":"product","link":"https:\/\/www.linkceramics.com\/fr\/product\/bulk-ceramic-flower-vase\/","title":{"rendered":"Vase \u00e0 fleurs en c\u00e9ramique en vrac, couleur vert tendre Ornements d'art"},"content":{"rendered":"<div class=\"wp-block-columns is-layout-flex wp-container-core-columns-is-layout-9d6595d7 wp-block-columns-is-layout-flex\">\n<div class=\"wp-block-column is-layout-flow wp-block-column-is-layout-flow\">\n<h3 class=\"wp-block-heading\">Vase \u00e0 fleurs en c\u00e9ramique en vrac Caract\u00e9ristiques :<\/h3>\n\n\n\n<p><strong>Mat\u00e9riaux \u00e9cologiques et non toxiques : <\/strong>Les vases \u00e0 fleurs en c\u00e9ramique sont fabriqu\u00e9s avec de l'argile naturelle et une gla\u00e7ure non toxique. Ils sont sains et s\u00fbrs et peuvent \u00eatre utilis\u00e9s \u00e0 la maison, au bureau et dans tous les lieux commerciaux.<\/p>\n\n\n\n<p><strong>Robuste et durable :<\/strong> Notre vase en c\u00e9ramique de gros est fabriqu\u00e9 en argile de haute qualit\u00e9 cuite \u00e0 haute temp\u00e9rature, il est durable et r\u00e9sistant aux fissures, sa surface est facile \u00e0 nettoyer et convient \u00e0 une utilisation \u00e0 long terme.<\/p>\n\n\n\n<p><strong>Polyvalence d\u00e9corative :<\/strong> Disponibles en trois tailles, ces vases \u00e0 fleurs en c\u00e9ramique en vrac offrent beaucoup d'espace d'exposition, de la biblioth\u00e8que \u00e0 la table basse du salon.<\/p>\n\n\n\n<p><strong>L'attrait esth\u00e9tique :<\/strong> Ces vases \u00e0 fleurs en c\u00e9ramique en vrac sont \u00e9galement de couleur vert clair, avec une fine gla\u00e7ure craquel\u00e9e et de minces motifs de foug\u00e8res pour un attrait touristique.<\/p>\n\n\n\n<p><strong>Capacit\u00e9 de production de masse :<\/strong> En tant que fournisseur et exportateur de vases, nous disposons de machines de pointe et d'un personnel qualifi\u00e9 pour les fabriquer en vrac en fonction de la demande de commandes en gros \u00e9manant du monde entier.<\/p>\n<\/div>\n<\/div>\n\n\n\n<div class=\"wp-block-columns is-layout-flex wp-container-core-columns-is-layout-9d6595d7 wp-block-columns-is-layout-flex\">\n<div class=\"wp-block-column is-layout-flow wp-block-column-is-layout-flow\">\n<figure class=\"wp-block-image size-full\"><img decoding=\"async\" width=\"2843\" height=\"2369\" src=\"https:\/\/www.linkceramics.com\/wp-content\/uploads\/2025\/03\/bulk-ceramic-flower-vase-soft-green-color-art-ornaments-6.webp\" alt=\"bulk-ceramic-flower-vase-soft-green-color-art-ornaments-6\" class=\"wp-image-2566\" srcset=\"https:\/\/www.linkceramics.com\/wp-content\/uploads\/2025\/03\/bulk-ceramic-flower-vase-soft-green-color-art-ornaments-6.webp 2843w, https:\/\/www.linkceramics.com\/wp-content\/uploads\/2025\/03\/bulk-ceramic-flower-vase-soft-green-color-art-ornaments-6-300x250.webp 300w, https:\/\/www.linkceramics.com\/wp-content\/uploads\/2025\/03\/bulk-ceramic-flower-vase-soft-green-color-art-ornaments-6-768x640.webp 768w, https:\/\/www.linkceramics.com\/wp-content\/uploads\/2025\/03\/bulk-ceramic-flower-vase-soft-green-color-art-ornaments-6-14x12.webp 14w, https:\/\/www.linkceramics.com\/wp-content\/uploads\/2025\/03\/bulk-ceramic-flower-vase-soft-green-color-art-ornaments-6-1200x1000.webp 1200w, https:\/\/www.linkceramics.com\/wp-content\/uploads\/2025\/03\/bulk-ceramic-flower-vase-soft-green-color-art-ornaments-6-600x500.webp 600w\" sizes=\"(max-width: 2843px) 100vw, 2843px\" \/><\/figure>\n<\/div>\n\n\n\n<div class=\"wp-block-column is-layout-flow wp-block-column-is-layout-flow\">\n<figure class=\"wp-block-image size-full\"><img decoding=\"async\" width=\"2405\" height=\"2004\" src=\"https:\/\/www.linkceramics.com\/wp-content\/uploads\/2025\/03\/bulk-ceramic-flower-vase-soft-green-color-art-ornaments-5.webp\" alt=\"bulk-ceramic-flower-vase-soft-green-color-art-ornaments-5\" class=\"wp-image-2565\" srcset=\"https:\/\/www.linkceramics.com\/wp-content\/uploads\/2025\/03\/bulk-ceramic-flower-vase-soft-green-color-art-ornaments-5.webp 2405w, https:\/\/www.linkceramics.com\/wp-content\/uploads\/2025\/03\/bulk-ceramic-flower-vase-soft-green-color-art-ornaments-5-300x250.webp 300w, https:\/\/www.linkceramics.com\/wp-content\/uploads\/2025\/03\/bulk-ceramic-flower-vase-soft-green-color-art-ornaments-5-768x640.webp 768w, https:\/\/www.linkceramics.com\/wp-content\/uploads\/2025\/03\/bulk-ceramic-flower-vase-soft-green-color-art-ornaments-5-14x12.webp 14w, https:\/\/www.linkceramics.com\/wp-content\/uploads\/2025\/03\/bulk-ceramic-flower-vase-soft-green-color-art-ornaments-5-1200x1000.webp 1200w, https:\/\/www.linkceramics.com\/wp-content\/uploads\/2025\/03\/bulk-ceramic-flower-vase-soft-green-color-art-ornaments-5-600x500.webp 600w\" sizes=\"(max-width: 2405px) 100vw, 2405px\" \/><\/figure>\n<\/div>\n<\/div>","protected":false},"excerpt":{"rendered":"<p>Nous vous invitons \u00e0 acheter en vrac des vases \u00e0 fleurs en c\u00e9ramique avec des arrangements floraux et des fonctions d\u00e9coratives. Leur texture unique et leur conception artisanale ajoutent une touche artistique et naturelle \u00e0 l'espace et conviennent pour les entr\u00e9es de maison, les ornements de bureau et le stockage d'\u0153uvres d'art.<\/p>\n<h2>Sp\u00e9cification des vases \u00e0 fleurs en c\u00e9ramique en vrac<\/h2>\n<table width=\"1140\">\n<tbody>\n<tr>\n<td width=\"285\">Num\u00e9ro de mod\u00e8le<\/td>\n<td width=\"285\">A37659-LE24-A01<\/td>\n<td width=\"285\">A37659-LE24-A02<\/td>\n<td width=\"285\">A37659-LE24-A03<\/td>\n<\/tr>\n<tr>\n<td>Nom du produit<\/td>\n<td>Vase en c\u00e9ramique<\/td>\n<td>Vase en c\u00e9ramique<\/td>\n<td>Vase en c\u00e9ramique<\/td>\n<\/tr>\n<tr>\n<td>Couleur<\/td>\n<td>Vert<\/td>\n<td>Vert<\/td>\n<td>Vert<\/td>\n<\/tr>\n<tr>\n<td>Mat\u00e9riau<\/td>\n<td>C\u00e9ramique\u00a0<\/td>\n<td>C\u00e9ramique\u00a0<\/td>\n<td>C\u00e9ramique\u00a0<\/td>\n<\/tr>\n<tr>\n<td>Sc\u00e9narios d'utilisation<\/td>\n<td>d\u00e9coration int\u00e9rieure\u00a0<\/td>\n<td>d\u00e9coration int\u00e9rieure\u00a0<\/td>\n<td>d\u00e9coration int\u00e9rieure\u00a0<\/td>\n<\/tr>\n<tr>\n<td>Dimensions<\/td>\n<td>D:15X19.5cm<\/td>\n<td>D:15X15cm<\/td>\n<td>D:11.5X12cm<\/td>\n<\/tr>\n<tr>\n<td>Poids<\/td>\n<td>0,8kg\/pc<\/td>\n<td>0,6kg\/pc<\/td>\n<td>0,3kg\/pc<\/td>\n<\/tr>\n<\/tbody>\n<\/table>","protected":false},"featured_media":2561,"comment_status":"open","ping_status":"closed","template":"","meta":{"_acf_changed":true},"certification":[63,64,66,65,61,60,62],"product_brand":[],"product_cat":[37,17],"product_tag":[],"class_list":{"0":"post-2006","1":"product","2":"type-product","3":"status-publish","4":"has-post-thumbnail","6":"certification-amfori","7":"certification-bsci","8":"certification-cnas","9":"certification-iaf","10":"certification-iso-14001","11":"certification-iso-45001","12":"certification-iso-9001","13":"product_cat-decorative-ceramic-wholesale","14":"product_cat-ceramic-vases-wholesale","16":"first","17":"instock","18":"shipping-taxable","19":"product-type-simple"},"acf":[],"_links":{"self":[{"href":"https:\/\/www.linkceramics.com\/fr\/wp-json\/wp\/v2\/product\/2006","targetHints":{"allow":["GET"]}}],"collection":[{"href":"https:\/\/www.linkceramics.com\/fr\/wp-json\/wp\/v2\/product"}],"about":[{"href":"https:\/\/www.linkceramics.com\/fr\/wp-json\/wp\/v2\/types\/product"}],"replies":[{"embeddable":true,"href":"https:\/\/www.linkceramics.com\/fr\/wp-json\/wp\/v2\/comments?post=2006"}],"wp:featuredmedia":[{"embeddable":true,"href":"https:\/\/www.linkceramics.com\/fr\/wp-json\/wp\/v2\/media\/2561"}],"wp:attachment":[{"href":"https:\/\/www.linkceramics.com\/fr\/wp-json\/wp\/v2\/media?parent=2006"}],"wp:term":[{"taxonomy":"certification","embeddable":true,"href":"https:\/\/www.linkceramics.com\/fr\/wp-json\/wp\/v2\/certification?post=2006"},{"taxonomy":"product_brand","embeddable":true,"href":"https:\/\/www.linkceramics.com\/fr\/wp-json\/wp\/v2\/product_brand?post=2006"},{"taxonomy":"product_cat","embeddable":true,"href":"https:\/\/www.linkceramics.com\/fr\/wp-json\/wp\/v2\/product_cat?post=2006"},{"taxonomy":"product_tag","embeddable":true,"href":"https:\/\/www.linkceramics.com\/fr\/wp-json\/wp\/v2\/product_tag?post=2006"}],"curies":[{"name":"wp","href":"https:\/\/api.w.org\/{rel}","templated":true}]}}