{"id":2014,"date":"2025-03-31T07:18:52","date_gmt":"2025-03-31T07:18:52","guid":{"rendered":"https:\/\/www.linkceramics.com\/?post_type=product&#038;p=2014"},"modified":"2025-10-08T02:00:42","modified_gmt":"2025-10-08T02:00:42","slug":"bulk-ceramic-dinner-plates","status":"publish","type":"product","link":"https:\/\/www.linkceramics.com\/fr\/product\/bulk-ceramic-dinner-plates\/","title":{"rendered":"Assiettes \u00e0 d\u00eener en c\u00e9ramique en vrac, Assiettes profondes de 8 pouces en gros"},"content":{"rendered":"<div class=\"wp-block-columns is-layout-flex wp-container-core-columns-is-layout-9d6595d7 wp-block-columns-is-layout-flex\">\n<div class=\"wp-block-column is-layout-flow wp-block-column-is-layout-flow\" style=\"flex-basis:50%\">\n<h3 class=\"wp-block-heading\">Assiettes \u00e0 d\u00eener en c\u00e9ramique en vrac Caract\u00e9ristiques :<\/h3>\n\n\n\n<p><strong>Mat\u00e9riau c\u00e9ramique durable<\/strong> - Fabriqu\u00e9 en c\u00e9ramique, il est durable, ne s'\u00e9br\u00e8che pas et ne se casse pas facilement. Il convient \u00e0 un usage quotidien et \u00e0 une utilisation \u00e0 long terme.<\/p>\n\n\n\n<p><strong>Facile \u00e0 nettoyer<\/strong> - La surface de l'assiette en c\u00e9ramique en vrac ne se tache pas facilement. Elle est facile \u00e0 nettoyer manuellement ou \u00e0 mettre au lave-vaisselle pour gagner du temps.<\/p>\n\n\n\n<p><strong>Artisanat sous gla\u00e7ure<\/strong> - Les \u00e9l\u00e9ments du design de ces assiettes \u00e0 d\u00eener en c\u00e9ramique en vrac sont noy\u00e9s sous une couche de gla\u00e7ure lorsqu'ils sont estamp\u00e9s dans le produit, ce qui garantit la p\u00e9rennit\u00e9 des couleurs brillantes ainsi qu'une surface lisse et sans joint qui reste intacte et non endommag\u00e9e apr\u00e8s un lavage et une utilisation continus.<\/p>\n\n\n\n<p><strong>Conception pratique de plaques profondes<\/strong> - La profondeur de l'assiette de 8 pouces et la capacit\u00e9 des parois permettent d'\u00e9viter les \u00e9claboussures, ce qui en fait une assiette id\u00e9ale pour tous les types de plats en sauce de la culture chinoise ou occidentale, pour les f\u00eates ou les d\u00eeners !<\/p>\n\n\n\n<p><strong>Luck Pomegranate Design<\/strong> - Le motif de grenade rouge sur chaque assiette a une signification de r\u00e9union et de festin, apportant un \u00e9l\u00e9ment culturel \u00e0 l'exp\u00e9rience d'un d\u00eener ou d'une f\u00eate.<\/p>\n<\/div>\n\n\n\n<div class=\"wp-block-column is-layout-flow wp-block-column-is-layout-flow\" style=\"flex-basis:50%\">\n<figure class=\"wp-block-image size-full\"><img decoding=\"async\" width=\"800\" height=\"800\" src=\"https:\/\/www.linkceramics.com\/wp-content\/uploads\/2025\/03\/bulk-ceramic-dinner-plates-wholesale-8-inch-deep-plates-3.webp\" alt=\"bulk-ceramic-dinner-plates-wholesale-8-inch-deep-plates-3\" class=\"wp-image-2719\" srcset=\"https:\/\/www.linkceramics.com\/wp-content\/uploads\/2025\/03\/bulk-ceramic-dinner-plates-wholesale-8-inch-deep-plates-3.webp 800w, https:\/\/www.linkceramics.com\/wp-content\/uploads\/2025\/03\/bulk-ceramic-dinner-plates-wholesale-8-inch-deep-plates-3-300x300.webp 300w, https:\/\/www.linkceramics.com\/wp-content\/uploads\/2025\/03\/bulk-ceramic-dinner-plates-wholesale-8-inch-deep-plates-3-150x150.webp 150w, https:\/\/www.linkceramics.com\/wp-content\/uploads\/2025\/03\/bulk-ceramic-dinner-plates-wholesale-8-inch-deep-plates-3-768x768.webp 768w, https:\/\/www.linkceramics.com\/wp-content\/uploads\/2025\/03\/bulk-ceramic-dinner-plates-wholesale-8-inch-deep-plates-3-12x12.webp 12w, https:\/\/www.linkceramics.com\/wp-content\/uploads\/2025\/03\/bulk-ceramic-dinner-plates-wholesale-8-inch-deep-plates-3-600x600.webp 600w, https:\/\/www.linkceramics.com\/wp-content\/uploads\/2025\/03\/bulk-ceramic-dinner-plates-wholesale-8-inch-deep-plates-3-100x100.webp 100w\" sizes=\"(max-width: 800px) 100vw, 800px\" \/><\/figure>\n<\/div>\n<\/div>","protected":false},"excerpt":{"rendered":"<p>Nous vous invitons \u00e0 acheter nos assiettes \u00e0 d\u00eener en c\u00e9ramique en gros. Ces assiettes profondes de 8 pouces en gros pr\u00e9sentent un motif de grenade vibrant et durable. Con\u00e7ues pour les soupes, les plats de p\u00e2tes, les saut\u00e9s et autres plats \u00e0 base de sauce. Les mat\u00e9riaux respectueux de l'environnement r\u00e9pondent aux normes de s\u00e9curit\u00e9 alimentaire, les surfaces lisses sont faciles \u00e0 nettoyer et les utilisations multifonctionnelles r\u00e9pondent \u00e0 une vari\u00e9t\u00e9 de sc\u00e9narios de repas. Contactez-nous pour un devis gratuit !<\/p>\n<h2>Assiettes \u00e0 d\u00eener en c\u00e9ramique Param\u00e8tre :<\/h2>\n<table border=\"0\" width=\"370\" cellspacing=\"0\" cellpadding=\"0\">\n<tbody>\n<tr>\n<td width=\"139\" height=\"18\">Fabricant<\/td>\n<td width=\"231\">SOLECASA<\/td>\n<\/tr>\n<tr>\n<td width=\"139\" height=\"18\">Collection Appartenance<\/td>\n<td width=\"231\">Fleur cramoisie<\/td>\n<\/tr>\n<tr>\n<td width=\"139\" height=\"18\">Type de produit<\/td>\n<td width=\"231\">Assiette creuse 8\u2033 en \u00e9mail<\/td>\n<\/tr>\n<tr>\n<td width=\"139\" height=\"18\">Num\u00e9ro de mod\u00e8le<\/td>\n<td width=\"231\">15540#9S1115-XR<\/td>\n<\/tr>\n<tr>\n<td width=\"139\" height=\"18\">Mat\u00e9riau<\/td>\n<td width=\"231\">Porcelaine<\/td>\n<\/tr>\n<tr>\n<td width=\"139\" height=\"18\">Dimension<\/td>\n<td width=\"231\">204mm<\/td>\n<\/tr>\n<tr>\n<td width=\"139\" height=\"18\">MOQ<\/td>\n<td width=\"231\">Faible MOQ<\/td>\n<\/tr>\n<tr>\n<td width=\"139\" height=\"18\">\u00c9chantillon gratuit<\/td>\n<td width=\"231\">Disponible<\/td>\n<\/tr>\n<tr>\n<td width=\"139\" height=\"18\">Option personnalis\u00e9e<\/td>\n<td width=\"231\">Couleur\/Taille\/Glaze\/Logo\/Emballage<\/td>\n<\/tr>\n<\/tbody>\n<\/table>","protected":false},"featured_media":2717,"comment_status":"open","ping_status":"closed","template":"","meta":{"_acf_changed":false},"certification":[66,58,65,61,60,62,57],"product_brand":[],"product_cat":[34,18],"product_tag":[],"class_list":{"0":"post-2014","1":"product","2":"type-product","3":"status-publish","4":"has-post-thumbnail","6":"certification-cnas","7":"certification-fda","8":"certification-iaf","9":"certification-iso-14001","10":"certification-iso-45001","11":"certification-iso-9001","12":"certification-lfgb","13":"product_cat-custom-household-ceramics","14":"product_cat-ceramic-tableware-wholesale","16":"first","17":"instock","18":"shipping-taxable","19":"product-type-simple"},"acf":[],"_links":{"self":[{"href":"https:\/\/www.linkceramics.com\/fr\/wp-json\/wp\/v2\/product\/2014","targetHints":{"allow":["GET"]}}],"collection":[{"href":"https:\/\/www.linkceramics.com\/fr\/wp-json\/wp\/v2\/product"}],"about":[{"href":"https:\/\/www.linkceramics.com\/fr\/wp-json\/wp\/v2\/types\/product"}],"replies":[{"embeddable":true,"href":"https:\/\/www.linkceramics.com\/fr\/wp-json\/wp\/v2\/comments?post=2014"}],"wp:featuredmedia":[{"embeddable":true,"href":"https:\/\/www.linkceramics.com\/fr\/wp-json\/wp\/v2\/media\/2717"}],"wp:attachment":[{"href":"https:\/\/www.linkceramics.com\/fr\/wp-json\/wp\/v2\/media?parent=2014"}],"wp:term":[{"taxonomy":"certification","embeddable":true,"href":"https:\/\/www.linkceramics.com\/fr\/wp-json\/wp\/v2\/certification?post=2014"},{"taxonomy":"product_brand","embeddable":true,"href":"https:\/\/www.linkceramics.com\/fr\/wp-json\/wp\/v2\/product_brand?post=2014"},{"taxonomy":"product_cat","embeddable":true,"href":"https:\/\/www.linkceramics.com\/fr\/wp-json\/wp\/v2\/product_cat?post=2014"},{"taxonomy":"product_tag","embeddable":true,"href":"https:\/\/www.linkceramics.com\/fr\/wp-json\/wp\/v2\/product_tag?post=2014"}],"curies":[{"name":"wp","href":"https:\/\/api.w.org\/{rel}","templated":true}]}}