{"id":2019,"date":"2025-03-31T07:49:47","date_gmt":"2025-03-31T07:49:47","guid":{"rendered":"https:\/\/www.linkceramics.com\/?post_type=product&#038;p=2019"},"modified":"2025-09-22T08:27:24","modified_gmt":"2025-09-22T08:27:24","slug":"wholesale-ceramic-wax-warmer","status":"publish","type":"product","link":"https:\/\/www.linkceramics.com\/fr\/product\/wholesale-ceramic-wax-warmer\/","title":{"rendered":"Chauffe-cire en c\u00e9ramique, Diffuseurs d'huiles essentielles en vrac"},"content":{"rendered":"<div class=\"wp-block-columns is-layout-flex wp-container-core-columns-is-layout-9d6595d7 wp-block-columns-is-layout-flex\">\n<div class=\"wp-block-column is-layout-flow wp-block-column-is-layout-flow\" style=\"flex-basis:50%\">\n<h3 class=\"wp-block-heading\">Chauffe-cire en c\u00e9ramique Wholesale Caract\u00e9ristiques :<\/h3>\n\n\n\n<p><strong>Qualit\u00e9 de l'ex\u00e9cution C\u00e9ramique :<\/strong> Notre chauffe-cire en c\u00e9ramique est fabriqu\u00e9 \u00e0 partir d'une c\u00e9ramique de la plus haute qualit\u00e9, qui garantit la long\u00e9vit\u00e9 du produit \u00e0 la chaleur et lui conf\u00e8re une finition soyeuse, semblable \u00e0 celle d'un miroir, qui s'harmonise avec n'importe quel d\u00e9cor.<\/p>\n\n\n\n<p><strong>Facile \u00e0 utiliser et \u00e0 nettoyer :<\/strong> La petite taille du chauffe-cire en c\u00e9ramique permet d'y placer facilement des cires fondues ou une bougie, tandis que le mat\u00e9riau en c\u00e9ramique facilite le nettoyage apr\u00e8s utilisation.<\/p>\n\n\n\n<p><strong>Diverses couleurs :<\/strong> Ces diffuseurs d'huiles essentielles en gros sont disponibles en diff\u00e9rentes couleurs, comme le blanc pur, le noir pur, le vert et les taches noires, le blanc et les taches noires, et les taches color\u00e9es et le blanc. Ils sont \u00e9l\u00e9gants et de conception moderne et peuvent \u00eatre utilis\u00e9s pour s'adapter \u00e0 des d\u00e9cors vari\u00e9s.<\/p>\n\n\n\n<p><strong>Structure pratique :<\/strong> Ces diffuseurs de parfum en c\u00e9ramique en vrac se composent de trois parties. La partie sup\u00e9rieure est un r\u00e9cipient en forme de bol pour les huiles essentielles, la partie inf\u00e9rieure est une base avec une cavit\u00e9 ronde et un petit plateau en forme de cuill\u00e8re avec une poign\u00e9e pour placer les bougies chauffe-plat.<\/p>\n\n\n\n<p><strong>Douceur Expansion du parfum :<\/strong> Ces diffuseurs d'huiles essentielles en gros sont simples \u00e0 utiliser. Il suffit de verser de l'huile essentielle dans le bol sup\u00e9rieur et d'allumer la bougie \u00e0 r\u00e9chaud situ\u00e9e en dessous. La chaleur de la bougie vaporisera l'huile essentielle et l'\u00e9tendra, dispersant lentement le parfum et favorisant une ambiance relaxante.<\/p>\n<\/div>\n\n\n\n<div class=\"wp-block-column is-layout-flow wp-block-column-is-layout-flow\" style=\"flex-basis:50%\">\n<figure class=\"wp-block-image size-full\"><img decoding=\"async\" width=\"800\" height=\"800\" src=\"https:\/\/www.linkceramics.com\/wp-content\/uploads\/2025\/03\/wholesale-ceramic-wax-warmer-essential-oil-diffusers-bulk-5.webp\" alt=\"grossiste-c\u00e9ramique-cire-artificielle-huilesessentielles-diffuseurs-bulk-5\" class=\"wp-image-2580\" srcset=\"https:\/\/www.linkceramics.com\/wp-content\/uploads\/2025\/03\/wholesale-ceramic-wax-warmer-essential-oil-diffusers-bulk-5.webp 800w, https:\/\/www.linkceramics.com\/wp-content\/uploads\/2025\/03\/wholesale-ceramic-wax-warmer-essential-oil-diffusers-bulk-5-300x300.webp 300w, https:\/\/www.linkceramics.com\/wp-content\/uploads\/2025\/03\/wholesale-ceramic-wax-warmer-essential-oil-diffusers-bulk-5-150x150.webp 150w, https:\/\/www.linkceramics.com\/wp-content\/uploads\/2025\/03\/wholesale-ceramic-wax-warmer-essential-oil-diffusers-bulk-5-768x768.webp 768w, https:\/\/www.linkceramics.com\/wp-content\/uploads\/2025\/03\/wholesale-ceramic-wax-warmer-essential-oil-diffusers-bulk-5-12x12.webp 12w, https:\/\/www.linkceramics.com\/wp-content\/uploads\/2025\/03\/wholesale-ceramic-wax-warmer-essential-oil-diffusers-bulk-5-600x600.webp 600w, https:\/\/www.linkceramics.com\/wp-content\/uploads\/2025\/03\/wholesale-ceramic-wax-warmer-essential-oil-diffusers-bulk-5-100x100.webp 100w\" sizes=\"(max-width: 800px) 100vw, 800px\" \/><\/figure>\n<\/div>\n<\/div>","protected":false},"excerpt":{"rendered":"<p>Nous vous invitons \u00e0 acheter des diffuseurs de parfum en c\u00e9ramique en gros. Nos diffuseurs de cire en c\u00e9ramique en gros sont pratiques, s\u00fbrs et faciles \u00e0 utiliser. Parfait pour cr\u00e9er une ambiance chaleureuse, durable et sp\u00e9cialement con\u00e7u pour compl\u00e9ter n'importe quel d\u00e9cor d'int\u00e9rieur.<\/p>\n<h2>Chauffe-cire c\u00e9ramique en gros Param\u00e8tres :<\/h2>\n<table border=\"0\" width=\"476\" cellspacing=\"0\" cellpadding=\"0\">\n<tbody>\n<tr>\n<td width=\"187\" height=\"29\">Fabricant<\/td>\n<td width=\"289\">JINHUA<\/td>\n<\/tr>\n<tr>\n<td height=\"29\">Num\u00e9ro de mod\u00e8le<\/td>\n<td>JHC52<\/td>\n<\/tr>\n<tr>\n<td height=\"29\">Conception<\/td>\n<td>Forme cylindrique<\/td>\n<\/tr>\n<tr>\n<td height=\"29\">Mat\u00e9riau<\/td>\n<td>C\u00e9ramique<\/td>\n<\/tr>\n<tr>\n<td height=\"29\">Couleur<\/td>\n<td width=\"289\">Noir, blanc, vert<\/td>\n<\/tr>\n<tr>\n<td height=\"29\">Sur mesure<\/td>\n<td>Couleur\/Taille\/Logo\/Emballage<\/td>\n<\/tr>\n<tr>\n<td height=\"29\">MOQ<\/td>\n<td>500pcs<\/td>\n<\/tr>\n<tr>\n<td height=\"29\">Dimension<\/td>\n<td width=\"289\">9.5*9.5*11cm<\/td>\n<\/tr>\n<\/tbody>\n<\/table>","protected":false},"featured_media":2579,"comment_status":"open","ping_status":"closed","template":"","meta":{"_acf_changed":false},"certification":[63,64,66,58,65,61,60,62,57],"product_brand":[],"product_cat":[37,16],"product_tag":[],"class_list":{"0":"post-2019","1":"product","2":"type-product","3":"status-publish","4":"has-post-thumbnail","6":"certification-amfori","7":"certification-bsci","8":"certification-cnas","9":"certification-fda","10":"certification-iaf","11":"certification-iso-14001","12":"certification-iso-45001","13":"certification-iso-9001","14":"certification-lfgb","15":"product_cat-decorative-ceramic-wholesale","16":"product_cat-ceramic-candle-holder","18":"first","19":"instock","20":"shipping-taxable","21":"product-type-simple"},"acf":[],"_links":{"self":[{"href":"https:\/\/www.linkceramics.com\/fr\/wp-json\/wp\/v2\/product\/2019","targetHints":{"allow":["GET"]}}],"collection":[{"href":"https:\/\/www.linkceramics.com\/fr\/wp-json\/wp\/v2\/product"}],"about":[{"href":"https:\/\/www.linkceramics.com\/fr\/wp-json\/wp\/v2\/types\/product"}],"replies":[{"embeddable":true,"href":"https:\/\/www.linkceramics.com\/fr\/wp-json\/wp\/v2\/comments?post=2019"}],"wp:featuredmedia":[{"embeddable":true,"href":"https:\/\/www.linkceramics.com\/fr\/wp-json\/wp\/v2\/media\/2579"}],"wp:attachment":[{"href":"https:\/\/www.linkceramics.com\/fr\/wp-json\/wp\/v2\/media?parent=2019"}],"wp:term":[{"taxonomy":"certification","embeddable":true,"href":"https:\/\/www.linkceramics.com\/fr\/wp-json\/wp\/v2\/certification?post=2019"},{"taxonomy":"product_brand","embeddable":true,"href":"https:\/\/www.linkceramics.com\/fr\/wp-json\/wp\/v2\/product_brand?post=2019"},{"taxonomy":"product_cat","embeddable":true,"href":"https:\/\/www.linkceramics.com\/fr\/wp-json\/wp\/v2\/product_cat?post=2019"},{"taxonomy":"product_tag","embeddable":true,"href":"https:\/\/www.linkceramics.com\/fr\/wp-json\/wp\/v2\/product_tag?post=2019"}],"curies":[{"name":"wp","href":"https:\/\/api.w.org\/{rel}","templated":true}]}}