{"id":2035,"date":"2025-04-06T09:38:33","date_gmt":"2025-04-06T09:38:33","guid":{"rendered":"https:\/\/www.linkceramics.com\/?post_type=product&#038;p=2035"},"modified":"2025-09-30T10:09:36","modified_gmt":"2025-09-30T10:09:36","slug":"ceramic-bathroom-accessories-set-wholesale","status":"publish","type":"product","link":"https:\/\/www.linkceramics.com\/fr\/product\/ceramic-bathroom-accessories-set-wholesale\/","title":{"rendered":"Set d'accessoires de salle de bain de luxe en c\u00e9ramique Wholesale en style romain"},"content":{"rendered":"<div class=\"wp-block-columns is-layout-flex wp-container-core-columns-is-layout-9d6595d7 wp-block-columns-is-layout-flex\">\n<div class=\"wp-block-column is-layout-flow wp-block-column-is-layout-flow\" style=\"flex-basis:50%\">\n<h3 class=\"wp-block-heading\">Ensemble d'accessoires de salle de bains Wholesale Caract\u00e9ristiques :<\/h3>\n\n\n\n<p><strong>Qualit\u00e9 exceptionnelle : <\/strong>Notre ensemble d'accessoires de salle de bains en c\u00e9ramique de luxe est fabriqu\u00e9 avec une qualit\u00e9 exceptionnelle, en tenant compte de chaque aspect du processus de conception et de production, ce qui garantit \u00e0 la fois la qualit\u00e9 et l'aspect luxueux de l'ensemble.<\/p>\n\n\n\n<p><strong>Un design exceptionnel :<\/strong> Cet ensemble d'accessoires de salle de bains en gros est compos\u00e9 de c\u00e9ramiques blanches classiques avec un motif classique qui donne une impression intemporelle de style romain et remplit l'espace de la salle de bains d'\u00e9l\u00e9gance et d'un magnifique temp\u00e9rament historique.<\/p>\n\n\n\n<p><strong>Combinaison de plusieurs pi\u00e8ces : <\/strong>L'ensemble d'accessoires de salle de bain en gros comprend des articles de toilette couramment utilis\u00e9s, tels que des bo\u00eetes \u00e0 savon, des gobelets de bain de bouche et des flacons de d\u00e9sinfectant pour les mains.<\/p>\n\n\n\n<p><strong>Nettoyage facile :<\/strong> L'ensemble d'accessoires de salle de bains en gros est cr\u00e9\u00e9 avec une surface lisse et antisalissure, ce qui le rend facile \u00e0 nettoyer. Il suffit d'un coup de chiffon doux pour le nettoyer tous les jours, ce qui permet d'\u00e9conomiser de l'\u00e9nergie et du temps.<\/p>\n\n\n\n<p><strong>Prix comp\u00e9titifs :<\/strong> En tant que fabricant d'accessoires de salle de bain, nous pouvons proposer des accessoires de salle de bain en c\u00e9ramique en gros \u00e0 des prix comp\u00e9titifs qui permettent aux clients d'acheter des accessoires de salle de bain en c\u00e9ramique de luxe de haute qualit\u00e9 \u00e0 bas prix.<\/p>\n<\/div>\n\n\n\n<div class=\"wp-block-column is-layout-flow wp-block-column-is-layout-flow\" style=\"flex-basis:50%\">\n<figure class=\"wp-block-image size-full\"><img decoding=\"async\" width=\"1500\" height=\"1500\" src=\"https:\/\/www.linkceramics.com\/wp-content\/uploads\/2025\/04\/luxury-ceramic-bathroom-accessories-set-wholesale-in-roman-style-2.webp\" alt=\"set-accessoires-de-salle-de-bain-en-ceramique-de-luxe-wholesale-in-roman-style-2\" class=\"wp-image-2705\" srcset=\"https:\/\/www.linkceramics.com\/wp-content\/uploads\/2025\/04\/luxury-ceramic-bathroom-accessories-set-wholesale-in-roman-style-2.webp 1500w, https:\/\/www.linkceramics.com\/wp-content\/uploads\/2025\/04\/luxury-ceramic-bathroom-accessories-set-wholesale-in-roman-style-2-300x300.webp 300w, https:\/\/www.linkceramics.com\/wp-content\/uploads\/2025\/04\/luxury-ceramic-bathroom-accessories-set-wholesale-in-roman-style-2-150x150.webp 150w, https:\/\/www.linkceramics.com\/wp-content\/uploads\/2025\/04\/luxury-ceramic-bathroom-accessories-set-wholesale-in-roman-style-2-768x768.webp 768w, https:\/\/www.linkceramics.com\/wp-content\/uploads\/2025\/04\/luxury-ceramic-bathroom-accessories-set-wholesale-in-roman-style-2-12x12.webp 12w, https:\/\/www.linkceramics.com\/wp-content\/uploads\/2025\/04\/luxury-ceramic-bathroom-accessories-set-wholesale-in-roman-style-2-1200x1200.webp 1200w, https:\/\/www.linkceramics.com\/wp-content\/uploads\/2025\/04\/luxury-ceramic-bathroom-accessories-set-wholesale-in-roman-style-2-600x600.webp 600w, https:\/\/www.linkceramics.com\/wp-content\/uploads\/2025\/04\/luxury-ceramic-bathroom-accessories-set-wholesale-in-roman-style-2-100x100.webp 100w\" sizes=\"(max-width: 1500px) 100vw, 1500px\" \/><\/figure>\n<\/div>\n<\/div>","protected":false},"excerpt":{"rendered":"<p>Nous achetons en gros des accessoires de salle de bain en c\u00e9ramique dans une vari\u00e9t\u00e9 de designs. Notre collection d'accessoires de salle de bain en c\u00e9ramique de luxe comprend des mat\u00e9riaux de haute qualit\u00e9 avec une large gamme de s\u00e9lections et des prix raisonnables. Ils sont s\u00fbrs, \u00e9cologiques, faciles \u00e0 nettoyer et peuvent facilement \u00eatre utilis\u00e9s dans divers sc\u00e9narios de la maison et de l'h\u00f4tel.<\/p>\n<h2>Ensemble d'accessoires de salle de bains Param\u00e8tres de gros :<\/h2>\n<table border=\"0\" width=\"476\" cellspacing=\"0\" cellpadding=\"0\">\n<tbody>\n<tr>\n<td width=\"187\" height=\"29\">Fabricant<\/td>\n<td width=\"289\">JINHUA<\/td>\n<\/tr>\n<tr>\n<td height=\"29\">Num\u00e9ro de mod\u00e8le<\/td>\n<td>JHB08<\/td>\n<\/tr>\n<tr>\n<td height=\"29\">Type<\/td>\n<td width=\"289\">Ensemble de quatre pi\u00e8ces<\/td>\n<\/tr>\n<tr>\n<td height=\"29\">Mat\u00e9riau<\/td>\n<td>C\u00e9ramique<\/td>\n<\/tr>\n<tr>\n<td height=\"29\">Couleur<\/td>\n<td width=\"289\">Blanc<\/td>\n<\/tr>\n<tr>\n<td height=\"29\">Sur mesure<\/td>\n<td>Couleur\/Taille\/Logo\/Emballage<\/td>\n<\/tr>\n<tr>\n<td height=\"29\">MOQ<\/td>\n<td>500sets<\/td>\n<\/tr>\n<tr>\n<td height=\"174\">Dimension<\/td>\n<td width=\"289\">gobelet : 7,6*7,6*9,5cm<br \/>distributeur de savon : 7.5*7.5*17cm<br \/>support pour brosse \u00e0 dents : 13*6.5*9cm<br \/>porte-savon : 12*8.5*2cm<\/td>\n<\/tr>\n<\/tbody>\n<\/table>","protected":false},"featured_media":2706,"comment_status":"open","ping_status":"closed","template":"","meta":{"_acf_changed":true},"certification":[63,64,66,58,65,61,60,62,57],"product_brand":[],"product_cat":[35,22],"product_tag":[],"class_list":{"0":"post-2035","1":"product","2":"type-product","3":"status-publish","4":"has-post-thumbnail","6":"certification-amfori","7":"certification-bsci","8":"certification-cnas","9":"certification-fda","10":"certification-iaf","11":"certification-iso-14001","12":"certification-iso-45001","13":"certification-iso-9001","14":"certification-lfgb","15":"product_cat-bathroom-ceramics-supply","16":"product_cat-ceramic-bathroom-set","18":"first","19":"instock","20":"shipping-taxable","21":"product-type-simple"},"acf":[],"_links":{"self":[{"href":"https:\/\/www.linkceramics.com\/fr\/wp-json\/wp\/v2\/product\/2035","targetHints":{"allow":["GET"]}}],"collection":[{"href":"https:\/\/www.linkceramics.com\/fr\/wp-json\/wp\/v2\/product"}],"about":[{"href":"https:\/\/www.linkceramics.com\/fr\/wp-json\/wp\/v2\/types\/product"}],"replies":[{"embeddable":true,"href":"https:\/\/www.linkceramics.com\/fr\/wp-json\/wp\/v2\/comments?post=2035"}],"wp:featuredmedia":[{"embeddable":true,"href":"https:\/\/www.linkceramics.com\/fr\/wp-json\/wp\/v2\/media\/2706"}],"wp:attachment":[{"href":"https:\/\/www.linkceramics.com\/fr\/wp-json\/wp\/v2\/media?parent=2035"}],"wp:term":[{"taxonomy":"certification","embeddable":true,"href":"https:\/\/www.linkceramics.com\/fr\/wp-json\/wp\/v2\/certification?post=2035"},{"taxonomy":"product_brand","embeddable":true,"href":"https:\/\/www.linkceramics.com\/fr\/wp-json\/wp\/v2\/product_brand?post=2035"},{"taxonomy":"product_cat","embeddable":true,"href":"https:\/\/www.linkceramics.com\/fr\/wp-json\/wp\/v2\/product_cat?post=2035"},{"taxonomy":"product_tag","embeddable":true,"href":"https:\/\/www.linkceramics.com\/fr\/wp-json\/wp\/v2\/product_tag?post=2035"}],"curies":[{"name":"wp","href":"https:\/\/api.w.org\/{rel}","templated":true}]}}