{"id":2039,"date":"2025-04-06T09:58:58","date_gmt":"2025-04-06T09:58:58","guid":{"rendered":"https:\/\/www.linkceramics.com\/?post_type=product&#038;p=2039"},"modified":"2025-09-23T01:42:20","modified_gmt":"2025-09-23T01:42:20","slug":"wholesale-ceramic-dinnerware","status":"publish","type":"product","link":"https:\/\/www.linkceramics.com\/fr\/product\/wholesale-ceramic-dinnerware\/","title":{"rendered":"Lovely Cherry Pattern Wholesale Ceramic Dinnerware Bulk Supply"},"content":{"rendered":"<div class=\"wp-block-columns is-layout-flex wp-container-core-columns-is-layout-9d6595d7 wp-block-columns-is-layout-flex\">\n<div class=\"wp-block-column is-layout-flow wp-block-column-is-layout-flow\" style=\"flex-basis:50%\">\n<h3 class=\"wp-block-heading\">Vaisselle en c\u00e9ramique en gros Caract\u00e9ristiques :<\/h3>\n\n\n\n<p><strong>Le design de la cerise est doux et beau, attrayant et agr\u00e9able :<\/strong> Nos services de vaisselle en gros pr\u00e9sentent des motifs de cerises rouges et roses sur la surface, ce qui est naturel et frais, beau et tr\u00e8s populaire parmi les jeunes consommateurs.<\/p>\n\n\n\n<p><strong>Porcelaine de haute qualit\u00e9, blanche et d\u00e9licate : <\/strong>Cette vaisselle blanche est fabriqu\u00e9e \u00e0 partir d'argile porcelaine de haute qualit\u00e9 cuite \u00e0 haute temp\u00e9rature. L'\u00e9mail est blanc et lisse, et le toucher est chaud. Elle est \u00e0 la fois pratique et esth\u00e9tique, et am\u00e9liore l'exp\u00e9rience globale du repas.<\/p>\n\n\n\n<p><strong>Diverses combinaisons, pratiques et compl\u00e8tes :<\/strong> Nos services de vaisselle en c\u00e9ramique comprennent des assiettes, des bols et des tasses de diff\u00e9rentes sp\u00e9cifications, qui peuvent \u00eatre assortis de mani\u00e8re flexible aux repas quotidiens ou au th\u00e9 de l'apr\u00e8s-midi afin de r\u00e9pondre aux diff\u00e9rents besoins d'utilisation.<\/p>\n\n\n\n<p><strong>Soutien au commerce de gros et aux services personnalis\u00e9s : <\/strong>LovingHome propose la vente en gros de vaisselle blanche, et peut personnaliser les motifs, les styles et les emballages en fonction des besoins du client, ce qui convient \u00e0 la personnalisation de la marque et \u00e0 la correspondance commerciale.<\/p>\n\n\n\n<p><strong>Empilage \u00e0 faible encombrement : <\/strong>La vaisselle en c\u00e9ramique de gros n'est pas encombrante, est de taille raisonnable, ne prend pas de place et peut \u00eatre utilis\u00e9e dans les cuisines des entreprises et des particuliers.<\/p>\n\n\n\n<p><strong>Glace anti-usure et anti-rayures :<\/strong> L'\u00e9mail de la vaisselle en c\u00e9ramique de gros est fin et soyeux, doux au toucher, peu enclin \u00e0 se rayer ou \u00e0 retenir les r\u00e9sidus alimentaires, et reste propre et beau pendant longtemps.<\/p>\n<\/div>\n\n\n\n<div class=\"wp-block-column is-layout-flow wp-block-column-is-layout-flow\" style=\"flex-basis:50%\">\n<figure class=\"wp-block-image size-full\"><img decoding=\"async\" width=\"1200\" height=\"1200\" src=\"https:\/\/www.linkceramics.com\/wp-content\/uploads\/2025\/04\/lovely-cherry-pattern-wholesale-ceramic-dinnerware-bulk-supply-7.webp\" alt=\"lovely-cherry-pattern-wholesale-ceramic-dinnerware-bulk-supply-7\" class=\"wp-image-2622\" srcset=\"https:\/\/www.linkceramics.com\/wp-content\/uploads\/2025\/04\/lovely-cherry-pattern-wholesale-ceramic-dinnerware-bulk-supply-7.webp 1200w, https:\/\/www.linkceramics.com\/wp-content\/uploads\/2025\/04\/lovely-cherry-pattern-wholesale-ceramic-dinnerware-bulk-supply-7-300x300.webp 300w, https:\/\/www.linkceramics.com\/wp-content\/uploads\/2025\/04\/lovely-cherry-pattern-wholesale-ceramic-dinnerware-bulk-supply-7-150x150.webp 150w, https:\/\/www.linkceramics.com\/wp-content\/uploads\/2025\/04\/lovely-cherry-pattern-wholesale-ceramic-dinnerware-bulk-supply-7-768x768.webp 768w, https:\/\/www.linkceramics.com\/wp-content\/uploads\/2025\/04\/lovely-cherry-pattern-wholesale-ceramic-dinnerware-bulk-supply-7-12x12.webp 12w, https:\/\/www.linkceramics.com\/wp-content\/uploads\/2025\/04\/lovely-cherry-pattern-wholesale-ceramic-dinnerware-bulk-supply-7-600x600.webp 600w, https:\/\/www.linkceramics.com\/wp-content\/uploads\/2025\/04\/lovely-cherry-pattern-wholesale-ceramic-dinnerware-bulk-supply-7-100x100.webp 100w\" sizes=\"(max-width: 1200px) 100vw, 1200px\" \/><\/figure>\n<\/div>\n<\/div>","protected":false},"excerpt":{"rendered":"<p>Bienvenue sur le site d'achat en gros de vaisselle en c\u00e9ramique. Cette magnifique vaisselle blanche \u00e0 motifs de cerises est fra\u00eeche et douce, pleine de vigueur. L'ensemble se compose d'assiettes, de bols et de tasses avec diff\u00e9rentes sp\u00e9cifications, convenant \u00e0 la maison, aux restaurants de desserts, aux caf\u00e9s et \u00e0 d'autres endroits.<\/p>\n<h2>Vaisselle en c\u00e9ramique en gros Param\u00e8tres :<\/h2>\n<table width=\"338\">\n<tbody>\n<tr>\n<td width=\"124\">Fabricant<\/td>\n<td width=\"214\">Un foyer d'amour<\/td>\n<\/tr>\n<tr>\n<td width=\"124\">Nom de la collection<\/td>\n<td width=\"214\">Collection Miss Cherry<\/td>\n<\/tr>\n<tr>\n<td width=\"124\">Utilisation<\/td>\n<td width=\"214\">Maison, Restaurant, H\u00f4tel<\/td>\n<\/tr>\n<tr>\n<td width=\"124\">Type de vaisselle<\/td>\n<td width=\"214\">Pichet, tasse, mug, cr\u00e9mier, assiette, bol, set de tapas<\/td>\n<\/tr>\n<tr>\n<td width=\"124\">Mat\u00e9riau<\/td>\n<td width=\"214\">Porcelaine durable<\/td>\n<\/tr>\n<tr>\n<td width=\"124\">Dimension<\/td>\n<td width=\"214\">Comme l'indique la photo de d\u00e9tail<\/td>\n<\/tr>\n<tr>\n<td width=\"124\">Unit\u00e9s de vente<\/td>\n<td width=\"214\">Article unique<\/td>\n<\/tr>\n<tr>\n<td width=\"124\">MOQ<\/td>\n<td width=\"214\">1200\/pcs par article<\/td>\n<\/tr>\n<tr>\n<td width=\"124\">Option personnalis\u00e9e<\/td>\n<td width=\"214\">Couleur\/Taille\/Glaze\/Logo\/Emballage<\/td>\n<\/tr>\n<\/tbody>\n<\/table>","protected":false},"featured_media":2619,"comment_status":"open","ping_status":"closed","template":"","meta":{"_acf_changed":true},"certification":[63,64,66,58,65,61,60,62],"product_brand":[],"product_cat":[34,18],"product_tag":[],"class_list":{"0":"post-2039","1":"product","2":"type-product","3":"status-publish","4":"has-post-thumbnail","6":"certification-amfori","7":"certification-bsci","8":"certification-cnas","9":"certification-fda","10":"certification-iaf","11":"certification-iso-14001","12":"certification-iso-45001","13":"certification-iso-9001","14":"product_cat-custom-household-ceramics","15":"product_cat-ceramic-tableware-wholesale","17":"first","18":"instock","19":"shipping-taxable","20":"product-type-simple"},"acf":[],"_links":{"self":[{"href":"https:\/\/www.linkceramics.com\/fr\/wp-json\/wp\/v2\/product\/2039","targetHints":{"allow":["GET"]}}],"collection":[{"href":"https:\/\/www.linkceramics.com\/fr\/wp-json\/wp\/v2\/product"}],"about":[{"href":"https:\/\/www.linkceramics.com\/fr\/wp-json\/wp\/v2\/types\/product"}],"replies":[{"embeddable":true,"href":"https:\/\/www.linkceramics.com\/fr\/wp-json\/wp\/v2\/comments?post=2039"}],"wp:featuredmedia":[{"embeddable":true,"href":"https:\/\/www.linkceramics.com\/fr\/wp-json\/wp\/v2\/media\/2619"}],"wp:attachment":[{"href":"https:\/\/www.linkceramics.com\/fr\/wp-json\/wp\/v2\/media?parent=2039"}],"wp:term":[{"taxonomy":"certification","embeddable":true,"href":"https:\/\/www.linkceramics.com\/fr\/wp-json\/wp\/v2\/certification?post=2039"},{"taxonomy":"product_brand","embeddable":true,"href":"https:\/\/www.linkceramics.com\/fr\/wp-json\/wp\/v2\/product_brand?post=2039"},{"taxonomy":"product_cat","embeddable":true,"href":"https:\/\/www.linkceramics.com\/fr\/wp-json\/wp\/v2\/product_cat?post=2039"},{"taxonomy":"product_tag","embeddable":true,"href":"https:\/\/www.linkceramics.com\/fr\/wp-json\/wp\/v2\/product_tag?post=2039"}],"curies":[{"name":"wp","href":"https:\/\/api.w.org\/{rel}","templated":true}]}}