{"id":2051,"date":"2025-04-10T02:13:13","date_gmt":"2025-04-10T02:13:13","guid":{"rendered":"https:\/\/www.linkceramics.com\/?post_type=product&#038;p=2051"},"modified":"2025-09-22T09:23:42","modified_gmt":"2025-09-22T09:23:42","slug":"wholesale-coffee-mugs","status":"publish","type":"product","link":"https:\/\/www.linkceramics.com\/fr\/product\/wholesale-coffee-mugs\/","title":{"rendered":"Tasses \u00e0 caf\u00e9 avec couvercles en gros, Tasses \u00e0 gla\u00e7age r\u00e9actif en vrac"},"content":{"rendered":"<div class=\"wp-block-columns is-layout-flex wp-container-core-columns-is-layout-9d6595d7 wp-block-columns-is-layout-flex\">\n<div class=\"wp-block-column is-layout-flow wp-block-column-is-layout-flow\" style=\"flex-basis:50%\">\n<h3 class=\"wp-block-heading\">Tasses \u00e0 caf\u00e9 en gros Caract\u00e9ristiques :<\/h3>\n\n\n\n<p><strong>Couvercle en bambou respectueux de l'environnement, \u00e0 la fois beau et pratique :<\/strong> Nos tasses \u00e0 caf\u00e9 en vrac sont accompagn\u00e9es de couvercles en bambou naturel, respectueux de l'environnement et de la sant\u00e9, \u00e0 la texture chaleureuse. Il peut non seulement emp\u00eacher la poussi\u00e8re et garder la chaleur, mais aussi ajouter des \u00e9l\u00e9ments naturels au design g\u00e9n\u00e9ral de la tasse, \u00e9quilibrant parfaitement l'aspect pratique et l'esth\u00e9tique.<\/p>\n\n\n\n<p><strong>Mat\u00e9riau c\u00e9ramique de haute qualit\u00e9, durable et s\u00fbr :<\/strong> Ces tasses \u00e0 caf\u00e9 en gros sont fabriqu\u00e9es \u00e0 partir de mat\u00e9riaux c\u00e9ramiques de haute qualit\u00e9 et cuites \u00e0 haute temp\u00e9rature pour garantir que les produits sont robustes et durables, faciles \u00e0 nettoyer et n'absorbent pas facilement les odeurs, r\u00e9pondant aux besoins d'utilisation \u00e0 long terme, tout en respectant les normes de s\u00e9curit\u00e9 alimentaire, et en les utilisant de mani\u00e8re plus s\u00fbre.<\/p>\n\n\n\n<p><strong>Une vari\u00e9t\u00e9 d'options de couleurs pour r\u00e9pondre \u00e0 des besoins personnalis\u00e9s :<\/strong> Nos tasses \u00e0 caf\u00e9 en vrac offrent une grande vari\u00e9t\u00e9 de couleurs, chaque couleur \u00e9tant soigneusement con\u00e7ue pour s'adapter \u00e0 une grande vari\u00e9t\u00e9 de styles de d\u00e9coration int\u00e9rieure. Elles peuvent \u00eatre offertes en cadeau ou utilis\u00e9es \u00e0 des fins commerciales, offrant ainsi aux utilisateurs un large \u00e9ventail de choix.<\/p>\n\n\n\n<p><strong>Poign\u00e9e ergonomique : <\/strong>Le corps de l'ensemble de tasses \u00e0 d\u00e9jeuner est incurv\u00e9 et la poign\u00e9e est con\u00e7ue de mani\u00e8re ergonomique, confortable \u00e0 tenir, et ne glisse pas facilement.<\/p>\n\n\n\n<p><strong>\u00c9mail r\u00e9sistant aux rayures et \u00e0 l'usure :<\/strong> L'\u00e9mail de ces tasses \u00e0 caf\u00e9 en gros est neuf, uniforme et fin, r\u00e9sistant \u00e0 l'usure et aux rayures, il ne laisse pas de taches et reste neuf et brillant apr\u00e8s de nombreuses utilisations.<\/p>\n<\/div>\n\n\n\n<div class=\"wp-block-column is-layout-flow wp-block-column-is-layout-flow\" style=\"flex-basis:50%\">\n<figure class=\"wp-block-image size-full\"><img decoding=\"async\" width=\"719\" height=\"720\" src=\"https:\/\/www.linkceramics.com\/wp-content\/uploads\/2025\/04\/wholesale-coffee-mugs-with-lids-reactive-glaze-mugs-bulk-2.jpg\" alt=\"tasses \u00e0 caf\u00e9 en gros avec couvercles-tasses \u00e0 gla\u00e7age r\u00e9actif-bulk-2\" class=\"wp-image-2591\" srcset=\"https:\/\/www.linkceramics.com\/wp-content\/uploads\/2025\/04\/wholesale-coffee-mugs-with-lids-reactive-glaze-mugs-bulk-2.jpg 719w, https:\/\/www.linkceramics.com\/wp-content\/uploads\/2025\/04\/wholesale-coffee-mugs-with-lids-reactive-glaze-mugs-bulk-2-300x300.jpg 300w, https:\/\/www.linkceramics.com\/wp-content\/uploads\/2025\/04\/wholesale-coffee-mugs-with-lids-reactive-glaze-mugs-bulk-2-150x150.jpg 150w, https:\/\/www.linkceramics.com\/wp-content\/uploads\/2025\/04\/wholesale-coffee-mugs-with-lids-reactive-glaze-mugs-bulk-2-12x12.jpg 12w, https:\/\/www.linkceramics.com\/wp-content\/uploads\/2025\/04\/wholesale-coffee-mugs-with-lids-reactive-glaze-mugs-bulk-2-600x601.jpg 600w, https:\/\/www.linkceramics.com\/wp-content\/uploads\/2025\/04\/wholesale-coffee-mugs-with-lids-reactive-glaze-mugs-bulk-2-100x100.jpg 100w\" sizes=\"(max-width: 719px) 100vw, 719px\" \/><\/figure>\n<\/div>\n<\/div>","protected":false},"excerpt":{"rendered":"<p>Bienvenue dans l'achat de tasses \u00e0 caf\u00e9 en gros. Ces tasses \u00e0 caf\u00e9 en gros, cuites au four et dot\u00e9es d'un couvercle en bambou naturel, allient parfaitement nature et design moderne. La texture unique, les multiples options de couleurs, le mat\u00e9riau c\u00e9ramique de haute qualit\u00e9 et les tasses r\u00e9sistantes \u00e0 l'usure de grande capacit\u00e9 avec une gla\u00e7ure r\u00e9sistante aux rayures sont id\u00e9ales pour le caf\u00e9, le th\u00e9 ou les boissons du petit-d\u00e9jeuner.<\/p>\n<h2>Tasses \u00e0 caf\u00e9 en porcelaine Param\u00e8tres :<\/h2>\n<table border=\"0\" width=\"322\" cellspacing=\"0\" cellpadding=\"0\">\n<tbody>\n<tr>\n<td width=\"120\" height=\"17\">Fabricant<\/td>\n<td width=\"202\">Yongjian<\/td>\n<\/tr>\n<tr>\n<td height=\"18\">Num\u00e9ro de mod\u00e8le<\/td>\n<td width=\"202\">YJ-C04<\/td>\n<\/tr>\n<tr>\n<td height=\"18\">Type de produit<\/td>\n<td width=\"202\">Tasses et soucoupes<\/td>\n<\/tr>\n<tr>\n<td height=\"17\">Mat\u00e9riau<\/td>\n<td>C\u00e9ramique+couvercle en bambou<\/td>\n<\/tr>\n<tr>\n<td height=\"17\">Couleur<\/td>\n<td>Blanc\/Noir\/Bleu fonc\u00e9<\/td>\n<\/tr>\n<tr>\n<td height=\"17\">Dimension<\/td>\n<td>En tant qu'image<\/td>\n<\/tr>\n<tr>\n<td height=\"17\">Capacit\u00e9<\/td>\n<td>275ml<\/td>\n<\/tr>\n<tr>\n<td height=\"17\">MOQ<\/td>\n<td>500pcs<\/td>\n<\/tr>\n<tr>\n<td height=\"17\">Sur mesure<\/td>\n<td>Couleur\/Taille\/Logo\/Emballage<\/td>\n<\/tr>\n<\/tbody>\n<\/table>","protected":false},"featured_media":2593,"comment_status":"open","ping_status":"closed","template":"","meta":{"_acf_changed":true},"certification":[63,64,66,58,65,61,60,62,57],"product_brand":[],"product_cat":[34,19],"product_tag":[],"class_list":{"0":"post-2051","1":"product","2":"type-product","3":"status-publish","4":"has-post-thumbnail","6":"certification-amfori","7":"certification-bsci","8":"certification-cnas","9":"certification-fda","10":"certification-iaf","11":"certification-iso-14001","12":"certification-iso-45001","13":"certification-iso-9001","14":"certification-lfgb","15":"product_cat-custom-household-ceramics","16":"product_cat-ceramic-tea-set-wholesale","18":"first","19":"instock","20":"shipping-taxable","21":"product-type-simple"},"acf":[],"_links":{"self":[{"href":"https:\/\/www.linkceramics.com\/fr\/wp-json\/wp\/v2\/product\/2051","targetHints":{"allow":["GET"]}}],"collection":[{"href":"https:\/\/www.linkceramics.com\/fr\/wp-json\/wp\/v2\/product"}],"about":[{"href":"https:\/\/www.linkceramics.com\/fr\/wp-json\/wp\/v2\/types\/product"}],"replies":[{"embeddable":true,"href":"https:\/\/www.linkceramics.com\/fr\/wp-json\/wp\/v2\/comments?post=2051"}],"wp:featuredmedia":[{"embeddable":true,"href":"https:\/\/www.linkceramics.com\/fr\/wp-json\/wp\/v2\/media\/2593"}],"wp:attachment":[{"href":"https:\/\/www.linkceramics.com\/fr\/wp-json\/wp\/v2\/media?parent=2051"}],"wp:term":[{"taxonomy":"certification","embeddable":true,"href":"https:\/\/www.linkceramics.com\/fr\/wp-json\/wp\/v2\/certification?post=2051"},{"taxonomy":"product_brand","embeddable":true,"href":"https:\/\/www.linkceramics.com\/fr\/wp-json\/wp\/v2\/product_brand?post=2051"},{"taxonomy":"product_cat","embeddable":true,"href":"https:\/\/www.linkceramics.com\/fr\/wp-json\/wp\/v2\/product_cat?post=2051"},{"taxonomy":"product_tag","embeddable":true,"href":"https:\/\/www.linkceramics.com\/fr\/wp-json\/wp\/v2\/product_tag?post=2051"}],"curies":[{"name":"wp","href":"https:\/\/api.w.org\/{rel}","templated":true}]}}