{"id":2069,"date":"2025-04-14T07:50:56","date_gmt":"2025-04-14T07:50:56","guid":{"rendered":"https:\/\/www.linkceramics.com\/?post_type=product&#038;p=2069"},"modified":"2025-09-22T09:57:12","modified_gmt":"2025-09-22T09:57:12","slug":"wholesale-ceramic-tableware-set","status":"publish","type":"product","link":"https:\/\/www.linkceramics.com\/fr\/product\/wholesale-ceramic-tableware-set\/","title":{"rendered":"Gla\u00e7ure r\u00e9active Grossiste Set de table en c\u00e9ramique Vrac"},"content":{"rendered":"<div class=\"wp-block-columns is-layout-flex wp-container-core-columns-is-layout-9d6595d7 wp-block-columns-is-layout-flex\">\n<div class=\"wp-block-column is-layout-flow wp-block-column-is-layout-flow\" style=\"flex-basis:50%\">\n<h3 class=\"wp-block-heading\">Ensemble de vaisselle en c\u00e9ramique en gros Caract\u00e9ristiques :<\/h3>\n\n\n\n<p><strong>Mat\u00e9riau c\u00e9ramique de bonne qualit\u00e9 : <\/strong>Cette vaisselle en c\u00e9ramique de gros est fabriqu\u00e9e \u00e0 partir d'un mat\u00e9riau c\u00e9ramique de bonne qualit\u00e9. Elle est durable et utilisable quotidiennement.<\/p>\n\n\n\n<p><strong>Non toxique et sans danger :<\/strong> Tous les mat\u00e9riaux utilis\u00e9s dans cet ensemble de vaisselle en c\u00e9ramique sont sans danger pour les aliments et exempts de toxines nocives. Vous pouvez donc les utiliser en toute s\u00e9curit\u00e9 pour tout type d'aliments, m\u00eame pour les enfants.<\/p>\n\n\n\n<p><strong>Style r\u00e9tro japonais, style caf\u00e9 dor\u00e9 : <\/strong>S'inspirant d'un style japonais unique, la gla\u00e7ure or caf\u00e9 de cet ensemble de vaisselle en c\u00e9ramique de gros est sophistiqu\u00e9e et \u00e9vocatrice, avec un \u00e9quilibre impressionnant entre l'ancien et le nouveau et une pinc\u00e9e de cr\u00e9ativit\u00e9 et de sophistication dans la table.<\/p>\n\n\n\n<p><strong>Plusieurs types d'ustensiles pour r\u00e9pondre aux besoins de plusieurs sc\u00e8nes : <\/strong>Cet ensemble de vaisselle en c\u00e9ramique de gros comprend une vari\u00e9t\u00e9 de types, tels que des assiettes \u00e0 d\u00eener, des bols \u00e0 soupe, des bols \u00e0 salade, etc., pour r\u00e9pondre aux diff\u00e9rents besoins des repas, convenant au petit d\u00e9jeuner, au d\u00e9jeuner, au d\u00eener et aux banquets.<\/p>\n\n\n\n<p><strong>Approvisionnement en gros pour r\u00e9pondre aux achats en masse :<\/strong> Soutenir les achats en gros \u00e0 grande \u00e9chelle de vaisselle de restaurant pour r\u00e9pondre aux besoins quotidiens \u00e0 grande \u00e9chelle des h\u00f4tels, des restaurants et des cha\u00eenes de restauration, et fournir des solutions rentables d'approvisionnement en vaisselle.<\/p>\n<\/div>\n\n\n\n<div class=\"wp-block-column is-layout-flow wp-block-column-is-layout-flow\" style=\"flex-basis:50%\">\n<figure class=\"wp-block-image size-full\"><img decoding=\"async\" width=\"750\" height=\"1159\" src=\"https:\/\/www.linkceramics.com\/wp-content\/uploads\/2025\/04\/reactive-glaze-wholesale-ceramic-tableware-set-bulk-7.webp\" alt=\"reactive-glaze-wholesale-ceramic-tableware-set-bulk-7\" class=\"wp-image-2602\" srcset=\"https:\/\/www.linkceramics.com\/wp-content\/uploads\/2025\/04\/reactive-glaze-wholesale-ceramic-tableware-set-bulk-7.webp 750w, https:\/\/www.linkceramics.com\/wp-content\/uploads\/2025\/04\/reactive-glaze-wholesale-ceramic-tableware-set-bulk-7-194x300.webp 194w, https:\/\/www.linkceramics.com\/wp-content\/uploads\/2025\/04\/reactive-glaze-wholesale-ceramic-tableware-set-bulk-7-8x12.webp 8w, https:\/\/www.linkceramics.com\/wp-content\/uploads\/2025\/04\/reactive-glaze-wholesale-ceramic-tableware-set-bulk-7-600x927.webp 600w\" sizes=\"(max-width: 750px) 100vw, 750px\" \/><\/figure>\n<\/div>\n<\/div>\n\n\n\n<p><\/p>","protected":false},"excerpt":{"rendered":"<p>Bienvenue sur notre site de vente en gros de vaisselle en c\u00e9ramique. Cet ensemble de vaisselle japonaise brune pour restaurant adopte une technologie d'\u00e9maillage r\u00e9actif de haute qualit\u00e9 et comprend une vari\u00e9t\u00e9 de types, convenant aux h\u00f4tels, aux restaurants et aux sc\u00e8nes de repas en famille. Les mod\u00e8les ont des tailles et des formes diff\u00e9rentes pour les assiettes et les bols. Le design r\u00e9tro et \u00e9l\u00e9gant est associ\u00e9 aux caract\u00e9ristiques de durabilit\u00e9 et de facilit\u00e9 de nettoyage.<\/p>\n<h2>Set de table en c\u00e9ramique en gros Param\u00e8tres :<\/h2>\n<div id=\"prd-desc\" data-id=\"4381eac\" data-element_type=\"widget\" data-widget_type=\"text-editor.default\">\n<div>\n<table border=\"0\" width=\"654\" cellspacing=\"0\" cellpadding=\"0\">\n<tbody>\n<tr>\n<td width=\"254\" height=\"33\">Fabricant<\/td>\n<td width=\"400\">Yongjian<\/td>\n<\/tr>\n<tr>\n<td height=\"33\">Num\u00e9ro de mod\u00e8le<\/td>\n<td width=\"400\">YJ-095<\/td>\n<\/tr>\n<tr>\n<td width=\"254\" height=\"33\">Type de vaisselle<\/td>\n<td width=\"400\">Plateaux, assiettes, bols<\/td>\n<\/tr>\n<tr>\n<td height=\"33\">Technique<\/td>\n<td>Effet de gla\u00e7age au four<\/td>\n<\/tr>\n<tr>\n<td height=\"33\">Mat\u00e9riau<\/td>\n<td>Porcelaine<\/td>\n<\/tr>\n<tr>\n<td height=\"66\">Applicable<\/td>\n<td width=\"400\">St\u00e9rilisateur, lave-vaisselle, four, micro-ondes<\/td>\n<\/tr>\n<tr>\n<td height=\"33\">Dimension<\/td>\n<td>En tant qu'image<\/td>\n<\/tr>\n<tr>\n<td height=\"33\">MOQ<\/td>\n<td>500pcs<\/td>\n<\/tr>\n<tr>\n<td height=\"33\">Sur mesure<\/td>\n<td>Couleur\/Taille\/Logo\/Emballage<\/td>\n<\/tr>\n<\/tbody>\n<\/table>\n<\/div>\n<\/div>\n<div class=\"elementor-element elementor-element-6ab1f5c elementor-widget elementor-widget-button\" data-id=\"6ab1f5c\" data-element_type=\"widget\" data-widget_type=\"button.default\">\n<div class=\"elementor-widget-container\">\n<div class=\"elementor-button-wrapper\">\u00a0<\/div>\n<\/div>\n<\/div>","protected":false},"featured_media":2603,"comment_status":"open","ping_status":"closed","template":"","meta":{"_acf_changed":false},"certification":[63,64,66,58,65,61,60,62,57],"product_brand":[],"product_cat":[34,18],"product_tag":[],"class_list":{"0":"post-2069","1":"product","2":"type-product","3":"status-publish","4":"has-post-thumbnail","6":"certification-amfori","7":"certification-bsci","8":"certification-cnas","9":"certification-fda","10":"certification-iaf","11":"certification-iso-14001","12":"certification-iso-45001","13":"certification-iso-9001","14":"certification-lfgb","15":"product_cat-custom-household-ceramics","16":"product_cat-ceramic-tableware-wholesale","18":"first","19":"instock","20":"shipping-taxable","21":"product-type-simple"},"acf":[],"_links":{"self":[{"href":"https:\/\/www.linkceramics.com\/fr\/wp-json\/wp\/v2\/product\/2069","targetHints":{"allow":["GET"]}}],"collection":[{"href":"https:\/\/www.linkceramics.com\/fr\/wp-json\/wp\/v2\/product"}],"about":[{"href":"https:\/\/www.linkceramics.com\/fr\/wp-json\/wp\/v2\/types\/product"}],"replies":[{"embeddable":true,"href":"https:\/\/www.linkceramics.com\/fr\/wp-json\/wp\/v2\/comments?post=2069"}],"wp:featuredmedia":[{"embeddable":true,"href":"https:\/\/www.linkceramics.com\/fr\/wp-json\/wp\/v2\/media\/2603"}],"wp:attachment":[{"href":"https:\/\/www.linkceramics.com\/fr\/wp-json\/wp\/v2\/media?parent=2069"}],"wp:term":[{"taxonomy":"certification","embeddable":true,"href":"https:\/\/www.linkceramics.com\/fr\/wp-json\/wp\/v2\/certification?post=2069"},{"taxonomy":"product_brand","embeddable":true,"href":"https:\/\/www.linkceramics.com\/fr\/wp-json\/wp\/v2\/product_brand?post=2069"},{"taxonomy":"product_cat","embeddable":true,"href":"https:\/\/www.linkceramics.com\/fr\/wp-json\/wp\/v2\/product_cat?post=2069"},{"taxonomy":"product_tag","embeddable":true,"href":"https:\/\/www.linkceramics.com\/fr\/wp-json\/wp\/v2\/product_tag?post=2069"}],"curies":[{"name":"wp","href":"https:\/\/api.w.org\/{rel}","templated":true}]}}