{"id":2073,"date":"2025-04-14T09:11:46","date_gmt":"2025-04-14T09:11:46","guid":{"rendered":"https:\/\/www.linkceramics.com\/?post_type=product&#038;p=2073"},"modified":"2025-09-30T08:23:11","modified_gmt":"2025-09-30T08:23:11","slug":"bulk-ceramic-candle-jars","status":"publish","type":"product","link":"https:\/\/www.linkceramics.com\/fr\/product\/bulk-ceramic-candle-jars\/","title":{"rendered":"Pots de bougies en c\u00e9ramique en vrac, bougies parfum\u00e9es de qualit\u00e9 sup\u00e9rieure pour la d\u00e9coration d'int\u00e9rieur"},"content":{"rendered":"<div class=\"wp-block-columns is-layout-flex wp-container-core-columns-is-layout-9d6595d7 wp-block-columns-is-layout-flex\">\n<div class=\"wp-block-column is-layout-flow wp-block-column-is-layout-flow\" style=\"flex-basis:50%\">\n<h3 class=\"wp-block-heading\">Pots de bougie en c\u00e9ramique en vrac Caract\u00e9ristiques :<\/h3>\n\n\n\n<p><strong>Jarre de luxe en c\u00e9ramique :<\/strong> Ces photophores en c\u00e9ramique en vrac sont des pots \u00e9l\u00e9gants, au design unique, fabriqu\u00e9s en c\u00e9ramique durable, qui contribuent \u00e0 rehausser l'\u00e9l\u00e9gance de la d\u00e9coration int\u00e9rieure, tout en \u00e9tant tr\u00e8s \u00e0 la mode dans tous les styles de d\u00e9coration d'int\u00e9rieur.<\/p>\n\n\n\n<p><strong>Aromath\u00e9rapie de qualit\u00e9 : <\/strong>Nos pots en c\u00e9ramique contiennent de la cire de soja et des substances parfum\u00e9es naturelles qui sont con\u00e7ues pour br\u00fbler pendant de longues p\u00e9riodes, sans fum\u00e9e et sans \u00e9mettre de sous-produits toxiques, cr\u00e9ant ainsi des atmosph\u00e8res douces et chaleureuses et am\u00e9liorant votre qualit\u00e9 de vie.<\/p>\n\n\n\n<p><strong>Subtile, finition mate :<\/strong> Nos photophores en c\u00e9ramique en vrac pr\u00e9sentent un aspect moderne avec une finition mate qui offre l'esth\u00e9tique souhait\u00e9e pour chaque th\u00e8me de d\u00e9coration int\u00e9rieure. Le photophore s'int\u00e9grera parfaitement dans un d\u00e9cor minimaliste ou moderne.<\/p>\n\n\n\n<p><strong>Flexibilit\u00e9 de la commande en gros :<\/strong> Nous prenons en charge les achats en gros pour r\u00e9pondre aux besoins des clients commerciaux, de la personnalisation des cadeaux et des \u00e9v\u00e9nements de grande envergure. Nous veillons \u00e0 ce que nos bougies parfum\u00e9es en vrac soient disponibles en quantit\u00e9 suffisante et b\u00e9n\u00e9ficient de prix pr\u00e9f\u00e9rentiels.<\/p>\n\n\n\n<p><strong>Polyvalent :<\/strong> Tous les photophores en c\u00e9ramique en vrac peuvent non seulement servir de contenants pour les bougies parfum\u00e9es, mais aussi \u00eatre utilis\u00e9s comme contenants pour les cadeaux ou pour la d\u00e9coration d'int\u00e9rieur, o\u00f9 fonctionnalit\u00e9 et design sont incorpor\u00e9s.<\/p>\n<\/div>\n\n\n\n<div class=\"wp-block-column is-layout-flow wp-block-column-is-layout-flow\" style=\"flex-basis:50%\">\n<figure class=\"wp-block-image size-full\"><img decoding=\"async\" width=\"1200\" height=\"1200\" src=\"https:\/\/www.linkceramics.com\/wp-content\/uploads\/2025\/04\/bulk-ceramic-candle-jars-premium-scented-candles-for-home-decor-3.webp\" alt=\"pots de bougies en c\u00e9ramique en vrac-bougies parfum\u00e9es de premi\u00e8re qualit\u00e9-pour la maison-d\u00e9coration-3\" class=\"wp-image-2685\" srcset=\"https:\/\/www.linkceramics.com\/wp-content\/uploads\/2025\/04\/bulk-ceramic-candle-jars-premium-scented-candles-for-home-decor-3.webp 1200w, https:\/\/www.linkceramics.com\/wp-content\/uploads\/2025\/04\/bulk-ceramic-candle-jars-premium-scented-candles-for-home-decor-3-300x300.webp 300w, https:\/\/www.linkceramics.com\/wp-content\/uploads\/2025\/04\/bulk-ceramic-candle-jars-premium-scented-candles-for-home-decor-3-150x150.webp 150w, https:\/\/www.linkceramics.com\/wp-content\/uploads\/2025\/04\/bulk-ceramic-candle-jars-premium-scented-candles-for-home-decor-3-768x768.webp 768w, https:\/\/www.linkceramics.com\/wp-content\/uploads\/2025\/04\/bulk-ceramic-candle-jars-premium-scented-candles-for-home-decor-3-12x12.webp 12w, https:\/\/www.linkceramics.com\/wp-content\/uploads\/2025\/04\/bulk-ceramic-candle-jars-premium-scented-candles-for-home-decor-3-600x600.webp 600w, https:\/\/www.linkceramics.com\/wp-content\/uploads\/2025\/04\/bulk-ceramic-candle-jars-premium-scented-candles-for-home-decor-3-100x100.webp 100w\" sizes=\"(max-width: 1200px) 100vw, 1200px\" \/><\/figure>\n<\/div>\n<\/div>","protected":false},"excerpt":{"rendered":"<p>Nous vous invitons \u00e0 acheter ces photophores en c\u00e9ramique en vrac, qui contiennent des bougies parfum\u00e9es de qualit\u00e9 sup\u00e9rieure, con\u00e7ues selon le principe de la beaut\u00e9 et de la fonction. Ils sont fabriqu\u00e9s avec de la cire de soja \u00e9paisse de qualit\u00e9 sup\u00e9rieure et des parfums naturels pour une exp\u00e9rience olfactive durable et am\u00e9lior\u00e9e. Ils allient fonctionnalit\u00e9 et beaut\u00e9, et sont donc parfaits pour les photophores parfum\u00e9s ou la d\u00e9coration d'int\u00e9rieur.<\/p>\n<h2>Pots de bougie en c\u00e9ramique en vrac Param\u00e8tres :<\/h2>\n<table border=\"0\" width=\"338\" cellspacing=\"0\" cellpadding=\"0\">\n<tbody>\n<tr>\n<td width=\"124\" height=\"18\">Fabricant<\/td>\n<td width=\"214\">Un foyer d'amour<\/td>\n<\/tr>\n<tr>\n<td width=\"124\" height=\"18\">Nom de la collection<\/td>\n<td width=\"214\">Bougie parfum\u00e9e<\/td>\n<\/tr>\n<tr>\n<td width=\"124\" height=\"18\">Style de conception<\/td>\n<td width=\"214\">Style r\u00e9tro et luxueux<\/td>\n<\/tr>\n<tr>\n<td width=\"124\" height=\"18\">Utilisation<\/td>\n<td width=\"214\">Maison, Restaurant, H\u00f4tel<\/td>\n<\/tr>\n<tr>\n<td width=\"124\" height=\"18\">Type de bougie<\/td>\n<td width=\"214\">Bougie en pot, Bougie parfum\u00e9e<\/td>\n<\/tr>\n<tr>\n<td width=\"124\" height=\"18\">Mat\u00e9riau<\/td>\n<td width=\"214\">Porcelaine durable<\/td>\n<\/tr>\n<tr>\n<td width=\"124\" height=\"18\">Dimension<\/td>\n<td width=\"214\">Comme l'indique la photo de d\u00e9tail<\/td>\n<\/tr>\n<tr>\n<td width=\"124\" height=\"18\">Unit\u00e9s de vente<\/td>\n<td width=\"214\">Article unique<\/td>\n<\/tr>\n<tr>\n<td width=\"124\" height=\"18\">MOQ<\/td>\n<td width=\"214\">1200\/pcs par article<\/td>\n<\/tr>\n<tr>\n<td width=\"124\" height=\"18\">Option personnalis\u00e9e<\/td>\n<td width=\"214\">Couleur\/Taille\/Glaze\/Logo\/Emballage<\/td>\n<\/tr>\n<\/tbody>\n<\/table>","protected":false},"featured_media":2683,"comment_status":"open","ping_status":"closed","template":"","meta":{"_acf_changed":false},"certification":[63,64,66,58,65,61,60,62],"product_brand":[],"product_cat":[37,16],"product_tag":[],"class_list":{"0":"post-2073","1":"product","2":"type-product","3":"status-publish","4":"has-post-thumbnail","6":"certification-amfori","7":"certification-bsci","8":"certification-cnas","9":"certification-fda","10":"certification-iaf","11":"certification-iso-14001","12":"certification-iso-45001","13":"certification-iso-9001","14":"product_cat-decorative-ceramic-wholesale","15":"product_cat-ceramic-candle-holder","17":"first","18":"instock","19":"shipping-taxable","20":"product-type-simple"},"acf":[],"_links":{"self":[{"href":"https:\/\/www.linkceramics.com\/fr\/wp-json\/wp\/v2\/product\/2073","targetHints":{"allow":["GET"]}}],"collection":[{"href":"https:\/\/www.linkceramics.com\/fr\/wp-json\/wp\/v2\/product"}],"about":[{"href":"https:\/\/www.linkceramics.com\/fr\/wp-json\/wp\/v2\/types\/product"}],"replies":[{"embeddable":true,"href":"https:\/\/www.linkceramics.com\/fr\/wp-json\/wp\/v2\/comments?post=2073"}],"wp:featuredmedia":[{"embeddable":true,"href":"https:\/\/www.linkceramics.com\/fr\/wp-json\/wp\/v2\/media\/2683"}],"wp:attachment":[{"href":"https:\/\/www.linkceramics.com\/fr\/wp-json\/wp\/v2\/media?parent=2073"}],"wp:term":[{"taxonomy":"certification","embeddable":true,"href":"https:\/\/www.linkceramics.com\/fr\/wp-json\/wp\/v2\/certification?post=2073"},{"taxonomy":"product_brand","embeddable":true,"href":"https:\/\/www.linkceramics.com\/fr\/wp-json\/wp\/v2\/product_brand?post=2073"},{"taxonomy":"product_cat","embeddable":true,"href":"https:\/\/www.linkceramics.com\/fr\/wp-json\/wp\/v2\/product_cat?post=2073"},{"taxonomy":"product_tag","embeddable":true,"href":"https:\/\/www.linkceramics.com\/fr\/wp-json\/wp\/v2\/product_tag?post=2073"}],"curies":[{"name":"wp","href":"https:\/\/api.w.org\/{rel}","templated":true}]}}