{"id":2078,"date":"2025-04-21T01:57:44","date_gmt":"2025-04-21T01:57:44","guid":{"rendered":"https:\/\/www.linkceramics.com\/?post_type=product&#038;p=2078"},"modified":"2025-10-08T02:31:32","modified_gmt":"2025-10-08T02:31:32","slug":"custom-ceramic-wax-melter","status":"publish","type":"product","link":"https:\/\/www.linkceramics.com\/fr\/product\/custom-ceramic-wax-melter\/","title":{"rendered":"Fondoir de cire en c\u00e9ramique personnalis\u00e9, chemin\u00e9e Porte Palo Santo Vrac"},"content":{"rendered":"<div class=\"wp-block-columns is-layout-flex wp-container-core-columns-is-layout-9d6595d7 wp-block-columns-is-layout-flex\">\n<div class=\"wp-block-column is-layout-flow wp-block-column-is-layout-flow\" style=\"flex-basis:50%\">\n<h3 class=\"wp-block-heading\">Caract\u00e9ristiques du fondoir \u00e0 cire c\u00e9ramique personnalis\u00e9 :<\/h3>\n\n\n\n<p><strong>C\u00e9ramique Mat\u00e9riau :<\/strong> Ce fondoir \u00e0 cire en vrac personnalis\u00e9 utilise un mat\u00e9riau c\u00e9ramique de haute qualit\u00e9, ce qui lui conf\u00e8re une durabilit\u00e9 sup\u00e9rieure et plus longue, capable de supporter des temp\u00e9ratures \u00e9lev\u00e9es sans se briser.<\/p>\n\n\n\n<p><strong>Forme unique :<\/strong> La forme de ce porte-palo santo wholesale est unique, avec des lignes douces et des bords arrondis. L'ouverture est suffisamment grande pour contenir une certaine quantit\u00e9 de Palo Santos ou de paquets de sauge. La partie sup\u00e9rieure pr\u00e9sente une ouverture en forme de chemin\u00e9e, par laquelle se diffuse l'ar\u00f4me du bois br\u00fbl\u00e9, pour une exp\u00e9rience aromatique de longue dur\u00e9e.<\/p>\n\n\n\n<p><strong>Couleurs vives :<\/strong> Ce porte-encens en c\u00e9ramique utilise l'orange comme couleur principale, ce qui donne de la chaleur, de l'\u00e9clat, de la vivacit\u00e9 et une \u00e9nergie pleine de vigueur.<\/p>\n\n\n\n<p><strong>Polyvalence :<\/strong> Ce fondoir \u00e0 cire c\u00e9ramique personnalis\u00e9 en vrac a une large fonctionnalit\u00e9 o\u00f9 la combustion du bois de palo santo peut \u00e9galement \u00eatre \u00e9tendue \u00e0 d'autres types de bois de chauffage et m\u00eame \u00e0 des vari\u00e9t\u00e9s d'\u00e9pices comme un faisceau de sauge pour cr\u00e9er une atmosph\u00e8re chaleureuse et parfum\u00e9e.<\/p>\n<\/div>\n\n\n\n<div class=\"wp-block-column is-layout-flow wp-block-column-is-layout-flow\" style=\"flex-basis:50%\">\n<figure class=\"wp-block-image size-full\"><img decoding=\"async\" width=\"1500\" height=\"1500\" src=\"https:\/\/www.linkceramics.com\/wp-content\/uploads\/2025\/04\/custom-ceramic-wax-melter-chimney-palo-santo-holder-bulk-3.webp\" alt=\"custom-ceramic-wax-melter-chimney-palo-santo-holder-bulk-3\" class=\"wp-image-2724\" srcset=\"https:\/\/www.linkceramics.com\/wp-content\/uploads\/2025\/04\/custom-ceramic-wax-melter-chimney-palo-santo-holder-bulk-3.webp 1500w, https:\/\/www.linkceramics.com\/wp-content\/uploads\/2025\/04\/custom-ceramic-wax-melter-chimney-palo-santo-holder-bulk-3-300x300.webp 300w, https:\/\/www.linkceramics.com\/wp-content\/uploads\/2025\/04\/custom-ceramic-wax-melter-chimney-palo-santo-holder-bulk-3-150x150.webp 150w, https:\/\/www.linkceramics.com\/wp-content\/uploads\/2025\/04\/custom-ceramic-wax-melter-chimney-palo-santo-holder-bulk-3-768x768.webp 768w, https:\/\/www.linkceramics.com\/wp-content\/uploads\/2025\/04\/custom-ceramic-wax-melter-chimney-palo-santo-holder-bulk-3-12x12.webp 12w, https:\/\/www.linkceramics.com\/wp-content\/uploads\/2025\/04\/custom-ceramic-wax-melter-chimney-palo-santo-holder-bulk-3-1200x1200.webp 1200w, https:\/\/www.linkceramics.com\/wp-content\/uploads\/2025\/04\/custom-ceramic-wax-melter-chimney-palo-santo-holder-bulk-3-600x600.webp 600w, https:\/\/www.linkceramics.com\/wp-content\/uploads\/2025\/04\/custom-ceramic-wax-melter-chimney-palo-santo-holder-bulk-3-100x100.webp 100w\" sizes=\"(max-width: 1500px) 100vw, 1500px\" \/><\/figure>\n<\/div>\n<\/div>","protected":false},"excerpt":{"rendered":"<p>Bienvenue sur notre site de vente en gros de supports pour Palo Santo. Notre fondoir \u00e0 cire en c\u00e9ramique personnalis\u00e9 en vrac est fabriqu\u00e9 \u00e0 partir d'un mat\u00e9riau c\u00e9ramique de haute qualit\u00e9. Cet accessoire \u00e9l\u00e9gant est id\u00e9al pour br\u00fbler de l'encens, des paquets de sauge, des b\u00e2tons de boue, du Palo Santo, ou simplement pour diffuser des ar\u00f4mes naturels. La c\u00e9ramique de haute qualit\u00e9 est non seulement efficace pour diffuser des ar\u00f4mes naturels parfum\u00e9s sur de longues p\u00e9riodes, mais elle ajoute \u00e9galement un charme r\u00e9tro et \u00e9l\u00e9gant \u00e0 n'importe quel espace domestique.<\/p>\n<h2>Fondeur de cire c\u00e9ramique sur mesure Param\u00e8tres :<\/h2>\n<table border=\"0\" width=\"476\" cellspacing=\"0\" cellpadding=\"0\">\n<tbody>\n<tr>\n<td width=\"187\" height=\"29\">Fabricant<\/td>\n<td width=\"289\">JINHUA<\/td>\n<\/tr>\n<tr>\n<td height=\"29\">Num\u00e9ro de mod\u00e8le<\/td>\n<td>JHC42<\/td>\n<\/tr>\n<tr>\n<td height=\"29\">Conception<\/td>\n<td>Forme de la chemin\u00e9e<\/td>\n<\/tr>\n<tr>\n<td height=\"29\">Mat\u00e9riau<\/td>\n<td>C\u00e9ramique<\/td>\n<\/tr>\n<tr>\n<td height=\"29\">Couleur<\/td>\n<td width=\"289\">Orange<\/td>\n<\/tr>\n<tr>\n<td height=\"29\">Sur mesure<\/td>\n<td>Couleur\/Taille\/Logo\/Emballage<\/td>\n<\/tr>\n<tr>\n<td height=\"29\">MOQ<\/td>\n<td>500pcs<\/td>\n<\/tr>\n<tr>\n<td height=\"29\">Dimension<\/td>\n<td width=\"289\">11,9*10,9*9cm<\/td>\n<\/tr>\n<\/tbody>\n<\/table>","protected":false},"featured_media":2725,"comment_status":"open","ping_status":"closed","template":"","meta":{"_acf_changed":false},"certification":[66,58,65,61,60,62,57],"product_brand":[],"product_cat":[37,16],"product_tag":[],"class_list":{"0":"post-2078","1":"product","2":"type-product","3":"status-publish","4":"has-post-thumbnail","6":"certification-cnas","7":"certification-fda","8":"certification-iaf","9":"certification-iso-14001","10":"certification-iso-45001","11":"certification-iso-9001","12":"certification-lfgb","13":"product_cat-decorative-ceramic-wholesale","14":"product_cat-ceramic-candle-holder","16":"first","17":"instock","18":"shipping-taxable","19":"product-type-simple"},"acf":[],"_links":{"self":[{"href":"https:\/\/www.linkceramics.com\/fr\/wp-json\/wp\/v2\/product\/2078","targetHints":{"allow":["GET"]}}],"collection":[{"href":"https:\/\/www.linkceramics.com\/fr\/wp-json\/wp\/v2\/product"}],"about":[{"href":"https:\/\/www.linkceramics.com\/fr\/wp-json\/wp\/v2\/types\/product"}],"replies":[{"embeddable":true,"href":"https:\/\/www.linkceramics.com\/fr\/wp-json\/wp\/v2\/comments?post=2078"}],"wp:featuredmedia":[{"embeddable":true,"href":"https:\/\/www.linkceramics.com\/fr\/wp-json\/wp\/v2\/media\/2725"}],"wp:attachment":[{"href":"https:\/\/www.linkceramics.com\/fr\/wp-json\/wp\/v2\/media?parent=2078"}],"wp:term":[{"taxonomy":"certification","embeddable":true,"href":"https:\/\/www.linkceramics.com\/fr\/wp-json\/wp\/v2\/certification?post=2078"},{"taxonomy":"product_brand","embeddable":true,"href":"https:\/\/www.linkceramics.com\/fr\/wp-json\/wp\/v2\/product_brand?post=2078"},{"taxonomy":"product_cat","embeddable":true,"href":"https:\/\/www.linkceramics.com\/fr\/wp-json\/wp\/v2\/product_cat?post=2078"},{"taxonomy":"product_tag","embeddable":true,"href":"https:\/\/www.linkceramics.com\/fr\/wp-json\/wp\/v2\/product_tag?post=2078"}],"curies":[{"name":"wp","href":"https:\/\/api.w.org\/{rel}","templated":true}]}}