{"id":2083,"date":"2025-04-21T02:30:26","date_gmt":"2025-04-21T02:30:26","guid":{"rendered":"https:\/\/www.linkceramics.com\/?post_type=product&#038;p=2083"},"modified":"2025-09-30T09:35:59","modified_gmt":"2025-09-30T09:35:59","slug":"bath-accessories-in-bulk","status":"publish","type":"product","link":"https:\/\/www.linkceramics.com\/fr\/product\/bath-accessories-in-bulk\/","title":{"rendered":"4-Piece Luxury Bath Accessories In Bulk, Custom Ceramic Bathroom Sets (accessoires de salle de bain en c\u00e9ramique)"},"content":{"rendered":"<div class=\"wp-block-columns is-layout-flex wp-container-core-columns-is-layout-9d6595d7 wp-block-columns-is-layout-flex\">\n<div class=\"wp-block-column is-layout-flow wp-block-column-is-layout-flow\" style=\"flex-basis:50%\">\n<h3 class=\"wp-block-heading\">Accessoires de bain en vrac Caract\u00e9ristiques :<\/h3>\n\n\n\n<p><strong>Design \u00e9l\u00e9gant :<\/strong> Ces ensembles de salle de bains en c\u00e9ramique personnalis\u00e9s sont principalement blancs, avec une texture de soie dor\u00e9e et des pompes dor\u00e9es, qui sont exquises mais pas sophistiqu\u00e9es. Les rayures verticales sur la surface renforcent l'aspect tridimensionnel, ce qui peut donner une impression de mode et d'\u00e9l\u00e9gance \u00e0 la salle de bains.<\/p>\n\n\n\n<p><strong>Mat\u00e9riau c\u00e9ramique de haute qualit\u00e9 : <\/strong>Nos accessoires de bain en vrac sont fabriqu\u00e9s en c\u00e9ramique de haute qualit\u00e9, qui est lourde et robuste, lisse et douce, confortable pour la main, et qui les rend moins susceptibles de se casser apr\u00e8s une longue utilisation.<\/p>\n\n\n\n<p><strong>Ensemble complet d'accessoires de salle de bains :<\/strong> Ces ensembles de salle de bains en c\u00e9ramique personnalis\u00e9s comprennent des porte-brosses \u00e0 dents, des distributeurs de savon, des pots de rangement et des porte-savons qui r\u00e9pondent \u00e0 toutes les exigences en mati\u00e8re de lavage r\u00e9gulier et permettent de trier et de regrouper les diff\u00e9rents articles de toilette de mani\u00e8re \u00e0 ce que la salle de bains reste propre et bien rang\u00e9e.<\/p>\n\n\n\n<p><strong>Vente en gros et personnalisation :<\/strong> Nous offrons des remises aux acheteurs en gros pour vous faire \u00e9conomiser de l'argent. Outre les remises, nous soutenons \u00e9galement la personnalisation sur mesure. Qu'il s'agisse d'un h\u00f4tel, d'un appartement ou d'une maison de luxe, vous pouvez personnaliser vos accessoires de bain sp\u00e9ciaux en vrac pour r\u00e9pondre \u00e0 diff\u00e9rents besoins.<\/p>\n\n\n\n<p><strong>Vert et s\u00fbr : <\/strong>Ces accessoires de bain en vrac sont fabriqu\u00e9s en c\u00e9ramique verte, s\u00fbre et non toxique, ne causant aucun dommage, et prennent soin de votre famille et de vous-m\u00eame.<\/p>\n<\/div>\n\n\n\n<div class=\"wp-block-column is-layout-flow wp-block-column-is-layout-flow\" style=\"flex-basis:50%\">\n<figure class=\"wp-block-image size-full\"><img decoding=\"async\" width=\"1600\" height=\"1600\" src=\"https:\/\/www.linkceramics.com\/wp-content\/uploads\/2025\/04\/4-piece-luxury-bath-accessories-in-bulk-custom-bathroom-set-1.webp\" alt=\"4-pieces-luxe-bath-accessories-in-bulk-custom-bathroom-set-1\" class=\"wp-image-2697\" srcset=\"https:\/\/www.linkceramics.com\/wp-content\/uploads\/2025\/04\/4-piece-luxury-bath-accessories-in-bulk-custom-bathroom-set-1.webp 1600w, https:\/\/www.linkceramics.com\/wp-content\/uploads\/2025\/04\/4-piece-luxury-bath-accessories-in-bulk-custom-bathroom-set-1-300x300.webp 300w, https:\/\/www.linkceramics.com\/wp-content\/uploads\/2025\/04\/4-piece-luxury-bath-accessories-in-bulk-custom-bathroom-set-1-150x150.webp 150w, https:\/\/www.linkceramics.com\/wp-content\/uploads\/2025\/04\/4-piece-luxury-bath-accessories-in-bulk-custom-bathroom-set-1-768x768.webp 768w, https:\/\/www.linkceramics.com\/wp-content\/uploads\/2025\/04\/4-piece-luxury-bath-accessories-in-bulk-custom-bathroom-set-1-12x12.webp 12w, https:\/\/www.linkceramics.com\/wp-content\/uploads\/2025\/04\/4-piece-luxury-bath-accessories-in-bulk-custom-bathroom-set-1-1200x1200.webp 1200w, https:\/\/www.linkceramics.com\/wp-content\/uploads\/2025\/04\/4-piece-luxury-bath-accessories-in-bulk-custom-bathroom-set-1-600x600.webp 600w, https:\/\/www.linkceramics.com\/wp-content\/uploads\/2025\/04\/4-piece-luxury-bath-accessories-in-bulk-custom-bathroom-set-1-100x100.webp 100w\" sizes=\"(max-width: 1600px) 100vw, 1600px\" \/><\/figure>\n<\/div>\n<\/div>\n\n\n\n<p><\/p>","protected":false},"excerpt":{"rendered":"<p>Ensemble de salle de bain en c\u00e9ramique sur mesure, en provenance directe de la source. Ces accessoires de bain 4 pi\u00e8ces en vrac ont une apparence simple et \u00e9l\u00e9gante et comprennent des accessoires de salle de bain enti\u00e8rement fonctionnels tels que des distributeurs de savon, des porte-savons, etc. Ils sont \u00e0 la fois beaux et pratiques et ajoutent une touche d'\u00e9l\u00e9gance \u00e0 la maison et aux h\u00f4tels.<\/p>\n<h2>Accessoires de bain en vrac Param\u00e8tre :<\/h2>\n<table border=\"0\" width=\"476\" cellspacing=\"0\" cellpadding=\"0\">\n<tbody>\n<tr>\n<td width=\"187\" height=\"29\">Fabricant<\/td>\n<td width=\"289\">JINHUA<\/td>\n<\/tr>\n<tr>\n<td height=\"29\">Num\u00e9ro de mod\u00e8le<\/td>\n<td>JHB71<\/td>\n<\/tr>\n<tr>\n<td height=\"29\">Conception<\/td>\n<td>Ensemble de 4 pi\u00e8ces<\/td>\n<\/tr>\n<tr>\n<td height=\"29\">Mat\u00e9riau<\/td>\n<td>C\u00e9ramique<\/td>\n<\/tr>\n<tr>\n<td height=\"29\">Couleur<\/td>\n<td width=\"289\">Blanc<\/td>\n<\/tr>\n<tr>\n<td height=\"29\">Sur mesure<\/td>\n<td>Couleur\/Taille\/Logo\/Emballage<\/td>\n<\/tr>\n<tr>\n<td height=\"29\">MOQ<\/td>\n<td>500sets<\/td>\n<\/tr>\n<tr>\n<td height=\"145\">Dimension<\/td>\n<td width=\"289\">Bouteille de savon : 8*8*17cm<br \/>Porte-brosse \u00e0 dents : 8*8*11cm<br \/>Porte-savon : 14*10*3cm<br \/>Bocal : 10.5*10.5*10.5cm<\/td>\n<\/tr>\n<\/tbody>\n<\/table>","protected":false},"featured_media":2702,"comment_status":"open","ping_status":"closed","template":"","meta":{"_acf_changed":true},"certification":[63,64,66,58,65,61,60,62,57],"product_brand":[],"product_cat":[35,22],"product_tag":[],"class_list":{"0":"post-2083","1":"product","2":"type-product","3":"status-publish","4":"has-post-thumbnail","6":"certification-amfori","7":"certification-bsci","8":"certification-cnas","9":"certification-fda","10":"certification-iaf","11":"certification-iso-14001","12":"certification-iso-45001","13":"certification-iso-9001","14":"certification-lfgb","15":"product_cat-bathroom-ceramics-supply","16":"product_cat-ceramic-bathroom-set","18":"first","19":"instock","20":"shipping-taxable","21":"product-type-simple"},"acf":[],"_links":{"self":[{"href":"https:\/\/www.linkceramics.com\/fr\/wp-json\/wp\/v2\/product\/2083","targetHints":{"allow":["GET"]}}],"collection":[{"href":"https:\/\/www.linkceramics.com\/fr\/wp-json\/wp\/v2\/product"}],"about":[{"href":"https:\/\/www.linkceramics.com\/fr\/wp-json\/wp\/v2\/types\/product"}],"replies":[{"embeddable":true,"href":"https:\/\/www.linkceramics.com\/fr\/wp-json\/wp\/v2\/comments?post=2083"}],"wp:featuredmedia":[{"embeddable":true,"href":"https:\/\/www.linkceramics.com\/fr\/wp-json\/wp\/v2\/media\/2702"}],"wp:attachment":[{"href":"https:\/\/www.linkceramics.com\/fr\/wp-json\/wp\/v2\/media?parent=2083"}],"wp:term":[{"taxonomy":"certification","embeddable":true,"href":"https:\/\/www.linkceramics.com\/fr\/wp-json\/wp\/v2\/certification?post=2083"},{"taxonomy":"product_brand","embeddable":true,"href":"https:\/\/www.linkceramics.com\/fr\/wp-json\/wp\/v2\/product_brand?post=2083"},{"taxonomy":"product_cat","embeddable":true,"href":"https:\/\/www.linkceramics.com\/fr\/wp-json\/wp\/v2\/product_cat?post=2083"},{"taxonomy":"product_tag","embeddable":true,"href":"https:\/\/www.linkceramics.com\/fr\/wp-json\/wp\/v2\/product_tag?post=2083"}],"curies":[{"name":"wp","href":"https:\/\/api.w.org\/{rel}","templated":true}]}}