{"id":2088,"date":"2025-04-21T02:52:03","date_gmt":"2025-04-21T02:52:03","guid":{"rendered":"https:\/\/www.linkceramics.com\/?post_type=product&#038;p=2088"},"modified":"2025-09-23T02:08:48","modified_gmt":"2025-09-23T02:08:48","slug":"bulk-ceramic-tableware-set","status":"publish","type":"product","link":"https:\/\/www.linkceramics.com\/fr\/product\/bulk-ceramic-tableware-set\/","title":{"rendered":"Solecasa Bulk Ceramic Tableware Set, Vintage Style Dinnerware"},"content":{"rendered":"<div class=\"wp-block-columns is-layout-flex wp-container-core-columns-is-layout-9d6595d7 wp-block-columns-is-layout-flex\">\n<div class=\"wp-block-column is-layout-flow wp-block-column-is-layout-flow\" style=\"flex-basis:50%\">\n<h3 class=\"wp-block-heading\">Ensemble de vaisselle en c\u00e9ramique en vrac Caract\u00e9ristiques :<\/h3>\n\n\n\n<p><strong>Design chaleureux et r\u00e9tro : <\/strong>Cet ensemble de vaisselle de gros est une combinaison de fond blanc cass\u00e9 et de rouge, et le motif floral est frais et doux, convenant \u00e0 une vari\u00e9t\u00e9 de styles de table.<\/p>\n\n\n\n<p><strong>La combinaison de plusieurs pi\u00e8ces est pratique : <\/strong>Notre vaisselle de restauration en vrac comprend des assiettes, des bols, des assiettes creuses, des th\u00e9i\u00e8res, des tasses et des soucoupes, etc., pour r\u00e9pondre aux diff\u00e9rents besoins de la restauration.<\/p>\n\n\n\n<p><strong>Surface en c\u00e9ramique lisse et facile \u00e0 nettoyer :<\/strong> Notre service de table en gros est cuit \u00e0 haute temp\u00e9rature, avec une gla\u00e7ure d\u00e9licate, n'absorbant pas facilement les taches d'huile, et permettant un entretien quotidien pratique et rapide.<\/p>\n\n\n\n<p><strong>Convient aux sc\u00e8nes domestiques et commerciales :<\/strong> Qu'elle soit utilis\u00e9e pour des r\u00e9unions \u00e0 domicile ou dans des lieux de restauration commerciale, notre vaisselle de restauration en vrac peut refl\u00e9ter le sens de la qualit\u00e9.<\/p>\n\n\n\n<p><strong>Soutien au commerce de gros et aux services personnalis\u00e9s : <\/strong>Cet ensemble de vaisselle en gros convient aux d\u00e9taillants de marque, aux caf\u00e9s, aux restaurants et \u00e0 d'autres besoins d'achat en gros, en fournissant des services personnalis\u00e9s OEM\/ODM.<\/p>\n<\/div>\n\n\n\n<div class=\"wp-block-column is-layout-flow wp-block-column-is-layout-flow\" style=\"flex-basis:50%\">\n<figure class=\"wp-block-image size-full\"><img decoding=\"async\" width=\"800\" height=\"800\" src=\"https:\/\/www.linkceramics.com\/wp-content\/uploads\/2025\/04\/solecasa-bulk-ceramic-tableware-set-vintage-style-dinnerware-3.webp\" alt=\"solecasa-bulk-ceramic-tableware-set-vintage-style-dinnerware-3\" class=\"wp-image-2628\" srcset=\"https:\/\/www.linkceramics.com\/wp-content\/uploads\/2025\/04\/solecasa-bulk-ceramic-tableware-set-vintage-style-dinnerware-3.webp 800w, https:\/\/www.linkceramics.com\/wp-content\/uploads\/2025\/04\/solecasa-bulk-ceramic-tableware-set-vintage-style-dinnerware-3-300x300.webp 300w, https:\/\/www.linkceramics.com\/wp-content\/uploads\/2025\/04\/solecasa-bulk-ceramic-tableware-set-vintage-style-dinnerware-3-150x150.webp 150w, https:\/\/www.linkceramics.com\/wp-content\/uploads\/2025\/04\/solecasa-bulk-ceramic-tableware-set-vintage-style-dinnerware-3-768x768.webp 768w, https:\/\/www.linkceramics.com\/wp-content\/uploads\/2025\/04\/solecasa-bulk-ceramic-tableware-set-vintage-style-dinnerware-3-12x12.webp 12w, https:\/\/www.linkceramics.com\/wp-content\/uploads\/2025\/04\/solecasa-bulk-ceramic-tableware-set-vintage-style-dinnerware-3-600x600.webp 600w, https:\/\/www.linkceramics.com\/wp-content\/uploads\/2025\/04\/solecasa-bulk-ceramic-tableware-set-vintage-style-dinnerware-3-100x100.webp 100w\" sizes=\"(max-width: 800px) 100vw, 800px\" \/><\/figure>\n<\/div>\n<\/div>\n\n\n\n<p><\/p>","protected":false},"excerpt":{"rendered":"<p>Bienvenue dans l'achat de vaisselle de restauration en vrac. Cet ensemble de vaisselle en c\u00e9ramique en vrac est principalement blanc cass\u00e9, avec de jolis motifs de fleurs rouges, cr\u00e9ant une atmosph\u00e8re chaleureuse et r\u00e9tro, ce qui est un choix id\u00e9al pour les familles, les caf\u00e9s et les restaurants.<\/p>\n<h2>Set de table en c\u00e9ramique en vrac Param\u00e8tre :<\/h2>\n<table border=\"0\" width=\"370\" cellspacing=\"0\" cellpadding=\"0\">\n<tbody>\n<tr>\n<td width=\"139\" height=\"18\">Fabricant<\/td>\n<td width=\"231\">SOLECASA<\/td>\n<\/tr>\n<tr>\n<td width=\"139\" height=\"18\">Nom de la collection<\/td>\n<td width=\"231\">La Fleurs<\/td>\n<\/tr>\n<tr>\n<td width=\"139\" height=\"53\">Produits inclus<\/td>\n<td width=\"231\">Assiette, bol, bol \u00e0 soupe \u00e0 anses, th\u00e9i\u00e8re, tasse et soucoupe, cuill\u00e8re, assiette \u00e0 tremper<\/td>\n<\/tr>\n<tr>\n<td width=\"139\" height=\"18\">Mat\u00e9riau<\/td>\n<td width=\"231\">Porcelaine<\/td>\n<\/tr>\n<tr>\n<td width=\"139\" height=\"18\">Paquet<\/td>\n<td width=\"231\">Emballage en vrac<\/td>\n<\/tr>\n<tr>\n<td width=\"139\" height=\"18\">Unit\u00e9s de vente<\/td>\n<td width=\"231\">Article unique<\/td>\n<\/tr>\n<tr>\n<td width=\"139\" height=\"18\">MOQ<\/td>\n<td width=\"231\">Faible MOQ<\/td>\n<\/tr>\n<tr>\n<td width=\"139\" height=\"18\">\u00c9chantillon gratuit<\/td>\n<td width=\"231\">Disponible<\/td>\n<\/tr>\n<tr>\n<td width=\"139\" height=\"18\">Option personnalis\u00e9e<\/td>\n<td width=\"231\">Couleur\/Taille\/Glaze\/Logo\/Emballage<\/td>\n<\/tr>\n<\/tbody>\n<\/table>","protected":false},"featured_media":2627,"comment_status":"open","ping_status":"closed","template":"","meta":{"_acf_changed":true},"certification":[63,64,66,58,65,61,60,62,57],"product_brand":[],"product_cat":[34,18],"product_tag":[],"class_list":{"0":"post-2088","1":"product","2":"type-product","3":"status-publish","4":"has-post-thumbnail","6":"certification-amfori","7":"certification-bsci","8":"certification-cnas","9":"certification-fda","10":"certification-iaf","11":"certification-iso-14001","12":"certification-iso-45001","13":"certification-iso-9001","14":"certification-lfgb","15":"product_cat-custom-household-ceramics","16":"product_cat-ceramic-tableware-wholesale","18":"first","19":"instock","20":"shipping-taxable","21":"product-type-simple"},"acf":[],"_links":{"self":[{"href":"https:\/\/www.linkceramics.com\/fr\/wp-json\/wp\/v2\/product\/2088","targetHints":{"allow":["GET"]}}],"collection":[{"href":"https:\/\/www.linkceramics.com\/fr\/wp-json\/wp\/v2\/product"}],"about":[{"href":"https:\/\/www.linkceramics.com\/fr\/wp-json\/wp\/v2\/types\/product"}],"replies":[{"embeddable":true,"href":"https:\/\/www.linkceramics.com\/fr\/wp-json\/wp\/v2\/comments?post=2088"}],"wp:featuredmedia":[{"embeddable":true,"href":"https:\/\/www.linkceramics.com\/fr\/wp-json\/wp\/v2\/media\/2627"}],"wp:attachment":[{"href":"https:\/\/www.linkceramics.com\/fr\/wp-json\/wp\/v2\/media?parent=2088"}],"wp:term":[{"taxonomy":"certification","embeddable":true,"href":"https:\/\/www.linkceramics.com\/fr\/wp-json\/wp\/v2\/certification?post=2088"},{"taxonomy":"product_brand","embeddable":true,"href":"https:\/\/www.linkceramics.com\/fr\/wp-json\/wp\/v2\/product_brand?post=2088"},{"taxonomy":"product_cat","embeddable":true,"href":"https:\/\/www.linkceramics.com\/fr\/wp-json\/wp\/v2\/product_cat?post=2088"},{"taxonomy":"product_tag","embeddable":true,"href":"https:\/\/www.linkceramics.com\/fr\/wp-json\/wp\/v2\/product_tag?post=2088"}],"curies":[{"name":"wp","href":"https:\/\/api.w.org\/{rel}","templated":true}]}}