{"id":2103,"date":"2025-05-05T03:02:14","date_gmt":"2025-05-05T03:02:14","guid":{"rendered":"https:\/\/www.linkceramics.com\/?post_type=product&#038;p=2103"},"modified":"2025-09-30T07:22:59","modified_gmt":"2025-09-30T07:22:59","slug":"wholesale-ceramic-dessert-bowls","status":"publish","type":"product","link":"https:\/\/www.linkceramics.com\/fr\/product\/wholesale-ceramic-dessert-bowls\/","title":{"rendered":"Petits bols \u00e0 dessert en c\u00e9ramique pour salade, pudding, etc."},"content":{"rendered":"<div class=\"wp-block-columns is-layout-flex wp-container-core-columns-is-layout-9d6595d7 wp-block-columns-is-layout-flex\">\n<div class=\"wp-block-column is-layout-flow wp-block-column-is-layout-flow\" style=\"flex-basis:50%\">\n<h3 class=\"wp-block-heading\">Bols \u00e0 dessert en c\u00e9ramique en gros Caract\u00e9ristiques :<\/h3>\n\n\n\n<ul class=\"wp-block-list\">\n<li><strong>\u00c9mail r\u00e9actif, naturel et unique :<\/strong> Ces petits bols \u00e0 dessert en gros en c\u00e9ramique utilisent la technologie traditionnelle de l'\u00e9mail r\u00e9actif pour la cuisson. Chaque pi\u00e8ce pr\u00e9sente un changement de couleur naturel de la gla\u00e7ure et de riches couches de couleur, ce qui est aussi unique qu'une \u0153uvre d'art, montrant la beaut\u00e9 de l'artisanat.<\/li>\n\n\n\n<li><strong>Combinaisons multiples de bols, grande praticit\u00e9 : <\/strong>Incluant des bols \u00e0 c\u00e9r\u00e9ales, des bols \u00e0 pudding, des bols \u00e0 salade et d'autres tailles et formes pour r\u00e9pondre aux diff\u00e9rents besoins alimentaires, convenant au petit-d\u00e9jeuner, aux desserts, aux salades, aux p\u00e2tes et \u00e0 d'autres plats.<\/li>\n\n\n\n<li><strong>S\u00e9curit\u00e9 alimentaire, sans plomb et non toxique :<\/strong> Fabriqu\u00e9 \u00e0 partir de mat\u00e9riaux c\u00e9ramiques sains et \u00e9cologiques, sans plomb ni autres produits chimiques toxiques, sans danger pour les aliments, avec une gla\u00e7ure lisse, ne se laisse pas facilement tacher par les taches d'huile et est facile \u00e0 nettoyer.<\/li>\n\n\n\n<li><strong>Esth\u00e9tique orientale, fusion moderne : <\/strong>Ces bols \u00e0 dessert en c\u00e9ramique de gros pr\u00e9sentent une forme simple et g\u00e9n\u00e9reuse, int\u00e9grant harmonieusement l'artisanat oriental traditionnel et l'esth\u00e9tique contemporaine. Ils conviennent \u00e0 diff\u00e9rents types de tables et rehaussent l'exp\u00e9rience gastronomique.<\/li>\n<\/ul>\n<\/div>\n\n\n\n<div class=\"wp-block-column is-layout-flow wp-block-column-is-layout-flow\" style=\"flex-basis:50%\">\n<figure class=\"wp-block-image size-full\"><img decoding=\"async\" width=\"800\" height=\"800\" src=\"https:\/\/www.linkceramics.com\/wp-content\/uploads\/2025\/05\/small-wholesale-ceramic-dessert-bowls-for-salad-pudding-1.webp\" alt=\"petits-bols \u00e0 dessert en c\u00e9ramique pour salade-pudding-1\" class=\"wp-image-2675\" srcset=\"https:\/\/www.linkceramics.com\/wp-content\/uploads\/2025\/05\/small-wholesale-ceramic-dessert-bowls-for-salad-pudding-1.webp 800w, https:\/\/www.linkceramics.com\/wp-content\/uploads\/2025\/05\/small-wholesale-ceramic-dessert-bowls-for-salad-pudding-1-300x300.webp 300w, https:\/\/www.linkceramics.com\/wp-content\/uploads\/2025\/05\/small-wholesale-ceramic-dessert-bowls-for-salad-pudding-1-150x150.webp 150w, https:\/\/www.linkceramics.com\/wp-content\/uploads\/2025\/05\/small-wholesale-ceramic-dessert-bowls-for-salad-pudding-1-768x768.webp 768w, https:\/\/www.linkceramics.com\/wp-content\/uploads\/2025\/05\/small-wholesale-ceramic-dessert-bowls-for-salad-pudding-1-12x12.webp 12w, https:\/\/www.linkceramics.com\/wp-content\/uploads\/2025\/05\/small-wholesale-ceramic-dessert-bowls-for-salad-pudding-1-600x600.webp 600w, https:\/\/www.linkceramics.com\/wp-content\/uploads\/2025\/05\/small-wholesale-ceramic-dessert-bowls-for-salad-pudding-1-100x100.webp 100w\" sizes=\"(max-width: 800px) 100vw, 800px\" \/><\/figure>\n<\/div>\n<\/div>\n\n\n\n<p><\/p>","protected":false},"excerpt":{"rendered":"<p data-pm-slice=\"1 1 []\">Bienvenue sur notre site de vente en gros de bols \u00e0 dessert en c\u00e9ramique. Ces petits bols en c\u00e9ramique sont cuits en utilisant la technologie de l'\u00e9mail r\u00e9actif, avec des couleurs naturelles et riches et un charme unique. La combinaison de diff\u00e9rentes formes de bols est pratique et belle, convenant au petit d\u00e9jeuner, aux desserts, aux salades et \u00e0 d'autres sc\u00e8nes de repas.<\/p>\n<h2>Bols \u00e0 dessert en c\u00e9ramique en gros Param\u00e8tres :<\/h2>\n<table border=\"0\" width=\"654\" cellspacing=\"0\" cellpadding=\"0\">\n<tbody>\n<tr>\n<td width=\"254\" height=\"33\">Fabricant<\/td>\n<td width=\"400\">Yongjian<\/td>\n<\/tr>\n<tr>\n<td height=\"33\">Num\u00e9ro de mod\u00e8le<\/td>\n<td width=\"400\">YJ-121<\/td>\n<\/tr>\n<tr>\n<td height=\"33\">Type de produit<\/td>\n<td>Saladiers et bols \u00e0 salade<\/td>\n<\/tr>\n<tr>\n<td height=\"33\">Mat\u00e9riau<\/td>\n<td>Porcelaine<\/td>\n<\/tr>\n<tr>\n<td height=\"33\">Couleur<\/td>\n<td>En tant qu'image<\/td>\n<\/tr>\n<tr>\n<td height=\"66\">Dimension<\/td>\n<td width=\"400\">15.4*15.4*4.2cm 18*18*2.3cm<\/td>\n<\/tr>\n<tr>\n<td height=\"33\">MOQ<\/td>\n<td>500pcs<\/td>\n<\/tr>\n<tr>\n<td height=\"33\">Sur mesure<\/td>\n<td>Couleur\/Taille\/Logo\/Emballage<\/td>\n<\/tr>\n<\/tbody>\n<\/table>","protected":false},"featured_media":2676,"comment_status":"open","ping_status":"closed","template":"","meta":{"_acf_changed":false},"certification":[63,64,66,58,65,61,60,62,57],"product_brand":[],"product_cat":[34,18],"product_tag":[],"class_list":{"0":"post-2103","1":"product","2":"type-product","3":"status-publish","4":"has-post-thumbnail","6":"certification-amfori","7":"certification-bsci","8":"certification-cnas","9":"certification-fda","10":"certification-iaf","11":"certification-iso-14001","12":"certification-iso-45001","13":"certification-iso-9001","14":"certification-lfgb","15":"product_cat-custom-household-ceramics","16":"product_cat-ceramic-tableware-wholesale","18":"first","19":"instock","20":"shipping-taxable","21":"product-type-simple"},"acf":[],"_links":{"self":[{"href":"https:\/\/www.linkceramics.com\/fr\/wp-json\/wp\/v2\/product\/2103","targetHints":{"allow":["GET"]}}],"collection":[{"href":"https:\/\/www.linkceramics.com\/fr\/wp-json\/wp\/v2\/product"}],"about":[{"href":"https:\/\/www.linkceramics.com\/fr\/wp-json\/wp\/v2\/types\/product"}],"replies":[{"embeddable":true,"href":"https:\/\/www.linkceramics.com\/fr\/wp-json\/wp\/v2\/comments?post=2103"}],"wp:featuredmedia":[{"embeddable":true,"href":"https:\/\/www.linkceramics.com\/fr\/wp-json\/wp\/v2\/media\/2676"}],"wp:attachment":[{"href":"https:\/\/www.linkceramics.com\/fr\/wp-json\/wp\/v2\/media?parent=2103"}],"wp:term":[{"taxonomy":"certification","embeddable":true,"href":"https:\/\/www.linkceramics.com\/fr\/wp-json\/wp\/v2\/certification?post=2103"},{"taxonomy":"product_brand","embeddable":true,"href":"https:\/\/www.linkceramics.com\/fr\/wp-json\/wp\/v2\/product_brand?post=2103"},{"taxonomy":"product_cat","embeddable":true,"href":"https:\/\/www.linkceramics.com\/fr\/wp-json\/wp\/v2\/product_cat?post=2103"},{"taxonomy":"product_tag","embeddable":true,"href":"https:\/\/www.linkceramics.com\/fr\/wp-json\/wp\/v2\/product_tag?post=2103"}],"curies":[{"name":"wp","href":"https:\/\/api.w.org\/{rel}","templated":true}]}}