{"id":2107,"date":"2025-05-12T03:01:37","date_gmt":"2025-05-12T03:01:37","guid":{"rendered":"https:\/\/www.linkceramics.com\/?post_type=product&#038;p=2107"},"modified":"2025-09-30T06:46:34","modified_gmt":"2025-09-30T06:46:34","slug":"custom-ceramic-tableware-set","status":"publish","type":"product","link":"https:\/\/www.linkceramics.com\/fr\/product\/custom-ceramic-tableware-set\/","title":{"rendered":"Set de vaisselle en c\u00e9ramique personnalis\u00e9, vaisselle mignonne de tous les jours en vrac"},"content":{"rendered":"<div class=\"wp-block-columns is-layout-flex wp-container-core-columns-is-layout-9d6595d7 wp-block-columns-is-layout-flex\">\n<div class=\"wp-block-column is-layout-flow wp-block-column-is-layout-flow\" style=\"flex-basis:50%\">\n<h3 class=\"wp-block-heading\">Service de table en c\u00e9ramique personnalis\u00e9 Caract\u00e9ristiques :<\/h3>\n\n\n\n<p>Illustration de bande dessin\u00e9e exquise : La vaisselle en c\u00e9ramique personnalis\u00e9e avec des illustrations de personnages dessin\u00e9s \u00e0 la main, un style doux et romantique, combin\u00e9 avec un fond de couleur mignon, peut am\u00e9liorer l'atmosph\u00e8re de la salle \u00e0 manger.<\/p>\n\n\n\n<p><strong>Service de vaisselle complet :<\/strong> Cette vaisselle quotidienne non toxique en vrac comprend des assiettes, une th\u00e9i\u00e8re, des tasses \u00e0 caf\u00e9, un pot \u00e0 lait, un sucrier et bien d'autres choses encore, parfaites pour le petit-d\u00e9jeuner, le th\u00e9 de l'apr\u00e8s-midi et les repas de tous les jours.<\/p>\n\n\n\n<p><strong>Polyvalent :<\/strong> L'ensemble de vaisselle en c\u00e9ramique personnalis\u00e9e convient \u00e0 la maison, aux caf\u00e9s, aux boutiques de desserts et aux cadeaux, alliant beaut\u00e9 et praticit\u00e9.<\/p>\n\n\n\n<p><strong>Service OEM\/ODM :<\/strong> Nous pouvons concevoir des logos de marque, des motifs exclusifs ou des illustrations sur le th\u00e8me des f\u00eates, selon les besoins du client, afin de rendre la vaisselle plus reconnaissable.<\/p>\n\n\n\n<p><strong>Bon mat\u00e9riau c\u00e9ramique : <\/strong>La vaisselle en c\u00e9ramique personnalis\u00e9e utilise de la bonne c\u00e9ramique pour produire chaque pi\u00e8ce de vaisselle robuste et durable, avec une meilleure r\u00e9sistance \u00e0 la chaleur et aux chutes, id\u00e9ale pour un usage quotidien.<\/p>\n\n\n\n<p><strong>Utilisation universelle :<\/strong> Ces articles de table de tous les jours en forme de dessins anim\u00e9s sont utilisables au micro-ondes, au four ou dans une plaque \u00e0 induction ; ils peuvent \u00eatre utilis\u00e9s en toute s\u00e9curit\u00e9 dans diff\u00e9rentes conditions de cuisson, ce qui est pratique et permet d'\u00e9conomiser du temps.<\/p>\n<\/div>\n\n\n\n<div class=\"wp-block-column is-layout-flow wp-block-column-is-layout-flow\" style=\"flex-basis:50%\">\n<figure class=\"wp-block-image size-full\"><img decoding=\"async\" width=\"700\" height=\"700\" src=\"https:\/\/www.linkceramics.com\/wp-content\/uploads\/2025\/05\/custom-ceramic-tableware-set-cute-everyday-tableware-bulk-1.webp\" alt=\"vaisselle-ceramique-set-coupe-vaisselle-de-tout-le-monde-bulk-1\" class=\"wp-image-2671\" srcset=\"https:\/\/www.linkceramics.com\/wp-content\/uploads\/2025\/05\/custom-ceramic-tableware-set-cute-everyday-tableware-bulk-1.webp 700w, https:\/\/www.linkceramics.com\/wp-content\/uploads\/2025\/05\/custom-ceramic-tableware-set-cute-everyday-tableware-bulk-1-300x300.webp 300w, https:\/\/www.linkceramics.com\/wp-content\/uploads\/2025\/05\/custom-ceramic-tableware-set-cute-everyday-tableware-bulk-1-150x150.webp 150w, https:\/\/www.linkceramics.com\/wp-content\/uploads\/2025\/05\/custom-ceramic-tableware-set-cute-everyday-tableware-bulk-1-12x12.webp 12w, https:\/\/www.linkceramics.com\/wp-content\/uploads\/2025\/05\/custom-ceramic-tableware-set-cute-everyday-tableware-bulk-1-600x600.webp 600w, https:\/\/www.linkceramics.com\/wp-content\/uploads\/2025\/05\/custom-ceramic-tableware-set-cute-everyday-tableware-bulk-1-100x100.webp 100w\" sizes=\"(max-width: 700px) 100vw, 700px\" \/><\/figure>\n<\/div>\n<\/div>\n\n\n\n<p><\/p>","protected":false},"excerpt":{"rendered":"<p>Nous vous invitons \u00e0 acheter notre service de table en c\u00e9ramique personnalis\u00e9, avec des illustrations esth\u00e9tiques de personnages de dessins anim\u00e9s, de multiples couleurs et combinaisons, de haute qualit\u00e9 et durable, parfait pour la maison, les caf\u00e9s et les cadeaux. Lianyuan offre une vari\u00e9t\u00e9 de tailles et un ensemble complet de vaisselle, supportant OEM et ODM. Contactez-nous pour obtenir un devis !<\/p>\n<h2>Service de table en c\u00e9ramique Param\u00e8tre :<\/h2>\n<table border=\"0\" width=\"618\" cellspacing=\"0\" cellpadding=\"0\">\n<tbody>\n<tr>\n<td width=\"180\" height=\"26\">Fabricant<\/td>\n<td width=\"438\">Lianyuan<\/td>\n<\/tr>\n<tr>\n<td height=\"26\">Type de produit<\/td>\n<td>Assiettes et bols, services \u00e0 th\u00e9, supports \u00e0 g\u00e2teaux, assiettes \u00e0 dessert, sucriers, plateaux,<\/td>\n<\/tr>\n<tr>\n<td height=\"26\">Mod\u00e8le<\/td>\n<td>Style \u00e0 la mode<\/td>\n<\/tr>\n<tr>\n<td height=\"26\">Couleur<\/td>\n<td>Multi<\/td>\n<\/tr>\n<tr>\n<td height=\"26\">Mat\u00e9riau<\/td>\n<td>Porcelaine durable<\/td>\n<\/tr>\n<tr>\n<td height=\"26\">Artisanat<\/td>\n<td>D\u00e9calque In-Glaze<\/td>\n<\/tr>\n<tr>\n<td height=\"26\">Application<\/td>\n<td>Passe au micro-ondes, au lave-vaisselle et au four<\/td>\n<\/tr>\n<tr>\n<td height=\"26\">Sur mesure<\/td>\n<td>Couleur\/Taille\/Logo\/Emballage<\/td>\n<\/tr>\n<\/tbody>\n<\/table>","protected":false},"featured_media":2671,"comment_status":"open","ping_status":"closed","template":"","meta":{"_acf_changed":false},"certification":[66,58,65,61,60,62,57],"product_brand":[],"product_cat":[34,18],"product_tag":[],"class_list":{"0":"post-2107","1":"product","2":"type-product","3":"status-publish","4":"has-post-thumbnail","6":"certification-cnas","7":"certification-fda","8":"certification-iaf","9":"certification-iso-14001","10":"certification-iso-45001","11":"certification-iso-9001","12":"certification-lfgb","13":"product_cat-custom-household-ceramics","14":"product_cat-ceramic-tableware-wholesale","16":"first","17":"instock","18":"shipping-taxable","19":"product-type-simple"},"acf":[],"_links":{"self":[{"href":"https:\/\/www.linkceramics.com\/fr\/wp-json\/wp\/v2\/product\/2107","targetHints":{"allow":["GET"]}}],"collection":[{"href":"https:\/\/www.linkceramics.com\/fr\/wp-json\/wp\/v2\/product"}],"about":[{"href":"https:\/\/www.linkceramics.com\/fr\/wp-json\/wp\/v2\/types\/product"}],"replies":[{"embeddable":true,"href":"https:\/\/www.linkceramics.com\/fr\/wp-json\/wp\/v2\/comments?post=2107"}],"wp:featuredmedia":[{"embeddable":true,"href":"https:\/\/www.linkceramics.com\/fr\/wp-json\/wp\/v2\/media\/2671"}],"wp:attachment":[{"href":"https:\/\/www.linkceramics.com\/fr\/wp-json\/wp\/v2\/media?parent=2107"}],"wp:term":[{"taxonomy":"certification","embeddable":true,"href":"https:\/\/www.linkceramics.com\/fr\/wp-json\/wp\/v2\/certification?post=2107"},{"taxonomy":"product_brand","embeddable":true,"href":"https:\/\/www.linkceramics.com\/fr\/wp-json\/wp\/v2\/product_brand?post=2107"},{"taxonomy":"product_cat","embeddable":true,"href":"https:\/\/www.linkceramics.com\/fr\/wp-json\/wp\/v2\/product_cat?post=2107"},{"taxonomy":"product_tag","embeddable":true,"href":"https:\/\/www.linkceramics.com\/fr\/wp-json\/wp\/v2\/product_tag?post=2107"}],"curies":[{"name":"wp","href":"https:\/\/api.w.org\/{rel}","templated":true}]}}