{"id":2108,"date":"2025-05-05T06:22:22","date_gmt":"2025-05-05T06:22:22","guid":{"rendered":"https:\/\/www.linkceramics.com\/?post_type=product&#038;p=2108"},"modified":"2025-09-30T09:11:49","modified_gmt":"2025-09-30T09:11:49","slug":"wholesale-bathroom-sets","status":"publish","type":"product","link":"https:\/\/www.linkceramics.com\/fr\/product\/wholesale-bathroom-sets\/","title":{"rendered":"Wholesale Bathroom Sets Birdcage Design, Ceramic Bathroom Essentials"},"content":{"rendered":"<div class=\"wp-block-columns is-layout-flex wp-container-core-columns-is-layout-9d6595d7 wp-block-columns-is-layout-flex\">\n<div class=\"wp-block-column is-layout-flow wp-block-column-is-layout-flow\" style=\"flex-basis:50%\">\n<h3 class=\"wp-block-heading\">Wholesale Bathroom Sets Caract\u00e9ristiques :<\/h3>\n\n\n\n<p><strong>Birdcage Design : <\/strong>Les sets de salle de bain en forme de cage d'oiseau ont des motifs d\u00e9taill\u00e9s en relief sur la surface avec autant de r\u00e9alisme et de vivacit\u00e9. De tels motifs peuvent ajouter une touche artistique et d\u00e9corative \u00e0 la salle de bains et mettre en valeur votre style.<\/p>\n\n\n\n<p><strong>Pratique : <\/strong>Ces sets de salle de bain en gros au design de cage \u00e0 oiseaux comprennent un distributeur de savon liquide, un porte-brosse \u00e0 dents et un porte-savon, qui r\u00e9pondent aux besoins de placement des articles de toilette quotidiens dans la salle de bain. Ils sont enti\u00e8rement fonctionnels et faciles \u00e0 utiliser.<\/p>\n\n\n\n<p><strong>Mat\u00e9riau c\u00e9ramique de haute qualit\u00e9 : <\/strong>Ces ensembles de salle de bains en gros sont fabriqu\u00e9s en c\u00e9ramique de haute qualit\u00e9, lisse et robuste, facile \u00e0 nettoyer, pour une utilisation durable sans d\u00e9formation ni d\u00e9coloration.<\/p>\n\n\n\n<p><strong>Naturel et s\u00fbr : <\/strong>Ces sets de salle de bain en gros optent pour des mat\u00e9riaux c\u00e9ramiques non toxiques et naturels qui sont sains et s\u00fbrs et donc sans danger pour vous et votre famille.<\/p>\n\n\n\n<p><strong>Facile \u00e0 nettoyer et \u00e0 entretenir :<\/strong> Les accessoires de bain en vrac b\u00e9n\u00e9ficient de la propri\u00e9t\u00e9 antisalissure de la c\u00e9ramique avec une surface lisse, ce qui facilite le nettoyage et permet \u00e0 la salle de bains de rester propre et fra\u00eeche comme si elle \u00e9tait neuve.<\/p>\n<\/div>\n\n\n\n<div class=\"wp-block-column is-layout-flow wp-block-column-is-layout-flow\" style=\"flex-basis:50%\">\n<figure class=\"wp-block-image size-full\"><img decoding=\"async\" width=\"1600\" height=\"1600\" src=\"https:\/\/www.linkceramics.com\/wp-content\/uploads\/2025\/05\/wholesale-bathroom-sets-birdcage-design-ceramic-bathroom-essentials-6.webp\" alt=\"wholesale-bathroom-sets-birdcage-design-ceramic-bathroom-essentials-6\" class=\"wp-image-2694\" srcset=\"https:\/\/www.linkceramics.com\/wp-content\/uploads\/2025\/05\/wholesale-bathroom-sets-birdcage-design-ceramic-bathroom-essentials-6.webp 1600w, https:\/\/www.linkceramics.com\/wp-content\/uploads\/2025\/05\/wholesale-bathroom-sets-birdcage-design-ceramic-bathroom-essentials-6-300x300.webp 300w, https:\/\/www.linkceramics.com\/wp-content\/uploads\/2025\/05\/wholesale-bathroom-sets-birdcage-design-ceramic-bathroom-essentials-6-150x150.webp 150w, https:\/\/www.linkceramics.com\/wp-content\/uploads\/2025\/05\/wholesale-bathroom-sets-birdcage-design-ceramic-bathroom-essentials-6-768x768.webp 768w, https:\/\/www.linkceramics.com\/wp-content\/uploads\/2025\/05\/wholesale-bathroom-sets-birdcage-design-ceramic-bathroom-essentials-6-12x12.webp 12w, https:\/\/www.linkceramics.com\/wp-content\/uploads\/2025\/05\/wholesale-bathroom-sets-birdcage-design-ceramic-bathroom-essentials-6-1200x1200.webp 1200w, https:\/\/www.linkceramics.com\/wp-content\/uploads\/2025\/05\/wholesale-bathroom-sets-birdcage-design-ceramic-bathroom-essentials-6-600x600.webp 600w, https:\/\/www.linkceramics.com\/wp-content\/uploads\/2025\/05\/wholesale-bathroom-sets-birdcage-design-ceramic-bathroom-essentials-6-100x100.webp 100w\" sizes=\"(max-width: 1600px) 100vw, 1600px\" \/><\/figure>\n<\/div>\n<\/div>","protected":false},"excerpt":{"rendered":"<p>Bienvenue sur le site d'achat en gros d'accessoires de salle de bain. Ces accessoires de bain en c\u00e9ramique en vrac ont un design unique et \u00e9l\u00e9gant de cage d'oiseau qui peut rehausser le style de votre salle de bain. Le mat\u00e9riau c\u00e9ramique est solide et facile \u00e0 nettoyer, alliant beaut\u00e9 et fonctionnalit\u00e9 et faisant de ces accessoires de salle de bains un article indispensable pour ceux qui recherchent une qualit\u00e9 de vie.<\/p>\n<h2>Ensemble de salle de bains en gros Param\u00e8tre :<\/h2>\n<table border=\"0\" width=\"476\" cellspacing=\"0\" cellpadding=\"0\">\n<tbody>\n<tr>\n<td width=\"187\" height=\"29\">Fabricant<\/td>\n<td width=\"289\">JINHUA<\/td>\n<\/tr>\n<tr>\n<td height=\"29\">Num\u00e9ro de mod\u00e8le<\/td>\n<td>JHB69<\/td>\n<\/tr>\n<tr>\n<td height=\"29\">Conception<\/td>\n<td>Ensemble de 3 pi\u00e8ces<\/td>\n<\/tr>\n<tr>\n<td height=\"29\">Mat\u00e9riau<\/td>\n<td>C\u00e9ramique<\/td>\n<\/tr>\n<tr>\n<td height=\"29\">Couleur<\/td>\n<td width=\"289\">Blanc<\/td>\n<\/tr>\n<tr>\n<td height=\"29\">Sur mesure<\/td>\n<td>Couleur\/Taille\/Logo\/Emballage<\/td>\n<\/tr>\n<tr>\n<td height=\"29\">MOQ<\/td>\n<td>500sets<\/td>\n<\/tr>\n<tr>\n<td height=\"116\">Dimension<\/td>\n<td width=\"289\">Bouteille de savon : 7.9*7.9*18.5cm<br \/>Porte-brosse \u00e0 dents : 7.4*7.4*10.9cm<br \/>Porte-savon : 12.4*9.4*2.5cm<\/td>\n<\/tr>\n<\/tbody>\n<\/table>","protected":false},"featured_media":2690,"comment_status":"open","ping_status":"closed","template":"","meta":{"_acf_changed":false},"certification":[63,64,66,58,65,61,60,62,57],"product_brand":[],"product_cat":[35,22],"product_tag":[],"class_list":{"0":"post-2108","1":"product","2":"type-product","3":"status-publish","4":"has-post-thumbnail","6":"certification-amfori","7":"certification-bsci","8":"certification-cnas","9":"certification-fda","10":"certification-iaf","11":"certification-iso-14001","12":"certification-iso-45001","13":"certification-iso-9001","14":"certification-lfgb","15":"product_cat-bathroom-ceramics-supply","16":"product_cat-ceramic-bathroom-set","18":"first","19":"instock","20":"shipping-taxable","21":"product-type-simple"},"acf":[],"_links":{"self":[{"href":"https:\/\/www.linkceramics.com\/fr\/wp-json\/wp\/v2\/product\/2108","targetHints":{"allow":["GET"]}}],"collection":[{"href":"https:\/\/www.linkceramics.com\/fr\/wp-json\/wp\/v2\/product"}],"about":[{"href":"https:\/\/www.linkceramics.com\/fr\/wp-json\/wp\/v2\/types\/product"}],"replies":[{"embeddable":true,"href":"https:\/\/www.linkceramics.com\/fr\/wp-json\/wp\/v2\/comments?post=2108"}],"wp:featuredmedia":[{"embeddable":true,"href":"https:\/\/www.linkceramics.com\/fr\/wp-json\/wp\/v2\/media\/2690"}],"wp:attachment":[{"href":"https:\/\/www.linkceramics.com\/fr\/wp-json\/wp\/v2\/media?parent=2108"}],"wp:term":[{"taxonomy":"certification","embeddable":true,"href":"https:\/\/www.linkceramics.com\/fr\/wp-json\/wp\/v2\/certification?post=2108"},{"taxonomy":"product_brand","embeddable":true,"href":"https:\/\/www.linkceramics.com\/fr\/wp-json\/wp\/v2\/product_brand?post=2108"},{"taxonomy":"product_cat","embeddable":true,"href":"https:\/\/www.linkceramics.com\/fr\/wp-json\/wp\/v2\/product_cat?post=2108"},{"taxonomy":"product_tag","embeddable":true,"href":"https:\/\/www.linkceramics.com\/fr\/wp-json\/wp\/v2\/product_tag?post=2108"}],"curies":[{"name":"wp","href":"https:\/\/api.w.org\/{rel}","templated":true}]}}