{"id":2127,"date":"2025-05-20T02:28:46","date_gmt":"2025-05-20T02:28:46","guid":{"rendered":"https:\/\/www.linkceramics.com\/?post_type=product&#038;p=2127"},"modified":"2025-05-20T02:28:48","modified_gmt":"2025-05-20T02:28:48","slug":"wholesale-royal-china-dinnerware","status":"publish","type":"product","link":"https:\/\/www.linkceramics.com\/fr\/product\/wholesale-royal-china-dinnerware\/","title":{"rendered":"Wholesale Royal China Dinnerware, Western Serveware, Tea Set Custom"},"content":{"rendered":"<div class=\"wp-block-columns is-layout-flex wp-container-core-columns-is-layout-9d6595d7 wp-block-columns-is-layout-flex\">\n<div class=\"wp-block-column is-layout-flow wp-block-column-is-layout-flow\" style=\"flex-basis:50%\">\n<h3 class=\"wp-block-heading\">Wholesale Royal China Dinnerware Caract\u00e9ristiques :<\/h3>\n\n\n\n<p><strong>Un style royal britannique classique :<\/strong> d\u00e9peint l'architecture europ\u00e9enne et les paysages pastoraux, en utilisant les couleurs rouge royal et blanc, illustrant le luxe et l'\u00e9l\u00e9gance.<\/p>\n\n\n\n<p><strong>Forme de palais r\u00e9tro : <\/strong>Les bords ondul\u00e9s et la d\u00e9coration sculpt\u00e9e en creux rehaussent le temp\u00e9rament aristocratique du palais.<\/p>\n\n\n\n<p><strong>Excellente qualit\u00e9 :<\/strong> En porcelaine durable cuite \u00e0 haute temp\u00e9rature, s\u00fbre et non toxique, r\u00e9sistante \u00e0 l'usure, adapt\u00e9e \u00e0 une utilisation \u00e0 long terme dans des environnements commerciaux tels que les restaurants haut de gamme, les caf\u00e9s, les h\u00f4tels, etc.<\/p>\n\n\n\n<p><strong>Technologie In-Glaze Decal :<\/strong> Gr\u00e2ce \u00e0 la technologie In-Glaze Decal, le motif est int\u00e9gr\u00e9 dans la couche de gla\u00e7age, la surface du gla\u00e7age est lisse et brillante, la couleur est pleine et ne s'estompe pas facilement.<\/p>\n\n\n\n<p><strong>Ensemble complet de diverses sp\u00e9cifications :<\/strong> y compris th\u00e9i\u00e8res, tasses \u00e0 th\u00e9, plateaux, bols \u00e0 soupe, assiettes \u00e0 dessert, assiettes \u00e0 d\u00eener, pots \u00e0 lait, pots \u00e0 sucre, etc., convenant \u00e0 diff\u00e9rentes sc\u00e8nes de repas et de d\u00e9gustation de th\u00e9.<\/p>\n<\/div>\n\n\n\n<div class=\"wp-block-column is-layout-flow wp-block-column-is-layout-flow\" style=\"flex-basis:50%\">\n<figure class=\"wp-block-image size-full\"><img decoding=\"async\" width=\"2606\" height=\"2606\" src=\"https:\/\/www.linkceramics.com\/wp-content\/uploads\/2025\/05\/wholesale-royal-china-dinnerware-3-1.webp\" alt=\"wholesale-royal-china-dinnerware-3-1\" class=\"wp-image-2128\" srcset=\"https:\/\/www.linkceramics.com\/wp-content\/uploads\/2025\/05\/wholesale-royal-china-dinnerware-3-1.webp 2606w, https:\/\/www.linkceramics.com\/wp-content\/uploads\/2025\/05\/wholesale-royal-china-dinnerware-3-1-300x300.webp 300w, https:\/\/www.linkceramics.com\/wp-content\/uploads\/2025\/05\/wholesale-royal-china-dinnerware-3-1-150x150.webp 150w, https:\/\/www.linkceramics.com\/wp-content\/uploads\/2025\/05\/wholesale-royal-china-dinnerware-3-1-768x768.webp 768w, https:\/\/www.linkceramics.com\/wp-content\/uploads\/2025\/05\/wholesale-royal-china-dinnerware-3-1-1200x1200.webp 1200w, https:\/\/www.linkceramics.com\/wp-content\/uploads\/2025\/05\/wholesale-royal-china-dinnerware-3-1-600x600.webp 600w, https:\/\/www.linkceramics.com\/wp-content\/uploads\/2025\/05\/wholesale-royal-china-dinnerware-3-1-100x100.webp 100w\" sizes=\"(max-width: 2606px) 100vw, 2606px\" \/><\/figure>\n<\/div>\n<\/div>","protected":false},"excerpt":{"rendered":"<div class=\"D5aOJc vJwDU\">\n<div data-zone-id=\"0\" data-line-index=\"0\" data-line=\"true\">\n<p>Vaisselle, service et service \u00e0 th\u00e9 en gros en porcelaine royale, motif architectural vintage rouge et blanc, convient aux restaurants haut de gamme, aux h\u00f4tels, etc. Fabrication de haute qualit\u00e9, magasin d'usine, possibilit\u00e9 de personnalisation en vrac, n'h\u00e9sitez pas \u00e0 nous contacter d\u00e8s maintenant !<\/p>\n<\/div>\n<\/div>\n<h2>Param\u00e8tres de la vaisselle Royal China<\/h2>\n<table border=\"0\" width=\"618\" cellspacing=\"0\" cellpadding=\"0\">\n<tbody>\n<tr>\n<td class=\"et3\" width=\"180\" height=\"26\">Fabricant<\/td>\n<td class=\"et3\" width=\"438\">Lianyuan<\/td>\n<\/tr>\n<tr>\n<td class=\"et3\" height=\"26\">Type de produit<\/td>\n<td class=\"et3\">Th\u00e9i\u00e8res, tasses \u00e0 th\u00e9, plateaux, bols \u00e0 soupe, assiettes \u00e0 dessert, assiettes \u00e0 d\u00eener, pots \u00e0 lait, pots \u00e0 sucre, etc.<\/td>\n<\/tr>\n<tr>\n<td class=\"et3\" height=\"26\">Mod\u00e8le<\/td>\n<td class=\"et3\">Style britannique antique<\/td>\n<\/tr>\n<tr>\n<td class=\"et3\" height=\"26\">Couleur<\/td>\n<td class=\"et3\">Rouge et blanc<\/td>\n<\/tr>\n<tr>\n<td class=\"et3\" height=\"26\">Mat\u00e9riau<\/td>\n<td class=\"et3\">Porcelaine durable<\/td>\n<\/tr>\n<tr>\n<td class=\"et3\" height=\"26\">Artisanat<\/td>\n<td class=\"et3\">D\u00e9calque In-Glaze<\/td>\n<\/tr>\n<tr>\n<td class=\"et3\" height=\"26\">Application<\/td>\n<td class=\"et3\">Passe au micro-ondes, au lave-vaisselle et au four<\/td>\n<\/tr>\n<tr>\n<td class=\"et3\" height=\"26\">Sur mesure<\/td>\n<td class=\"et3\">Couleur\/Taille\/Logo\/Emballage<\/td>\n<\/tr>\n<\/tbody>\n<\/table>\n<p>&nbsp;<\/p>","protected":false},"featured_media":2128,"comment_status":"open","ping_status":"closed","template":"","meta":{"_acf_changed":true},"certification":[66,58,65,61,60,62,57],"product_brand":[],"product_cat":[34,18,19],"product_tag":[],"class_list":{"0":"post-2127","1":"product","2":"type-product","3":"status-publish","4":"has-post-thumbnail","6":"certification-cnas","7":"certification-fda","8":"certification-iaf","9":"certification-iso-14001","10":"certification-iso-45001","11":"certification-iso-9001","12":"certification-lfgb","13":"product_cat-custom-household-ceramics","14":"product_cat-ceramic-tableware-wholesale","15":"product_cat-ceramic-tea-set-wholesale","17":"first","18":"instock","19":"shipping-taxable","20":"product-type-simple"},"acf":[],"_links":{"self":[{"href":"https:\/\/www.linkceramics.com\/fr\/wp-json\/wp\/v2\/product\/2127","targetHints":{"allow":["GET"]}}],"collection":[{"href":"https:\/\/www.linkceramics.com\/fr\/wp-json\/wp\/v2\/product"}],"about":[{"href":"https:\/\/www.linkceramics.com\/fr\/wp-json\/wp\/v2\/types\/product"}],"replies":[{"embeddable":true,"href":"https:\/\/www.linkceramics.com\/fr\/wp-json\/wp\/v2\/comments?post=2127"}],"wp:featuredmedia":[{"embeddable":true,"href":"https:\/\/www.linkceramics.com\/fr\/wp-json\/wp\/v2\/media\/2128"}],"wp:attachment":[{"href":"https:\/\/www.linkceramics.com\/fr\/wp-json\/wp\/v2\/media?parent=2127"}],"wp:term":[{"taxonomy":"certification","embeddable":true,"href":"https:\/\/www.linkceramics.com\/fr\/wp-json\/wp\/v2\/certification?post=2127"},{"taxonomy":"product_brand","embeddable":true,"href":"https:\/\/www.linkceramics.com\/fr\/wp-json\/wp\/v2\/product_brand?post=2127"},{"taxonomy":"product_cat","embeddable":true,"href":"https:\/\/www.linkceramics.com\/fr\/wp-json\/wp\/v2\/product_cat?post=2127"},{"taxonomy":"product_tag","embeddable":true,"href":"https:\/\/www.linkceramics.com\/fr\/wp-json\/wp\/v2\/product_tag?post=2127"}],"curies":[{"name":"wp","href":"https:\/\/api.w.org\/{rel}","templated":true}]}}