{"id":2129,"date":"2025-05-20T02:39:25","date_gmt":"2025-05-20T02:39:25","guid":{"rendered":"https:\/\/www.linkceramics.com\/?post_type=product&#038;p=2129"},"modified":"2025-05-20T02:39:26","modified_gmt":"2025-05-20T02:39:26","slug":"custom-modern-dinnerware-set","status":"publish","type":"product","link":"https:\/\/www.linkceramics.com\/fr\/product\/custom-modern-dinnerware-set\/","title":{"rendered":"Service de vaisselle moderne personnalis\u00e9 Service \u00e0 th\u00e9 noir et blanc Wholesale"},"content":{"rendered":"<div class=\"wp-block-columns is-layout-flex wp-container-core-columns-is-layout-9d6595d7 wp-block-columns-is-layout-flex\">\n<div class=\"wp-block-column is-layout-flow wp-block-column-is-layout-flow\" style=\"flex-basis:50%\">\n<h3 class=\"wp-block-heading\">Ensemble de vaisselle moderne personnalis\u00e9 Caract\u00e9ristiques :<\/h3>\n\n\n\n<p><strong>Style moderne et minimaliste :\u00a0<\/strong>Ces services de vaisselle modernes personnalis\u00e9s utilisent des gla\u00e7ures noires et blanches, une texture mate, et pr\u00e9sentent un style moderne.<\/p>\n\n\n\n<p><strong>Texture naturelle :&nbsp;<\/strong>la surface pr\u00e9sente une texture naturelle, l\u00e9g\u00e8rement flasque, une texture unique, t\u00e9moignant d'un go\u00fbt haut de gamme.<\/p>\n\n\n\n<p><strong>Porcelaine durable :&nbsp;<\/strong>r\u00e9sistant \u00e0 l'usure et durable, gla\u00e7age s\u00fbr, conforme aux normes internationales de s\u00e9curit\u00e9 alimentaire, adapt\u00e9 \u00e0 un usage quotidien.<\/p>\n<\/div>\n\n\n\n<div class=\"wp-block-column is-layout-flow wp-block-column-is-layout-flow\" style=\"flex-basis:50%\">\n<figure class=\"wp-block-image size-full\"><img decoding=\"async\" width=\"4067\" height=\"4067\" src=\"https:\/\/www.linkceramics.com\/wp-content\/uploads\/2025\/05\/wholesale-modern-dinnerware-sets.webp\" alt=\"grossiste-sets de vaisselle modernes\" class=\"wp-image-2130\" srcset=\"https:\/\/www.linkceramics.com\/wp-content\/uploads\/2025\/05\/wholesale-modern-dinnerware-sets.webp 4067w, https:\/\/www.linkceramics.com\/wp-content\/uploads\/2025\/05\/wholesale-modern-dinnerware-sets-300x300.webp 300w, https:\/\/www.linkceramics.com\/wp-content\/uploads\/2025\/05\/wholesale-modern-dinnerware-sets-150x150.webp 150w, https:\/\/www.linkceramics.com\/wp-content\/uploads\/2025\/05\/wholesale-modern-dinnerware-sets-768x768.webp 768w, https:\/\/www.linkceramics.com\/wp-content\/uploads\/2025\/05\/wholesale-modern-dinnerware-sets-1200x1200.webp 1200w, https:\/\/www.linkceramics.com\/wp-content\/uploads\/2025\/05\/wholesale-modern-dinnerware-sets-600x600.webp 600w, https:\/\/www.linkceramics.com\/wp-content\/uploads\/2025\/05\/wholesale-modern-dinnerware-sets-100x100.webp 100w\" sizes=\"(max-width: 4067px) 100vw, 4067px\" \/><\/figure>\n<\/div>\n<\/div>","protected":false},"excerpt":{"rendered":"<div class=\"D5aOJc vJwDU\">\n<div data-zone-id=\"0\" data-line-index=\"0\" data-line=\"true\">\n<div class=\"D5aOJc vJwDU\">\n<div data-zone-id=\"0\" data-line-index=\"0\" data-line=\"true\">Nous vous invitons \u00e0 acheter notre service de vaisselle moderne personnalis\u00e9, de forme arrondie naturelle en blanc\/gris mat avec des \u00e9clats. Parfait pour un usage quotidien. Vente directe \u00e0 l'usine, prix comp\u00e9titifs, renseignez-vous d\u00e8s maintenant !<\/div>\n<\/div>\n<h2>Param\u00e8tres des services de vaisselle modernes<\/h2>\n<table border=\"0\" width=\"618\" cellspacing=\"0\" cellpadding=\"0\">\n<tbody>\n<tr>\n<td class=\"et3\" width=\"180\" height=\"26\">Fabricant<\/td>\n<td class=\"et3\" width=\"438\">Lianyuan<\/td>\n<\/tr>\n<tr>\n<td class=\"et3\" height=\"26\">Type de produit<\/td>\n<td class=\"et3\">Assiettes, bols, tasses \u00e0 th\u00e9, th\u00e9i\u00e8res<\/td>\n<\/tr>\n<tr>\n<td class=\"et3\" height=\"26\">Mod\u00e8le<\/td>\n<td class=\"et3\">Forme irr\u00e9guli\u00e8re<\/td>\n<\/tr>\n<tr>\n<td class=\"et3\" height=\"26\">Couleur<\/td>\n<td class=\"et3\">Blanc, Gris fonc\u00e9<\/td>\n<\/tr>\n<tr>\n<td class=\"et3\" height=\"26\">Mat\u00e9riau<\/td>\n<td class=\"et3\">Porcelaine durable<\/td>\n<\/tr>\n<tr>\n<td class=\"et3\" height=\"26\">Artisanat<\/td>\n<td class=\"et3\">Glacis mat, glacis color\u00e9<\/td>\n<\/tr>\n<tr>\n<td class=\"et3\" height=\"26\">Application<\/td>\n<td class=\"et3\">Passe au micro-ondes, au lave-vaisselle et au four<\/td>\n<\/tr>\n<tr>\n<td class=\"et3\" height=\"26\">Sur mesure<\/td>\n<td class=\"et3\">Couleur\/Taille\/Logo\/Emballage<\/td>\n<\/tr>\n<\/tbody>\n<\/table>\n<\/div>\n<\/div>","protected":false},"featured_media":2130,"comment_status":"open","ping_status":"closed","template":"","meta":{"_acf_changed":true},"certification":[66,58,65,61,60,62,57],"product_brand":[],"product_cat":[34,18,19],"product_tag":[],"class_list":{"0":"post-2129","1":"product","2":"type-product","3":"status-publish","4":"has-post-thumbnail","6":"certification-cnas","7":"certification-fda","8":"certification-iaf","9":"certification-iso-14001","10":"certification-iso-45001","11":"certification-iso-9001","12":"certification-lfgb","13":"product_cat-custom-household-ceramics","14":"product_cat-ceramic-tableware-wholesale","15":"product_cat-ceramic-tea-set-wholesale","17":"first","18":"instock","19":"shipping-taxable","20":"product-type-simple"},"acf":[],"_links":{"self":[{"href":"https:\/\/www.linkceramics.com\/fr\/wp-json\/wp\/v2\/product\/2129","targetHints":{"allow":["GET"]}}],"collection":[{"href":"https:\/\/www.linkceramics.com\/fr\/wp-json\/wp\/v2\/product"}],"about":[{"href":"https:\/\/www.linkceramics.com\/fr\/wp-json\/wp\/v2\/types\/product"}],"replies":[{"embeddable":true,"href":"https:\/\/www.linkceramics.com\/fr\/wp-json\/wp\/v2\/comments?post=2129"}],"wp:featuredmedia":[{"embeddable":true,"href":"https:\/\/www.linkceramics.com\/fr\/wp-json\/wp\/v2\/media\/2130"}],"wp:attachment":[{"href":"https:\/\/www.linkceramics.com\/fr\/wp-json\/wp\/v2\/media?parent=2129"}],"wp:term":[{"taxonomy":"certification","embeddable":true,"href":"https:\/\/www.linkceramics.com\/fr\/wp-json\/wp\/v2\/certification?post=2129"},{"taxonomy":"product_brand","embeddable":true,"href":"https:\/\/www.linkceramics.com\/fr\/wp-json\/wp\/v2\/product_brand?post=2129"},{"taxonomy":"product_cat","embeddable":true,"href":"https:\/\/www.linkceramics.com\/fr\/wp-json\/wp\/v2\/product_cat?post=2129"},{"taxonomy":"product_tag","embeddable":true,"href":"https:\/\/www.linkceramics.com\/fr\/wp-json\/wp\/v2\/product_tag?post=2129"}],"curies":[{"name":"wp","href":"https:\/\/api.w.org\/{rel}","templated":true}]}}