{"id":2132,"date":"2025-05-26T03:03:54","date_gmt":"2025-05-26T03:03:54","guid":{"rendered":"https:\/\/www.linkceramics.com\/?post_type=product&#038;p=2132"},"modified":"2025-05-26T03:05:25","modified_gmt":"2025-05-26T03:05:25","slug":"customized-wash-basin","status":"publish","type":"product","link":"https:\/\/www.linkceramics.com\/fr\/product\/customized-wash-basin\/","title":{"rendered":"Lavabo de couleur argent\u00e9e personnalis\u00e9, lavabos de salle de bain en gros"},"content":{"rendered":"<div class=\"wp-block-columns is-layout-flex wp-container-core-columns-is-layout-9d6595d7 wp-block-columns-is-layout-flex\">\n<div class=\"wp-block-column is-layout-flow wp-block-column-is-layout-flow\" style=\"flex-basis:50%\">\n<h3 class=\"wp-block-heading\">Lavabo personnalis\u00e9 de premi\u00e8re qualit\u00e9 Caract\u00e9ristiques :<\/h3>\n\n\n\n<ul class=\"wp-block-list\">\n<li><strong>Conception de l'installation du comptoir :<\/strong> Ce lavabo personnalis\u00e9 en argent galvanis\u00e9 est con\u00e7u pour \u00eatre install\u00e9 sur le plan de travail, ce qui permet d'\u00e9conomiser de l'espace et de faciliter l'utilisation quotidienne, le nettoyage, ainsi que la commodit\u00e9 et l'attrait de la salle de bains dans son ensemble.<\/li>\n\n\n\n<li><strong>Mat\u00e9riaux de qualit\u00e9 :<\/strong> Les lavabos de salle de bains en argent sont fabriqu\u00e9s \u00e0 partir de mat\u00e9riaux c\u00e9ramiques de haute qualit\u00e9, de sorte que le bassin peut \u00eatre dur, mais avec une couche ext\u00e9rieure lisse facile \u00e0 nettoyer, \u00e9lectrod\u00e9pos\u00e9e en argent tous les jours.<\/li>\n\n\n\n<li><strong>Approvisionnement rapide :<\/strong> En tant que fabricant de lavabos engag\u00e9, nous disposons d'un syst\u00e8me de production et d'approvisionnement solide pour les lavabos en gros qui peut r\u00e9pondre rapidement aux commandes et livrer des fournitures en temps voulu pour les besoins de projets opportuns.<\/li>\n\n\n\n<li><strong>Abordable : <\/strong>Les \u00e9viers de salle de bain en gros sont de qualit\u00e9 mais \u00e0 un prix abordable pour vous aider \u00e0 \u00e9conomiser de l'argent sur les travaux en gros.<\/li>\n<\/ul>\n<\/div>\n\n\n\n<div class=\"wp-block-column is-layout-flow wp-block-column-is-layout-flow\" style=\"flex-basis:50%\">\n<figure class=\"wp-block-image size-full\"><img decoding=\"async\" width=\"600\" height=\"893\" src=\"https:\/\/www.linkceramics.com\/wp-content\/uploads\/2025\/05\/Electroplated-silver-color-washbasin-sink-supplier-5.webp\" alt=\"silver-color-customized-ceramic-wash-basin-wholesale-bathroom-sinks-1\" class=\"wp-image-2136\" srcset=\"https:\/\/www.linkceramics.com\/wp-content\/uploads\/2025\/05\/Electroplated-silver-color-washbasin-sink-supplier-5.webp 600w, https:\/\/www.linkceramics.com\/wp-content\/uploads\/2025\/05\/Electroplated-silver-color-washbasin-sink-supplier-5-202x300.webp 202w\" sizes=\"(max-width: 600px) 100vw, 600px\" \/><\/figure>\n<\/div>\n<\/div>","protected":false},"excerpt":{"rendered":"<div id=\"brxe-0ee1ca\" class=\"brxe-product-meta product_meta\">\n<div id=\"brxe-0ee1ca\" class=\"brxe-product-meta product_meta\">Bienvenue pour l'achat en gros de lavabos de salle de bain. Notre lavabo argent\u00e9 personnalis\u00e9 est fait de mat\u00e9riaux c\u00e9ramiques de qualit\u00e9 sup\u00e9rieure pour assurer la solidit\u00e9 et la durabilit\u00e9 du lavabo. En tant que fabricant d'\u00e9vier de salle de bain sur mesure, nous poss\u00e9dons un puissant r\u00e9seau de production et de logistique pour les \u00e9viers de salle de bain en gros qui peut r\u00e9pondre rapidement aux commandes et assurer une livraison rapide des produits pour les besoins urgents des projets.<\/div>\n<\/div>\n<div id=\"brxe-8c5ca9\" class=\"brxe-product-short-description\">\n<div class=\"woocommerce-product-details__short-description\">\n<h2>Lavabo personnalis\u00e9 Sp\u00e9cifications :<\/h2>\n<table border=\"0\" width=\"478\" cellspacing=\"0\" cellpadding=\"0\">\n<tbody>\n<tr>\n<td width=\"166\" height=\"23\">Fabricant<\/td>\n<td width=\"312\">HanYu<\/td>\n<\/tr>\n<tr>\n<td height=\"23\">Num\u00e9ro de mod\u00e8le<\/td>\n<td>HY-8184SY<\/td>\n<\/tr>\n<tr>\n<td height=\"23\">Type<\/td>\n<td width=\"312\">\u00c9viers galvanis\u00e9s<\/td>\n<\/tr>\n<tr>\n<td height=\"24\">Forme<\/td>\n<td>Forme hexagonale<\/td>\n<\/tr>\n<tr>\n<td height=\"46\">Couleur<\/td>\n<td width=\"312\">noir\/blanc\/bleu\/gris\/rose\/vert\/marron\/kaki<\/td>\n<\/tr>\n<tr>\n<td height=\"24\">Dimension<\/td>\n<td width=\"312\">47.5*35.5*11.5<\/td>\n<\/tr>\n<tr>\n<td height=\"23\">N.W \/SET<\/td>\n<td>8KGS\/PCS<\/td>\n<\/tr>\n<tr>\n<td height=\"23\">MOQ<\/td>\n<td>20pcs<\/td>\n<\/tr>\n<tr>\n<td height=\"23\">Option personnalis\u00e9e<\/td>\n<td>Couleur\/Pattenue\/Taille\/Logo\/Emballage<\/td>\n<\/tr>\n<\/tbody>\n<\/table>\n<p><\/div>\n<\/div>","protected":false},"featured_media":2135,"comment_status":"open","ping_status":"closed","template":"","meta":{"_acf_changed":true},"certification":[59,61,60,62],"product_brand":[],"product_cat":[35,21],"product_tag":[],"class_list":{"0":"post-2132","1":"product","2":"type-product","3":"status-publish","4":"has-post-thumbnail","6":"certification-ce","7":"certification-iso-14001","8":"certification-iso-45001","9":"certification-iso-9001","10":"product_cat-bathroom-ceramics-supply","11":"product_cat-wholesale-ceramic-basin","13":"first","14":"instock","15":"shipping-taxable","16":"product-type-simple"},"acf":[],"_links":{"self":[{"href":"https:\/\/www.linkceramics.com\/fr\/wp-json\/wp\/v2\/product\/2132","targetHints":{"allow":["GET"]}}],"collection":[{"href":"https:\/\/www.linkceramics.com\/fr\/wp-json\/wp\/v2\/product"}],"about":[{"href":"https:\/\/www.linkceramics.com\/fr\/wp-json\/wp\/v2\/types\/product"}],"replies":[{"embeddable":true,"href":"https:\/\/www.linkceramics.com\/fr\/wp-json\/wp\/v2\/comments?post=2132"}],"wp:featuredmedia":[{"embeddable":true,"href":"https:\/\/www.linkceramics.com\/fr\/wp-json\/wp\/v2\/media\/2135"}],"wp:attachment":[{"href":"https:\/\/www.linkceramics.com\/fr\/wp-json\/wp\/v2\/media?parent=2132"}],"wp:term":[{"taxonomy":"certification","embeddable":true,"href":"https:\/\/www.linkceramics.com\/fr\/wp-json\/wp\/v2\/certification?post=2132"},{"taxonomy":"product_brand","embeddable":true,"href":"https:\/\/www.linkceramics.com\/fr\/wp-json\/wp\/v2\/product_brand?post=2132"},{"taxonomy":"product_cat","embeddable":true,"href":"https:\/\/www.linkceramics.com\/fr\/wp-json\/wp\/v2\/product_cat?post=2132"},{"taxonomy":"product_tag","embeddable":true,"href":"https:\/\/www.linkceramics.com\/fr\/wp-json\/wp\/v2\/product_tag?post=2132"}],"curies":[{"name":"wp","href":"https:\/\/api.w.org\/{rel}","templated":true}]}}