{"id":2164,"date":"2025-06-02T02:04:18","date_gmt":"2025-06-02T02:04:18","guid":{"rendered":"https:\/\/www.linkceramics.com\/?post_type=product&#038;p=2164"},"modified":"2025-06-02T02:05:44","modified_gmt":"2025-06-02T02:05:44","slug":"wholesale-rustic-dinnerware-sets","status":"publish","type":"product","link":"https:\/\/www.linkceramics.com\/fr\/product\/wholesale-rustic-dinnerware-sets\/","title":{"rendered":"Wholesale Rustic Dinnerware Sets With Christmas Patterns (vaisselle rustique avec motifs de No\u00ebl)"},"content":{"rendered":"<div class=\"wp-block-columns is-layout-flex wp-container-core-columns-is-layout-9d6595d7 wp-block-columns-is-layout-flex\">\n<div class=\"wp-block-column is-layout-flow wp-block-column-is-layout-flow\" style=\"flex-basis:50%\">\n<h3 class=\"wp-block-heading\">Premium Wholesale Rustic Dinnerware Sets Caract\u00e9ristiques :<\/h3>\n\n\n\n<p><strong>Design de style rustique :<\/strong> Cette vaisselle rustique en gros a une forme rustique et naturelle, cr\u00e9ant une atmosph\u00e8re chaleureuse et confortable pour les repas de vacances, en accord avec la tendance actuelle de la maison \"rustique\".<\/p>\n\n\n\n<p><strong>D\u00e9coration classique de No\u00ebl :<\/strong> Cette vaisselle en c\u00e9ramique en vrac est assortie d'\u00e9l\u00e9ments traditionnels de No\u00ebl tels que du houx, des arbres de No\u00ebl et des couronnes. L'atmosph\u00e8re festive qui s'en d\u00e9gage est propice \u00e0 la vente pendant les f\u00eates de fin d'ann\u00e9e.<\/p>\n\n\n\n<p><strong>Artisanat c\u00e9ramique de haut niveau : <\/strong>La vaisselle rustique en gros utilise une technologie de cuisson \u00e0 haute temp\u00e9rature, ce qui permet d'obtenir une surface r\u00e9sistante, qui ne se raye pas facilement et qui est donc id\u00e9ale pour une utilisation durable dans les foyers et les entreprises.<\/p>\n\n\n\n<p><strong>Polyvalent, il peut \u00eatre utilis\u00e9 dans de nombreux canaux : <\/strong>Notre vaisselle en c\u00e9ramique en vrac est vendue en gros et peut \u00eatre personnalis\u00e9e, ce qui la rend id\u00e9ale pour les supermarch\u00e9s, les magasins de vente en ligne, les marques de maison, les lignes de produits saisonniers de No\u00ebl, etc.<\/p>\n<\/div>\n\n\n\n<div class=\"wp-block-column is-layout-flow wp-block-column-is-layout-flow\" style=\"flex-basis:50%\">\n<figure class=\"wp-block-image size-full\"><img decoding=\"async\" width=\"768\" height=\"768\" src=\"https:\/\/www.linkceramics.com\/wp-content\/uploads\/2025\/06\/Wholesale-Rustic-Dinnerware-Sets-With-Christmas-Patterns-8-768x768-1.webp\" alt=\"wholesale-rustic-dinnerware-sets-with-christmas-patterns-8\" class=\"wp-image-2169\" srcset=\"https:\/\/www.linkceramics.com\/wp-content\/uploads\/2025\/06\/Wholesale-Rustic-Dinnerware-Sets-With-Christmas-Patterns-8-768x768-1.webp 768w, https:\/\/www.linkceramics.com\/wp-content\/uploads\/2025\/06\/Wholesale-Rustic-Dinnerware-Sets-With-Christmas-Patterns-8-768x768-1-300x300.webp 300w, https:\/\/www.linkceramics.com\/wp-content\/uploads\/2025\/06\/Wholesale-Rustic-Dinnerware-Sets-With-Christmas-Patterns-8-768x768-1-150x150.webp 150w, https:\/\/www.linkceramics.com\/wp-content\/uploads\/2025\/06\/Wholesale-Rustic-Dinnerware-Sets-With-Christmas-Patterns-8-768x768-1-12x12.webp 12w, https:\/\/www.linkceramics.com\/wp-content\/uploads\/2025\/06\/Wholesale-Rustic-Dinnerware-Sets-With-Christmas-Patterns-8-768x768-1-600x600.webp 600w, https:\/\/www.linkceramics.com\/wp-content\/uploads\/2025\/06\/Wholesale-Rustic-Dinnerware-Sets-With-Christmas-Patterns-8-768x768-1-100x100.webp 100w\" sizes=\"(max-width: 768px) 100vw, 768px\" \/><\/figure>\n<\/div>\n<\/div>","protected":false},"excerpt":{"rendered":"<div id=\"brxe-0ee1ca\" class=\"brxe-product-meta product_meta\">\n<div id=\"brxe-0ee1ca\" class=\"brxe-product-meta product_meta\">\n<div id=\"brxe-0ee1ca\" class=\"brxe-product-meta product_meta\">Bienvenue pour acheter de la vaisselle en c\u00e9ramique en gros. Notre vaisselle rustique en gros de style No\u00ebl combine des textures naturelles avec des motifs traditionnels de f\u00eates. Elle est chaleureuse et rustique, pleine d'une atmosph\u00e8re hivernale, et constitue un choix id\u00e9al pour les tables de No\u00ebl, les cadeaux de vacances et la vente en gros au d\u00e9tail.<\/div>\n<\/div>\n<\/div>\n<div id=\"brxe-8c5ca9\" class=\"brxe-product-short-description\">\n<div class=\"woocommerce-product-details__short-description\">\n<h2>Premium Wholesale Rustic Dinnerware Sets Sp\u00e9cifications :<\/h2>\n<table width=\"338\">\n<tbody>\n<tr>\n<td width=\"124\">Fabricant<\/td>\n<td width=\"214\">Un foyer d'amour<\/td>\n<\/tr>\n<tr>\n<td width=\"124\">Nom de la collection<\/td>\n<td width=\"214\">Collection de cadeaux du P\u00e8re No\u00ebl<\/td>\n<\/tr>\n<tr>\n<td width=\"124\">Utilisation<\/td>\n<td width=\"214\">Maison, H\u00f4tel, Restaurant<\/td>\n<\/tr>\n<tr>\n<td width=\"124\">Type de vaisselle<\/td>\n<td width=\"214\">Tasse, tasse et soucoupe, assiette, bol, bol \u00e0 tremper<\/td>\n<\/tr>\n<tr>\n<td width=\"124\">Mat\u00e9riau<\/td>\n<td width=\"214\">Porcelaine durable<\/td>\n<\/tr>\n<tr>\n<td width=\"124\">Dimension<\/td>\n<td width=\"214\">Comme image de d\u00e9tail<\/td>\n<\/tr>\n<tr>\n<td width=\"124\">Unit\u00e9s de vente<\/td>\n<td width=\"214\">Article unique<\/td>\n<\/tr>\n<tr>\n<td width=\"124\">MOQ<\/td>\n<td width=\"214\">1200\/pcs par article<\/td>\n<\/tr>\n<tr>\n<td width=\"124\">Option personnalis\u00e9e<\/td>\n<td width=\"214\">Couleur\/Taille\/Glaze\/Logo\/Emballage<\/td>\n<\/tr>\n<\/tbody>\n<\/table>\n<\/div>\n<\/div>","protected":false},"featured_media":2165,"comment_status":"open","ping_status":"closed","template":"","meta":{"_acf_changed":true},"certification":[63,64,66,58,65,61,60,62],"product_brand":[],"product_cat":[34,18],"product_tag":[],"class_list":{"0":"post-2164","1":"product","2":"type-product","3":"status-publish","4":"has-post-thumbnail","6":"certification-amfori","7":"certification-bsci","8":"certification-cnas","9":"certification-fda","10":"certification-iaf","11":"certification-iso-14001","12":"certification-iso-45001","13":"certification-iso-9001","14":"product_cat-custom-household-ceramics","15":"product_cat-ceramic-tableware-wholesale","17":"first","18":"instock","19":"shipping-taxable","20":"product-type-simple"},"acf":[],"_links":{"self":[{"href":"https:\/\/www.linkceramics.com\/fr\/wp-json\/wp\/v2\/product\/2164","targetHints":{"allow":["GET"]}}],"collection":[{"href":"https:\/\/www.linkceramics.com\/fr\/wp-json\/wp\/v2\/product"}],"about":[{"href":"https:\/\/www.linkceramics.com\/fr\/wp-json\/wp\/v2\/types\/product"}],"replies":[{"embeddable":true,"href":"https:\/\/www.linkceramics.com\/fr\/wp-json\/wp\/v2\/comments?post=2164"}],"wp:featuredmedia":[{"embeddable":true,"href":"https:\/\/www.linkceramics.com\/fr\/wp-json\/wp\/v2\/media\/2165"}],"wp:attachment":[{"href":"https:\/\/www.linkceramics.com\/fr\/wp-json\/wp\/v2\/media?parent=2164"}],"wp:term":[{"taxonomy":"certification","embeddable":true,"href":"https:\/\/www.linkceramics.com\/fr\/wp-json\/wp\/v2\/certification?post=2164"},{"taxonomy":"product_brand","embeddable":true,"href":"https:\/\/www.linkceramics.com\/fr\/wp-json\/wp\/v2\/product_brand?post=2164"},{"taxonomy":"product_cat","embeddable":true,"href":"https:\/\/www.linkceramics.com\/fr\/wp-json\/wp\/v2\/product_cat?post=2164"},{"taxonomy":"product_tag","embeddable":true,"href":"https:\/\/www.linkceramics.com\/fr\/wp-json\/wp\/v2\/product_tag?post=2164"}],"curies":[{"name":"wp","href":"https:\/\/api.w.org\/{rel}","templated":true}]}}