{"id":2171,"date":"2025-06-02T02:19:53","date_gmt":"2025-06-02T02:19:53","guid":{"rendered":"https:\/\/www.linkceramics.com\/?post_type=product&#038;p=2171"},"modified":"2025-06-02T02:20:12","modified_gmt":"2025-06-02T02:20:12","slug":"ceramic-coffee-cup-wholesale","status":"publish","type":"product","link":"https:\/\/www.linkceramics.com\/fr\/product\/ceramic-coffee-cup-wholesale\/","title":{"rendered":"Tasse \u00e0 caf\u00e9 en c\u00e9ramique abricot d\u00e9grad\u00e9 Wholesale With Gold Rim"},"content":{"rendered":"<div class=\"wp-block-columns is-layout-flex wp-container-core-columns-is-layout-9d6595d7 wp-block-columns-is-layout-flex\">\n<div class=\"wp-block-column is-layout-flow wp-block-column-is-layout-flow\" style=\"flex-basis:50%\">\n<h3 class=\"wp-block-heading\">Tasse \u00e0 caf\u00e9 en c\u00e9ramique de premi\u00e8re qualit\u00e9 Caract\u00e9ristiques de la vente en gros :<\/h3>\n\n\n\n<p><strong>Gla\u00e7age d\u00e9grad\u00e9 \u00e0 l'abricot, cicatrisation douce : <\/strong>Le d\u00e9grad\u00e9 naturel de couleur abricot du corps de cette tasse \u00e0 caf\u00e9 en c\u00e9ramique est visuellement doux et relaxant, et s'inscrit dans le style de la maison et de la vie moderne.<\/p>\n\n\n\n<p><strong>Les d\u00e9tails bord\u00e9s d'or rehaussent la texture : <\/strong>Les bords dor\u00e9s peints de ces tasses en c\u00e9ramique en vrac sont subtils et \u00e9l\u00e9gants, cr\u00e9ant une sensation de luxe parfaite pour les coffrets de No\u00ebl et les caf\u00e9s-boutiques.<\/p>\n\n\n\n<p><strong>Mat\u00e9riau c\u00e9ramique de haute qualit\u00e9 :<\/strong> Nos tasses \u00e0 caf\u00e9 en c\u00e9ramique sont solides et robustes, avec une excellente isolation thermique. Elles sont parfaites pour l'utilisation quotidienne de caf\u00e9 chaud, de caf\u00e9 au lait, de chocolat chaud, etc.<\/p>\n\n\n\n<p><strong>Convient aux ventes en gros multicanaux : <\/strong>Nos tasses en c\u00e9ramique en vrac peuvent \u00eatre personnalis\u00e9es. Elles sont parfaites pour les boutiques de cadeaux, les boutiques en ligne, les caf\u00e9s et la vente au d\u00e9tail de produits de marque.<\/p>\n<\/div>\n\n\n\n<div class=\"wp-block-column is-layout-flow wp-block-column-is-layout-flow\" style=\"flex-basis:50%\">\n<figure class=\"wp-block-image size-full\"><img decoding=\"async\" width=\"1200\" height=\"1200\" src=\"https:\/\/www.linkceramics.com\/wp-content\/uploads\/2025\/06\/Gradient-Apricot-Ceramic-Coffee-Cup-Wholesale-With-Gold-Rim-1.webp\" alt=\"tasse \u00e0 caf\u00e9 en c\u00e9ramique gradient-abricot-tasse \u00e0 caf\u00e9 en gros avec bord en or-1\" class=\"wp-image-2172\" srcset=\"https:\/\/www.linkceramics.com\/wp-content\/uploads\/2025\/06\/Gradient-Apricot-Ceramic-Coffee-Cup-Wholesale-With-Gold-Rim-1.webp 1200w, https:\/\/www.linkceramics.com\/wp-content\/uploads\/2025\/06\/Gradient-Apricot-Ceramic-Coffee-Cup-Wholesale-With-Gold-Rim-1-300x300.webp 300w, https:\/\/www.linkceramics.com\/wp-content\/uploads\/2025\/06\/Gradient-Apricot-Ceramic-Coffee-Cup-Wholesale-With-Gold-Rim-1-150x150.webp 150w, https:\/\/www.linkceramics.com\/wp-content\/uploads\/2025\/06\/Gradient-Apricot-Ceramic-Coffee-Cup-Wholesale-With-Gold-Rim-1-768x768.webp 768w, https:\/\/www.linkceramics.com\/wp-content\/uploads\/2025\/06\/Gradient-Apricot-Ceramic-Coffee-Cup-Wholesale-With-Gold-Rim-1-12x12.webp 12w, https:\/\/www.linkceramics.com\/wp-content\/uploads\/2025\/06\/Gradient-Apricot-Ceramic-Coffee-Cup-Wholesale-With-Gold-Rim-1-600x600.webp 600w, https:\/\/www.linkceramics.com\/wp-content\/uploads\/2025\/06\/Gradient-Apricot-Ceramic-Coffee-Cup-Wholesale-With-Gold-Rim-1-100x100.webp 100w\" sizes=\"(max-width: 1200px) 100vw, 1200px\" \/><\/figure>\n<\/div>\n<\/div>","protected":false},"excerpt":{"rendered":"<div id=\"brxe-0ee1ca\" class=\"brxe-product-meta product_meta\">\n<div id=\"brxe-0ee1ca\" class=\"brxe-product-meta product_meta\">\n<div id=\"brxe-0ee1ca\" class=\"brxe-product-meta product_meta\">Nous vous invitons \u00e0 acheter des tasses en c\u00e9ramique en gros. Cette tasse \u00e0 caf\u00e9 en c\u00e9ramique abricot d\u00e9grad\u00e9 avec un design exquis bord\u00e9 d'or combine des tons doux avec des d\u00e9tails \u00e9l\u00e9gants, convenant aux besoins en gros de haute qualit\u00e9 des caf\u00e9s boutiques, des marques de maison et des march\u00e9s de cadeaux.<\/div>\n<\/div>\n<\/div>\n<div id=\"brxe-8c5ca9\" class=\"brxe-product-short-description\">\n<div class=\"woocommerce-product-details__short-description\">\n<h2>Tasse \u00e0 caf\u00e9 en c\u00e9ramique de qualit\u00e9 sup\u00e9rieure (Wholesale) Sp\u00e9cifications :<\/h2>\n<table border=\"0\" width=\"338\" cellspacing=\"0\" cellpadding=\"0\">\n<tbody>\n<tr>\n<td width=\"124\" height=\"18\">Fabricant<\/td>\n<td width=\"214\">Un foyer d'amour<\/td>\n<\/tr>\n<tr>\n<td width=\"124\" height=\"18\">Nom de la collection<\/td>\n<td width=\"214\">Tourbillon de couleurs<\/td>\n<\/tr>\n<tr>\n<td width=\"124\" height=\"18\">Type de produit<\/td>\n<td width=\"214\">Tasse et soucoupe en c\u00e9ramique, mug, th\u00e9i\u00e8re<\/td>\n<\/tr>\n<tr>\n<td width=\"124\" height=\"18\">Mat\u00e9riau<\/td>\n<td width=\"214\">Porcelaine durable<\/td>\n<\/tr>\n<tr>\n<td width=\"124\" height=\"18\">Dimension<\/td>\n<td width=\"214\">Comme image de d\u00e9tail<\/td>\n<\/tr>\n<tr>\n<td width=\"124\" height=\"18\">Unit\u00e9s de vente<\/td>\n<td width=\"214\">Article unique<\/td>\n<\/tr>\n<tr>\n<td width=\"124\" height=\"18\">MOQ<\/td>\n<td width=\"214\">1200\/pcs par article<\/td>\n<\/tr>\n<tr>\n<td width=\"124\" height=\"18\">Option personnalis\u00e9e<\/td>\n<td width=\"214\">Couleur\/Taille\/Glaze\/Logo\/Emballage<\/td>\n<\/tr>\n<\/tbody>\n<\/table>\n<\/div>\n<\/div>","protected":false},"featured_media":2173,"comment_status":"open","ping_status":"closed","template":"","meta":{"_acf_changed":false},"certification":[63,64,66,58,65,61,60,62],"product_brand":[],"product_cat":[34,19],"product_tag":[],"class_list":{"0":"post-2171","1":"product","2":"type-product","3":"status-publish","4":"has-post-thumbnail","6":"certification-amfori","7":"certification-bsci","8":"certification-cnas","9":"certification-fda","10":"certification-iaf","11":"certification-iso-14001","12":"certification-iso-45001","13":"certification-iso-9001","14":"product_cat-custom-household-ceramics","15":"product_cat-ceramic-tea-set-wholesale","17":"first","18":"instock","19":"shipping-taxable","20":"product-type-simple"},"acf":[],"_links":{"self":[{"href":"https:\/\/www.linkceramics.com\/fr\/wp-json\/wp\/v2\/product\/2171","targetHints":{"allow":["GET"]}}],"collection":[{"href":"https:\/\/www.linkceramics.com\/fr\/wp-json\/wp\/v2\/product"}],"about":[{"href":"https:\/\/www.linkceramics.com\/fr\/wp-json\/wp\/v2\/types\/product"}],"replies":[{"embeddable":true,"href":"https:\/\/www.linkceramics.com\/fr\/wp-json\/wp\/v2\/comments?post=2171"}],"wp:featuredmedia":[{"embeddable":true,"href":"https:\/\/www.linkceramics.com\/fr\/wp-json\/wp\/v2\/media\/2173"}],"wp:attachment":[{"href":"https:\/\/www.linkceramics.com\/fr\/wp-json\/wp\/v2\/media?parent=2171"}],"wp:term":[{"taxonomy":"certification","embeddable":true,"href":"https:\/\/www.linkceramics.com\/fr\/wp-json\/wp\/v2\/certification?post=2171"},{"taxonomy":"product_brand","embeddable":true,"href":"https:\/\/www.linkceramics.com\/fr\/wp-json\/wp\/v2\/product_brand?post=2171"},{"taxonomy":"product_cat","embeddable":true,"href":"https:\/\/www.linkceramics.com\/fr\/wp-json\/wp\/v2\/product_cat?post=2171"},{"taxonomy":"product_tag","embeddable":true,"href":"https:\/\/www.linkceramics.com\/fr\/wp-json\/wp\/v2\/product_tag?post=2171"}],"curies":[{"name":"wp","href":"https:\/\/api.w.org\/{rel}","templated":true}]}}