{"id":2187,"date":"2025-06-09T02:48:24","date_gmt":"2025-06-09T02:48:24","guid":{"rendered":"https:\/\/www.linkceramics.com\/?post_type=product&#038;p=2187"},"modified":"2025-06-09T02:48:25","modified_gmt":"2025-06-09T02:48:25","slug":"slip-casting-machine","status":"publish","type":"product","link":"https:\/\/www.linkceramics.com\/fr\/product\/slip-casting-machine\/","title":{"rendered":"Machine automatis\u00e9e de coul\u00e9e en barbotine pour le formage de la c\u00e9ramique"},"content":{"rendered":"<div class=\"wp-block-columns is-layout-flex wp-container-core-columns-is-layout-9d6595d7 wp-block-columns-is-layout-flex\">\n<div class=\"wp-block-column is-layout-flow wp-block-column-is-layout-flow\">\n<div class=\"wp-block-columns is-layout-flex wp-container-core-columns-is-layout-9d6595d7 wp-block-columns-is-layout-flex\">\n<div class=\"wp-block-column is-layout-flow wp-block-column-is-layout-flow\">\n<h3 class=\"wp-block-heading\">Machine de coul\u00e9e en coquille Caract\u00e9ristiques :<\/h3>\n\n\n\n<p>Processus automatis\u00e9 : Permet l'automatisation de la coul\u00e9e en barbotine, y compris le remplissage et la vidange automatiques des moules, ainsi que le s\u00e9chage automatis\u00e9 des moules. Cela permet de rationaliser l'ensemble du processus de production.<\/p>\n\n\n\n<p>Polyvalence de la production : Capable de traiter simultan\u00e9ment diff\u00e9rents types de produits sur une ligne de production automatis\u00e9e, ce qui am\u00e9liore la productivit\u00e9 et l'efficacit\u00e9 op\u00e9rationnelle.<\/p>\n\n\n\n<p>Am\u00e9lioration de la qualit\u00e9 : R\u00e9duit les bulles de surface et emp\u00eache la d\u00e9formation des produits, ce qui garantit la qualit\u00e9 et l'uniformit\u00e9 des produits c\u00e9ramiques finaux.<\/p>\n\n\n\n<p>S\u00e9chage int\u00e9gr\u00e9 : Le s\u00e9chage des moules \u00e0 l'air chaud permet d'acc\u00e9l\u00e9rer le cycle de production en pr\u00e9parant rapidement les moules \u00e0 la r\u00e9utilisation et en r\u00e9duisant les temps d'attente.<\/p>\n<\/div>\n\n\n\n<div class=\"wp-block-column is-layout-flow wp-block-column-is-layout-flow\">\n<figure class=\"wp-block-embed is-type-video is-provider-youtube wp-block-embed-youtube wp-embed-aspect-16-9 wp-has-aspect-ratio\"><div class=\"wp-block-embed__wrapper\">\n<iframe title=\"Ligne de production enti\u00e8rement automatique de coul\u00e9e de c\u00e9ramique\" width=\"500\" height=\"281\" src=\"https:\/\/www.youtube.com\/embed\/n2QHyzDZy20?feature=oembed\" frameborder=\"0\" allow=\"accelerometer; autoplay; clipboard-write; encrypted-media; gyroscope; picture-in-picture; web-share\" referrerpolicy=\"strict-origin-when-cross-origin\" allowfullscreen><\/iframe>\n<\/div><\/figure>\n<\/div>\n<\/div>\n<\/div>\n<\/div>\n\n\n\n<h2 class=\"wp-block-heading\">Param\u00e8tres de la machine de coul\u00e9e en coquille<\/h2>\n\n\n\n<figure class=\"wp-block-table\"><table class=\"has-fixed-layout\"><tbody><tr><td>Dimension<\/td><td>1.3x30m (wxl)<\/td><\/tr><tr><td>Station<\/td><td>1.3x30m (xl)<\/td><\/tr><tr><td>Puissance (kw)<\/td><td>8 kw<\/td><\/tr><tr><td>M\u00e9thode de moulage<\/td><td>Cycle d'ouverture ininterrompue du moule, ouverture manuelle du moule \u00e0 gauche et \u00e0 droite par une seule personne<\/td><\/tr><tr><td>Capacit\u00e9<\/td><td>Machine de coul\u00e9e automatique \u00e0 moule coulissant personnalis\u00e9e, \u00e9quip\u00e9e d'un moule de s\u00e9chage, pour r\u00e9aliser un formage automatique de la c\u00e9ramique. Peut produire diff\u00e9rentes formes en m\u00eame temps, avec un rendement \u00e9lev\u00e9 et une grande efficacit\u00e9.<\/td><\/tr><\/tbody><\/table><\/figure>","protected":false},"excerpt":{"rendered":"<div class=\"elementor-element elementor-element-e8e3df8 elementor-widget elementor-widget-woocommerce-product-short-description\" data-id=\"e8e3df8\" data-element_type=\"widget\" data-widget_type=\"woocommerce-product-short-description.default\">\n<div class=\"elementor-widget-container\">\n<div class=\"woocommerce-product-details__short-description\">\n<div class=\"elementor-element elementor-element-e8e3df8 elementor-widget elementor-widget-woocommerce-product-short-description\" data-id=\"e8e3df8\" data-element_type=\"widget\" data-widget_type=\"woocommerce-product-short-description.default\">\n<div class=\"elementor-widget-container\">\n<div class=\"woocommerce-product-details__short-description\">\n<div class=\"elementor-element elementor-element-e8e3df8 elementor-widget elementor-widget-woocommerce-product-short-description\" data-id=\"e8e3df8\" data-element_type=\"widget\" data-widget_type=\"woocommerce-product-short-description.default\">\n<div class=\"elementor-widget-container\">\n<div class=\"woocommerce-product-details__short-description\">\n<div class=\"elementor-element elementor-element-e8e3df8 elementor-widget elementor-widget-woocommerce-product-short-description\" data-id=\"e8e3df8\" data-element_type=\"widget\" data-widget_type=\"woocommerce-product-short-description.default\">\n<div class=\"elementor-widget-container\">\n<div class=\"woocommerce-product-details__short-description\">\n<div class=\"elementor-element elementor-element-e8e3df8 elementor-widget elementor-widget-woocommerce-product-short-description\" data-id=\"e8e3df8\" data-element_type=\"widget\" data-widget_type=\"woocommerce-product-short-description.default\">\n<div class=\"elementor-widget-container\">\n<div class=\"woocommerce-product-details__short-description\">\n<div class=\"elementor-element elementor-element-e8e3df8 elementor-widget elementor-widget-woocommerce-product-short-description\" data-id=\"e8e3df8\" data-element_type=\"widget\" data-widget_type=\"woocommerce-product-short-description.default\">\n<div class=\"elementor-widget-container\">\n<div class=\"woocommerce-product-details__short-description\">\n<div class=\"elementor-element elementor-element-e8e3df8 elementor-widget elementor-widget-woocommerce-product-short-description\" data-id=\"e8e3df8\" data-element_type=\"widget\" data-widget_type=\"woocommerce-product-short-description.default\">\n<div class=\"elementor-widget-container\">\n<div class=\"woocommerce-product-details__short-description\">\n<p>Machine automatique de coul\u00e9e en barbotine sur mesure avec moule de s\u00e9chage, pour r\u00e9aliser une ligne de production automatique de formage de c\u00e9ramique. Peut produire diff\u00e9rentes formes en m\u00eame temps, avec un rendement \u00e9lev\u00e9 et une grande efficacit\u00e9.<\/p>\n<h2>Une solution unique pour la machine de coul\u00e9e en barbotine :<\/h2>\n<ul>\n<li><strong>Prix d'usine :<\/strong> En tant que fabricant de machines \u00e0 c\u00e9ramique, nous fournissons des machines \u00e0 couper l'argile rentables. N'h\u00e9sitez pas \u00e0 nous contacter pour obtenir le prix d'usine.<\/li>\n<li><strong>Support technique :<\/strong> Fournir des conseils techniques professionnels et une installation m\u00e9canique, avec des guides vid\u00e9o pour garantir une utilisation rapide du produit.<\/li>\n<li><strong>Pi\u00e8ces d\u00e9tach\u00e9es :<\/strong> Une gamme de pi\u00e8ces d\u00e9tach\u00e9es d'origine est disponible.<\/li>\n<li><strong>Assistance apr\u00e8s-vente :<\/strong> Une assistance en ligne 24 heures sur 24 permet de s'assurer que vous \u00eates satisfait de la machine de coul\u00e9e en coquille et qu'elle est utilis\u00e9e sans probl\u00e8me sur votre ligne de production.<\/li>\n<\/ul>\n<p>En tant que fabricant leader de machines pour la c\u00e9ramique, nous nous engageons \u00e0 fournir d'excellentes machines et services pour la fabrication de vaisselle en c\u00e9ramique afin d'assurer la r\u00e9ussite de nos clients.-Yutai<\/p>\n<\/div>\n<\/div>\n<\/div>\n<\/div>\n<\/div>\n<\/div>\n<\/div>\n<\/div>\n<\/div>\n<\/div>\n<\/div>\n<\/div>\n<\/div>\n<\/div>\n<\/div>\n<\/div>\n<\/div>\n<\/div>\n<\/div>\n<\/div>\n<\/div>","protected":false},"featured_media":2196,"comment_status":"open","ping_status":"closed","template":"","meta":{"_acf_changed":false},"certification":[59,61,60,62],"product_brand":[],"product_cat":[39,40],"product_tag":[],"class_list":{"0":"post-2187","1":"product","2":"type-product","3":"status-publish","4":"has-post-thumbnail","6":"certification-ce","7":"certification-iso-14001","8":"certification-iso-45001","9":"certification-iso-9001","10":"product_cat-ceramic-machinery","11":"product_cat-ceramic-machines","13":"first","14":"instock","15":"shipping-taxable","16":"product-type-simple"},"acf":[],"_links":{"self":[{"href":"https:\/\/www.linkceramics.com\/fr\/wp-json\/wp\/v2\/product\/2187","targetHints":{"allow":["GET"]}}],"collection":[{"href":"https:\/\/www.linkceramics.com\/fr\/wp-json\/wp\/v2\/product"}],"about":[{"href":"https:\/\/www.linkceramics.com\/fr\/wp-json\/wp\/v2\/types\/product"}],"replies":[{"embeddable":true,"href":"https:\/\/www.linkceramics.com\/fr\/wp-json\/wp\/v2\/comments?post=2187"}],"wp:featuredmedia":[{"embeddable":true,"href":"https:\/\/www.linkceramics.com\/fr\/wp-json\/wp\/v2\/media\/2196"}],"wp:attachment":[{"href":"https:\/\/www.linkceramics.com\/fr\/wp-json\/wp\/v2\/media?parent=2187"}],"wp:term":[{"taxonomy":"certification","embeddable":true,"href":"https:\/\/www.linkceramics.com\/fr\/wp-json\/wp\/v2\/certification?post=2187"},{"taxonomy":"product_brand","embeddable":true,"href":"https:\/\/www.linkceramics.com\/fr\/wp-json\/wp\/v2\/product_brand?post=2187"},{"taxonomy":"product_cat","embeddable":true,"href":"https:\/\/www.linkceramics.com\/fr\/wp-json\/wp\/v2\/product_cat?post=2187"},{"taxonomy":"product_tag","embeddable":true,"href":"https:\/\/www.linkceramics.com\/fr\/wp-json\/wp\/v2\/product_tag?post=2187"}],"curies":[{"name":"wp","href":"https:\/\/api.w.org\/{rel}","templated":true}]}}