{"id":2188,"date":"2025-06-09T02:26:15","date_gmt":"2025-06-09T02:26:15","guid":{"rendered":"https:\/\/www.linkceramics.com\/?post_type=product&#038;p=2188"},"modified":"2025-06-09T02:26:57","modified_gmt":"2025-06-09T02:26:57","slug":"pug-mill-machine","status":"publish","type":"product","link":"https:\/\/www.linkceramics.com\/fr\/product\/pug-mill-machine\/","title":{"rendered":"Petite machine de broyage sous vide pour l'argile c\u00e9ramique"},"content":{"rendered":"<div class=\"wp-block-columns is-layout-flex wp-container-core-columns-is-layout-9d6595d7 wp-block-columns-is-layout-flex\">\n<div class=\"wp-block-column is-layout-flow wp-block-column-is-layout-flow\">\n<h3 class=\"wp-block-heading\"><strong>Caract\u00e9ristiques <strong>Machine \u00e0 broyer les carottes<\/strong><\/strong><\/h3>\n\n\n\n<p>La petite machine \u00e0 broyer sous vide est utilis\u00e9e pour pr\u00e9parer l'argile c\u00e9ramique. Elle utilise un m\u00e9lange \u00e0 double spirale et un d\u00e9sa\u00e9rage sous vide pour \u00e9liminer les bulles d'air incrust\u00e9es dans l'argile. En raison de sa nature compacte et de sa facilit\u00e9 de d\u00e9placement, il est fr\u00e9quemment utilis\u00e9 dans les laboratoires, les \u00e9coles, les travaux de bricolage et les petits ateliers de poterie.<\/p>\n<\/div>\n\n\n\n<div class=\"wp-block-column is-layout-flow wp-block-column-is-layout-flow\">\n<figure class=\"wp-block-image size-full\"><img decoding=\"async\" width=\"887\" height=\"887\" src=\"https:\/\/www.linkceramics.com\/wp-content\/uploads\/2025\/06\/small-vacuum-pug-mill-machine-ceramic-clay-de-airing-3.webp\" alt=\"petit moulin \u00e0 ventouses-machine-c\u00e9ramique-argile-de-airing-3\" class=\"wp-image-2191\" srcset=\"https:\/\/www.linkceramics.com\/wp-content\/uploads\/2025\/06\/small-vacuum-pug-mill-machine-ceramic-clay-de-airing-3.webp 887w, https:\/\/www.linkceramics.com\/wp-content\/uploads\/2025\/06\/small-vacuum-pug-mill-machine-ceramic-clay-de-airing-3-300x300.webp 300w, https:\/\/www.linkceramics.com\/wp-content\/uploads\/2025\/06\/small-vacuum-pug-mill-machine-ceramic-clay-de-airing-3-150x150.webp 150w, https:\/\/www.linkceramics.com\/wp-content\/uploads\/2025\/06\/small-vacuum-pug-mill-machine-ceramic-clay-de-airing-3-768x768.webp 768w, https:\/\/www.linkceramics.com\/wp-content\/uploads\/2025\/06\/small-vacuum-pug-mill-machine-ceramic-clay-de-airing-3-12x12.webp 12w, https:\/\/www.linkceramics.com\/wp-content\/uploads\/2025\/06\/small-vacuum-pug-mill-machine-ceramic-clay-de-airing-3-600x600.webp 600w, https:\/\/www.linkceramics.com\/wp-content\/uploads\/2025\/06\/small-vacuum-pug-mill-machine-ceramic-clay-de-airing-3-100x100.webp 100w\" sizes=\"(max-width: 887px) 100vw, 887px\" \/><\/figure>\n<\/div>\n<\/div>\n\n\n\n<h2 class=\"wp-block-heading\"><strong>Param\u00e8tres de la machine \u00e0 broyer les carottes :<\/strong><\/h2>\n\n\n\n<figure class=\"wp-block-table\"><table class=\"has-fixed-layout\"><tbody><tr><td>Mod\u00e8le<\/td><td>Taille maximale de la sortie (cm)<\/td><td>Capacit\u00e9<\/td><td>Puissance (kw)<\/td><td>Dimensions (lxwxh)<\/td><td>Poids (kgs)<\/td><\/tr><tr><td>90<\/td><td>7<\/td><td>200-400kg\/h<\/td><td>1,5-2,2 kW<\/td><td>1260x400x800cm(h)<\/td><td>140<\/td><\/tr><\/tbody><\/table><\/figure>","protected":false},"excerpt":{"rendered":"<div class=\"elementor-element elementor-element-e8e3df8 elementor-widget elementor-widget-woocommerce-product-short-description\" data-id=\"e8e3df8\" data-element_type=\"widget\" data-widget_type=\"woocommerce-product-short-description.default\">\n<div class=\"elementor-widget-container\">\n<div class=\"woocommerce-product-details__short-description\">\n<div class=\"elementor-element elementor-element-e8e3df8 elementor-widget elementor-widget-woocommerce-product-short-description\" data-id=\"e8e3df8\" data-element_type=\"widget\" data-widget_type=\"woocommerce-product-short-description.default\">\n<div class=\"elementor-widget-container\">\n<div class=\"woocommerce-product-details__short-description\">\n<div class=\"elementor-element elementor-element-e8e3df8 elementor-widget elementor-widget-woocommerce-product-short-description\" data-id=\"e8e3df8\" data-element_type=\"widget\" data-widget_type=\"woocommerce-product-short-description.default\">\n<div class=\"elementor-widget-container\">\n<div class=\"woocommerce-product-details__short-description\">\n<p>Le broyeur d'argile est un appareil de traitement de l'argile c\u00e9ramique \u00e0 prix d'usine. Il utilise la technologie du vide, la plasticit\u00e9 de l'argile trait\u00e9e est forte, convenant au bricolage \u00e0 domicile ou \u00e0 un atelier de poterie.<\/p>\n<h2>Une solution unique pour les broyeurs \u00e0 boulets :<\/h2>\n<ul>\n<li><strong>Prix d'usine :<\/strong> Nous sommes un fabricant de machines \u00e0 c\u00e9ramique, fournissant une machine de fabrication d'argile c\u00e9ramique rentable. N'h\u00e9sitez pas \u00e0 nous contacter pour obtenir le prix d'usine.<\/li>\n<li><strong>Support technique :<\/strong> Fournir des conseils et une assistance techniques professionnels, avec des guides vid\u00e9o pour garantir une utilisation rapide du produit.<\/li>\n<li><strong>Pi\u00e8ces d\u00e9tach\u00e9es :<\/strong> Une gamme de pi\u00e8ces de rechange d'origine est fournie.<\/li>\n<li><strong>Assistance apr\u00e8s-vente :<\/strong> Une aide en ligne 24 heures sur 24 pour s'assurer que vous \u00eates satisfait de la machine \u00e0 broyer les carcasses et qu'elle est utilis\u00e9e sans probl\u00e8me sur votre ligne de production.<\/li>\n<\/ul>\n<p>En tant que fabricant leader de machines pour la c\u00e9ramique, nous nous engageons \u00e0 fournir d'excellentes machines et services pour la fabrication de vaisselle en c\u00e9ramique afin d'assurer la r\u00e9ussite de nos clients.-Yutai<\/p>\n<\/div>\n<\/div>\n<\/div>\n<\/div>\n<\/div>\n<\/div>\n<\/div>\n<\/div>\n<\/div>","protected":false},"featured_media":2192,"comment_status":"open","ping_status":"closed","template":"","meta":{"_acf_changed":true},"certification":[59,61,60,62],"product_brand":[],"product_cat":[39,40],"product_tag":[],"class_list":{"0":"post-2188","1":"product","2":"type-product","3":"status-publish","4":"has-post-thumbnail","6":"certification-ce","7":"certification-iso-14001","8":"certification-iso-45001","9":"certification-iso-9001","10":"product_cat-ceramic-machinery","11":"product_cat-ceramic-machines","13":"first","14":"instock","15":"shipping-taxable","16":"product-type-simple"},"acf":[],"_links":{"self":[{"href":"https:\/\/www.linkceramics.com\/fr\/wp-json\/wp\/v2\/product\/2188","targetHints":{"allow":["GET"]}}],"collection":[{"href":"https:\/\/www.linkceramics.com\/fr\/wp-json\/wp\/v2\/product"}],"about":[{"href":"https:\/\/www.linkceramics.com\/fr\/wp-json\/wp\/v2\/types\/product"}],"replies":[{"embeddable":true,"href":"https:\/\/www.linkceramics.com\/fr\/wp-json\/wp\/v2\/comments?post=2188"}],"wp:featuredmedia":[{"embeddable":true,"href":"https:\/\/www.linkceramics.com\/fr\/wp-json\/wp\/v2\/media\/2192"}],"wp:attachment":[{"href":"https:\/\/www.linkceramics.com\/fr\/wp-json\/wp\/v2\/media?parent=2188"}],"wp:term":[{"taxonomy":"certification","embeddable":true,"href":"https:\/\/www.linkceramics.com\/fr\/wp-json\/wp\/v2\/certification?post=2188"},{"taxonomy":"product_brand","embeddable":true,"href":"https:\/\/www.linkceramics.com\/fr\/wp-json\/wp\/v2\/product_brand?post=2188"},{"taxonomy":"product_cat","embeddable":true,"href":"https:\/\/www.linkceramics.com\/fr\/wp-json\/wp\/v2\/product_cat?post=2188"},{"taxonomy":"product_tag","embeddable":true,"href":"https:\/\/www.linkceramics.com\/fr\/wp-json\/wp\/v2\/product_tag?post=2188"}],"curies":[{"name":"wp","href":"https:\/\/api.w.org\/{rel}","templated":true}]}}