{"id":2214,"date":"2025-06-16T08:20:54","date_gmt":"2025-06-16T08:20:54","guid":{"rendered":"https:\/\/www.linkceramics.com\/?post_type=product&#038;p=2214"},"modified":"2025-06-16T08:20:55","modified_gmt":"2025-06-16T08:20:55","slug":"ceramic-candle-holder-wholesale","status":"publish","type":"product","link":"https:\/\/www.linkceramics.com\/fr\/product\/ceramic-candle-holder-wholesale\/","title":{"rendered":"Bougeoir en c\u00e9ramique \u00e9maill\u00e9e bleu fonc\u00e9 Wholesale for Home and Gift Shops"},"content":{"rendered":"<h3 class=\"wp-block-heading\">Caract\u00e9ristiques du bougeoir en c\u00e9ramique \u00e9maill\u00e9e bleu fonc\u00e9<\/h3>\n\n\n\n<p><strong>Plusieurs tailles disponibles : <\/strong>Nos bougeoirs en c\u00e9ramique sont disponibles en gros dans une vari\u00e9t\u00e9 de tailles pour accueillir des bougies de diff\u00e9rentes tailles, r\u00e9pondant ainsi aux besoins de d\u00e9coration et de placement de diff\u00e9rents espaces.<\/p>\n\n\n\n<p><strong>Haute qualit\u00e9 : <\/strong>Ces bougeoirs en c\u00e9ramique sont fabriqu\u00e9s \u00e0 partir de mati\u00e8res premi\u00e8res c\u00e9ramiques de haute qualit\u00e9 et cuits \u00e0 haute temp\u00e9rature. Le bougeoir en c\u00e9ramique a une structure inf\u00e9rieure stable, une texture dure et un toucher d\u00e9licat.<\/p>\n\n\n\n<p><strong>Conception unique et exquise : <\/strong>Ce bougeoir en c\u00e9ramique adopte un design unique de gla\u00e7ure bleue, \u00e0 la fois simple et sophistiqu\u00e9. Il convient \u00e0 la pr\u00e9sentation de divers types de d\u00e9corations.<\/p>\n\n\n\n<div class=\"wp-block-columns is-layout-flex wp-container-core-columns-is-layout-9d6595d7 wp-block-columns-is-layout-flex\">\n<div class=\"wp-block-column is-layout-flow wp-block-column-is-layout-flow\">\n<figure class=\"wp-block-image size-full\"><img decoding=\"async\" width=\"1500\" height=\"1250\" src=\"https:\/\/www.linkceramics.com\/wp-content\/uploads\/2025\/06\/deep-blue-glazed-ceramic-candle-holder-wholesale-for-home-and-gift-shops-3.webp\" alt=\"porte-bougies en c\u00e9ramique bleu fonc\u00e9-glac\u00e9-vente en gros pour la maison et les magasins de cadeaux-3\" class=\"wp-image-2217\" srcset=\"https:\/\/www.linkceramics.com\/wp-content\/uploads\/2025\/06\/deep-blue-glazed-ceramic-candle-holder-wholesale-for-home-and-gift-shops-3.webp 1500w, https:\/\/www.linkceramics.com\/wp-content\/uploads\/2025\/06\/deep-blue-glazed-ceramic-candle-holder-wholesale-for-home-and-gift-shops-3-300x250.webp 300w, https:\/\/www.linkceramics.com\/wp-content\/uploads\/2025\/06\/deep-blue-glazed-ceramic-candle-holder-wholesale-for-home-and-gift-shops-3-768x640.webp 768w, https:\/\/www.linkceramics.com\/wp-content\/uploads\/2025\/06\/deep-blue-glazed-ceramic-candle-holder-wholesale-for-home-and-gift-shops-3-14x12.webp 14w, https:\/\/www.linkceramics.com\/wp-content\/uploads\/2025\/06\/deep-blue-glazed-ceramic-candle-holder-wholesale-for-home-and-gift-shops-3-1200x1000.webp 1200w, https:\/\/www.linkceramics.com\/wp-content\/uploads\/2025\/06\/deep-blue-glazed-ceramic-candle-holder-wholesale-for-home-and-gift-shops-3-600x500.webp 600w\" sizes=\"(max-width: 1500px) 100vw, 1500px\" \/><\/figure>\n<\/div>\n\n\n\n<div class=\"wp-block-column is-layout-flow wp-block-column-is-layout-flow\">\n<figure class=\"wp-block-image size-full\"><img decoding=\"async\" width=\"1500\" height=\"1249\" src=\"https:\/\/www.linkceramics.com\/wp-content\/uploads\/2025\/06\/deep-blue-glazed-ceramic-candle-holder-wholesale-for-home-and-gift-shops-1.webp\" alt=\"Porte-bougies en c\u00e9ramique \u00e9maill\u00e9e bleu fonc\u00e9 - vente en gros pour la maison et les magasins de cadeaux - 1\" class=\"wp-image-2215\" srcset=\"https:\/\/www.linkceramics.com\/wp-content\/uploads\/2025\/06\/deep-blue-glazed-ceramic-candle-holder-wholesale-for-home-and-gift-shops-1.webp 1500w, https:\/\/www.linkceramics.com\/wp-content\/uploads\/2025\/06\/deep-blue-glazed-ceramic-candle-holder-wholesale-for-home-and-gift-shops-1-300x250.webp 300w, https:\/\/www.linkceramics.com\/wp-content\/uploads\/2025\/06\/deep-blue-glazed-ceramic-candle-holder-wholesale-for-home-and-gift-shops-1-768x639.webp 768w, https:\/\/www.linkceramics.com\/wp-content\/uploads\/2025\/06\/deep-blue-glazed-ceramic-candle-holder-wholesale-for-home-and-gift-shops-1-14x12.webp 14w, https:\/\/www.linkceramics.com\/wp-content\/uploads\/2025\/06\/deep-blue-glazed-ceramic-candle-holder-wholesale-for-home-and-gift-shops-1-1200x999.webp 1200w, https:\/\/www.linkceramics.com\/wp-content\/uploads\/2025\/06\/deep-blue-glazed-ceramic-candle-holder-wholesale-for-home-and-gift-shops-1-600x500.webp 600w\" sizes=\"(max-width: 1500px) 100vw, 1500px\" \/><\/figure>\n<\/div>\n<\/div>\n\n\n\n<p><\/p>","protected":false},"excerpt":{"rendered":"<div id=\"brxe-raacbk\" class=\"brxe-product-meta product_meta\">\n<p data-pm-slice=\"0 0 []\">Nous vous invitons \u00e0 acheter en gros notre bougeoir en c\u00e9ramique bleu fonc\u00e9, dont le gla\u00e7age bleu fonc\u00e9 lisse apporte une bonne exp\u00e9rience visuelle et convient aux produits de vente au d\u00e9tail. Les vases en c\u00e9ramique bleu fonc\u00e9 ont une bonne durabilit\u00e9 et une bonne r\u00e9sistance \u00e0 la chaleur, ils ne se fissurent pas facilement et peuvent contenir des bougies pendant longtemps. Nous prenons en charge la personnalisation et le faible co\u00fbt de production. N'h\u00e9sitez pas \u00e0 nous contacter pour obtenir un devis.<\/p>\n<h2>Sp\u00e9cification du support de bougie en c\u00e9ramique Wholesale<\/h2>\n<table width=\"855\">\n<tbody>\n<tr>\n<td width=\"285\">Num\u00e9ro de mod\u00e8le<\/td>\n<td width=\"285\">A34848-L136-A01<\/td>\n<td width=\"285\">A34848-L136-A02<\/td>\n<\/tr>\n<tr>\n<td>Nom du produit<\/td>\n<td>Bougeoir en c\u00e9ramique<\/td>\n<td>Bougeoir en c\u00e9ramique<\/td>\n<\/tr>\n<tr>\n<td>Couleur<\/td>\n<td>Bleu fonc\u00e9<\/td>\n<td>Bleu fonc\u00e9<\/td>\n<\/tr>\n<tr>\n<td>Mat\u00e9riau<\/td>\n<td>C\u00e9ramique\u00a0<\/td>\n<td>C\u00e9ramique\u00a0<\/td>\n<\/tr>\n<tr>\n<td>Sc\u00e9narios d'utilisation<\/td>\n<td>d\u00e9coration int\u00e9rieure<\/td>\n<td>d\u00e9coration int\u00e9rieure<\/td>\n<\/tr>\n<tr>\n<td>Dimensions<\/td>\n<td>D:14.5X26cm<\/td>\n<td>D:14.5X19cm<\/td>\n<\/tr>\n<tr>\n<td>Poids<\/td>\n<td>1kg\/pc<\/td>\n<td>0,8kg\/pc<\/td>\n<\/tr>\n<\/tbody>\n<\/table>\n<\/div>","protected":false},"featured_media":2216,"comment_status":"open","ping_status":"closed","template":"","meta":{"_acf_changed":true},"certification":[63,64,66,65,61,60,62],"product_brand":[],"product_cat":[37,16],"product_tag":[],"class_list":{"0":"post-2214","1":"product","2":"type-product","3":"status-publish","4":"has-post-thumbnail","6":"certification-amfori","7":"certification-bsci","8":"certification-cnas","9":"certification-iaf","10":"certification-iso-14001","11":"certification-iso-45001","12":"certification-iso-9001","13":"product_cat-decorative-ceramic-wholesale","14":"product_cat-ceramic-candle-holder","16":"first","17":"instock","18":"shipping-taxable","19":"product-type-simple"},"acf":[],"_links":{"self":[{"href":"https:\/\/www.linkceramics.com\/fr\/wp-json\/wp\/v2\/product\/2214","targetHints":{"allow":["GET"]}}],"collection":[{"href":"https:\/\/www.linkceramics.com\/fr\/wp-json\/wp\/v2\/product"}],"about":[{"href":"https:\/\/www.linkceramics.com\/fr\/wp-json\/wp\/v2\/types\/product"}],"replies":[{"embeddable":true,"href":"https:\/\/www.linkceramics.com\/fr\/wp-json\/wp\/v2\/comments?post=2214"}],"wp:featuredmedia":[{"embeddable":true,"href":"https:\/\/www.linkceramics.com\/fr\/wp-json\/wp\/v2\/media\/2216"}],"wp:attachment":[{"href":"https:\/\/www.linkceramics.com\/fr\/wp-json\/wp\/v2\/media?parent=2214"}],"wp:term":[{"taxonomy":"certification","embeddable":true,"href":"https:\/\/www.linkceramics.com\/fr\/wp-json\/wp\/v2\/certification?post=2214"},{"taxonomy":"product_brand","embeddable":true,"href":"https:\/\/www.linkceramics.com\/fr\/wp-json\/wp\/v2\/product_brand?post=2214"},{"taxonomy":"product_cat","embeddable":true,"href":"https:\/\/www.linkceramics.com\/fr\/wp-json\/wp\/v2\/product_cat?post=2214"},{"taxonomy":"product_tag","embeddable":true,"href":"https:\/\/www.linkceramics.com\/fr\/wp-json\/wp\/v2\/product_tag?post=2214"}],"curies":[{"name":"wp","href":"https:\/\/api.w.org\/{rel}","templated":true}]}}