{"id":2219,"date":"2025-06-16T08:40:59","date_gmt":"2025-06-16T08:40:59","guid":{"rendered":"https:\/\/www.linkceramics.com\/?post_type=product&#038;p=2219"},"modified":"2025-06-16T08:41:00","modified_gmt":"2025-06-16T08:41:00","slug":"unique-vases-wholesale","status":"publish","type":"product","link":"https:\/\/www.linkceramics.com\/fr\/product\/unique-vases-wholesale\/","title":{"rendered":"Vases uniques en gros pour compositions florales et d\u00e9coration int\u00e9rieure"},"content":{"rendered":"<h3 class=\"wp-block-heading\">Caract\u00e9ristiques des vases uniques en gros<\/h3>\n\n\n\n<p><strong>Plusieurs tailles : <\/strong>L'ensemble unique de vases en gros comprend deux tailles diff\u00e9rentes pour une vari\u00e9t\u00e9 d'utilisations - les grands pour les fleurs d\u00e9coratives et les petits pour les d\u00e9corations simples.<\/p>\n\n\n\n<p><strong>Base stable : <\/strong>La base ronde et large des vases \u00e0 fleurs en gros augmente la stabilit\u00e9 et emp\u00eache le basculement, ce qui les rend id\u00e9aux pour accueillir des bouquets plus lourds.<\/p>\n\n\n\n<p><strong>Excellent service : <\/strong>En tant que fabricant professionnel de vases en c\u00e9ramique, SANTAI offre d'excellents services tels que des prix d'usine et de faibles MOQ.<\/p>\n\n\n\n<div class=\"wp-block-columns is-layout-flex wp-container-core-columns-is-layout-9d6595d7 wp-block-columns-is-layout-flex\">\n<div class=\"wp-block-column is-layout-flow wp-block-column-is-layout-flow\">\n<figure class=\"wp-block-image size-full\"><img decoding=\"async\" width=\"1500\" height=\"1249\" src=\"https:\/\/www.linkceramics.com\/wp-content\/uploads\/2025\/06\/unique-vases-wholesale-for-flower-arrangement-and-home-decor-4.webp\" alt=\"vases-uniques-en-gros-pour-l&#039;arrangement-de-fleurs-et-la-decoration-de-la-maison-4\" class=\"wp-image-2223\" srcset=\"https:\/\/www.linkceramics.com\/wp-content\/uploads\/2025\/06\/unique-vases-wholesale-for-flower-arrangement-and-home-decor-4.webp 1500w, https:\/\/www.linkceramics.com\/wp-content\/uploads\/2025\/06\/unique-vases-wholesale-for-flower-arrangement-and-home-decor-4-300x250.webp 300w, https:\/\/www.linkceramics.com\/wp-content\/uploads\/2025\/06\/unique-vases-wholesale-for-flower-arrangement-and-home-decor-4-768x639.webp 768w, https:\/\/www.linkceramics.com\/wp-content\/uploads\/2025\/06\/unique-vases-wholesale-for-flower-arrangement-and-home-decor-4-14x12.webp 14w, https:\/\/www.linkceramics.com\/wp-content\/uploads\/2025\/06\/unique-vases-wholesale-for-flower-arrangement-and-home-decor-4-1200x999.webp 1200w, https:\/\/www.linkceramics.com\/wp-content\/uploads\/2025\/06\/unique-vases-wholesale-for-flower-arrangement-and-home-decor-4-600x500.webp 600w\" sizes=\"(max-width: 1500px) 100vw, 1500px\" \/><\/figure>\n<\/div>\n\n\n\n<div class=\"wp-block-column is-layout-flow wp-block-column-is-layout-flow\">\n<figure class=\"wp-block-image size-full\"><img decoding=\"async\" width=\"1500\" height=\"1249\" src=\"https:\/\/www.linkceramics.com\/wp-content\/uploads\/2025\/06\/unique-vases-wholesale-for-flower-arrangement-and-home-decor-3.webp\" alt=\"vases-uniques-en-gros-pour-l&#039;arrangement-de-fleurs-et-la-decoration-de-la-maison-3\" class=\"wp-image-2220\" srcset=\"https:\/\/www.linkceramics.com\/wp-content\/uploads\/2025\/06\/unique-vases-wholesale-for-flower-arrangement-and-home-decor-3.webp 1500w, https:\/\/www.linkceramics.com\/wp-content\/uploads\/2025\/06\/unique-vases-wholesale-for-flower-arrangement-and-home-decor-3-300x250.webp 300w, https:\/\/www.linkceramics.com\/wp-content\/uploads\/2025\/06\/unique-vases-wholesale-for-flower-arrangement-and-home-decor-3-768x639.webp 768w, https:\/\/www.linkceramics.com\/wp-content\/uploads\/2025\/06\/unique-vases-wholesale-for-flower-arrangement-and-home-decor-3-14x12.webp 14w, https:\/\/www.linkceramics.com\/wp-content\/uploads\/2025\/06\/unique-vases-wholesale-for-flower-arrangement-and-home-decor-3-1200x999.webp 1200w, https:\/\/www.linkceramics.com\/wp-content\/uploads\/2025\/06\/unique-vases-wholesale-for-flower-arrangement-and-home-decor-3-600x500.webp 600w\" sizes=\"(max-width: 1500px) 100vw, 1500px\" \/><\/figure>\n<\/div>\n<\/div>","protected":false},"excerpt":{"rendered":"<div id=\"brxe-raacbk\" class=\"brxe-product-meta product_meta\">\n<p>Nous vous invitons \u00e0 commander en gros nos vases uniques. Les vases en c\u00e9ramique ont des courbes \u00e9l\u00e9gantes, des d\u00e9tails textur\u00e9s et une gla\u00e7ure tr\u00e8s brillante, ce qui leur conf\u00e8re un attrait visuel efficace. SANTAI Ceramic Vase Factory propose diff\u00e9rents types et tailles de vases et fournit des services OEM et ODM de haute qualit\u00e9. N'h\u00e9sitez pas \u00e0 nous contacter pour obtenir un devis.<\/p>\n<h2>Sp\u00e9cification des vases uniques en gros<\/h2>\n<table width=\"855\">\n<tbody>\n<tr>\n<td width=\"285\">Num\u00e9ro de mod\u00e8le<\/td>\n<td width=\"285\">A35023-L136-A01<\/td>\n<td width=\"285\">A35023-L136-A02<\/td>\n<\/tr>\n<tr>\n<td>Nom du produit<\/td>\n<td>Vase en c\u00e9ramique<\/td>\n<td>Vase en c\u00e9ramique<\/td>\n<\/tr>\n<tr>\n<td>Couleur<\/td>\n<td>Bleu fonc\u00e9<\/td>\n<td>Bleu fonc\u00e9<\/td>\n<\/tr>\n<tr>\n<td>Mat\u00e9riau<\/td>\n<td>C\u00e9ramique\u00a0<\/td>\n<td>C\u00e9ramique\u00a0<\/td>\n<\/tr>\n<tr>\n<td>Sc\u00e9narios d'utilisation<\/td>\n<td>d\u00e9coration int\u00e9rieure<\/td>\n<td>d\u00e9coration int\u00e9rieure<\/td>\n<\/tr>\n<tr>\n<td>Dimensions<\/td>\n<td>D:15X21cm<\/td>\n<td>D:11X15cm<\/td>\n<\/tr>\n<tr>\n<td>Poids<\/td>\n<td>0,9kg\/pc<\/td>\n<td>0,4kg\/pc<\/td>\n<\/tr>\n<\/tbody>\n<\/table>\n<\/div>","protected":false},"featured_media":2221,"comment_status":"open","ping_status":"closed","template":"","meta":{"_acf_changed":true},"certification":[63,64,66,65,61,60,62],"product_brand":[],"product_cat":[37,17],"product_tag":[],"class_list":{"0":"post-2219","1":"product","2":"type-product","3":"status-publish","4":"has-post-thumbnail","6":"certification-amfori","7":"certification-bsci","8":"certification-cnas","9":"certification-iaf","10":"certification-iso-14001","11":"certification-iso-45001","12":"certification-iso-9001","13":"product_cat-decorative-ceramic-wholesale","14":"product_cat-ceramic-vases-wholesale","16":"first","17":"instock","18":"shipping-taxable","19":"product-type-simple"},"acf":[],"_links":{"self":[{"href":"https:\/\/www.linkceramics.com\/fr\/wp-json\/wp\/v2\/product\/2219","targetHints":{"allow":["GET"]}}],"collection":[{"href":"https:\/\/www.linkceramics.com\/fr\/wp-json\/wp\/v2\/product"}],"about":[{"href":"https:\/\/www.linkceramics.com\/fr\/wp-json\/wp\/v2\/types\/product"}],"replies":[{"embeddable":true,"href":"https:\/\/www.linkceramics.com\/fr\/wp-json\/wp\/v2\/comments?post=2219"}],"wp:featuredmedia":[{"embeddable":true,"href":"https:\/\/www.linkceramics.com\/fr\/wp-json\/wp\/v2\/media\/2221"}],"wp:attachment":[{"href":"https:\/\/www.linkceramics.com\/fr\/wp-json\/wp\/v2\/media?parent=2219"}],"wp:term":[{"taxonomy":"certification","embeddable":true,"href":"https:\/\/www.linkceramics.com\/fr\/wp-json\/wp\/v2\/certification?post=2219"},{"taxonomy":"product_brand","embeddable":true,"href":"https:\/\/www.linkceramics.com\/fr\/wp-json\/wp\/v2\/product_brand?post=2219"},{"taxonomy":"product_cat","embeddable":true,"href":"https:\/\/www.linkceramics.com\/fr\/wp-json\/wp\/v2\/product_cat?post=2219"},{"taxonomy":"product_tag","embeddable":true,"href":"https:\/\/www.linkceramics.com\/fr\/wp-json\/wp\/v2\/product_tag?post=2219"}],"curies":[{"name":"wp","href":"https:\/\/api.w.org\/{rel}","templated":true}]}}