{"id":2234,"date":"2025-06-23T09:48:37","date_gmt":"2025-06-23T09:48:37","guid":{"rendered":"https:\/\/www.linkceramics.com\/?post_type=product&#038;p=2234"},"modified":"2025-09-22T07:10:36","modified_gmt":"2025-09-22T07:10:36","slug":"bulk-lotion-dispensers","status":"publish","type":"product","link":"https:\/\/www.linkceramics.com\/fr\/product\/bulk-lotion-dispensers\/","title":{"rendered":"Distributeurs de lotion en vrac, flacons de lotion en c\u00e9ramique minimaliste Approvisionnement"},"content":{"rendered":"<div class=\"wp-block-columns is-layout-flex wp-container-core-columns-is-layout-9d6595d7 wp-block-columns-is-layout-flex\">\n<div class=\"wp-block-column is-layout-flow wp-block-column-is-layout-flow\" style=\"flex-basis:50%\">\n<h3 class=\"wp-block-heading\">Distributeurs de lotion en vrac Caract\u00e9ristiques :<\/h3>\n\n\n\n<p><strong>C\u00e9ramique de bonne qualit\u00e9 :<\/strong> Nos distributeurs de lotion en vrac sont fabriqu\u00e9s en c\u00e9ramique de qualit\u00e9 sup\u00e9rieure ; la surface est douce et d\u00e9licate, dure et r\u00e9sistante, et ne se fissurera pas et ne se froissera pas apr\u00e8s une utilisation prolong\u00e9e.<\/p>\n\n\n\n<p><strong>Application multifonctionnelle :<\/strong> Le distributeur personnalis\u00e9 peut \u00eatre utilis\u00e9 pour de nombreux emballages de liquides, par exemple du savon pour les mains, du gel douche, du shampoing, etc., afin de r\u00e9pondre \u00e0 l'usage domestique quotidien, pratique et commode.<\/p>\n\n\n\n<p><strong>Facile \u00e0 nettoyer et \u00e0 entretenir :<\/strong> la surface c\u00e9ramique lisse et antisalissure des bouteilles de nos distributeurs de lotion en vrac n'absorbe pas facilement les taches et reste propre et neuve d'un simple coup d'\u00e9ponge.<\/p>\n\n\n\n<p><strong>Convient \u00e0 une grande vari\u00e9t\u00e9 de sc\u00e8nes :<\/strong> Nos distributeurs de lotion en vrac ne conviennent pas seulement aux salles de bains familiales, mais peuvent \u00e9galement \u00eatre utilis\u00e9s dans des lieux haut de gamme, tels que les h\u00f4tels et les s\u00e9jours chez l'habitant, pour mettre en valeur la mode et le go\u00fbt.<\/p>\n\n\n\n<p><strong>Design moderne :<\/strong> La forme totale de ces distributeurs de lotion en vrac utilise un design \"press-in-easy\", est facile et simple, d\u00e9chargeant uniform\u00e9ment les liquides en douceur. La t\u00eate de pompe dor\u00e9e ajoute une touche de luxe \u00e0 ce distributeur de savon. Ils s'adaptent parfaitement \u00e0 diff\u00e9rents styles de maison et ajoutent \u00e0 la beaut\u00e9 g\u00e9n\u00e9rale de la salle de bain ou des toilettes.<\/p>\n\n\n\n<p><strong>Diverses couleurs :<\/strong> Couleurs vari\u00e9es : Cette bouteille distributrice de mousse en c\u00e9ramique contient diverses couleurs comme le vert, le gris, le blanc et le noir pour r\u00e9pondre aux pr\u00e9f\u00e9rences et aux styles de diff\u00e9rentes personnes et maisons. En tant que fabricant, nous pouvons \u00e9galement personnaliser d'autres couleurs ou ajouter des logos de marque selon les besoins du client.<\/p>\n<\/div>\n\n\n\n<div class=\"wp-block-column is-layout-flow wp-block-column-is-layout-flow\" style=\"flex-basis:50%\">\n<figure class=\"wp-block-image size-full\"><img decoding=\"async\" width=\"1000\" height=\"1000\" src=\"https:\/\/www.linkceramics.com\/wp-content\/uploads\/2025\/06\/bulk-lotion-dispensers-minimalist-ceramic-lotion-bottles-supply-7.webp\" alt=\"bulk-lotion-dispensers-minimalist-ceramic-lotion-bottles-supply-7\" class=\"wp-image-2573\" srcset=\"https:\/\/www.linkceramics.com\/wp-content\/uploads\/2025\/06\/bulk-lotion-dispensers-minimalist-ceramic-lotion-bottles-supply-7.webp 1000w, https:\/\/www.linkceramics.com\/wp-content\/uploads\/2025\/06\/bulk-lotion-dispensers-minimalist-ceramic-lotion-bottles-supply-7-300x300.webp 300w, https:\/\/www.linkceramics.com\/wp-content\/uploads\/2025\/06\/bulk-lotion-dispensers-minimalist-ceramic-lotion-bottles-supply-7-150x150.webp 150w, https:\/\/www.linkceramics.com\/wp-content\/uploads\/2025\/06\/bulk-lotion-dispensers-minimalist-ceramic-lotion-bottles-supply-7-768x768.webp 768w, https:\/\/www.linkceramics.com\/wp-content\/uploads\/2025\/06\/bulk-lotion-dispensers-minimalist-ceramic-lotion-bottles-supply-7-12x12.webp 12w, https:\/\/www.linkceramics.com\/wp-content\/uploads\/2025\/06\/bulk-lotion-dispensers-minimalist-ceramic-lotion-bottles-supply-7-600x600.webp 600w, https:\/\/www.linkceramics.com\/wp-content\/uploads\/2025\/06\/bulk-lotion-dispensers-minimalist-ceramic-lotion-bottles-supply-7-100x100.webp 100w\" sizes=\"(max-width: 1000px) 100vw, 1000px\" \/><\/figure>\n<\/div>\n<\/div>\n\n\n\n<p><\/p>","protected":false},"excerpt":{"rendered":"<p>Nous vous invitons \u00e0 acheter des distributeurs de mousse de savon en gros. Ces distributeurs de lotion en vrac sont populaires sur le march\u00e9 pour leur couleur vari\u00e9e, leur apparence exquise, leur mat\u00e9riau durable et leur fonction pratique. Il convient \u00e0 la distribution de liquides tels que le savon \u00e0 main et le gel douche. Il est pratique \u00e0 presser, facile \u00e0 utiliser et facile \u00e0 nettoyer. Qu'il s'agisse d'une salle de bains priv\u00e9e ou d'un h\u00f4tel, c'est un choix id\u00e9al pour am\u00e9liorer la texture de l'espace.<\/p>\n<h2>Distributeurs de lotion en vrac Param\u00e8tre :<\/h2>\n<div data-id=\"bef26dc\" data-element_type=\"widget\" data-widget_type=\"text-editor.default\">\n<div>\n<table border=\"0\" width=\"476\" cellspacing=\"0\" cellpadding=\"0\">\n<tbody>\n<tr>\n<td width=\"187\" height=\"29\">Fabricant<\/td>\n<td width=\"289\">JINHUA<\/td>\n<\/tr>\n<tr>\n<td height=\"29\">Num\u00e9ro de mod\u00e8le<\/td>\n<td>JHB58<\/td>\n<\/tr>\n<tr>\n<td height=\"29\">Conception<\/td>\n<td>Forme cylindrique<\/td>\n<\/tr>\n<tr>\n<td height=\"29\">Mat\u00e9riau<\/td>\n<td>C\u00e9ramique<\/td>\n<\/tr>\n<tr>\n<td height=\"29\">Couleur<\/td>\n<td width=\"289\">Blanc, gris, vert, noir<\/td>\n<\/tr>\n<tr>\n<td height=\"29\">Sur mesure<\/td>\n<td>Couleur\/Taille\/Logo\/Emballage<\/td>\n<\/tr>\n<tr>\n<td height=\"29\">MOQ<\/td>\n<td>500pcs<\/td>\n<\/tr>\n<tr>\n<td height=\"29\">Dimension<\/td>\n<td width=\"289\">7,2*7,2*20cm<\/td>\n<\/tr>\n<\/tbody>\n<\/table>\n<\/div>\n<\/div>\n<div class=\"elementor-element elementor-element-b03ea8d elementor-widget elementor-widget-button\" data-id=\"b03ea8d\" data-element_type=\"widget\" data-widget_type=\"button.default\">\n<div class=\"elementor-widget-container\">\n<div class=\"elementor-button-wrapper\">\u00a0<\/div>\n<\/div>\n<\/div>","protected":false},"featured_media":2574,"comment_status":"open","ping_status":"closed","template":"","meta":{"_acf_changed":true},"certification":[63,64,66,58,65,61,60,62,57],"product_brand":[],"product_cat":[22,35],"product_tag":[],"class_list":{"0":"post-2234","1":"product","2":"type-product","3":"status-publish","4":"has-post-thumbnail","6":"certification-amfori","7":"certification-bsci","8":"certification-cnas","9":"certification-fda","10":"certification-iaf","11":"certification-iso-14001","12":"certification-iso-45001","13":"certification-iso-9001","14":"certification-lfgb","15":"product_cat-ceramic-bathroom-set","16":"product_cat-bathroom-ceramics-supply","18":"first","19":"instock","20":"shipping-taxable","21":"product-type-simple"},"acf":[],"_links":{"self":[{"href":"https:\/\/www.linkceramics.com\/fr\/wp-json\/wp\/v2\/product\/2234","targetHints":{"allow":["GET"]}}],"collection":[{"href":"https:\/\/www.linkceramics.com\/fr\/wp-json\/wp\/v2\/product"}],"about":[{"href":"https:\/\/www.linkceramics.com\/fr\/wp-json\/wp\/v2\/types\/product"}],"replies":[{"embeddable":true,"href":"https:\/\/www.linkceramics.com\/fr\/wp-json\/wp\/v2\/comments?post=2234"}],"wp:featuredmedia":[{"embeddable":true,"href":"https:\/\/www.linkceramics.com\/fr\/wp-json\/wp\/v2\/media\/2574"}],"wp:attachment":[{"href":"https:\/\/www.linkceramics.com\/fr\/wp-json\/wp\/v2\/media?parent=2234"}],"wp:term":[{"taxonomy":"certification","embeddable":true,"href":"https:\/\/www.linkceramics.com\/fr\/wp-json\/wp\/v2\/certification?post=2234"},{"taxonomy":"product_brand","embeddable":true,"href":"https:\/\/www.linkceramics.com\/fr\/wp-json\/wp\/v2\/product_brand?post=2234"},{"taxonomy":"product_cat","embeddable":true,"href":"https:\/\/www.linkceramics.com\/fr\/wp-json\/wp\/v2\/product_cat?post=2234"},{"taxonomy":"product_tag","embeddable":true,"href":"https:\/\/www.linkceramics.com\/fr\/wp-json\/wp\/v2\/product_tag?post=2234"}],"curies":[{"name":"wp","href":"https:\/\/api.w.org\/{rel}","templated":true}]}}