{"id":2264,"date":"2025-07-02T10:16:24","date_gmt":"2025-07-02T10:16:24","guid":{"rendered":"https:\/\/www.linkceramics.com\/?post_type=product&#038;p=2264"},"modified":"2025-07-02T10:29:31","modified_gmt":"2025-07-02T10:29:31","slug":"restaurant-dinnerware-wholesale","status":"publish","type":"product","link":"https:\/\/www.linkceramics.com\/fr\/product\/restaurant-dinnerware-wholesale\/","title":{"rendered":"Vaisselle de restaurant en gros, Vaisselle de service Dolomire blanche en vrac"},"content":{"rendered":"<div class=\"wp-block-columns is-layout-flex wp-container-core-columns-is-layout-9d6595d7 wp-block-columns-is-layout-flex\">\n<div class=\"wp-block-column is-layout-flow wp-block-column-is-layout-flow\" style=\"flex-basis:50%\">\n<h3 class=\"wp-block-heading\">Vaisselle de restaurant en gros Caract\u00e9ristiques :<\/h3>\n\n\n\n<p><strong>Mat\u00e9riau dolomitique respectueux de l'environnement :<\/strong> Cette vaisselle de restaurant en gros est fabriqu\u00e9e \u00e0 partir de dolomie recycl\u00e9e, elle est l\u00e9g\u00e8re, durable et blanche.<\/p>\n\n\n\n<p><strong>Gla\u00e7age blanc et lisse :<\/strong> Nos ustensiles de service en dolomie en vrac utilisent la technologie de la gla\u00e7ure blanche, la surface est lisse et brillante, ce qui t\u00e9moigne d'une grande qualit\u00e9.<\/p>\n\n\n\n<p><strong>Design d'aspect martel\u00e9 :<\/strong> Cette vaisselle de restaurant au design martel\u00e9 apporte une touche de richesse, de minimalisme et d'originalit\u00e9.<\/p>\n\n\n\n<p><strong>Plusieurs options de couleurs : <\/strong>En plus du blanc classique, il y a aussi du rouge, du bleu et du vert actifs, des collisions de couleurs vives, qui conviennent \u00e0 diverses occasions de manger.<\/p>\n\n\n\n<p><strong>Sp\u00e9cifications multiples des services de table pour les restaurants :<\/strong> y compris des assiettes plates, des bols \u00e0 soupe, des tasses, des tasses \u00e0 caf\u00e9, des th\u00e9i\u00e8res, etc., peuvent r\u00e9pondre aux divers besoins des diff\u00e9rents restaurants et h\u00f4tels.<\/p>\n<\/div>\n\n\n\n<div class=\"wp-block-column is-layout-flow wp-block-column-is-layout-flow\" style=\"flex-basis:50%\">\n<figure class=\"wp-block-image size-full\"><img decoding=\"async\" width=\"2915\" height=\"1648\" src=\"https:\/\/www.linkceramics.com\/wp-content\/uploads\/2025\/07\/Restaurant-Dinnerware-Wholesale-White-Dolomire-Serveware-Bulk-11.webp\" alt=\"Vaisselle de restaurant-Vaisselle de gros-Blanc-Dolomire-Vaisselle de service-Vrac-11\" class=\"wp-image-2267\" srcset=\"https:\/\/www.linkceramics.com\/wp-content\/uploads\/2025\/07\/Restaurant-Dinnerware-Wholesale-White-Dolomire-Serveware-Bulk-11.webp 2915w, https:\/\/www.linkceramics.com\/wp-content\/uploads\/2025\/07\/Restaurant-Dinnerware-Wholesale-White-Dolomire-Serveware-Bulk-11-300x170.webp 300w, https:\/\/www.linkceramics.com\/wp-content\/uploads\/2025\/07\/Restaurant-Dinnerware-Wholesale-White-Dolomire-Serveware-Bulk-11-768x434.webp 768w, https:\/\/www.linkceramics.com\/wp-content\/uploads\/2025\/07\/Restaurant-Dinnerware-Wholesale-White-Dolomire-Serveware-Bulk-11-18x10.webp 18w, https:\/\/www.linkceramics.com\/wp-content\/uploads\/2025\/07\/Restaurant-Dinnerware-Wholesale-White-Dolomire-Serveware-Bulk-11-1200x678.webp 1200w, https:\/\/www.linkceramics.com\/wp-content\/uploads\/2025\/07\/Restaurant-Dinnerware-Wholesale-White-Dolomire-Serveware-Bulk-11-600x339.webp 600w\" sizes=\"(max-width: 2915px) 100vw, 2915px\" \/><\/figure>\n<\/div>\n<\/div>","protected":false},"excerpt":{"rendered":"<div class=\"D5aOJc vJwDU\">\n<div id=\"brxe-26696e\" class=\"brxe-product-short-description brxe-text-basic\">\n<div class=\"woocommerce-product-details__short-description\">\n<div class=\"D5aOJc vJwDU\">Bienvenue \u00e0 l'achat de notre vaisselle de restaurant en gros avec une finition martel\u00e9e, diverses sp\u00e9cifications, des ensembles de service simples et exquis pour les restaurants. Vente directe \u00e0 l'usine, des remises sur la personnalisation en vrac sont disponibles, consultez d\u00e8s maintenant !<\/div>\n<h2 class=\"D5aOJc vJwDU\">Vaisselle de restaurant en gros Param\u00e8tres :<\/h2>\n<table border=\"0\" width=\"618\" cellspacing=\"0\" cellpadding=\"0\">\n<tbody>\n<tr>\n<td width=\"180\" height=\"26\">Fabricant<\/td>\n<td width=\"438\">Lianyuan<\/td>\n<\/tr>\n<tr>\n<td height=\"26\">Type de produit<\/td>\n<td>Assiettes, bols, bols \u00e0 soupe, tasses, tasses \u00e0 th\u00e9 et pots<\/td>\n<\/tr>\n<tr>\n<td height=\"26\">Mod\u00e8le<\/td>\n<td>Design martel\u00e9<\/td>\n<\/tr>\n<tr>\n<td height=\"26\">Couleur<\/td>\n<td>Blanc<\/td>\n<\/tr>\n<tr>\n<td height=\"26\">Mat\u00e9riau<\/td>\n<td>\n<p>Dolomie<\/p>\n<\/td>\n<\/tr>\n<tr>\n<td height=\"26\">Artisanat<\/td>\n<td>Glacis blanc<\/td>\n<\/tr>\n<tr>\n<td height=\"26\">Application<\/td>\n<td>Passe au micro-ondes, au lave-vaisselle et au four<\/td>\n<\/tr>\n<tr>\n<td height=\"26\">Sur mesure<\/td>\n<td>Couleur\/Taille\/Logo\/Emballage<\/td>\n<\/tr>\n<\/tbody>\n<\/table>\n<\/div>\n<\/div>\n<div id=\"brxe-ae2c03\" class=\"brxe-product-meta product_meta\">\u00a0<\/div>\n<\/div>","protected":false},"featured_media":2266,"comment_status":"open","ping_status":"closed","template":"","meta":{"_acf_changed":true},"certification":[66,58,65,61,60,62,57],"product_brand":[],"product_cat":[34,18],"product_tag":[],"class_list":{"0":"post-2264","1":"product","2":"type-product","3":"status-publish","4":"has-post-thumbnail","6":"certification-cnas","7":"certification-fda","8":"certification-iaf","9":"certification-iso-14001","10":"certification-iso-45001","11":"certification-iso-9001","12":"certification-lfgb","13":"product_cat-custom-household-ceramics","14":"product_cat-ceramic-tableware-wholesale","16":"first","17":"instock","18":"shipping-taxable","19":"product-type-simple"},"acf":[],"_links":{"self":[{"href":"https:\/\/www.linkceramics.com\/fr\/wp-json\/wp\/v2\/product\/2264","targetHints":{"allow":["GET"]}}],"collection":[{"href":"https:\/\/www.linkceramics.com\/fr\/wp-json\/wp\/v2\/product"}],"about":[{"href":"https:\/\/www.linkceramics.com\/fr\/wp-json\/wp\/v2\/types\/product"}],"replies":[{"embeddable":true,"href":"https:\/\/www.linkceramics.com\/fr\/wp-json\/wp\/v2\/comments?post=2264"}],"wp:featuredmedia":[{"embeddable":true,"href":"https:\/\/www.linkceramics.com\/fr\/wp-json\/wp\/v2\/media\/2266"}],"wp:attachment":[{"href":"https:\/\/www.linkceramics.com\/fr\/wp-json\/wp\/v2\/media?parent=2264"}],"wp:term":[{"taxonomy":"certification","embeddable":true,"href":"https:\/\/www.linkceramics.com\/fr\/wp-json\/wp\/v2\/certification?post=2264"},{"taxonomy":"product_brand","embeddable":true,"href":"https:\/\/www.linkceramics.com\/fr\/wp-json\/wp\/v2\/product_brand?post=2264"},{"taxonomy":"product_cat","embeddable":true,"href":"https:\/\/www.linkceramics.com\/fr\/wp-json\/wp\/v2\/product_cat?post=2264"},{"taxonomy":"product_tag","embeddable":true,"href":"https:\/\/www.linkceramics.com\/fr\/wp-json\/wp\/v2\/product_tag?post=2264"}],"curies":[{"name":"wp","href":"https:\/\/api.w.org\/{rel}","templated":true}]}}