{"id":2268,"date":"2025-07-02T10:41:42","date_gmt":"2025-07-02T10:41:42","guid":{"rendered":"https:\/\/www.linkceramics.com\/?post_type=product&#038;p=2268"},"modified":"2025-09-22T09:02:42","modified_gmt":"2025-09-22T09:02:42","slug":"custom-candle-jars","status":"publish","type":"product","link":"https:\/\/www.linkceramics.com\/fr\/product\/custom-candle-jars\/","title":{"rendered":"Pots de bougie personnalis\u00e9s, Conteneurs de bougie de luxe, vente en gros"},"content":{"rendered":"<div class=\"wp-block-columns is-layout-flex wp-container-core-columns-is-layout-9d6595d7 wp-block-columns-is-layout-flex\">\n<div class=\"wp-block-column is-layout-flow wp-block-column-is-layout-flow\" style=\"flex-basis:50%\">\n<h3 class=\"wp-block-heading\">Pots \u00e0 bougies personnalis\u00e9s Caract\u00e9ristiques :<\/h3>\n\n\n\n<p><strong>Prise en charge de la conception personnalis\u00e9e :<\/strong> Ces photophores personnalis\u00e9s ont des formes, des tailles et des surfaces vari\u00e9es qui peuvent \u00eatre utilis\u00e9es pour cr\u00e9er des contenants de bougies uniques en fonction des besoins de la marque ou des pr\u00e9f\u00e9rences personnelles.<\/p>\n\n\n\n<p><strong>Mati\u00e8re premi\u00e8re de haute qualit\u00e9 : <\/strong>Ces photophores personnalis\u00e9s sont durables en c\u00e9ramique ou en pl\u00e2tre, r\u00e9sistants \u00e0 la chaleur et non toxiques pour l'environnement ; ils contiennent de la cire de soja ou toute autre cire parfum\u00e9e avec une grande excellence.<\/p>\n\n\n\n<p><strong>Design exquis de lignes gaufr\u00e9es :<\/strong> Ces photophores personnalis\u00e9s pr\u00e9sentent une ligne gaufr\u00e9e exquise avec une texture tridimensionnelle, qui ajoute une couche visuelle au produit. Chaque d\u00e9tail est soigneusement sculpt\u00e9 pour cr\u00e9er un aspect g\u00e9n\u00e9ral haut de gamme et luxueux.<\/p>\n\n\n\n<p><strong>Syst\u00e8me de couleurs Morandi haut de gamme :<\/strong> Nos contenants de bougies de luxe en gros offrent une vari\u00e9t\u00e9 de couleurs Morandi, avec des tons doux et sobres qui peuvent facilement se fondre dans diff\u00e9rents styles de d\u00e9coration d'int\u00e9rieur. Qu'il s'agisse d'un environnement domestique ou commercial, les tons Morandi peuvent apporter un plaisir visuel paisible et confortable et rehausser le go\u00fbt de l'espace.<\/p>\n\n\n\n<p><strong>Excellente touche : <\/strong>La surface de ces photophores personnalis\u00e9s a \u00e9t\u00e9 d\u00e9licatement trait\u00e9e et est agr\u00e9able au toucher. Au toucher, on peut sentir la texture tridimensionnelle du relief exquis, ce qui conf\u00e8re au produit un caract\u00e8re artisanal. Ce toucher d\u00e9licat rend le produit non seulement remarquable sur le plan visuel, mais il procure \u00e9galement une exp\u00e9rience agr\u00e9able lors de son utilisation.<\/p>\n<\/div>\n\n\n\n<div class=\"wp-block-column is-layout-flow wp-block-column-is-layout-flow\" style=\"flex-basis:50%\">\n<figure class=\"wp-block-image size-full\"><img decoding=\"async\" width=\"800\" height=\"800\" src=\"https:\/\/www.linkceramics.com\/wp-content\/uploads\/2025\/07\/custom-candle-jars-luxury-candle-containers-wholesale-2.webp\" alt=\"custom-candle-jars-luxury-candle-containers-wholesale-2\" class=\"wp-image-2585\" srcset=\"https:\/\/www.linkceramics.com\/wp-content\/uploads\/2025\/07\/custom-candle-jars-luxury-candle-containers-wholesale-2.webp 800w, https:\/\/www.linkceramics.com\/wp-content\/uploads\/2025\/07\/custom-candle-jars-luxury-candle-containers-wholesale-2-300x300.webp 300w, https:\/\/www.linkceramics.com\/wp-content\/uploads\/2025\/07\/custom-candle-jars-luxury-candle-containers-wholesale-2-150x150.webp 150w, https:\/\/www.linkceramics.com\/wp-content\/uploads\/2025\/07\/custom-candle-jars-luxury-candle-containers-wholesale-2-768x768.webp 768w, https:\/\/www.linkceramics.com\/wp-content\/uploads\/2025\/07\/custom-candle-jars-luxury-candle-containers-wholesale-2-12x12.webp 12w, https:\/\/www.linkceramics.com\/wp-content\/uploads\/2025\/07\/custom-candle-jars-luxury-candle-containers-wholesale-2-600x600.webp 600w, https:\/\/www.linkceramics.com\/wp-content\/uploads\/2025\/07\/custom-candle-jars-luxury-candle-containers-wholesale-2-100x100.webp 100w\" sizes=\"(max-width: 800px) 100vw, 800px\" \/><\/figure>\n<\/div>\n<\/div>\n\n\n\n<p><\/p>","protected":false},"excerpt":{"rendered":"<div id=\"brxe-777fc5\" class=\"brxe-product-short-description brxe-text-basic\">\n<div class=\"woocommerce-product-details__short-description\">\n<p>Nous vous invitons \u00e0 acheter nos photophores personnalis\u00e9s, fabriqu\u00e9s \u00e0 partir de mat\u00e9riaux de haute qualit\u00e9. Nos luxueux photophores en gros sont con\u00e7us avec des lignes en relief exquises et des couleurs Morandi de haute qualit\u00e9, apportant des effets visuels \u00e9l\u00e9gants et discrets, ainsi qu'une excellente sensation de la main. La praticit\u00e9 rencontre l'\u00e9l\u00e9gance dans ces photophores polyvalents, qui conviennent aux bougies parfum\u00e9es, \u00e0 la d\u00e9coration d'int\u00e9rieur et \u00e0 bien d'autres choses encore.<\/p>\n<h2>Pots de bougie personnalis\u00e9s Param\u00e8tre :<\/h2>\n<table border=\"0\" width=\"582\" cellspacing=\"0\" cellpadding=\"0\">\n<tbody>\n<tr>\n<td width=\"229\" height=\"33\">Fabricant<\/td>\n<td width=\"353\">JINHUA<\/td>\n<\/tr>\n<tr>\n<td height=\"33\">Num\u00e9ro de mod\u00e8le<\/td>\n<td>JHC25<\/td>\n<\/tr>\n<tr>\n<td height=\"33\">Conception<\/td>\n<td>Forme cylindrique<\/td>\n<\/tr>\n<tr>\n<td height=\"33\">Mat\u00e9riau<\/td>\n<td>C\u00e9ramique<\/td>\n<\/tr>\n<tr>\n<td height=\"33\">Couleur<\/td>\n<td width=\"353\">Vert, blanc, rose, bleu<\/td>\n<\/tr>\n<tr>\n<td height=\"33\">Sur mesure<\/td>\n<td>Couleur\/Taille\/Logo\/Emballage<\/td>\n<\/tr>\n<tr>\n<td height=\"33\">MOQ<\/td>\n<td>500pcs<\/td>\n<\/tr>\n<tr>\n<td height=\"33\">Dimension<\/td>\n<td width=\"353\">7,2*7,2*7cm<\/td>\n<\/tr>\n<\/tbody>\n<\/table>\n<\/div>\n<\/div>","protected":false},"featured_media":2586,"comment_status":"open","ping_status":"closed","template":"","meta":{"_acf_changed":false},"certification":[63,64,66,58,65,61,60,62,57],"product_brand":[],"product_cat":[37,16],"product_tag":[],"class_list":{"0":"post-2268","1":"product","2":"type-product","3":"status-publish","4":"has-post-thumbnail","6":"certification-amfori","7":"certification-bsci","8":"certification-cnas","9":"certification-fda","10":"certification-iaf","11":"certification-iso-14001","12":"certification-iso-45001","13":"certification-iso-9001","14":"certification-lfgb","15":"product_cat-decorative-ceramic-wholesale","16":"product_cat-ceramic-candle-holder","18":"first","19":"instock","20":"shipping-taxable","21":"product-type-simple"},"acf":[],"_links":{"self":[{"href":"https:\/\/www.linkceramics.com\/fr\/wp-json\/wp\/v2\/product\/2268","targetHints":{"allow":["GET"]}}],"collection":[{"href":"https:\/\/www.linkceramics.com\/fr\/wp-json\/wp\/v2\/product"}],"about":[{"href":"https:\/\/www.linkceramics.com\/fr\/wp-json\/wp\/v2\/types\/product"}],"replies":[{"embeddable":true,"href":"https:\/\/www.linkceramics.com\/fr\/wp-json\/wp\/v2\/comments?post=2268"}],"wp:featuredmedia":[{"embeddable":true,"href":"https:\/\/www.linkceramics.com\/fr\/wp-json\/wp\/v2\/media\/2586"}],"wp:attachment":[{"href":"https:\/\/www.linkceramics.com\/fr\/wp-json\/wp\/v2\/media?parent=2268"}],"wp:term":[{"taxonomy":"certification","embeddable":true,"href":"https:\/\/www.linkceramics.com\/fr\/wp-json\/wp\/v2\/certification?post=2268"},{"taxonomy":"product_brand","embeddable":true,"href":"https:\/\/www.linkceramics.com\/fr\/wp-json\/wp\/v2\/product_brand?post=2268"},{"taxonomy":"product_cat","embeddable":true,"href":"https:\/\/www.linkceramics.com\/fr\/wp-json\/wp\/v2\/product_cat?post=2268"},{"taxonomy":"product_tag","embeddable":true,"href":"https:\/\/www.linkceramics.com\/fr\/wp-json\/wp\/v2\/product_tag?post=2268"}],"curies":[{"name":"wp","href":"https:\/\/api.w.org\/{rel}","templated":true}]}}