{"id":2283,"date":"2025-07-14T03:55:15","date_gmt":"2025-07-14T03:55:15","guid":{"rendered":"https:\/\/www.linkceramics.com\/?post_type=product&#038;p=2283"},"modified":"2025-07-14T03:58:27","modified_gmt":"2025-07-14T03:58:27","slug":"wholesale-bath-accessory-set","status":"publish","type":"product","link":"https:\/\/www.linkceramics.com\/fr\/product\/wholesale-bath-accessory-set\/","title":{"rendered":"Set d'accessoires de bain 6 pi\u00e8ces, Purple Ceramic Bathroom Set"},"content":{"rendered":"<div class=\"wp-block-columns is-layout-flex wp-container-core-columns-is-layout-9d6595d7 wp-block-columns-is-layout-flex\">\n<div class=\"wp-block-column is-layout-flow wp-block-column-is-layout-flow\" style=\"flex-basis:50%\">\n<h3 class=\"wp-block-heading\">Ensemble d'accessoires de bain Premium Wholesale Caract\u00e9ristiques :<\/h3>\n\n\n\n<ul class=\"wp-block-list\">\n<li><strong>Design \u00e9l\u00e9gant :<\/strong> Ces ensembles d'accessoires de bain en gros pr\u00e9sentent un d\u00e9grad\u00e9 de couleurs violettes, avec des transitions naturelles de couleurs claires \u00e0 fonc\u00e9es de haut en bas, cr\u00e9ant un effet visuel doux et superpos\u00e9. Tous les accessoires pr\u00e9sentent des textures irr\u00e9guli\u00e8res et subtiles sur leur surface, ce qui ajoute une touche de raffinement aux produits.<\/li>\n\n\n\n<li><strong>Mat\u00e9riau durable : <\/strong>Ces ensembles de salle de bains en c\u00e9ramique cuite \u00e0 haute temp\u00e9rature en vrac ont une duret\u00e9 et une r\u00e9sistance \u00e9lev\u00e9es, ne sont pas sujets \u00e0 l'usure et aux dommages, et ont une longue dur\u00e9e de vie. La surface de la c\u00e9ramique est lisse, facile \u00e0 nettoyer et \u00e0 entretenir.<\/li>\n\n\n\n<li><strong>Ensemble complet :<\/strong> Nos ensembles d'accessoires de bain 6 pi\u00e8ces comprennent un distributeur de savon, un porte-savon, un pot de coton, un porte-brosse \u00e0 dents, un rince-bouche et un porte-brosse de toilette, combinant plusieurs fonctions de la salle de bains telles que le lavage, le nettoyage et le stockage.<\/li>\n\n\n\n<li><strong>Des choix color\u00e9s : <\/strong>Ces ensembles de salle de bains en c\u00e9ramique en vrac sont disponibles en trois couleurs diff\u00e9rentes, en plus du violet. Les utilisateurs peuvent choisir la couleur la plus appropri\u00e9e en fonction du style de leur salle de bains afin de cr\u00e9er leur propre espace de salle de bains.<\/li>\n<\/ul>\n<\/div>\n\n\n\n<div class=\"wp-block-column is-layout-flow wp-block-column-is-layout-flow\" style=\"flex-basis:50%\">\n<figure class=\"wp-block-image size-full\"><img decoding=\"async\" width=\"1600\" height=\"1600\" src=\"https:\/\/www.linkceramics.com\/wp-content\/uploads\/2025\/07\/6-Piece-Purple-Ceramic-Bathroom-Set-Wholesale-Custom-Bath-Accessories.webp\" alt=\"Ensemble de salle de bains en c\u00e9ramique violet 6 pi\u00e8ces-Accessoires de salle de bains en gros sur mesure\" class=\"wp-image-2288\" srcset=\"https:\/\/www.linkceramics.com\/wp-content\/uploads\/2025\/07\/6-Piece-Purple-Ceramic-Bathroom-Set-Wholesale-Custom-Bath-Accessories.webp 1600w, https:\/\/www.linkceramics.com\/wp-content\/uploads\/2025\/07\/6-Piece-Purple-Ceramic-Bathroom-Set-Wholesale-Custom-Bath-Accessories-300x300.webp 300w, https:\/\/www.linkceramics.com\/wp-content\/uploads\/2025\/07\/6-Piece-Purple-Ceramic-Bathroom-Set-Wholesale-Custom-Bath-Accessories-150x150.webp 150w, https:\/\/www.linkceramics.com\/wp-content\/uploads\/2025\/07\/6-Piece-Purple-Ceramic-Bathroom-Set-Wholesale-Custom-Bath-Accessories-768x768.webp 768w, https:\/\/www.linkceramics.com\/wp-content\/uploads\/2025\/07\/6-Piece-Purple-Ceramic-Bathroom-Set-Wholesale-Custom-Bath-Accessories-12x12.webp 12w, https:\/\/www.linkceramics.com\/wp-content\/uploads\/2025\/07\/6-Piece-Purple-Ceramic-Bathroom-Set-Wholesale-Custom-Bath-Accessories-1200x1200.webp 1200w, https:\/\/www.linkceramics.com\/wp-content\/uploads\/2025\/07\/6-Piece-Purple-Ceramic-Bathroom-Set-Wholesale-Custom-Bath-Accessories-600x600.webp 600w, https:\/\/www.linkceramics.com\/wp-content\/uploads\/2025\/07\/6-Piece-Purple-Ceramic-Bathroom-Set-Wholesale-Custom-Bath-Accessories-100x100.webp 100w\" sizes=\"(max-width: 1600px) 100vw, 1600px\" \/><\/figure>\n<\/div>\n<\/div>\n\n\n\n<p><\/p>","protected":false},"excerpt":{"rendered":"<div class=\"elementor-element elementor-element-12826c1 elementor-widget elementor-widget-text-editor\" data-id=\"12826c1\" data-element_type=\"widget\" data-widget_type=\"text-editor.default\">\n<div class=\"elementor-widget-container\">\n<div class=\"elementor-element elementor-element-12826c1 elementor-widget elementor-widget-text-editor\" data-id=\"12826c1\" data-element_type=\"widget\" data-widget_type=\"text-editor.default\">\n<div class=\"elementor-widget-container\">\n<p>Nous vous invitons \u00e0 acheter en gros des ensembles d'accessoires de salle de bains. Ces ensembles de salle de bain en c\u00e9ramique en vrac sont con\u00e7us avec style et peuvent ajouter une atmosph\u00e8re \u00e9l\u00e9gante et chaleureuse \u00e0 la salle de bain. De plus, la c\u00e9ramique est un mat\u00e9riau durable et facile \u00e0 nettoyer, ce qui la rend tr\u00e8s pratique.<\/p>\n<\/div>\n<\/div>\n<h2 class=\"wp-block-heading\">Ensemble d'accessoires de bain en gros Sp\u00e9cifications :<\/h2>\n<\/div>\n<\/div>\n<div data-id=\"bef26dc\" data-element_type=\"widget\" data-widget_type=\"text-editor.default\">\n<div>\n<table border=\"0\" width=\"476\" cellspacing=\"0\" cellpadding=\"0\">\n<tbody>\n<tr>\n<td width=\"187\" height=\"29\">Fabricant<\/td>\n<td width=\"289\">JINHUA<\/td>\n<\/tr>\n<tr>\n<td height=\"29\">Num\u00e9ro de mod\u00e8le<\/td>\n<td>JHB77<\/td>\n<\/tr>\n<tr>\n<td height=\"29\">Conception<\/td>\n<td>Ensemble de 6 pi\u00e8ces<\/td>\n<\/tr>\n<tr>\n<td height=\"29\">Mat\u00e9riau<\/td>\n<td>C\u00e9ramique<\/td>\n<\/tr>\n<tr>\n<td height=\"29\">Couleur<\/td>\n<td width=\"289\">Violet, rouge, vert<\/td>\n<\/tr>\n<tr>\n<td height=\"29\">Sur mesure<\/td>\n<td>Couleur\/Taille\/Logo\/Emballage<\/td>\n<\/tr>\n<tr>\n<td height=\"29\">MOQ<\/td>\n<td>500sets<\/td>\n<\/tr>\n<tr>\n<td height=\"232\">Dimension<\/td>\n<td width=\"289\">bouteille de savon : 10*10*19.5cm<br \/>tasse : 9*9*12cm<br \/>porte-brosse \u00e0 dents : 9,5*9,5*12cm<br \/>porte-savon : 13*9*2cm<br \/>pot : 10*10*11.5cm<br \/>porte-brosse de toilette : 9.5*9.5*36.5cm<\/td>\n<\/tr>\n<\/tbody>\n<\/table>\n<\/div>\n<\/div>\n<div class=\"elementor-element elementor-element-b03ea8d elementor-widget elementor-widget-button\" data-id=\"b03ea8d\" data-element_type=\"widget\" data-widget_type=\"button.default\">\n<div class=\"elementor-widget-container\">\n<div class=\"elementor-button-wrapper\">\u00a0<\/div>\n<\/div>\n<\/div>","protected":false},"featured_media":2287,"comment_status":"open","ping_status":"closed","template":"","meta":{"_acf_changed":false},"certification":[63,64,66,58,65,61,60,62,57],"product_brand":[],"product_cat":[35,22],"product_tag":[],"class_list":{"0":"post-2283","1":"product","2":"type-product","3":"status-publish","4":"has-post-thumbnail","6":"certification-amfori","7":"certification-bsci","8":"certification-cnas","9":"certification-fda","10":"certification-iaf","11":"certification-iso-14001","12":"certification-iso-45001","13":"certification-iso-9001","14":"certification-lfgb","15":"product_cat-bathroom-ceramics-supply","16":"product_cat-ceramic-bathroom-set","18":"first","19":"instock","20":"shipping-taxable","21":"product-type-simple"},"acf":[],"_links":{"self":[{"href":"https:\/\/www.linkceramics.com\/fr\/wp-json\/wp\/v2\/product\/2283","targetHints":{"allow":["GET"]}}],"collection":[{"href":"https:\/\/www.linkceramics.com\/fr\/wp-json\/wp\/v2\/product"}],"about":[{"href":"https:\/\/www.linkceramics.com\/fr\/wp-json\/wp\/v2\/types\/product"}],"replies":[{"embeddable":true,"href":"https:\/\/www.linkceramics.com\/fr\/wp-json\/wp\/v2\/comments?post=2283"}],"wp:featuredmedia":[{"embeddable":true,"href":"https:\/\/www.linkceramics.com\/fr\/wp-json\/wp\/v2\/media\/2287"}],"wp:attachment":[{"href":"https:\/\/www.linkceramics.com\/fr\/wp-json\/wp\/v2\/media?parent=2283"}],"wp:term":[{"taxonomy":"certification","embeddable":true,"href":"https:\/\/www.linkceramics.com\/fr\/wp-json\/wp\/v2\/certification?post=2283"},{"taxonomy":"product_brand","embeddable":true,"href":"https:\/\/www.linkceramics.com\/fr\/wp-json\/wp\/v2\/product_brand?post=2283"},{"taxonomy":"product_cat","embeddable":true,"href":"https:\/\/www.linkceramics.com\/fr\/wp-json\/wp\/v2\/product_cat?post=2283"},{"taxonomy":"product_tag","embeddable":true,"href":"https:\/\/www.linkceramics.com\/fr\/wp-json\/wp\/v2\/product_tag?post=2283"}],"curies":[{"name":"wp","href":"https:\/\/api.w.org\/{rel}","templated":true}]}}