{"id":2290,"date":"2025-07-14T05:22:09","date_gmt":"2025-07-14T05:22:09","guid":{"rendered":"https:\/\/www.linkceramics.com\/?post_type=product&#038;p=2290"},"modified":"2025-07-14T05:22:11","modified_gmt":"2025-07-14T05:22:11","slug":"custom-plates-and-bowls","status":"publish","type":"product","link":"https:\/\/www.linkceramics.com\/fr\/product\/custom-plates-and-bowls\/","title":{"rendered":"Assiettes et bols personnalis\u00e9s, Set de table de luxe en c\u00e9ramique Wholesale"},"content":{"rendered":"<div class=\"wp-block-columns is-layout-flex wp-container-core-columns-is-layout-9d6595d7 wp-block-columns-is-layout-flex\">\n<div class=\"wp-block-column is-layout-flow wp-block-column-is-layout-flow\" style=\"flex-basis:50%\">\n<h3 class=\"wp-block-heading\">Assiettes et bols personnalis\u00e9s Premium Caract\u00e9ristiques :<\/h3>\n\n\n\n<ul class=\"wp-block-list\">\n<li><strong>Couleurs d\u00e9grad\u00e9es :<\/strong> L'ext\u00e9rieur des assiettes et des bols personnalis\u00e9s est orn\u00e9 d'un motif radial sophistiqu\u00e9 qui pr\u00e9sente une combinaison d\u00e9grad\u00e9e de vert, de blanc et d'or, donnant ainsi un aspect frais et naturel tout en combinant \u00e9l\u00e9gance et sophistication.<\/li>\n\n\n\n<li><strong>Mat\u00e9riau de haute qualit\u00e9 : <\/strong>La vaisselle en c\u00e9ramique de haute qualit\u00e9 est solide, moins sujette \u00e0 l'usure et \u00e0 la d\u00e9chirure, et tr\u00e8s r\u00e9sistante \u00e0 la chaleur. Ils peuvent \u00eatre utilis\u00e9s au four \u00e0 micro-ondes, au four, au r\u00e9frig\u00e9rateur et au lave-vaisselle en toute s\u00e9curit\u00e9.<\/li>\n\n\n\n<li><strong>Ensemble complet :<\/strong> Le service de table en gros en c\u00e9ramique comprend des assiettes, des bols et des tasses pour r\u00e9pondre \u00e0 diff\u00e9rents besoins. Les assiettes, par exemple, sont parfaites pour le plat principal et l'accompagnement, les bols sont parfaits pour la soupe et les aliments de base, et les tasses sont parfaites pour les boissons comme le caf\u00e9, le th\u00e9 et plus encore.<\/li>\n\n\n\n<li><strong>Cadeau id\u00e9al : <\/strong>\u00c0 la fois pratiques et magnifiques, les assiettes et bols personnalis\u00e9s sont des cadeaux id\u00e9aux pour un mariage ou une pendaison de cr\u00e9maill\u00e8re, afin de transmettre les v\u0153ux du donateur.<\/li>\n<\/ul>\n<\/div>\n\n\n\n<div class=\"wp-block-column is-layout-flow wp-block-column-is-layout-flow\" style=\"flex-basis:50%\">\n<figure class=\"wp-block-image size-full\"><img decoding=\"async\" width=\"1600\" height=\"1591\" src=\"https:\/\/www.linkceramics.com\/wp-content\/uploads\/2025\/07\/custom-plates-and-bowls-luxury-ceramic-dinner-set-wholesale-1.webp\" alt=\"custom-plates-and-bowls-luxury-ceramic-dinner-set-wholesale-1\" class=\"wp-image-2292\" srcset=\"https:\/\/www.linkceramics.com\/wp-content\/uploads\/2025\/07\/custom-plates-and-bowls-luxury-ceramic-dinner-set-wholesale-1.webp 1600w, https:\/\/www.linkceramics.com\/wp-content\/uploads\/2025\/07\/custom-plates-and-bowls-luxury-ceramic-dinner-set-wholesale-1-300x298.webp 300w, https:\/\/www.linkceramics.com\/wp-content\/uploads\/2025\/07\/custom-plates-and-bowls-luxury-ceramic-dinner-set-wholesale-1-150x150.webp 150w, https:\/\/www.linkceramics.com\/wp-content\/uploads\/2025\/07\/custom-plates-and-bowls-luxury-ceramic-dinner-set-wholesale-1-768x764.webp 768w, https:\/\/www.linkceramics.com\/wp-content\/uploads\/2025\/07\/custom-plates-and-bowls-luxury-ceramic-dinner-set-wholesale-1-12x12.webp 12w, https:\/\/www.linkceramics.com\/wp-content\/uploads\/2025\/07\/custom-plates-and-bowls-luxury-ceramic-dinner-set-wholesale-1-1200x1193.webp 1200w, https:\/\/www.linkceramics.com\/wp-content\/uploads\/2025\/07\/custom-plates-and-bowls-luxury-ceramic-dinner-set-wholesale-1-600x597.webp 600w, https:\/\/www.linkceramics.com\/wp-content\/uploads\/2025\/07\/custom-plates-and-bowls-luxury-ceramic-dinner-set-wholesale-1-100x100.webp 100w\" sizes=\"(max-width: 1600px) 100vw, 1600px\" \/><\/figure>\n<\/div>\n<\/div>\n\n\n\n<p><\/p>","protected":false},"excerpt":{"rendered":"<div class=\"elementor-element elementor-element-12826c1 elementor-widget elementor-widget-text-editor\" data-id=\"12826c1\" data-element_type=\"widget\" data-widget_type=\"text-editor.default\">\n<div class=\"elementor-widget-container\">\n<div class=\"elementor-element elementor-element-12826c1 elementor-widget elementor-widget-text-editor\" data-id=\"12826c1\" data-element_type=\"widget\" data-widget_type=\"text-editor.default\">\n<div class=\"elementor-widget-container\">\n<p>Nous vous invitons \u00e0 acheter nos assiettes et bols personnalis\u00e9s. Le service de table en gros en c\u00e9ramique est tr\u00e8s bien con\u00e7u et convient \u00e0 diff\u00e9rents types de tables. Le mat\u00e9riau c\u00e9ramique est \u00e9galement robuste et durable. Les assiettes, bols et tasses sont tous utilisables et utilis\u00e9s pour diff\u00e9rents types de repas. Ils conviennent \u00e9galement \u00e0 un usage individuel et \u00e0 la r\u00e9ception d'invit\u00e9s.<\/p>\n<\/div>\n<\/div>\n<h2 class=\"wp-block-heading\">Assiettes et bols personnalis\u00e9s Sp\u00e9cifications :<\/h2>\n<\/div>\n<\/div>\n<div data-id=\"bef26dc\" data-element_type=\"widget\" data-widget_type=\"text-editor.default\">\n<div data-id=\"bef26dc\" data-element_type=\"widget\" data-widget_type=\"text-editor.default\">\n<div>\n<table border=\"0\" width=\"469\" cellspacing=\"0\" cellpadding=\"0\">\n<tbody>\n<tr>\n<td width=\"168\" height=\"29\">Fabricant<\/td>\n<td width=\"301\">JINHUA<\/td>\n<\/tr>\n<tr>\n<td height=\"29\">Num\u00e9ro de mod\u00e8le<\/td>\n<td>JHD76<\/td>\n<\/tr>\n<tr>\n<td height=\"29\">Conception<\/td>\n<td>Forme ronde<\/td>\n<\/tr>\n<tr>\n<td height=\"29\">Mat\u00e9riau<\/td>\n<td>C\u00e9ramique<\/td>\n<\/tr>\n<tr>\n<td height=\"29\">Couleur<\/td>\n<td>Blanc et vert<\/td>\n<\/tr>\n<tr>\n<td height=\"29\">Sur mesure<\/td>\n<td>Couleur\/Taille\/Logo\/Emballage<\/td>\n<\/tr>\n<tr>\n<td height=\"29\">MOQ<\/td>\n<td>500sets<\/td>\n<\/tr>\n<tr>\n<td height=\"116\">Dimension<\/td>\n<td width=\"301\">Bol de 6 pouces : 15.2*15.2*6.4cm<br \/>assiette de 8,5 pouces : 21,6*21,6*1,9cm<br \/>Plaque de 10,5 pouces : 26,7*26,7*2,5cm<br \/>tasse : 12,7*8,9*10,2cm<\/td>\n<\/tr>\n<\/tbody>\n<\/table>\n<\/div>\n<\/div>\n<div class=\"elementor-element elementor-element-b03ea8d elementor-widget elementor-widget-button\" data-id=\"b03ea8d\" data-element_type=\"widget\" data-widget_type=\"button.default\">\n<div class=\"elementor-widget-container\">\n<div class=\"elementor-button-wrapper\">\u00a0<\/div>\n<\/div>\n<\/div>\n<\/div>\n<div class=\"elementor-element elementor-element-b03ea8d elementor-widget elementor-widget-button\" data-id=\"b03ea8d\" data-element_type=\"widget\" data-widget_type=\"button.default\">\n<div class=\"elementor-widget-container\">\n<div class=\"elementor-button-wrapper\">\u00a0<\/div>\n<\/div>\n<\/div>","protected":false},"featured_media":2295,"comment_status":"open","ping_status":"closed","template":"","meta":{"_acf_changed":false},"certification":[63,64,66,58,65,61,60,62,57],"product_brand":[],"product_cat":[34,18],"product_tag":[],"class_list":{"0":"post-2290","1":"product","2":"type-product","3":"status-publish","4":"has-post-thumbnail","6":"certification-amfori","7":"certification-bsci","8":"certification-cnas","9":"certification-fda","10":"certification-iaf","11":"certification-iso-14001","12":"certification-iso-45001","13":"certification-iso-9001","14":"certification-lfgb","15":"product_cat-custom-household-ceramics","16":"product_cat-ceramic-tableware-wholesale","18":"first","19":"instock","20":"shipping-taxable","21":"product-type-simple"},"acf":[],"_links":{"self":[{"href":"https:\/\/www.linkceramics.com\/fr\/wp-json\/wp\/v2\/product\/2290","targetHints":{"allow":["GET"]}}],"collection":[{"href":"https:\/\/www.linkceramics.com\/fr\/wp-json\/wp\/v2\/product"}],"about":[{"href":"https:\/\/www.linkceramics.com\/fr\/wp-json\/wp\/v2\/types\/product"}],"replies":[{"embeddable":true,"href":"https:\/\/www.linkceramics.com\/fr\/wp-json\/wp\/v2\/comments?post=2290"}],"wp:featuredmedia":[{"embeddable":true,"href":"https:\/\/www.linkceramics.com\/fr\/wp-json\/wp\/v2\/media\/2295"}],"wp:attachment":[{"href":"https:\/\/www.linkceramics.com\/fr\/wp-json\/wp\/v2\/media?parent=2290"}],"wp:term":[{"taxonomy":"certification","embeddable":true,"href":"https:\/\/www.linkceramics.com\/fr\/wp-json\/wp\/v2\/certification?post=2290"},{"taxonomy":"product_brand","embeddable":true,"href":"https:\/\/www.linkceramics.com\/fr\/wp-json\/wp\/v2\/product_brand?post=2290"},{"taxonomy":"product_cat","embeddable":true,"href":"https:\/\/www.linkceramics.com\/fr\/wp-json\/wp\/v2\/product_cat?post=2290"},{"taxonomy":"product_tag","embeddable":true,"href":"https:\/\/www.linkceramics.com\/fr\/wp-json\/wp\/v2\/product_tag?post=2290"}],"curies":[{"name":"wp","href":"https:\/\/api.w.org\/{rel}","templated":true}]}}