{"id":2299,"date":"2025-07-14T09:50:43","date_gmt":"2025-07-14T09:50:43","guid":{"rendered":"https:\/\/www.linkceramics.com\/?post_type=product&#038;p=2299"},"modified":"2025-07-14T09:50:45","modified_gmt":"2025-07-14T09:50:45","slug":"crockery-bulk","status":"publish","type":"product","link":"https:\/\/www.linkceramics.com\/fr\/product\/crockery-bulk\/","title":{"rendered":"Catering Supplies Crockery Bulk, Fancy Wholesale Dinnerware Plates and Bowls"},"content":{"rendered":"<div class=\"wp-block-columns is-layout-flex wp-container-core-columns-is-layout-9d6595d7 wp-block-columns-is-layout-flex\">\n<div class=\"wp-block-column is-layout-flow wp-block-column-is-layout-flow\" style=\"flex-basis:66.66%\">\n<h3 class=\"wp-block-heading\">Fournitures de restauration Vaisselle en vrac Caract\u00e9ristiques :<\/h3>\n\n\n\n<ul class=\"wp-block-list\">\n<li><strong>Bleu clair frais, \u00e9l\u00e9gant et naturel : <\/strong>Nos assiettes et bols en gros sont principalement bleu clair, avec un bord lisse en forme de lotus, ajoutant une touche d'\u00e9l\u00e9gance et de beaut\u00e9 naturelle \u00e0 la table \u00e0 manger, particuli\u00e8rement adapt\u00e9e aux banquets haut de gamme et aux sc\u00e8nes de restauration.<\/li>\n\n\n\n<li><strong>Combinaison de plusieurs tailles pour r\u00e9pondre \u00e0 diff\u00e9rents besoins :<\/strong> Notre vaisselle de restauration en vrac comprend des assiettes et des bols de diff\u00e9rentes tailles, qui peuvent \u00eatre parfaitement pr\u00e9sent\u00e9s des hors-d'\u0153uvre aux plats principaux et aux desserts, et s'adapter de mani\u00e8re flexible aux diff\u00e9rents besoins des plats.<\/li>\n\n\n\n<li><strong>Mat\u00e9riaux de haute qualit\u00e9, pratiques et durables :<\/strong> Ces assiettes et bols sont fabriqu\u00e9s en c\u00e9ramique cuite \u00e0 haute temp\u00e9rature, avec des surfaces lisses et d\u00e9licates, une bonne r\u00e9sistance aux rayures et une capacit\u00e9 anti-salissure. Ils conviennent aux services de restauration \u00e0 haute fr\u00e9quence.<\/li>\n\n\n\n<li><strong>Approvisionnement en vrac, soutien \u00e0 la personnalisation :<\/strong> Nous fournissons des services d'approvisionnement en vrac pour la vaisselle de restauration, et r\u00e9pondons \u00e0 des besoins personnalis\u00e9s tels que l'ajustement des couleurs et l'impression de LOGO pour aider les clients commerciaux \u00e0 am\u00e9liorer leur image de marque et la qualit\u00e9 de leurs services.<\/li>\n<\/ul>\n<\/div>\n\n\n\n<div class=\"wp-block-column is-layout-flow wp-block-column-is-layout-flow\" style=\"flex-basis:33.33%\">\n<figure class=\"wp-block-image size-full\"><img decoding=\"async\" width=\"800\" height=\"800\" src=\"https:\/\/www.linkceramics.com\/wp-content\/uploads\/2025\/07\/catering-supplies-crockery-bulk-fancy-wholesale-dinnerware-plates-and-bowls-3.webp\" alt=\"catering-supplies-crockery-bulk-fancy-wholesale-dinnerware-plates-and-bowls-3\" class=\"wp-image-2302\" srcset=\"https:\/\/www.linkceramics.com\/wp-content\/uploads\/2025\/07\/catering-supplies-crockery-bulk-fancy-wholesale-dinnerware-plates-and-bowls-3.webp 800w, https:\/\/www.linkceramics.com\/wp-content\/uploads\/2025\/07\/catering-supplies-crockery-bulk-fancy-wholesale-dinnerware-plates-and-bowls-3-300x300.webp 300w, https:\/\/www.linkceramics.com\/wp-content\/uploads\/2025\/07\/catering-supplies-crockery-bulk-fancy-wholesale-dinnerware-plates-and-bowls-3-150x150.webp 150w, https:\/\/www.linkceramics.com\/wp-content\/uploads\/2025\/07\/catering-supplies-crockery-bulk-fancy-wholesale-dinnerware-plates-and-bowls-3-768x768.webp 768w, https:\/\/www.linkceramics.com\/wp-content\/uploads\/2025\/07\/catering-supplies-crockery-bulk-fancy-wholesale-dinnerware-plates-and-bowls-3-12x12.webp 12w, https:\/\/www.linkceramics.com\/wp-content\/uploads\/2025\/07\/catering-supplies-crockery-bulk-fancy-wholesale-dinnerware-plates-and-bowls-3-600x600.webp 600w, https:\/\/www.linkceramics.com\/wp-content\/uploads\/2025\/07\/catering-supplies-crockery-bulk-fancy-wholesale-dinnerware-plates-and-bowls-3-100x100.webp 100w\" sizes=\"(max-width: 800px) 100vw, 800px\" \/><\/figure>\n<\/div>\n<\/div>","protected":false},"excerpt":{"rendered":"<div id=\"brxe-0ee1ca\" class=\"brxe-product-meta product_meta\">Bienvenue pour acheter de la vaisselle en gros pour la restauration. Nos assiettes et bols en c\u00e9ramique bleu clair sont frais et \u00e9l\u00e9gants, et conviennent \u00e0 une vari\u00e9t\u00e9 de sc\u00e8nes. Les assiettes et les bols en c\u00e9ramique bleu clair sont d'un design frais et \u00e9l\u00e9gant et conviennent \u00e0 une vari\u00e9t\u00e9 de sc\u00e8nes. Les c\u00e9ramiques de haute qualit\u00e9 s\u00e9lectionn\u00e9es sont durables et faciles \u00e0 nettoyer, et permettent une fourniture et une personnalisation \u00e0 grande \u00e9chelle.<\/div>\n<div id=\"brxe-8c5ca9\" class=\"brxe-product-short-description\">\n<div class=\"woocommerce-product-details__short-description\">\n<h2>Fournitures de restauration Vaisselle en vrac Sp\u00e9cifications :<\/h2>\n<table border=\"0\" width=\"654\" cellspacing=\"0\" cellpadding=\"0\">\n<tbody>\n<tr>\n<td width=\"254\" height=\"33\">Fabricant<\/td>\n<td width=\"400\">Yongjian<\/td>\n<\/tr>\n<tr>\n<td height=\"33\">Num\u00e9ro de mod\u00e8le<\/td>\n<td width=\"400\">YJ-105<\/td>\n<\/tr>\n<tr>\n<td width=\"254\" height=\"33\">Type de vaisselle<\/td>\n<td width=\"400\">Plateaux, assiettes, bols<\/td>\n<\/tr>\n<tr>\n<td height=\"33\">Technique<\/td>\n<td>Effet de gla\u00e7age au four<\/td>\n<\/tr>\n<tr>\n<td height=\"33\">Mat\u00e9riau<\/td>\n<td>Porcelaine<\/td>\n<\/tr>\n<tr>\n<td height=\"66\">Applicable<\/td>\n<td width=\"400\">St\u00e9rilisateur, lave-vaisselle, four, micro-ondes<\/td>\n<\/tr>\n<tr>\n<td height=\"33\">Dimension<\/td>\n<td>En tant qu'image<\/td>\n<\/tr>\n<tr>\n<td height=\"33\">MOQ<\/td>\n<td>500pcs<\/td>\n<\/tr>\n<tr>\n<td height=\"33\">Sur mesure<\/td>\n<td>Couleur\/Taille\/Logo\/Emballage<\/td>\n<\/tr>\n<\/tbody>\n<\/table>\n<\/div>\n<\/div>","protected":false},"featured_media":2304,"comment_status":"open","ping_status":"closed","template":"","meta":{"_acf_changed":false},"certification":[63,64,66,58,65,61,60,62],"product_brand":[],"product_cat":[34,18],"product_tag":[],"class_list":{"0":"post-2299","1":"product","2":"type-product","3":"status-publish","4":"has-post-thumbnail","6":"certification-amfori","7":"certification-bsci","8":"certification-cnas","9":"certification-fda","10":"certification-iaf","11":"certification-iso-14001","12":"certification-iso-45001","13":"certification-iso-9001","14":"product_cat-custom-household-ceramics","15":"product_cat-ceramic-tableware-wholesale","17":"first","18":"instock","19":"shipping-taxable","20":"product-type-simple"},"acf":[],"_links":{"self":[{"href":"https:\/\/www.linkceramics.com\/fr\/wp-json\/wp\/v2\/product\/2299","targetHints":{"allow":["GET"]}}],"collection":[{"href":"https:\/\/www.linkceramics.com\/fr\/wp-json\/wp\/v2\/product"}],"about":[{"href":"https:\/\/www.linkceramics.com\/fr\/wp-json\/wp\/v2\/types\/product"}],"replies":[{"embeddable":true,"href":"https:\/\/www.linkceramics.com\/fr\/wp-json\/wp\/v2\/comments?post=2299"}],"wp:featuredmedia":[{"embeddable":true,"href":"https:\/\/www.linkceramics.com\/fr\/wp-json\/wp\/v2\/media\/2304"}],"wp:attachment":[{"href":"https:\/\/www.linkceramics.com\/fr\/wp-json\/wp\/v2\/media?parent=2299"}],"wp:term":[{"taxonomy":"certification","embeddable":true,"href":"https:\/\/www.linkceramics.com\/fr\/wp-json\/wp\/v2\/certification?post=2299"},{"taxonomy":"product_brand","embeddable":true,"href":"https:\/\/www.linkceramics.com\/fr\/wp-json\/wp\/v2\/product_brand?post=2299"},{"taxonomy":"product_cat","embeddable":true,"href":"https:\/\/www.linkceramics.com\/fr\/wp-json\/wp\/v2\/product_cat?post=2299"},{"taxonomy":"product_tag","embeddable":true,"href":"https:\/\/www.linkceramics.com\/fr\/wp-json\/wp\/v2\/product_tag?post=2299"}],"curies":[{"name":"wp","href":"https:\/\/api.w.org\/{rel}","templated":true}]}}