{"id":2306,"date":"2025-07-14T10:54:06","date_gmt":"2025-07-14T10:54:06","guid":{"rendered":"https:\/\/www.linkceramics.com\/?post_type=product&#038;p=2306"},"modified":"2025-07-14T10:54:08","modified_gmt":"2025-07-14T10:54:08","slug":"custom-chinese-casserole-dish","status":"publish","type":"product","link":"https:\/\/www.linkceramics.com\/fr\/product\/custom-chinese-casserole-dish\/","title":{"rendered":"Casserole chinoise personnalis\u00e9e Pot \u00e0 soupe noir ustensiles de cuisine en c\u00e9ramique"},"content":{"rendered":"<div class=\"wp-block-columns is-layout-flex wp-container-core-columns-is-layout-9d6595d7 wp-block-columns-is-layout-flex\">\n<div class=\"wp-block-column is-layout-flow wp-block-column-is-layout-flow\" style=\"flex-basis:50%\">\n<h3 class=\"wp-block-heading\">Casserole chinoise personnalis\u00e9e Caract\u00e9ristiques :<\/h3>\n\n\n\n<p><strong>Design moderne et minimaliste noir<\/strong><br>L'aspect de l'\u00e9l\u00e9gante cocotte chinoise noire personnalis\u00e9e s'inscrit dans la continuit\u00e9 de la conception de la marmite en fonte, tr\u00e8s populaire \u00e0 l'\u00e9tranger. Moderne et classique, elle s'adapte \u00e0 tous les styles de cuisine et est tr\u00e8s d\u00e9corative.<\/p>\n\n\n\n<p><strong>Porcelaine \u00e9cologique r\u00e9sistante \u00e0 la chaleur<\/strong><br>Les ustensiles de cuisine en c\u00e9ramique sont fabriqu\u00e9s en porcelaine r\u00e9sistante aux temp\u00e9ratures \u00e9lev\u00e9es, s\u00fbre et non toxique. Le corps de la cocotte chinoise est robuste et durable, avec un transfert de chaleur uniforme, ce qui permet de garder les aliments au chaud pendant longtemps et convient \u00e0 une utilisation \u00e0 long terme.<\/p>\n\n\n\n<p><strong>\u00c9mail de haute qualit\u00e9<br><\/strong>La surface en c\u00e9ramique cuite \u00e0 haute temp\u00e9rature est durable et facile \u00e0 nettoyer. Elle est \u00e9galement r\u00e9sistante aux rayures et ne se d\u00e9colore pas facilement.<\/p>\n\n\n\n<p><strong>Bouton en bois anti-br\u00fblure<br><\/strong>La cocotte chinoise personnalis\u00e9e est dot\u00e9e de boutons en bois naturel respectueux de l'environnement. Elle est saine et non toxique et poss\u00e8de une fonction anti-br\u00fblure, ce qui am\u00e9liore la s\u00e9curit\u00e9 et le confort d'utilisation.<\/p>\n\n\n\n<p>Diff\u00e9rents types d'ustensiles de cuisine au choix<br>Les ustensiles de cuisine en c\u00e9ramique comprennent des marmites \u00e0 soupe, des marmites \u00e0 rago\u00fbt multifonctions et des pots \u00e0 lait, etc., pour r\u00e9pondre \u00e0 diff\u00e9rents besoins de cuisson, convenant \u00e0 la cuisine familiale quotidienne ou aux banquets.<\/p>\n<\/div>\n\n\n\n<div class=\"wp-block-column is-layout-flow wp-block-column-is-layout-flow\" style=\"flex-basis:50%\">\n<figure class=\"wp-block-image size-full\"><img decoding=\"async\" width=\"4139\" height=\"4139\" src=\"https:\/\/www.linkceramics.com\/wp-content\/uploads\/2025\/07\/custom-chinese-casserole-dish-7.webp\" alt=\"plat \u00e0 base de casserole chinoise personnalis\u00e9e-7\" class=\"wp-image-2309\" srcset=\"https:\/\/www.linkceramics.com\/wp-content\/uploads\/2025\/07\/custom-chinese-casserole-dish-7.webp 4139w, https:\/\/www.linkceramics.com\/wp-content\/uploads\/2025\/07\/custom-chinese-casserole-dish-7-300x300.webp 300w, https:\/\/www.linkceramics.com\/wp-content\/uploads\/2025\/07\/custom-chinese-casserole-dish-7-150x150.webp 150w, https:\/\/www.linkceramics.com\/wp-content\/uploads\/2025\/07\/custom-chinese-casserole-dish-7-768x768.webp 768w, https:\/\/www.linkceramics.com\/wp-content\/uploads\/2025\/07\/custom-chinese-casserole-dish-7-12x12.webp 12w, https:\/\/www.linkceramics.com\/wp-content\/uploads\/2025\/07\/custom-chinese-casserole-dish-7-1200x1200.webp 1200w, https:\/\/www.linkceramics.com\/wp-content\/uploads\/2025\/07\/custom-chinese-casserole-dish-7-600x600.webp 600w, https:\/\/www.linkceramics.com\/wp-content\/uploads\/2025\/07\/custom-chinese-casserole-dish-7-100x100.webp 100w\" sizes=\"(max-width: 4139px) 100vw, 4139px\" \/><\/figure>\n<\/div>\n<\/div>","protected":false},"excerpt":{"rendered":"<div class=\"D5aOJc vJwDU\">\n<div id=\"brxe-26696e\" class=\"brxe-product-short-description brxe-text-basic\">\n<div class=\"woocommerce-product-details__short-description\">\n<div class=\"D5aOJc vJwDU\">\n<p>Cocotte chinoise personnalis\u00e9e avec un corps noir moderne et une poign\u00e9e en bois, avec un design de pot en fonte en c\u00e9ramique r\u00e9sistant aux hautes temp\u00e9ratures. Elle offre une excellente r\u00e9tention de la chaleur et un chauffage uniforme. Fourni directement par le fabricant de la cocotte, n'h\u00e9sitez pas \u00e0 nous contacter !<\/p>\n<\/div>\n<h2 class=\"D5aOJc vJwDU\">Vaisselle de restaurant en gros Param\u00e8tres :<\/h2>\n<table border=\"0\" width=\"618\" cellspacing=\"0\" cellpadding=\"0\">\n<tbody>\n<tr>\n<td width=\"180\" height=\"26\">Fabricant<\/td>\n<td width=\"438\">Lianyuan<\/td>\n<\/tr>\n<tr>\n<td height=\"26\">Type de produit<\/td>\n<td>Casserole \u00e0 soupe, Casserole multifonctionnelle, Pot \u00e0 lait<\/td>\n<\/tr>\n<tr>\n<td height=\"26\">Couleur<\/td>\n<td>Noir avec bouton en bois<\/td>\n<\/tr>\n<tr>\n<td height=\"26\">Mat\u00e9riau<\/td>\n<td>Porcelaine r\u00e9sistante \u00e0 la chaleur<\/td>\n<\/tr>\n<tr>\n<td height=\"26\">Application<\/td>\n<td>Passe au micro-ondes, au lave-vaisselle et au four<\/td>\n<\/tr>\n<tr>\n<td height=\"26\">Sur mesure<\/td>\n<td>Couleur\/Taille\/Logo\/Emballage<\/td>\n<\/tr>\n<\/tbody>\n<\/table>\n<\/div>\n<\/div>\n<div id=\"brxe-ae2c03\" class=\"brxe-product-meta product_meta\">\u00a0<\/div>\n<\/div>","protected":false},"featured_media":2308,"comment_status":"open","ping_status":"closed","template":"","meta":{"_acf_changed":false},"certification":[66,58,65,61,60,62,57],"product_brand":[],"product_cat":[34,20],"product_tag":[],"class_list":{"0":"post-2306","1":"product","2":"type-product","3":"status-publish","4":"has-post-thumbnail","6":"certification-cnas","7":"certification-fda","8":"certification-iaf","9":"certification-iso-14001","10":"certification-iso-45001","11":"certification-iso-9001","12":"certification-lfgb","13":"product_cat-custom-household-ceramics","14":"product_cat-ceramic-kitchenware-wholesale","16":"first","17":"instock","18":"shipping-taxable","19":"product-type-simple"},"acf":[],"_links":{"self":[{"href":"https:\/\/www.linkceramics.com\/fr\/wp-json\/wp\/v2\/product\/2306","targetHints":{"allow":["GET"]}}],"collection":[{"href":"https:\/\/www.linkceramics.com\/fr\/wp-json\/wp\/v2\/product"}],"about":[{"href":"https:\/\/www.linkceramics.com\/fr\/wp-json\/wp\/v2\/types\/product"}],"replies":[{"embeddable":true,"href":"https:\/\/www.linkceramics.com\/fr\/wp-json\/wp\/v2\/comments?post=2306"}],"wp:featuredmedia":[{"embeddable":true,"href":"https:\/\/www.linkceramics.com\/fr\/wp-json\/wp\/v2\/media\/2308"}],"wp:attachment":[{"href":"https:\/\/www.linkceramics.com\/fr\/wp-json\/wp\/v2\/media?parent=2306"}],"wp:term":[{"taxonomy":"certification","embeddable":true,"href":"https:\/\/www.linkceramics.com\/fr\/wp-json\/wp\/v2\/certification?post=2306"},{"taxonomy":"product_brand","embeddable":true,"href":"https:\/\/www.linkceramics.com\/fr\/wp-json\/wp\/v2\/product_brand?post=2306"},{"taxonomy":"product_cat","embeddable":true,"href":"https:\/\/www.linkceramics.com\/fr\/wp-json\/wp\/v2\/product_cat?post=2306"},{"taxonomy":"product_tag","embeddable":true,"href":"https:\/\/www.linkceramics.com\/fr\/wp-json\/wp\/v2\/product_tag?post=2306"}],"curies":[{"name":"wp","href":"https:\/\/api.w.org\/{rel}","templated":true}]}}